{"id":65432,"date":"2025-02-13T18:11:22","date_gmt":"2025-02-13T17:11:22","guid":{"rendered":"https:\/\/footballthrift.shop\/?post_type=product&#038;p=65432"},"modified":"2026-03-09T11:29:58","modified_gmt":"2026-03-09T10:29:58","slug":"manaus-fc-2021-heim-m","status":"publish","type":"product","link":"https:\/\/footballthrift.shop\/de\/manaus-fc-2021-home-m\/","title":{"rendered":"Koszulka pi\u0142karska Manaus FC 2021 Home [M]"},"content":{"rendered":"<p><strong>Verein:<\/strong> Manaus FC<\/p>\n<p><strong>Saison:<\/strong> 2021 Heim<\/p>\n<p><strong>Gr\u00f6\u00dfe: <\/strong>M<\/p>\n<p><strong>Zustand:<\/strong> Ausgezeichnet<\/p>\n<p><strong>Ma\u00dfe (Achselbreite\/L\u00e4nge) in cm: <\/strong>54\/77<\/p>","protected":false},"excerpt":{"rendered":"<p data-start=\"0\" data-end=\"79\"><strong data-start=\"0\" data-end=\"79\">Original Manaus FC Heimtrikot aus dem Jahr 2021, hergestellt von Icone.\u00a0<\/strong><\/p>\n<p data-start=\"81\" data-end=\"481\">Das Modell, das von <strong data-start=\"106\" data-end=\"115\">Icone<\/strong> f\u00fcr die Saison <strong data-start=\"125\" data-end=\"133\">2021<\/strong> f\u00fcr <strong data-start=\"138\" data-end=\"151\">Manaus FC<\/strong>, in Gr\u00f6\u00dfe <strong data-start=\"165\" data-end=\"170\">M<\/strong>, spiegelt den f\u00fcr brasilianische Vereine charakteristischen Stil wider \u2013 intensive Farbidentifikation, zahlreiche Sponsorenlogos und ausdrucksstarke grafische Akzente. Es war eine Zeit, in der Manaus in der zweiten brasilianischen Liga spielte, versuchte, seine Position in der S\u00e9rie C zu festigen und von einem historischen Aufstieg tr\u00e4umte.<\/p>\n<p data-start=\"483\" data-end=\"1033\">Das T-Shirt wurde hergestellt in <strong data-start=\"516\" data-end=\"546\">dunkelgr\u00fcne Farbe<\/strong>, w\u00e4hrend der untere Teil des Modells und die \u00c4rmel mit <strong data-start=\"590\" data-end=\"616\">geometrischen Mustern<\/strong>, die dem Projekt ein leicht futuristisches Layout verleihen. In der Mitte der Vorderseite befindet sich <strong data-start=\"706\" data-end=\"724\">Wappen von Manaus FC<\/strong> sowie das Logo des Herstellers, darunter befindet sich das gr\u00f6\u00dfte Logo \u2013 <strong data-start=\"791\" data-end=\"800\">Bemol<\/strong>, das sich von den anderen Sponsoren abhebt. Die Anordnung zahlreicher Logos ist ein typisches Element der Vereinsbekleidung aus Brasilien. Die R\u00fcckseite des Trikots wurde frei gelassen und pr\u00e4sentiert <strong data-start=\"989\" data-end=\"1001\">Nummer 10<\/strong>, der mit den Anf\u00fchrern der Offensive in Verbindung gebracht wird.<\/p>\n<p data-start=\"1035\" data-end=\"1185\">Das Material bleibt erhalten <strong data-start=\"1054\" data-end=\"1088\">leicht, luftig und technisch<\/strong>, und Schnitt in Gr\u00f6\u00dfe <strong data-start=\"1109\" data-end=\"1114\">M<\/strong> bietet den f\u00fcr Wettkampfprojekte typischen Komfort <strong data-start=\"1175\" data-end=\"1184\">Icone<\/strong>.<\/p>\n<p data-start=\"1187\" data-end=\"1554\">Saison <strong data-start=\"1193\" data-end=\"1201\">2021<\/strong> war f\u00fcr <strong data-start=\"1210\" data-end=\"1223\">Manaus FC<\/strong> Mit dem Versuch, um den Aufstieg zu k\u00e4mpfen, beendete der Verein die Saison im Mittelfeld der S\u00e9rie C, zeigte solide Heimspiele und suchte nach personeller Stabilit\u00e4t. Die Mannschaft wurde auf der Grundlage einer Mischung aus erfahrenen Spielern auf regionaler Ebene und jungen Spielern aus dem Norden Brasiliens aufgebaut, wobei die Identit\u00e4t des Stolzes der Stadt Manaus bewahrt wurde.<\/p>\n<p data-start=\"1556\" data-end=\"1761\" data-is-last-node=\"\" data-is-only-node=\"\">Dies ist ein Angebot f\u00fcr Sammler und Fans, die auf der Suche sind nach <strong data-start=\"1615\" data-end=\"1694\">Original-Heimtrikot des Manaus FC aus dem Jahr 2021 mit der Nummer 10<\/strong> \u2013 Akzent des brasilianischen Fu\u00dfballs aus den unteren Ligen.<\/p>","protected":false},"featured_media":65872,"template":"","meta":{"_kad_blocks_custom_css":"","_kad_blocks_head_custom_js":"","_kad_blocks_body_custom_js":"","_kad_blocks_footer_custom_js":"","_kad_post_transparent":"default","_kad_post_title":"","_kad_post_layout":"default","_kad_post_sidebar_id":"","_kad_post_content_style":"default","_kad_post_vertical_padding":"default","_kad_post_feature":"","_kad_post_feature_position":"","_kad_post_header":false,"_kad_post_footer":false,"_kad_post_classname":""},"product_brand":[2000],"product_cat":[1419],"product_tag":[],"class_list":{"0":"post-65432","1":"product","2":"type-product","3":"status-publish","4":"has-post-thumbnail","6":"product_brand-icone","7":"product_cat-ameryka-poludniowa","8":"pa_homeawaythird-home","9":"pa_rozmiar-m","11":"first","12":"instock","13":"taxable","14":"shipping-taxable","15":"purchasable","16":"product-type-simple","17":"entry","18":"content-bg","19":"loop-entry"},"taxonomy_info":{"product_brand":[{"value":2000,"label":"Icone"}],"product_cat":[{"value":1419,"label":"Ameryka Po\u0142udniowa"}],"pa_homeawaythird":[{"value":1597,"label":"Home"}],"pa_rozmiar":[{"value":1816,"label":"M"}]},"featured_image_src_large":["https:\/\/footballthrift.shop\/wp-content\/uploads\/2025\/02\/Photoroom_096_20250207_200945-1024x1024.png",1024,1024,true],"author_info":[],"comment_info":"","_links":{"self":[{"href":"https:\/\/footballthrift.shop\/de\/wp-json\/wp\/v2\/product\/65432","targetHints":{"allow":["GET"]}}],"collection":[{"href":"https:\/\/footballthrift.shop\/de\/wp-json\/wp\/v2\/product"}],"about":[{"href":"https:\/\/footballthrift.shop\/de\/wp-json\/wp\/v2\/types\/product"}],"wp:featuredmedia":[{"embeddable":true,"href":"https:\/\/footballthrift.shop\/de\/wp-json\/wp\/v2\/media\/65872"}],"wp:attachment":[{"href":"https:\/\/footballthrift.shop\/de\/wp-json\/wp\/v2\/media?parent=65432"}],"wp:term":[{"taxonomy":"product_brand","embeddable":true,"href":"https:\/\/footballthrift.shop\/de\/wp-json\/wp\/v2\/product_brand?post=65432"},{"taxonomy":"product_cat","embeddable":true,"href":"https:\/\/footballthrift.shop\/de\/wp-json\/wp\/v2\/product_cat?post=65432"},{"taxonomy":"product_tag","embeddable":true,"href":"https:\/\/footballthrift.shop\/de\/wp-json\/wp\/v2\/product_tag?post=65432"}],"curies":[{"name":"wp","href":"https:\/\/api.w.org\/{rel}","templated":true}]}}