{"id":65416,"date":"2025-02-13T18:11:36","date_gmt":"2025-02-13T17:11:36","guid":{"rendered":"https:\/\/footballthrift.shop\/?post_type=product&#038;p=65416"},"modified":"2026-03-09T11:29:55","modified_gmt":"2026-03-09T10:29:55","slug":"fc-groningen-2010-11-away-15-xl","status":"publish","type":"product","link":"https:\/\/footballthrift.shop\/de\/fc-groningen-2010-11-away-15-xl\/","title":{"rendered":"Koszulka pi\u0142karska FC Groningen 2010\/11 Away 15 [XL]"},"content":{"rendered":"<p><strong>Verein:<\/strong> FC Groningen<\/p>\n<p><strong>Saison:<\/strong> 2010\/11 Ausw\u00e4rts<\/p>\n<p><strong>Gr\u00f6\u00dfe: <\/strong>XL<\/p>\n<p><strong>Zustand:<\/strong> Gut \u2013 eine sp\u00fcrbare Anzahl von Mikro-Einziehungen.<\/p>\n<p><strong>Ma\u00dfe (Achselbreite\/L\u00e4nge) in cm: <\/strong>55\/74<\/p>","protected":false},"excerpt":{"rendered":"<p data-start=\"0\" data-end=\"90\"><strong data-start=\"0\" data-end=\"90\">Original Ausw\u00e4rtstrikot des FC Groningen aus der Saison 2010\/11, hergestellt von Klupp.\u00a0<\/strong><\/p>\n<p data-start=\"92\" data-end=\"439\">Das von <strong data-start=\"115\" data-end=\"124\">Klupp<\/strong> f\u00fcr die Saison <strong data-start=\"134\" data-end=\"145\">2010\/11<\/strong> f\u00fcr <strong data-start=\"150\" data-end=\"166\">FC Groningen<\/strong>, in Gr\u00f6\u00dfe <strong data-start=\"180\" data-end=\"186\">XL<\/strong>, Es kn\u00fcpft an die gr\u00fcn-wei\u00dfe Vereinsidentit\u00e4t an, bricht jedoch mit dieser durch eine ungew\u00f6hnliche Farbwahl. Das Design stammt aus einer sehr soliden Ligasaison, in der Groningen zu den interessantesten Mannschaften im Mittelfeld und oberen Bereich der Eredivisie-Tabelle geh\u00f6rte.<\/p>\n<p data-start=\"441\" data-end=\"927\">Das T-Shirt wurde hergestellt auf <strong data-start=\"475\" data-end=\"493\">gr\u00fcner Sockel<\/strong>, die erg\u00e4nzt wurde <strong data-start=\"513\" data-end=\"562\">zwei vertikalen violetten Streifen auf der Vorderseite<\/strong>, die in den oberen R\u00fcckenbereich \u00fcbergehen. Der Farbkontrast schafft ein modernes, etwas gewagteres Motiv als fr\u00fchere Entw\u00fcrfe des Clubs. Auf der Vorderseite wurde Platz f\u00fcr den Aufdruck des Sponsors gelassen. <strong data-start=\"748\" data-end=\"763\">Noord Lease<\/strong>, was eine typische Praxis bei Spielausr\u00fcstungen war <strong data-start=\"809\" data-end=\"825\">FC Groningen<\/strong> aus dieser Zeit. Der hintere Teil zeigt <strong data-start=\"872\" data-end=\"884\">Nummer 15<\/strong>, wobei die minimalistische Konstruktion beibehalten wurde.<\/p>\n<p data-start=\"929\" data-end=\"1185\">Das Material des T-Shirts bleibt unver\u00e4ndert. <strong data-start=\"957\" data-end=\"991\">leicht, luftig und technisch<\/strong>, angepasst an das Tempo der niederl\u00e4ndischen Erstliga. Schnitt in Gr\u00f6\u00dfe <strong data-start=\"1061\" data-end=\"1067\">XL<\/strong> sorgt f\u00fcr eine bequeme Passform und gew\u00e4hrleistet Bewegungsfreiheit beim t\u00e4glichen Tragen und bei Sammlerausstellungen.<\/p>\n<p data-start=\"1187\" data-end=\"1402\" data-is-last-node=\"\" data-is-only-node=\"\">Dies ist ein Angebot f\u00fcr Sammler und Fans, die auf der Suche sind nach <strong data-start=\"1246\" data-end=\"1336\">Original-Ausw\u00e4rtstrikot des FC Groningen aus der Saison 2010\/11 mit der Nummer 15<\/strong> \u2013 ein ungew\u00f6hnliches Projekt aus der Zeit, als der Verein stabil in der Eredivisie spielte.<\/p>","protected":false},"featured_media":65669,"template":"","meta":{"_kad_blocks_custom_css":"","_kad_blocks_head_custom_js":"","_kad_blocks_body_custom_js":"","_kad_blocks_footer_custom_js":"","_kad_post_transparent":"default","_kad_post_title":"","_kad_post_layout":"default","_kad_post_sidebar_id":"","_kad_post_content_style":"default","_kad_post_vertical_padding":"default","_kad_post_feature":"","_kad_post_feature_position":"","_kad_post_header":false,"_kad_post_footer":false,"_kad_post_classname":""},"product_brand":[1966],"product_cat":[1466],"product_tag":[],"class_list":{"0":"post-65416","1":"product","2":"type-product","3":"status-publish","4":"has-post-thumbnail","6":"product_brand-klupp","7":"product_cat-belgia-holandia","8":"pa_homeawaythird-away","9":"pa_rozmiar-xl","11":"first","12":"instock","13":"taxable","14":"shipping-taxable","15":"purchasable","16":"product-type-simple","17":"entry","18":"content-bg","19":"loop-entry"},"taxonomy_info":{"product_brand":[{"value":1966,"label":"Klupp"}],"product_cat":[{"value":1466,"label":"Belgia i Holandia"}],"pa_homeawaythird":[{"value":1598,"label":"Away"}],"pa_rozmiar":[{"value":1818,"label":"XL"}]},"featured_image_src_large":["https:\/\/footballthrift.shop\/wp-content\/uploads\/2025\/02\/Photoroom_084_20250207_200945-1024x1024.png",1024,1024,true],"author_info":[],"comment_info":"","_links":{"self":[{"href":"https:\/\/footballthrift.shop\/de\/wp-json\/wp\/v2\/product\/65416","targetHints":{"allow":["GET"]}}],"collection":[{"href":"https:\/\/footballthrift.shop\/de\/wp-json\/wp\/v2\/product"}],"about":[{"href":"https:\/\/footballthrift.shop\/de\/wp-json\/wp\/v2\/types\/product"}],"wp:featuredmedia":[{"embeddable":true,"href":"https:\/\/footballthrift.shop\/de\/wp-json\/wp\/v2\/media\/65669"}],"wp:attachment":[{"href":"https:\/\/footballthrift.shop\/de\/wp-json\/wp\/v2\/media?parent=65416"}],"wp:term":[{"taxonomy":"product_brand","embeddable":true,"href":"https:\/\/footballthrift.shop\/de\/wp-json\/wp\/v2\/product_brand?post=65416"},{"taxonomy":"product_cat","embeddable":true,"href":"https:\/\/footballthrift.shop\/de\/wp-json\/wp\/v2\/product_cat?post=65416"},{"taxonomy":"product_tag","embeddable":true,"href":"https:\/\/footballthrift.shop\/de\/wp-json\/wp\/v2\/product_tag?post=65416"}],"curies":[{"name":"wp","href":"https:\/\/api.w.org\/{rel}","templated":true}]}}