{"id":65414,"date":"2025-02-13T18:11:35","date_gmt":"2025-02-13T17:11:35","guid":{"rendered":"https:\/\/footballthrift.shop\/?post_type=product&#038;p=65414"},"modified":"2026-03-09T11:29:56","modified_gmt":"2026-03-09T10:29:56","slug":"fc-bayern-monachium-2019-20-home-xl","status":"publish","type":"product","link":"https:\/\/footballthrift.shop\/de\/fc-bayern-monachium-2019-20-home-xl\/","title":{"rendered":"Koszulka pi\u0142karska FC Bayern Monachium 2019\/20 Home [XL]"},"content":{"rendered":"<p><strong>Verein:<\/strong> FC Bayern M\u00fcnchen<\/p>\n<p><strong>Saison:<\/strong> 2019\/20 Heim<\/p>\n<p><strong>Gr\u00f6\u00dfe: <\/strong>XL<\/p>\n<p><strong>Zustand:<\/strong> Ausgezeichnet<\/p>\n<p><strong>Ma\u00dfe (Achselbreite\/L\u00e4nge) in cm: <\/strong>60\/80<\/p>","protected":false},"excerpt":{"rendered":"<p data-start=\"0\" data-end=\"94\"><strong data-start=\"0\" data-end=\"94\">Original Bayern M\u00fcnchen Heimtrikot aus der Saison 2019\/20 von Adidas.\u00a0<\/strong><\/p>\n<p data-start=\"96\" data-end=\"450\">Das Modell, das von <strong data-start=\"121\" data-end=\"132\">Adidas<\/strong> f\u00fcr die Saison <strong data-start=\"142\" data-end=\"153\">2019\/20<\/strong> f\u00fcr <strong data-start=\"158\" data-end=\"179\">Bayern M\u00fcnchen<\/strong>, in Gr\u00f6\u00dfe <strong data-start=\"193\" data-end=\"199\">XL<\/strong>, repr\u00e4sentiert die dynamische Entwicklungsphase der Mannschaft aus der Allianz Arena \u2013 die Zeit des Eintritts von Hans-Dieter Flick und der Wiederherstellung der Dominanz in der Bundesliga und Europa. Das Projekt basiert auf einem intensiven Rot und beh\u00e4lt die \u00c4sthetik des zeitgen\u00f6ssischen Stils des bayerischen Giganten bei.<\/p>\n<p data-start=\"452\" data-end=\"912\">Das T-Shirt wurde hergestellt auf <strong data-start=\"486\" data-end=\"505\">roter Sockel<\/strong>, und die Front wird erg\u00e4nzt durch <strong data-start=\"525\" data-end=\"579\">geometrisches Muster in einem helleren Rotton<\/strong>, die einen rhythmischen, modernen Effekt erzeugen. In der Mitte befindet sich der Aufdruck des Sponsors. <strong data-start=\"657\" data-end=\"669\">T-Mobile<\/strong>, der sich vom Hintergrund abhebt und die f\u00fcr die Entw\u00fcrfe charakteristische symmetrische Anordnung der Elemente beibeh\u00e4lt. <strong data-start=\"777\" data-end=\"788\">Adidas<\/strong>. Die Ausstattung blieb minimalistisch, was die \u00fcbersichtliche Anordnung des Ganzen und die Clubidentit\u00e4t unterstreicht. <strong data-start=\"888\" data-end=\"909\">Bayern M\u00fcnchen<\/strong>.<\/p>\n<p data-start=\"914\" data-end=\"1134\">Das Material des Modells bleibt erhalten. <strong data-start=\"940\" data-end=\"974\">leicht, luftig und technisch<\/strong>, geeignet f\u00fcr hochintensive Begegnungen, und Schnitt in Gr\u00f6\u00dfe <strong data-start=\"1044\" data-end=\"1050\">XL<\/strong> sorgt f\u00fcr eine bequeme Passform und Bewegungsfreiheit im t\u00e4glichen Gebrauch.<\/p>\n<p data-start=\"1136\" data-end=\"1488\">Saison <strong data-start=\"1142\" data-end=\"1153\">2019\/20<\/strong> war historisch \u2014 <strong data-start=\"1172\" data-end=\"1192\">Bayern M\u00fcnchen<\/strong> gewann die Triple-Krone und dominierte die Bundesliga, den DFB-Pokal und die Champions League. Zu den St\u00e4rken des Teams geh\u00f6rten unter anderem. <strong data-start=\"1308\" data-end=\"1330\">Robert Lewandowski<\/strong>, <strong data-start=\"1332\" data-end=\"1349\">Thomas M\u00fcller<\/strong>, <strong data-start=\"1351\" data-end=\"1369\">Joshua Kimmich<\/strong>, <strong data-start=\"1371\" data-end=\"1390\">Alphonso Davies<\/strong> i <strong data-start=\"1393\" data-end=\"1409\">Manuel Neuer<\/strong>, und entwickelte dabei den schnellsten und offensivsten Fu\u00dfball Europas jener Zeit.<\/p>\n<p data-start=\"1490\" data-end=\"1722\" data-is-last-node=\"\" data-is-only-node=\"\">Dies ist ein Angebot f\u00fcr Sammler und Fans, die auf der Suche sind nach <strong data-start=\"1549\" data-end=\"1651\">Original-Heimtrikot des FC Bayern M\u00fcnchen aus der legend\u00e4ren Saison 2019\/20<\/strong> \u2013 Symbol f\u00fcr eine der besten Perioden in der Geschichte des Vereins.<\/p>","protected":false},"featured_media":65688,"template":"","meta":{"_kad_blocks_custom_css":"","_kad_blocks_head_custom_js":"","_kad_blocks_body_custom_js":"","_kad_blocks_footer_custom_js":"","_kad_post_transparent":"default","_kad_post_title":"","_kad_post_layout":"default","_kad_post_sidebar_id":"","_kad_post_content_style":"default","_kad_post_vertical_padding":"default","_kad_post_feature":"","_kad_post_feature_position":"","_kad_post_header":false,"_kad_post_footer":false,"_kad_post_classname":""},"product_brand":[1283],"product_cat":[1455],"product_tag":[],"class_list":{"0":"post-65414","1":"product","2":"type-product","3":"status-publish","4":"has-post-thumbnail","6":"product_brand-adidas","7":"product_cat-kluby-niemieckie-fcbayernmonachium","8":"pa_homeawaythird-home","9":"pa_rozmiar-xl","11":"first","12":"instock","13":"taxable","14":"shipping-taxable","15":"purchasable","16":"product-type-simple","17":"entry","18":"content-bg","19":"loop-entry"},"taxonomy_info":{"product_brand":[{"value":1283,"label":"Adidas"}],"product_cat":[{"value":1455,"label":"FC Bayern Monachium"}],"pa_homeawaythird":[{"value":1597,"label":"Home"}],"pa_rozmiar":[{"value":1818,"label":"XL"}]},"featured_image_src_large":["https:\/\/footballthrift.shop\/wp-content\/uploads\/2025\/02\/Photoroom_076_20250207_200945-1024x1024.png",1024,1024,true],"author_info":[],"comment_info":"","_links":{"self":[{"href":"https:\/\/footballthrift.shop\/de\/wp-json\/wp\/v2\/product\/65414","targetHints":{"allow":["GET"]}}],"collection":[{"href":"https:\/\/footballthrift.shop\/de\/wp-json\/wp\/v2\/product"}],"about":[{"href":"https:\/\/footballthrift.shop\/de\/wp-json\/wp\/v2\/types\/product"}],"wp:featuredmedia":[{"embeddable":true,"href":"https:\/\/footballthrift.shop\/de\/wp-json\/wp\/v2\/media\/65688"}],"wp:attachment":[{"href":"https:\/\/footballthrift.shop\/de\/wp-json\/wp\/v2\/media?parent=65414"}],"wp:term":[{"taxonomy":"product_brand","embeddable":true,"href":"https:\/\/footballthrift.shop\/de\/wp-json\/wp\/v2\/product_brand?post=65414"},{"taxonomy":"product_cat","embeddable":true,"href":"https:\/\/footballthrift.shop\/de\/wp-json\/wp\/v2\/product_cat?post=65414"},{"taxonomy":"product_tag","embeddable":true,"href":"https:\/\/footballthrift.shop\/de\/wp-json\/wp\/v2\/product_tag?post=65414"}],"curies":[{"name":"wp","href":"https:\/\/api.w.org\/{rel}","templated":true}]}}