{"id":65412,"date":"2025-02-13T18:11:34","date_gmt":"2025-02-13T17:11:34","guid":{"rendered":"https:\/\/footballthrift.shop\/?post_type=product&#038;p=65412"},"modified":"2026-03-09T11:29:56","modified_gmt":"2026-03-09T10:29:56","slug":"fc-bayern-monachium-2018-19-heim-xl","status":"publish","type":"product","link":"https:\/\/footballthrift.shop\/de\/fc-bayern-monachium-2018-19-home-xl\/","title":{"rendered":"Koszulka pi\u0142karska FC Bayern Monachium 2018\/19 Home [XL]"},"content":{"rendered":"<p><strong>Verein:<\/strong> FC Bayern M\u00fcnchen<\/p>\n<p><strong>Saison:<\/strong> 2018\/19 Heim<\/p>\n<p><strong>Gr\u00f6\u00dfe: <\/strong>XL<\/p>\n<p><strong>Zustand:<\/strong> Ausgezeichnet<\/p>\n<p><strong>Ma\u00dfe (Achselbreite\/L\u00e4nge) in cm: <\/strong>59\/77<\/p>","protected":false},"excerpt":{"rendered":"<p data-start=\"0\" data-end=\"94\"><strong data-start=\"0\" data-end=\"94\">Original Bayern M\u00fcnchen Heimtrikot aus der Saison 2018\/19 von Adidas.\u00a0<\/strong><\/p>\n<p data-start=\"96\" data-end=\"432\">Das Modell, das von <strong data-start=\"121\" data-end=\"132\">Adidas<\/strong> f\u00fcr die Saison <strong data-start=\"142\" data-end=\"153\">2018\/19<\/strong> f\u00fcr <strong data-start=\"158\" data-end=\"179\">Bayern M\u00fcnchen<\/strong>, in Gr\u00f6\u00dfe <strong data-start=\"193\" data-end=\"199\">XL<\/strong>, bleibt der modernen, dunkelroten \u00c4sthetik des Vereins treu. Es handelt sich um ein Projekt aus einer Zeit gro\u00dfer sportlicher Ver\u00e4nderungen \u2013 der letzten Saison in der Karriere von Arjen Robben und Franck Rib\u00e9ry in M\u00fcnchen und dem anspruchsvollen Kampf um nationale Troph\u00e4en.<\/p>\n<p data-start=\"434\" data-end=\"934\">Das T-Shirt wurde hergestellt in <strong data-start=\"467\" data-end=\"498\">dark red colour scheme<\/strong>, und die Front wurde erg\u00e4nzt <strong data-start=\"520\" data-end=\"554\">subtiles geometrisches Muster<\/strong>, das dem Design Struktur verleiht, ohne \u00fcbertrieben zu wirken. In der Mitte befindet sich der Aufdruck des Sponsors. <strong data-start=\"655\" data-end=\"667\">T-Mobile<\/strong>, kontrastierend zum Hintergrund. Die Seiten und Arme erg\u00e4nzen <strong data-start=\"718\" data-end=\"741\">wei\u00dfe Adidas-Streifen<\/strong>, w\u00e4hrend <strong data-start=\"753\" data-end=\"787\">dunkelblaue \u00c4rmelabschl\u00fcsse<\/strong> betont die moderne Linie des Modells. Auf dem linken \u00c4rmel befindet sich ein Aufdruck des Sponsors. <strong data-start=\"868\" data-end=\"885\">Qatar Airways<\/strong>, das im offiziellen Spielset verwendet wird.<\/p>\n<p data-start=\"936\" data-end=\"1100\">Das Material bleibt erhalten <strong data-start=\"955\" data-end=\"989\">leicht, luftig und technisch<\/strong>, und Schnitt in Gr\u00f6\u00dfe <strong data-start=\"1010\" data-end=\"1016\">XL<\/strong> bietet Bewegungsfreiheit und eine bequeme Passform \u2013 gem\u00e4\u00df den Standards <strong data-start=\"1088\" data-end=\"1099\">Adidas<\/strong>.<\/p>\n<p data-start=\"1102\" data-end=\"1529\">Saison <strong data-start=\"1108\" data-end=\"1119\">2018\/19<\/strong> brachte <strong data-start=\"1130\" data-end=\"1153\">Bayern M\u00fcnchen<\/strong> die deutsche Meisterschaft und den DFB-Pokal, obwohl man Borussia Dortmund hinterherlaufen musste und der endg\u00fcltige Triumph erst in den entscheidenden Spieltagen gelang. Die St\u00e4rke der Mannschaft wurde unter anderem bestimmt durch. <strong data-start=\"1323\" data-end=\"1345\">Robert Lewandowski<\/strong>, <strong data-start=\"1347\" data-end=\"1365\">Joshua Kimmich<\/strong>, <strong data-start=\"1367\" data-end=\"1387\">Thiago Alc\u00e2ntara<\/strong>, <strong data-start=\"1389\" data-end=\"1406\">Thomas M\u00fcller<\/strong>, und das Ende der \u00c4ra der Fl\u00fcgelspieler geh\u00f6rte <strong data-start=\"1450\" data-end=\"1474\">Robben und Rib\u00e9ry<\/strong>, die sich nach \u00fcber einem Jahrzehnt der Dominanz vom Verein verabschieden.<\/p>\n<p data-start=\"1531\" data-end=\"1765\" data-is-last-node=\"\" data-is-only-node=\"\">Dies ist ein Angebot f\u00fcr Sammler und Fans, die auf der Suche sind nach <strong data-start=\"1590\" data-end=\"1690\">Original-Heimtrikot des FC Bayern M\u00fcnchen aus der Saison 2018\/19<\/strong>\u00a0\u2013 Symbol f\u00fcr das Ende der \u00c4ra Robben und Rib\u00e9ry und die nationale Dominanz des Vereins.<\/p>","protected":false},"featured_media":65702,"template":"","meta":{"_kad_blocks_custom_css":"","_kad_blocks_head_custom_js":"","_kad_blocks_body_custom_js":"","_kad_blocks_footer_custom_js":"","_kad_post_transparent":"default","_kad_post_title":"","_kad_post_layout":"default","_kad_post_sidebar_id":"","_kad_post_content_style":"default","_kad_post_vertical_padding":"default","_kad_post_feature":"","_kad_post_feature_position":"","_kad_post_header":false,"_kad_post_footer":false,"_kad_post_classname":""},"product_brand":[1283],"product_cat":[1455],"product_tag":[],"class_list":{"0":"post-65412","1":"product","2":"type-product","3":"status-publish","4":"has-post-thumbnail","6":"product_brand-adidas","7":"product_cat-kluby-niemieckie-fcbayernmonachium","8":"pa_homeawaythird-home","9":"pa_rozmiar-xl","11":"first","12":"instock","13":"taxable","14":"shipping-taxable","15":"purchasable","16":"product-type-simple","17":"entry","18":"content-bg","19":"loop-entry"},"taxonomy_info":{"product_brand":[{"value":1283,"label":"Adidas"}],"product_cat":[{"value":1455,"label":"FC Bayern Monachium"}],"pa_homeawaythird":[{"value":1597,"label":"Home"}],"pa_rozmiar":[{"value":1818,"label":"XL"}]},"featured_image_src_large":["https:\/\/footballthrift.shop\/wp-content\/uploads\/2025\/02\/Photoroom_070_20250207_200945-1024x1024.png",1024,1024,true],"author_info":[],"comment_info":"","_links":{"self":[{"href":"https:\/\/footballthrift.shop\/de\/wp-json\/wp\/v2\/product\/65412","targetHints":{"allow":["GET"]}}],"collection":[{"href":"https:\/\/footballthrift.shop\/de\/wp-json\/wp\/v2\/product"}],"about":[{"href":"https:\/\/footballthrift.shop\/de\/wp-json\/wp\/v2\/types\/product"}],"wp:featuredmedia":[{"embeddable":true,"href":"https:\/\/footballthrift.shop\/de\/wp-json\/wp\/v2\/media\/65702"}],"wp:attachment":[{"href":"https:\/\/footballthrift.shop\/de\/wp-json\/wp\/v2\/media?parent=65412"}],"wp:term":[{"taxonomy":"product_brand","embeddable":true,"href":"https:\/\/footballthrift.shop\/de\/wp-json\/wp\/v2\/product_brand?post=65412"},{"taxonomy":"product_cat","embeddable":true,"href":"https:\/\/footballthrift.shop\/de\/wp-json\/wp\/v2\/product_cat?post=65412"},{"taxonomy":"product_tag","embeddable":true,"href":"https:\/\/footballthrift.shop\/de\/wp-json\/wp\/v2\/product_tag?post=65412"}],"curies":[{"name":"wp","href":"https:\/\/api.w.org\/{rel}","templated":true}]}}