{"id":65411,"date":"2025-02-13T18:11:33","date_gmt":"2025-02-13T17:11:33","guid":{"rendered":"https:\/\/footballthrift.shop\/?post_type=product&#038;p=65411"},"modified":"2026-03-09T11:29:56","modified_gmt":"2026-03-09T10:29:56","slug":"fc-bayern-monachium-2018-19-away-5-hummels-xxl","status":"publish","type":"product","link":"https:\/\/footballthrift.shop\/de\/fc-bayern-monachium-2018-19-away-5-hummels-xxl\/","title":{"rendered":"Koszulka pi\u0142karska FC Bayern Monachium 2018\/19 Away 5 Hummels [XXL]"},"content":{"rendered":"<p><strong>Verein:<\/strong> FC Bayern M\u00fcnchen<\/p>\n<p><strong>Saison:<\/strong> 2018\/19 Ausw\u00e4rts<\/p>\n<p><strong>Gr\u00f6\u00dfe: <\/strong>XXL<\/p>\n<p><strong>Zustand:<\/strong> Gut - Verschmutzung des Stoffes an den Buchstaben L und S auf der R\u00fcckseite.<\/p>\n<p><strong>Ma\u00dfe (Achselbreite\/L\u00e4nge) in cm: <\/strong>63\/80<\/p>","protected":false},"excerpt":{"rendered":"<p data-start=\"0\" data-end=\"126\"><strong data-start=\"0\" data-end=\"126\">Original Bayern M\u00fcnchen Ausw\u00e4rtstrikot aus der Saison 2018\/19 von Adidas, mit Aufdruck von Mats Hummels.\u00a0<\/strong><\/p>\n<p data-start=\"128\" data-end=\"492\">Das Modell, das von <strong data-start=\"153\" data-end=\"164\">Adidas<\/strong> f\u00fcr die Saison <strong data-start=\"174\" data-end=\"185\">2018\/19<\/strong> f\u00fcr <strong data-start=\"190\" data-end=\"211\">Bayern M\u00fcnchen<\/strong>, in Gr\u00f6\u00dfe <strong data-start=\"225\" data-end=\"232\">XXL<\/strong>, repr\u00e4sentiert einen mutigen Ansatz in Bezug auf die Farben der Ausw\u00e4rtstrikots des bayerischen Vereins. Es handelt sich um ein Projekt aus der Zeit des sportlichen Wettbewerbs um die deutsche Meisterschaft, der mit einem Triumph in den letzten Spielrunden und dem Abschied der legend\u00e4ren Fl\u00fcgelspieler Robben und Rib\u00e9ry endete.<\/p>\n<p data-start=\"494\" data-end=\"939\">Das T-Shirt wurde hergestellt in <strong data-start=\"527\" data-end=\"550\">Seladonfarbe<\/strong>gebrochen <strong data-start=\"564\" data-end=\"608\">dunkelblaue Adidas-Streifen auf den \u00c4rmeln<\/strong>, die das klassische Branding des Herstellers beibehalten. Auf der Vorderseite befindet sich der Aufdruck des Sponsors. <strong data-start=\"703\" data-end=\"715\">T-Mobile<\/strong>, w\u00e4hrend die R\u00fcckseite <strong data-start=\"733\" data-end=\"770\">Originaldruck von Mats Hummels<\/strong>, der die Rolle des Verteidigungsf\u00fchrers \u00fcbernimmt. Die Kombination aus moderner Farbgebung und minimalistischer Konstruktion unterstreicht die zeitgem\u00e4\u00dfe visuelle Identit\u00e4t. <strong data-start=\"917\" data-end=\"938\">Bayern M\u00fcnchen<\/strong>.<\/p>\n<p data-start=\"941\" data-end=\"1127\">Das Material des T-Shirts ist <strong data-start=\"964\" data-end=\"998\">leicht, technisch und atmungsaktiv<\/strong>, und Schnitt in Gr\u00f6\u00dfe <strong data-start=\"1019\" data-end=\"1026\">XXL<\/strong> bietet Tragekomfort und Bewegungsfreiheit \u2013 gem\u00e4\u00df den Designstandards <strong data-start=\"1115\" data-end=\"1126\">Adidas<\/strong>.<\/p>\n<p data-start=\"1129\" data-end=\"1637\">Saison <strong data-start=\"1135\" data-end=\"1146\">2018\/19<\/strong> war anspruchsvoll: <strong data-start=\"1163\" data-end=\"1183\">Bayern M\u00fcnchen<\/strong> gewann die Bundesliga-Meisterschaft und den DFB-Pokal, nachdem es den ganzen Herbst \u00fcber Borussia Dortmund verfolgt hatte. Die St\u00e4rke der Mannschaft wurde unter anderem bestimmt durch. <strong data-start=\"1324\" data-end=\"1346\">Robert Lewandowski<\/strong>, <strong data-start=\"1348\" data-end=\"1366\">Joshua Kimmich<\/strong>, <strong data-start=\"1368\" data-end=\"1388\">Thiago Alc\u00e2ntara<\/strong>, <strong data-start=\"1390\" data-end=\"1407\">Thomas M\u00fcller<\/strong> und gerade <strong data-start=\"1418\" data-end=\"1434\">Mats Hummels<\/strong>, der die Abwehr leitete, nutzte seine intelligente Aufstellung und seine internationale Erfahrung. F\u00fcr Hummels war es die letzte Saison vor seiner R\u00fcckkehr nach Dortmund, die sein bayerisches Kapitel abschloss.<\/p>\n<p data-start=\"1639\" data-end=\"1864\" data-is-last-node=\"\" data-is-only-node=\"\">Dies ist ein Angebot f\u00fcr Sammler und Fans, die auf der Suche sind nach <strong data-start=\"1698\" data-end=\"1808\">Original-Ausw\u00e4rtstrikot des FC Bayern M\u00fcnchen aus der Saison 2018\/19 mit Aufdruck von Mats Hummels<\/strong> \u2013 Symbol f\u00fcr defensive Qualit\u00e4t in der Meisterkampagne.<\/p>","protected":false},"featured_media":65709,"template":"","meta":{"_kad_blocks_custom_css":"","_kad_blocks_head_custom_js":"","_kad_blocks_body_custom_js":"","_kad_blocks_footer_custom_js":"","_kad_post_transparent":"default","_kad_post_title":"","_kad_post_layout":"default","_kad_post_sidebar_id":"","_kad_post_content_style":"default","_kad_post_vertical_padding":"default","_kad_post_feature":"","_kad_post_feature_position":"","_kad_post_header":false,"_kad_post_footer":false,"_kad_post_classname":""},"product_brand":[1283],"product_cat":[1455],"product_tag":[],"class_list":{"0":"post-65411","1":"product","2":"type-product","3":"status-publish","4":"has-post-thumbnail","6":"product_brand-adidas","7":"product_cat-kluby-niemieckie-fcbayernmonachium","8":"pa_homeawaythird-away","9":"pa_rozmiar-xxl","11":"first","12":"instock","13":"taxable","14":"shipping-taxable","15":"purchasable","16":"product-type-simple","17":"entry","18":"content-bg","19":"loop-entry"},"taxonomy_info":{"product_brand":[{"value":1283,"label":"Adidas"}],"product_cat":[{"value":1455,"label":"FC Bayern Monachium"}],"pa_homeawaythird":[{"value":1598,"label":"Away"}],"pa_rozmiar":[{"value":1819,"label":"XXL"}]},"featured_image_src_large":["https:\/\/footballthrift.shop\/wp-content\/uploads\/2025\/02\/Photoroom_079_20250207_200945-1024x1024.png",1024,1024,true],"author_info":[],"comment_info":"","_links":{"self":[{"href":"https:\/\/footballthrift.shop\/de\/wp-json\/wp\/v2\/product\/65411","targetHints":{"allow":["GET"]}}],"collection":[{"href":"https:\/\/footballthrift.shop\/de\/wp-json\/wp\/v2\/product"}],"about":[{"href":"https:\/\/footballthrift.shop\/de\/wp-json\/wp\/v2\/types\/product"}],"wp:featuredmedia":[{"embeddable":true,"href":"https:\/\/footballthrift.shop\/de\/wp-json\/wp\/v2\/media\/65709"}],"wp:attachment":[{"href":"https:\/\/footballthrift.shop\/de\/wp-json\/wp\/v2\/media?parent=65411"}],"wp:term":[{"taxonomy":"product_brand","embeddable":true,"href":"https:\/\/footballthrift.shop\/de\/wp-json\/wp\/v2\/product_brand?post=65411"},{"taxonomy":"product_cat","embeddable":true,"href":"https:\/\/footballthrift.shop\/de\/wp-json\/wp\/v2\/product_cat?post=65411"},{"taxonomy":"product_tag","embeddable":true,"href":"https:\/\/footballthrift.shop\/de\/wp-json\/wp\/v2\/product_tag?post=65411"}],"curies":[{"name":"wp","href":"https:\/\/api.w.org\/{rel}","templated":true}]}}