{"id":65397,"date":"2025-02-13T18:11:51","date_gmt":"2025-02-13T17:11:51","guid":{"rendered":"https:\/\/footballthrift.shop\/?post_type=product&#038;p=65397"},"modified":"2026-03-09T11:29:53","modified_gmt":"2026-03-09T10:29:53","slug":"spieler-ausgabe-borussia-dortmund-2015-16-heim-31-maruoka-s","status":"publish","type":"product","link":"https:\/\/footballthrift.shop\/de\/player-issue-borussia-dortmund-2015-16-home-31-maruoka-s\/","title":{"rendered":"Koszulka pi\u0142karska MATCH ISSUE Borussia Dortmund 2015\/16 Home 31 Maruoka [S]"},"content":{"rendered":"<p><strong>Verein:<\/strong> Borussia Dortmund<\/p>\n<p><strong>Saison:<\/strong> 2015\/16 Startseite<\/p>\n<p><strong>Gr\u00f6\u00dfe: <\/strong>S<\/p>\n<p><strong>Zustand:<\/strong> Gut - leicht besch\u00e4digte Zahlen auf der R\u00fcckseite und eine leichte Menge von Mikro-N\u00e4hten.<\/p>\n<p><strong>Ma\u00dfe (Achselbreite\/L\u00e4nge) in cm: <\/strong>49\/69<\/p>","protected":false},"excerpt":{"rendered":"<p data-start=\"0\" data-end=\"91\"><strong data-start=\"0\" data-end=\"91\">Original Borussia Dortmund Heimtrikot aus der Saison 2015\/16 von Puma.\u00a0<\/strong><\/p>\n<p data-start=\"93\" data-end=\"506\">Das Modell, das von <strong data-start=\"118\" data-end=\"126\">Puma<\/strong> f\u00fcr die Saison <strong data-start=\"136\" data-end=\"147\">2015\/16<\/strong> f\u00fcr <strong data-start=\"152\" data-end=\"173\">Borussia Dortmund<\/strong>, in Gr\u00f6\u00dfe <strong data-start=\"187\" data-end=\"192\">S<\/strong>, ist eine ausdrucksstarke Interpretation der klassischen BVB-Farben in einer modernen, spieltauglichen Version. Das Design basiert auf einem intensiven <strong data-start=\"305\" data-end=\"321\">gelber Sockel<\/strong>, die abwechslungsreich gestaltet wurde <strong data-start=\"349\" data-end=\"396\">Motiv aus d\u00fcnnen, horizontalen schwarzen Streifen<\/strong> die in deutlichen Abst\u00e4nden auf der Vorderseite angeordnet sind und dem Shirt einen dynamischen und technischen Charakter verleihen.<\/p>\n<p data-start=\"508\" data-end=\"961\">Das Design wird erg\u00e4nzt durch <strong data-start=\"527\" data-end=\"563\">dicke schwarze Paneele an den \u00c4rmeln<\/strong> und <strong data-start=\"569\" data-end=\"600\">schwarzer Polokragen<\/strong>, die einen starken Kontrast bilden und die sportliche \u00c4sthetik des Modells unterstreichen. Auf der Vorderseite befindet sich mittig der Aufdruck des Sponsors. <strong data-start=\"725\" data-end=\"735\">Evonik<\/strong>, w\u00e4hrend sich auf den \u00c4rmeln originelle <strong data-start=\"784\" data-end=\"805\">Bundesliga-Patches<\/strong>, die die Ligazugeh\u00f6rigkeit des Trikots best\u00e4tigen. Das Wappen von Borussia Dortmund und das Logo des Herstellers behalten ihre klassische Anordnung bei und erg\u00e4nzen die einheitliche Komposition.<\/p>\n<p data-start=\"963\" data-end=\"1312\">Es handelt sich um <strong data-start=\"971\" data-end=\"989\">passende Version<\/strong>, hergestellt in <strong data-start=\"1002\" data-end=\"1033\">Spitzentechnologie von Puma<\/strong> die zu dieser Zeit erh\u00e4ltlich war \u2013 mit ultraleichtem, technischem Material, erh\u00f6hter Atmungsaktivit\u00e4t und einer passgenauen Schnittf\u00fchrung, die f\u00fcr Trikots charakteristisch ist, die direkt f\u00fcr das Spiel bestimmt sind. Diese Modelle unterscheiden sich von den Fanversionen durch die Qualit\u00e4t des Stoffes und die Pr\u00e4zision der Verarbeitung.<\/p>\n<p data-start=\"1314\" data-end=\"1842\">Was dieses Exemplar besonders wertvoll macht, ist die Tatsache, dass es sich um ein <strong data-start=\"1376\" data-end=\"1412\">Mitsuru Maruokis Trikot<\/strong> \u2014 japanischer Fu\u00dfballspieler, der in der A-Mannschaft von Borussia Dortmund <strong data-start=\"1493\" data-end=\"1519\">ein offizieller Auftritt<\/strong> (in der Saison <strong data-start=\"1531\" data-end=\"1542\">2014\/15<\/strong>). Die Gr\u00f6\u00dfe des T-Shirts entspricht seinen Ma\u00dfen, was dazu f\u00fchrt, dass <strong data-start=\"1602\" data-end=\"1679\">Es ist m\u00f6glich, dass ein Spieler sie in einem der Vorbereitungsspiele einsetzt.<\/strong>. Maruoka galt damals als vielversprechendes Talent aus Japan, und sein Auftritt in der ersten Mannschaft des BVB ist bis heute eine interessante Kuriosit\u00e4t in der Vereinsgeschichte.<\/p>\n<p data-start=\"1844\" data-end=\"2258\" data-is-last-node=\"\" data-is-only-node=\"\">Das T-Shirt ist interessant.<strong data-start=\"1861\" data-end=\"1900\">\u00a0Sammlerst\u00fcck<\/strong>, besonders attraktiv f\u00fcr <strong data-start=\"1929\" data-end=\"1978\">japanischen Sammler von Fu\u00dfballtrikots<\/strong> und Personen, die Souvenirs sammeln, die mit <strong data-start=\"2022\" data-end=\"2058\">japanischen Spielern.<\/strong>\u00a0Verbindung <strong data-start=\"2071\" data-end=\"2090\">Spielversion<\/strong>, <strong data-start=\"2092\" data-end=\"2117\">Bundesliga-Patches<\/strong>, das markante Design von Puma und der Name <strong data-start=\"2158\" data-end=\"2177\">Mitsuru Maruoki<\/strong> macht dieses Modell zu einem seltenen und au\u00dfergew\u00f6hnlichen Sammlerst\u00fcck.<\/p>","protected":false},"featured_media":65490,"template":"","meta":{"_kad_blocks_custom_css":"","_kad_blocks_head_custom_js":"","_kad_blocks_body_custom_js":"","_kad_blocks_footer_custom_js":"","_kad_post_transparent":"default","_kad_post_title":"","_kad_post_layout":"default","_kad_post_sidebar_id":"","_kad_post_content_style":"default","_kad_post_vertical_padding":"default","_kad_post_feature":"","_kad_post_feature_position":"","_kad_post_header":false,"_kad_post_footer":false,"_kad_post_classname":""},"product_brand":[1287],"product_cat":[1438,1409],"product_tag":[],"class_list":{"0":"post-65397","1":"product","2":"type-product","3":"status-publish","4":"has-post-thumbnail","6":"product_brand-puma","7":"product_cat-kluby-niemieckie-borussiadortmund","8":"product_cat-match-worn-issue","9":"pa_homeawaythird-home","10":"pa_rozmiar-s","12":"first","13":"instock","14":"taxable","15":"shipping-taxable","16":"purchasable","17":"product-type-simple","18":"entry","19":"content-bg","20":"loop-entry"},"taxonomy_info":{"product_brand":[{"value":1287,"label":"Puma"}],"product_cat":[{"value":1438,"label":"Borussia Dortmund"},{"value":1409,"label":"MATCH WORN &amp; ISSUE"}],"pa_homeawaythird":[{"value":1597,"label":"Home"}],"pa_rozmiar":[{"value":1815,"label":"S"}]},"featured_image_src_large":["https:\/\/footballthrift.shop\/wp-content\/uploads\/2025\/02\/Photoroom_053_20250207_200945-1024x1024.png",1024,1024,true],"author_info":[],"comment_info":"","_links":{"self":[{"href":"https:\/\/footballthrift.shop\/de\/wp-json\/wp\/v2\/product\/65397","targetHints":{"allow":["GET"]}}],"collection":[{"href":"https:\/\/footballthrift.shop\/de\/wp-json\/wp\/v2\/product"}],"about":[{"href":"https:\/\/footballthrift.shop\/de\/wp-json\/wp\/v2\/types\/product"}],"wp:featuredmedia":[{"embeddable":true,"href":"https:\/\/footballthrift.shop\/de\/wp-json\/wp\/v2\/media\/65490"}],"wp:attachment":[{"href":"https:\/\/footballthrift.shop\/de\/wp-json\/wp\/v2\/media?parent=65397"}],"wp:term":[{"taxonomy":"product_brand","embeddable":true,"href":"https:\/\/footballthrift.shop\/de\/wp-json\/wp\/v2\/product_brand?post=65397"},{"taxonomy":"product_cat","embeddable":true,"href":"https:\/\/footballthrift.shop\/de\/wp-json\/wp\/v2\/product_cat?post=65397"},{"taxonomy":"product_tag","embeddable":true,"href":"https:\/\/footballthrift.shop\/de\/wp-json\/wp\/v2\/product_tag?post=65397"}],"curies":[{"name":"wp","href":"https:\/\/api.w.org\/{rel}","templated":true}]}}