{"id":65388,"date":"2025-02-13T18:11:44","date_gmt":"2025-02-13T17:11:44","guid":{"rendered":"https:\/\/footballthrift.shop\/?post_type=product&#038;p=65388"},"modified":"2026-03-09T11:29:54","modified_gmt":"2026-03-09T10:29:54","slug":"atalanta-bc-2020-21-away-17-romero-m","status":"publish","type":"product","link":"https:\/\/footballthrift.shop\/de\/atalanta-bc-2020-21-away-17-romero-m\/","title":{"rendered":"Koszulka pi\u0142karska Atalanta BC 2020\/21 Away 17 Romero [M]"},"content":{"rendered":"<p><strong>Verein:<\/strong> Atalanta BC<\/p>\n<p><strong>Saison:<\/strong> 2020\/21 Ausw\u00e4rts<\/p>\n<p><strong>Gr\u00f6\u00dfe: <\/strong>M<\/p>\n<p><strong>Zustand:<\/strong> Sehr gut - leichte Verschmutzung des Sponsorendrucks auf der Vorderseite.<\/p>\n<p><strong>Ma\u00dfe (Achselbreite\/L\u00e4nge) in cm: <\/strong>52\/72<\/p>","protected":false},"excerpt":{"rendered":"<div class=\"flex max-w-full flex-col grow\">\n<div class=\"min-h-8 text-message relative flex w-full flex-col items-end gap-2 text-start break-words whitespace-normal [.text-message+&amp;]:mt-1\" dir=\"auto\" data-message-author-role=\"assistant\" data-message-id=\"2f96db33-7619-44cd-866e-ea0216b87e74\" data-message-model-slug=\"gpt-5-2\">\n<div class=\"flex w-full flex-col gap-1 empty:hidden first:pt-[1px]\">\n<div class=\"markdown prose dark:prose-invert w-full break-words light markdown-new-styling\">\n<p data-start=\"0\" data-end=\"118\"><strong data-start=\"0\" data-end=\"118\">Oryginalna wyjazdowa koszulka pi\u0142karska Atalanty BC z sezonu 2020\/21 produkcji Jomy, z nadrukiem Cristiana Romero.\u00a0<\/strong><\/p>\n<p data-start=\"120\" data-end=\"511\">Projekt przygotowany przez <strong data-start=\"147\" data-end=\"155\">Jom\u0119<\/strong> na rozgrywki <strong data-start=\"169\" data-end=\"180\">2020\/21<\/strong> dla <strong data-start=\"185\" data-end=\"200\">Atalanty BC<\/strong> w rozmiarze <strong data-start=\"213\" data-end=\"218\">L<\/strong> wyr\u00f3\u017cnia si\u0119 nowoczesnym podej\u015bciem do klubowej estetyki wyjazdowej. Jasna, bia\u0142a baza zosta\u0142a zestawiona z dynamicznym akcentem kolorystycznym, kt\u00f3ry nadaje koszulce wyrazisty, a jednocze\u015bnie elegancki charakter, dobrze wpisuj\u0105cy si\u0119 w europejskie ambicje zespo\u0142u z Bergamo w tamtym sezonie.<\/p>\n<p data-start=\"513\" data-end=\"1001\">Koszulka zosta\u0142a wyprodukowana na bia\u0142ym tle, a w g\u00f3rnej cz\u0119\u015bci klatki piersiowej zastosowano <strong data-start=\"607\" data-end=\"663\">geometryczny wz\u00f3r w odcieniach niebieskiego i czerni<\/strong>, z wyra\u017aniejszym akcentem po prawej stronie. Kontrastowe formy przechodz\u0105 p\u0142ynnie przez front, tworz\u0105c nowoczesn\u0105 kompozycj\u0119, kt\u00f3ra przyci\u0105ga uwag\u0119 bez zaburzania czytelno\u015bci ca\u0142o\u015bci. Centralnie umieszczono nadruk sponsora <strong data-start=\"887\" data-end=\"898\">PLUS500<\/strong>, a bezpo\u015brednio pod nim logo <strong data-start=\"928\" data-end=\"944\">Radici Group<\/strong>, zachowuj\u0105c symetryczny i uporz\u0105dkowany uk\u0142ad element\u00f3w.<\/p>\n<p data-start=\"1003\" data-end=\"1379\">Na plecach znajduje si\u0119 <strong data-start=\"1027\" data-end=\"1065\">oryginalny nadruk Cristiana Romero<\/strong>, kt\u00f3ry w sezonie <strong data-start=\"1083\" data-end=\"1094\">2020\/21<\/strong> wyst\u0119powa\u0142 w barwach <strong data-start=\"1116\" data-end=\"1131\">Atalanty BC<\/strong> jako zawodnik wypo\u017cyczony z <strong data-start=\"1160\" data-end=\"1173\">Juventusu<\/strong>. Argenty\u0144ski obro\u0144ca bardzo szybko sta\u0142 si\u0119 kluczow\u0105 postaci\u0105 defensywy zespo\u0142u, imponuj\u0105c agresywnym stylem gry i regularno\u015bci\u0105, co zapocz\u0105tkowa\u0142o jeden z najwa\u017cniejszych etap\u00f3w jego europejskiej kariery.<\/p>\n<p data-start=\"1381\" data-end=\"1690\">Koszulka zosta\u0142a wykonana z <strong data-start=\"1409\" data-end=\"1460\">lekkiego, technicznego i przewiewnego materia\u0142u<\/strong>, zapewniaj\u0105cego komfort noszenia zar\u00f3wno podczas aktywno\u015bci sportowej, jak i w codziennym u\u017cytkowaniu. Kr\u00f3j w rozmiarze <strong data-start=\"1581\" data-end=\"1586\">L<\/strong> oferuje swobod\u0119 ruch\u00f3w i klasyczne dopasowanie, charakterystyczne dla projekt\u00f3w <strong data-start=\"1667\" data-end=\"1675\">Jomy<\/strong> z tego okresu.<\/p>\n<p data-start=\"1692\" data-end=\"2031\" data-is-last-node=\"\" data-is-only-node=\"\">To atrakcyjna propozycja dla kolekcjoner\u00f3w i kibic\u00f3w poszukuj\u0105cych <strong data-start=\"1759\" data-end=\"1835\">oryginalnej wyjazdowej koszulki pi\u0142karskiej Atalanty BC z sezonu 2020\/21<\/strong>, wyr\u00f3\u017cniaj\u0105cej si\u0119 nowoczesnym <strong data-start=\"1867\" data-end=\"1891\">geometrycznym wzorem<\/strong>, oraz <strong data-start=\"1951\" data-end=\"1981\">nadrukiem Cristiana Romero<\/strong> z prze\u0142omowego sezonu w historii klubu z Bergamo.<\/p>\n<\/div>\n<\/div>\n<\/div>\n<\/div>\n","protected":false},"featured_media":65571,"template":"","meta":{"_kad_blocks_custom_css":"","_kad_blocks_head_custom_js":"","_kad_blocks_body_custom_js":"","_kad_blocks_footer_custom_js":"","_kad_post_transparent":"default","_kad_post_title":"","_kad_post_layout":"default","_kad_post_sidebar_id":"","_kad_post_content_style":"default","_kad_post_vertical_padding":"default","_kad_post_feature":"","_kad_post_feature_position":"","_kad_post_header":false,"_kad_post_footer":false,"_kad_post_classname":""},"product_brand":[1304],"product_cat":[1480],"product_tag":[],"class_list":{"0":"post-65388","1":"product","2":"type-product","3":"status-publish","4":"has-post-thumbnail","6":"product_brand-joma","7":"product_cat-pozostale-kluby-wloskie","8":"pa_homeawaythird-away","9":"pa_rozmiar-m","11":"first","12":"instock","13":"taxable","14":"shipping-taxable","15":"purchasable","16":"product-type-simple","17":"entry","18":"content-bg","19":"loop-entry"},"taxonomy_info":{"product_brand":[{"value":1304,"label":"Joma"}],"product_cat":[{"value":1480,"label":"Pozosta\u0142e kluby w\u0142oskie"}],"pa_homeawaythird":[{"value":1598,"label":"Away"}],"pa_rozmiar":[{"value":1816,"label":"M"}]},"featured_image_src_large":["https:\/\/footballthrift.shop\/wp-content\/uploads\/2025\/02\/Photoroom_130_20250207_200945-1024x1024.png",1024,1024,true],"author_info":[],"comment_info":"","_links":{"self":[{"href":"https:\/\/footballthrift.shop\/de\/wp-json\/wp\/v2\/product\/65388","targetHints":{"allow":["GET"]}}],"collection":[{"href":"https:\/\/footballthrift.shop\/de\/wp-json\/wp\/v2\/product"}],"about":[{"href":"https:\/\/footballthrift.shop\/de\/wp-json\/wp\/v2\/types\/product"}],"wp:featuredmedia":[{"embeddable":true,"href":"https:\/\/footballthrift.shop\/de\/wp-json\/wp\/v2\/media\/65571"}],"wp:attachment":[{"href":"https:\/\/footballthrift.shop\/de\/wp-json\/wp\/v2\/media?parent=65388"}],"wp:term":[{"taxonomy":"product_brand","embeddable":true,"href":"https:\/\/footballthrift.shop\/de\/wp-json\/wp\/v2\/product_brand?post=65388"},{"taxonomy":"product_cat","embeddable":true,"href":"https:\/\/footballthrift.shop\/de\/wp-json\/wp\/v2\/product_cat?post=65388"},{"taxonomy":"product_tag","embeddable":true,"href":"https:\/\/footballthrift.shop\/de\/wp-json\/wp\/v2\/product_tag?post=65388"}],"curies":[{"name":"wp","href":"https:\/\/api.w.org\/{rel}","templated":true}]}}