{"id":65383,"date":"2025-02-13T18:11:41","date_gmt":"2025-02-13T17:11:41","guid":{"rendered":"https:\/\/footballthrift.shop\/?post_type=product&#038;p=65383"},"modified":"2026-03-09T11:29:55","modified_gmt":"2026-03-09T10:29:55","slug":"england-2006-08-heim-4-gerrard-xl","status":"publish","type":"product","link":"https:\/\/footballthrift.shop\/de\/anglia-2006-08-home-4-gerrard-xl\/","title":{"rendered":"Koszulka pi\u0142karska Anglia 2006\/08 Away 4 Gerrard [XL]"},"content":{"rendered":"<p><strong>Verein:<\/strong> England<\/p>\n<p><strong>Saison:<\/strong> 2006\/08 Ausw\u00e4rts<\/p>\n<p><strong>Gr\u00f6\u00dfe: <\/strong>XL<\/p>\n<p><strong>Zustand:<\/strong> Zufriedenstellend - kein Stern \u00fcber dem Wappen, rissiges Umbro-Logo und ein Zug unter dem Kragen auf der Vorderseite.<\/p>\n<p><strong>Ma\u00dfe (Achselbreite\/L\u00e4nge) in cm: <\/strong>59\/71(vorne), 76(hinten)<\/p>","protected":false},"excerpt":{"rendered":"<p data-start=\"0\" data-end=\"125\"><strong data-start=\"0\" data-end=\"125\">Original-Ausw\u00e4rtstrikot der englischen Nationalmannschaft aus den Jahren 2006\/08, hergestellt von Umbro, mit Aufdruck von Steven Gerrard.\u00a0<\/strong><\/p>\n<p data-start=\"127\" data-end=\"491\">Das Modell, das von <strong data-start=\"152\" data-end=\"161\">Umbro<\/strong> seit Jahren <strong data-start=\"170\" data-end=\"181\">2006\/08<\/strong> f\u00fcr <strong data-start=\"186\" data-end=\"210\">Englische Nationalmannschaft<\/strong>, in Gr\u00f6\u00dfe <strong data-start=\"224\" data-end=\"230\">XL<\/strong>, ist eines der sentimentalsten Trikots in der Geschichte der Nationalmannschaft. Das minimalistische Design in Rott\u00f6nen erinnert an eine Zeit intensiver Erwartungen an die \u201eThree Lions\u201d und eine Generation, die England wieder an die Weltspitze bringen sollte.<\/p>\n<p data-start=\"493\" data-end=\"942\">Das T-Shirt wurde hergestellt in <strong data-start=\"526\" data-end=\"551\">rote Farbgebung<\/strong>, ohne unn\u00f6tige grafische Elemente, was typisch f\u00fcr den Ansatz ist <strong data-start=\"618\" data-end=\"627\">Umbro<\/strong> zu dieser Zeit. Die Einfachheit des Designs wird durch einheitliche Stoffbahnen und kleine Kontrastdetails unterstrichen, die die traditionelle \u00c4sthetik hervorheben. <strong data-start=\"770\" data-end=\"794\">Englische Nationalmannschaft<\/strong>. Das Ganze hat einen nostalgischen Charakter \u2013 es handelt sich um eine Variante, die von den Fans oft als Symbol f\u00fcr eine Zeit ungenutzten Potenzials, aber voller Stars erw\u00e4hnt wird.<\/p>\n<p data-start=\"944\" data-end=\"1418\">Auf der R\u00fcckseite befindet sich <strong data-start=\"968\" data-end=\"1006\">Originaldruck von Steven Gerrard<\/strong>, einer der wichtigsten Vertreter Englands im ersten Jahrzehnt des 21. Jahrhunderts. In den Jahren <strong data-start=\"1097\" data-end=\"1108\">2006\/08<\/strong> Gerrard blieb neben Frank Lampard der Anf\u00fchrer im Mittelfeld und verband Dynamik, Aggressivit\u00e4t im Zweikampf und pr\u00e4zise Distanzsch\u00fcsse. Es war die Zeit der Qualifikationsspiele zur Euro 2008 und der Misserfolge, die schlie\u00dflich zum Scheitern der Qualifikation f\u00fchrten \u2013 eines der traurigsten Ereignisse dieser Generation der \u201eGolden Boys\u201d.<\/p>\n<p data-start=\"1420\" data-end=\"1633\">Das Material des Modells ist <strong data-start=\"1441\" data-end=\"1475\">leicht, technisch und atmungsaktiv<\/strong>, und Schnitt in Gr\u00f6\u00dfe <strong data-start=\"1496\" data-end=\"1502\">XL<\/strong> gew\u00e4hrleistet Bewegungsfreiheit und Tragekomfort gem\u00e4\u00df den Standards f\u00fcr Trainings- und Spielbekleidung <strong data-start=\"1596\" data-end=\"1605\">Umbro<\/strong> vom Ende des letzten Jahrzehnts.<\/p>\n<p data-start=\"1635\" data-end=\"1842\" data-is-last-node=\"\" data-is-only-node=\"\">Dies ist ein Angebot f\u00fcr Sammler und Fans, die auf der Suche sind nach <strong data-start=\"1694\" data-end=\"1805\">Original-Ausw\u00e4rtstrikot der englischen Nationalmannschaft aus den Jahren 2006\/08 mit Aufdruck von Steven Gerrard<\/strong> \u2013 Symbol f\u00fcr die Ambitionen jener Generation.<\/p>","protected":false},"featured_media":65613,"template":"","meta":{"_kad_blocks_custom_css":"","_kad_blocks_head_custom_js":"","_kad_blocks_body_custom_js":"","_kad_blocks_footer_custom_js":"","_kad_post_transparent":"default","_kad_post_title":"","_kad_post_layout":"default","_kad_post_sidebar_id":"","_kad_post_content_style":"default","_kad_post_vertical_padding":"default","_kad_post_feature":"","_kad_post_feature_position":"","_kad_post_header":false,"_kad_post_footer":false,"_kad_post_classname":""},"product_brand":[1285],"product_cat":[1447],"product_tag":[],"class_list":{"0":"post-65383","1":"product","2":"type-product","3":"status-publish","4":"has-post-thumbnail","6":"product_brand-umbro","7":"product_cat-reprezentacja-anglia","8":"pa_homeawaythird-home","9":"pa_rozmiar-xl","11":"first","12":"instock","13":"taxable","14":"shipping-taxable","15":"purchasable","16":"product-type-simple","17":"entry","18":"content-bg","19":"loop-entry"},"taxonomy_info":{"product_brand":[{"value":1285,"label":"Umbro"}],"product_cat":[{"value":1447,"label":"Anglia"}],"pa_homeawaythird":[{"value":1597,"label":"Home"}],"pa_rozmiar":[{"value":1818,"label":"XL"}]},"featured_image_src_large":["https:\/\/footballthrift.shop\/wp-content\/uploads\/2025\/02\/Photoroom_019_20250207_200945-1024x1024.png",1024,1024,true],"author_info":[],"comment_info":"","_links":{"self":[{"href":"https:\/\/footballthrift.shop\/de\/wp-json\/wp\/v2\/product\/65383","targetHints":{"allow":["GET"]}}],"collection":[{"href":"https:\/\/footballthrift.shop\/de\/wp-json\/wp\/v2\/product"}],"about":[{"href":"https:\/\/footballthrift.shop\/de\/wp-json\/wp\/v2\/types\/product"}],"wp:featuredmedia":[{"embeddable":true,"href":"https:\/\/footballthrift.shop\/de\/wp-json\/wp\/v2\/media\/65613"}],"wp:attachment":[{"href":"https:\/\/footballthrift.shop\/de\/wp-json\/wp\/v2\/media?parent=65383"}],"wp:term":[{"taxonomy":"product_brand","embeddable":true,"href":"https:\/\/footballthrift.shop\/de\/wp-json\/wp\/v2\/product_brand?post=65383"},{"taxonomy":"product_cat","embeddable":true,"href":"https:\/\/footballthrift.shop\/de\/wp-json\/wp\/v2\/product_cat?post=65383"},{"taxonomy":"product_tag","embeddable":true,"href":"https:\/\/footballthrift.shop\/de\/wp-json\/wp\/v2\/product_tag?post=65383"}],"curies":[{"name":"wp","href":"https:\/\/api.w.org\/{rel}","templated":true}]}}