{"id":64840,"date":"2025-02-13T18:10:55","date_gmt":"2025-02-13T17:10:55","guid":{"rendered":"https:\/\/footballthrift.shop\/?post_type=product&#038;p=64840"},"modified":"2026-03-09T11:30:58","modified_gmt":"2026-03-09T10:30:58","slug":"szkocja-2007-08-home-6-l","status":"publish","type":"product","link":"https:\/\/footballthrift.shop\/de\/szkocja-2007-08-home-6-l\/","title":{"rendered":"Koszulka pi\u0142karska Szkocja 2006\/08 Home 6 Ferguson [L]"},"content":{"rendered":"<p><strong>Verein:<\/strong> Schottland<\/p>\n<p><strong>Saison:<\/strong> 2006\/08 Zuhause<\/p>\n<p><strong>Gr\u00f6\u00dfe: <\/strong>L<\/p>\n<p><strong>Zustand:<\/strong> Gut - Leicht eingerissenes Diadora-Logo auf der Vorderseite, Micro-Pull-Over-Nummer und leicht abbl\u00e4tternder Aufn\u00e4her am \u00c4rmel.<\/p>\n<p><strong>Ma\u00dfe (Achselbreite\/L\u00e4nge) in cm: <\/strong>50\/65(vorne), 69(hinten)<\/p>","protected":false},"excerpt":{"rendered":"<p data-start=\"0\" data-end=\"98\"><strong data-start=\"0\" data-end=\"98\">Original Heimtrikot der schottischen Nationalmannschaft aus den Jahren 2006\/08, hergestellt von Diadora.\u00a0<\/strong><\/p>\n<p data-start=\"100\" data-end=\"413\">Das Modell, das von <strong data-start=\"125\" data-end=\"136\">Diadora<\/strong> f\u00fcr Jahre seit <strong data-start=\"146\" data-end=\"157\">2007 <\/strong> An <strong>2008<\/strong> Jahr f\u00fcr <strong data-start=\"162\" data-end=\"187\">Vertretung Schottlands<\/strong>, in Gr\u00f6\u00dfe <strong data-start=\"201\" data-end=\"206\">L<\/strong>, kn\u00fcpft an die klassische, elegante \u00c4sthetik der \u201eTartan Army\u201d an. Es war eine der denkw\u00fcrdigsten Qualifikationsphasen Schottlands f\u00fcr ein gro\u00dfes Turnier im 21. Jahrhundert, die jedoch mit einer gro\u00dfen sportlichen Entt\u00e4uschung endete.<\/p>\n<p data-start=\"415\" data-end=\"847\">Das T-Shirt wurde hergestellt in <strong data-start=\"448\" data-end=\"482\">in traditionellem Dunkelblau<\/strong>erg\u00e4nzt durch <strong data-start=\"499\" data-end=\"544\">goldene Verzierungen am Kragen und an den \u00c4rmeln<\/strong>, was dem Ganzen einen edlen, repr\u00e4sentativen Charakter verleiht. Es wurden <strong data-start=\"620\" data-end=\"635\">Langarm<\/strong>, typisch f\u00fcr britische Anz\u00fcge aus dieser Zeit. Auf dem \u00c4rmel befindet sich <strong data-start=\"709\" data-end=\"738\">Euro 2008-Spiel-Patch<\/strong>, obwohl diese Trikots auch w\u00e4hrend <strong data-start=\"791\" data-end=\"805\">Eliminierung<\/strong>, und nicht nur beim Endturnier.<\/p>\n<p data-start=\"849\" data-end=\"1294\">Auf der Vorderseite und auf der R\u00fcckseite befindet sich <strong data-start=\"882\" data-end=\"893\">Nummer 6<\/strong>, ohne Nachnamen \u2013 gem\u00e4\u00df der von <strong data-start=\"945\" data-end=\"970\">Vertretung Schottlands<\/strong> in dieser Zeit. Mit dieser Nummer trat er regelm\u00e4\u00dfig auf. <strong data-start=\"1025\" data-end=\"1043\">Barry Ferguson<\/strong>, einer der F\u00fchrungsspieler der Mannschaft und langj\u00e4hriger Kapit\u00e4n der Nationalmannschaft. Der Mittelfeldspieler war bekannt f\u00fcr sein hartes Spiel, sein gro\u00dfes taktisches Verantwortungsbewusstsein und seine F\u00fchrungsrolle im Team, und die Jahre <strong data-start=\"1212\" data-end=\"1225\">2006-2008<\/strong> geh\u00f6rten zu seinen intensivsten repr\u00e4sentativen Phasen.<\/p>\n<p data-start=\"1296\" data-end=\"1697\">Das Material des T-Shirts ist <strong data-start=\"1319\" data-end=\"1350\">leicht, robust und luftdurchl\u00e4ssig<\/strong>, und Schnitt in Gr\u00f6\u00dfe <strong data-start=\"1371\" data-end=\"1376\">L<\/strong> bleibt mit den Projektstandards konform <strong data-start=\"1419\" data-end=\"1430\">Diadory<\/strong> aus dem Ende des ersten Jahrzehnts des 21. Jahrhunderts. Auf der Grundlage der verf\u00fcgbaren Informationen <strong data-start=\"1502\" data-end=\"1542\">Es l\u00e4sst sich nicht eindeutig best\u00e4tigen.<\/strong>, ob es sich um ein direkt im Spiel verwendetes Exemplar handelt, jedoch entsprechen alle Merkmale den offiziellen Trikots, die damals von der Mannschaft verwendet wurden, genauer gesagt genau diesem Trikot in der Langarmversion., <strong>Barry Ferguson<\/strong> played in the match against <strong>Frankreich, 07.10.2006<\/strong>.<\/p>\n<p data-start=\"1699\" data-end=\"2142\">Qualifikationsspiele f\u00fcr <strong data-start=\"1713\" data-end=\"1726\">Euro 2008<\/strong> waren f\u00fcr <strong data-start=\"1736\" data-end=\"1747\">Schottland<\/strong> besonders dramatisch \u2013 die Mannschaft war lange Zeit im Kampf um den Aufstieg dabei und erzielte prestigetr\u00e4chtige Siege, unter anderem gegen <strong data-start=\"1855\" data-end=\"1866\">Frankreich<\/strong>, aber letztendlich fehlten die Punkte in den entscheidenden Spielen. Neben Ferguson bildeten damals <strong data-start=\"1977\" data-end=\"1996\">Darren Fletcher<\/strong>, <strong data-start=\"1998\" data-end=\"2016\">James McFadden<\/strong>, <strong data-start=\"2018\" data-end=\"2033\">Alan Hutton<\/strong> i <strong data-start=\"2036\" data-end=\"2052\">Craig Gordon<\/strong>, Der Spielstil basierte auf Intensit\u00e4t, K\u00f6rperlichkeit und der Unterst\u00fctzung der Fans im Hampden Park.<\/p>\n<p data-start=\"2144\" data-end=\"2454\" data-is-last-node=\"\" data-is-only-node=\"\">Dies ist ein Angebot f\u00fcr Sammler und Fans, die auf der Suche sind nach <strong data-start=\"2203\" data-end=\"2298\">Original-Heimtrikot der schottischen Nationalmannschaft aus der Saison 2007\/08 mit der Nummer 6<\/strong> \u2013 Symbol f\u00fcr die ambitionierten Qualifikationsspiele zur Euro 2008 und die F\u00fchrungsrolle <strong data-start=\"2362\" data-end=\"2385\">Barry Ferguson<\/strong> in einer der denkw\u00fcrdigsten Perioden der modernen Geschichte der Mannschaft.<\/p>","protected":false},"featured_media":64996,"template":"","meta":{"_kad_blocks_custom_css":"","_kad_blocks_head_custom_js":"","_kad_blocks_body_custom_js":"","_kad_blocks_footer_custom_js":"","_kad_post_transparent":"default","_kad_post_title":"","_kad_post_layout":"default","_kad_post_sidebar_id":"","_kad_post_content_style":"default","_kad_post_vertical_padding":"default","_kad_post_feature":"","_kad_post_feature_position":"","_kad_post_header":false,"_kad_post_footer":false,"_kad_post_classname":""},"product_brand":[1289],"product_cat":[1489],"product_tag":[],"class_list":{"0":"post-64840","1":"product","2":"type-product","3":"status-publish","4":"has-post-thumbnail","6":"product_brand-diadora","7":"product_cat-pozostale-reprezentacje-europa","8":"pa_homeawaythird-home","9":"pa_rozmiar-l","11":"first","12":"instock","13":"taxable","14":"shipping-taxable","15":"purchasable","16":"product-type-simple","17":"entry","18":"content-bg","19":"loop-entry"},"taxonomy_info":{"product_brand":[{"value":1289,"label":"Diadora"}],"product_cat":[{"value":1489,"label":"Pozosta\u0142e"}],"pa_homeawaythird":[{"value":1597,"label":"Home"}],"pa_rozmiar":[{"value":1817,"label":"L"}]},"featured_image_src_large":["https:\/\/footballthrift.shop\/wp-content\/uploads\/2025\/01\/Photoroom_001_20250119_134413-1024x1024.png",1024,1024,true],"author_info":[],"comment_info":"","_links":{"self":[{"href":"https:\/\/footballthrift.shop\/de\/wp-json\/wp\/v2\/product\/64840","targetHints":{"allow":["GET"]}}],"collection":[{"href":"https:\/\/footballthrift.shop\/de\/wp-json\/wp\/v2\/product"}],"about":[{"href":"https:\/\/footballthrift.shop\/de\/wp-json\/wp\/v2\/types\/product"}],"wp:featuredmedia":[{"embeddable":true,"href":"https:\/\/footballthrift.shop\/de\/wp-json\/wp\/v2\/media\/64996"}],"wp:attachment":[{"href":"https:\/\/footballthrift.shop\/de\/wp-json\/wp\/v2\/media?parent=64840"}],"wp:term":[{"taxonomy":"product_brand","embeddable":true,"href":"https:\/\/footballthrift.shop\/de\/wp-json\/wp\/v2\/product_brand?post=64840"},{"taxonomy":"product_cat","embeddable":true,"href":"https:\/\/footballthrift.shop\/de\/wp-json\/wp\/v2\/product_cat?post=64840"},{"taxonomy":"product_tag","embeddable":true,"href":"https:\/\/footballthrift.shop\/de\/wp-json\/wp\/v2\/product_tag?post=64840"}],"curies":[{"name":"wp","href":"https:\/\/api.w.org\/{rel}","templated":true}]}}