{"id":64837,"date":"2025-02-13T18:10:56","date_gmt":"2025-02-13T17:10:56","guid":{"rendered":"https:\/\/footballthrift.shop\/?post_type=product&#038;p=64837"},"modified":"2026-03-09T11:30:57","modified_gmt":"2026-03-09T10:30:57","slug":"spiel-ausgabe-polen-2000-heim-14-m","status":"publish","type":"product","link":"https:\/\/footballthrift.shop\/de\/match-issue-polska-2000-home-14-m\/","title":{"rendered":"Koszulka pi\u0142karska MATCH ISSUE U21 Polska 2000 Home 14 [M]"},"content":{"rendered":"<p><strong>Verein:<\/strong> Polen<\/p>\n<p><strong>Saison:<\/strong> 2000 Heimat<\/p>\n<p><strong>Gr\u00f6\u00dfe: <\/strong>M<\/p>\n<p><strong>Zustand:<\/strong> Sehr gut - ein paar kleine Stiche.<\/p>\n<p><strong>Ma\u00dfe (Achselbreite\/L\u00e4nge) in cm: <\/strong>56\/67(vorne), 72(hinten)<\/p>","protected":false},"excerpt":{"rendered":"<p data-start=\"0\" data-end=\"95\"><strong data-start=\"0\" data-end=\"95\">Original-Fu\u00dfballtrikot der polnischen Jugendnationalmannschaft aus dem Jahr 2000, hergestellt von Tico.\u00a0<\/strong><\/p>\n<p data-start=\"97\" data-end=\"479\">Das Modell, das von <strong data-start=\"122\" data-end=\"130\">Tico<\/strong> w <strong data-start=\"133\" data-end=\"146\">2000<\/strong> f\u00fcr <strong data-start=\"151\" data-end=\"188\">Polnische Jugendnationalmannschaft<\/strong>, in Gr\u00f6\u00dfe <strong data-start=\"202\" data-end=\"207\">M<\/strong>, stammt aus einer kurzen, heute fast vergessenen Zeit, in der <strong data-start=\"277\" data-end=\"298\">Die polnische Marke Tico<\/strong> Sie kleidete die polnische Nationalmannschaft um die Jahrhundertwende ein. Dies ist ein Beispiel f\u00fcr einen sehr klassischen, strengen Ansatz beim Design von Nationaltrikots, der f\u00fcr diese Epoche charakteristisch war.<\/p>\n<p data-start=\"481\" data-end=\"950\">Das T-Shirt wurde hergestellt in <strong data-start=\"514\" data-end=\"547\">vollst\u00e4ndig in Wei\u00df gehalten<\/strong>, z <strong data-start=\"551\" data-end=\"611\">rotem Kragen und langen \u00c4rmeln<\/strong>, was direkt auf die Nationalfarben verweist. Das Design bleibt au\u00dfergew\u00f6hnlich schlicht und funktional \u2013 auf der Vorderseite, <strong data-start=\"722\" data-end=\"745\">zentral unter sich<\/strong>, wurde platziert <strong data-start=\"759\" data-end=\"783\">Logo des Tico-Herstellers<\/strong>, <strong data-start=\"785\" data-end=\"794\">Wappen<\/strong> und <strong data-start=\"800\" data-end=\"812\">Nummer 14<\/strong>, das sich auch auf der R\u00fcckseite wiederholt. Das Fehlen zus\u00e4tzlicher grafischer Elemente unterstreicht den funktionalen, repr\u00e4sentativen Charakter des T-Shirts.<\/p>\n<p data-start=\"952\" data-end=\"1230\">Das Material ist <strong data-start=\"966\" data-end=\"987\">robust und dick<\/strong>, typisch f\u00fcr Produkte <strong data-start=\"1008\" data-end=\"1016\">Tico<\/strong> aus den sp\u00e4ten 90er Jahren und dem Beginn des 21. Jahrhunderts, was dieses Exemplar von den leichteren, sp\u00e4teren Modellen unterscheidet. Schnitt in Gr\u00f6\u00dfe <strong data-start=\"1141\" data-end=\"1146\">M<\/strong> bleibt mit den Projektstandards konform <strong data-start=\"1189\" data-end=\"1197\">Tico<\/strong>, und bieten eine klassische Passform.<\/p>\n<p data-start=\"1232\" data-end=\"1584\">Nummer <strong data-start=\"1238\" data-end=\"1244\">14<\/strong> Es ist nicht m\u00f6glich, Trikots eindeutig einem bestimmten Spieler zuzuordnen \u2013 in den Jugendmannschaften dieser Zeit trugen mehrere Spieler in verschiedenen Spielen und Wettbewerben dieselbe Nummer. Dieses Exemplar bleibt jedoch erhalten. <strong data-start=\"1466\" data-end=\"1532\">einem originalen Trikot der polnischen Jugendnationalmannschaft<\/strong>, was es zu einem interessanten Dokument jener Epoche macht.<\/p>\n<p data-start=\"1586\" data-end=\"1873\" data-is-last-node=\"\" data-is-only-node=\"\">Dies ist ein Angebot f\u00fcr Sammler und Fans, die auf der Suche sind nach <strong data-start=\"1645\" data-end=\"1715\">Original-Trikot der polnischen Jugendnationalmannschaft aus dem Jahr 2000<\/strong> \u2013 seltenes Modell polnischer Produktion <strong data-start=\"1754\" data-end=\"1762\">Tico<\/strong>, das Zeugnis eines vor\u00fcbergehenden, heute bereits historischen Moments in der Geschichte der nationalen Fu\u00dfballtrikots ist.<\/p>","protected":false},"featured_media":64973,"template":"","meta":{"_kad_blocks_custom_css":"","_kad_blocks_head_custom_js":"","_kad_blocks_body_custom_js":"","_kad_blocks_footer_custom_js":"","_kad_post_transparent":"default","_kad_post_title":"","_kad_post_layout":"default","_kad_post_sidebar_id":"","_kad_post_content_style":"default","_kad_post_vertical_padding":"default","_kad_post_feature":"","_kad_post_feature_position":"","_kad_post_header":false,"_kad_post_footer":false,"_kad_post_classname":""},"product_brand":[1311],"product_cat":[1411,1409,1436],"product_tag":[],"class_list":{"0":"post-64837","1":"product","2":"type-product","3":"status-publish","4":"has-post-thumbnail","6":"product_brand-tico","7":"product_cat-polscy-pilkarze","8":"product_cat-match-worn-issue","9":"product_cat-reprezentacja-polski","10":"pa_homeawaythird-home","11":"pa_rozmiar-m","13":"first","14":"instock","15":"taxable","16":"shipping-taxable","17":"purchasable","18":"product-type-simple","19":"entry","20":"content-bg","21":"loop-entry"},"taxonomy_info":{"product_brand":[{"value":1311,"label":"Tico"}],"product_cat":[{"value":1411,"label":"POLSCY PI\u0141KARZE"},{"value":1409,"label":"MATCH WORN &amp; ISSUE"},{"value":1436,"label":"Polska"}],"pa_homeawaythird":[{"value":1597,"label":"Home"}],"pa_rozmiar":[{"value":1816,"label":"M"}]},"featured_image_src_large":["https:\/\/footballthrift.shop\/wp-content\/uploads\/2025\/01\/Photoroom_013_20250119_134413-1024x1024.png",1024,1024,true],"author_info":[],"comment_info":"","_links":{"self":[{"href":"https:\/\/footballthrift.shop\/de\/wp-json\/wp\/v2\/product\/64837","targetHints":{"allow":["GET"]}}],"collection":[{"href":"https:\/\/footballthrift.shop\/de\/wp-json\/wp\/v2\/product"}],"about":[{"href":"https:\/\/footballthrift.shop\/de\/wp-json\/wp\/v2\/types\/product"}],"wp:featuredmedia":[{"embeddable":true,"href":"https:\/\/footballthrift.shop\/de\/wp-json\/wp\/v2\/media\/64973"}],"wp:attachment":[{"href":"https:\/\/footballthrift.shop\/de\/wp-json\/wp\/v2\/media?parent=64837"}],"wp:term":[{"taxonomy":"product_brand","embeddable":true,"href":"https:\/\/footballthrift.shop\/de\/wp-json\/wp\/v2\/product_brand?post=64837"},{"taxonomy":"product_cat","embeddable":true,"href":"https:\/\/footballthrift.shop\/de\/wp-json\/wp\/v2\/product_cat?post=64837"},{"taxonomy":"product_tag","embeddable":true,"href":"https:\/\/footballthrift.shop\/de\/wp-json\/wp\/v2\/product_tag?post=64837"}],"curies":[{"name":"wp","href":"https:\/\/api.w.org\/{rel}","templated":true}]}}