{"id":64463,"date":"2025-02-13T18:10:48","date_gmt":"2025-02-13T17:10:48","guid":{"rendered":"https:\/\/footballthrift.shop\/?post_type=product&#038;p=64463"},"modified":"2026-03-09T11:30:59","modified_gmt":"2026-03-09T10:30:59","slug":"bluza-treningowa-akademii-preston-north-end-2020-21-m","status":"publish","type":"product","link":"https:\/\/footballthrift.shop\/de\/bluza-treningowa-akademii-preston-north-end-2020-21-m\/","title":{"rendered":"Bluza treningowa PNECET Preston North End 2020\/21 [M]"},"content":{"rendered":"<p><strong>Verein:<\/strong> Preston North End<\/p>\n<p><strong>Saison:<\/strong> 2020\/21<\/p>\n<p><strong>Gr\u00f6\u00dfe: <\/strong>M<\/p>\n<p><strong>Zustand:<\/strong> Ausgezeichnet<\/p>\n<p><strong>Ma\u00dfe (Achselbreite\/L\u00e4nge) in cm: <\/strong>51\/69<\/p>","protected":false},"excerpt":{"rendered":"<p data-start=\"0\" data-end=\"82\"><strong data-start=\"0\" data-end=\"82\">Original Trainingsjacke von Preston North End aus der Saison 2020\/21, hergestellt von Avec.\u00a0<\/strong><\/p>\n<p data-start=\"84\" data-end=\"493\">Das Modell, das von <strong data-start=\"109\" data-end=\"117\">Avec<\/strong> f\u00fcr die Saison <strong data-start=\"127\" data-end=\"138\">2020\/21<\/strong> f\u00fcr <strong data-start=\"143\" data-end=\"184\"><span class=\"hover:entity-accent entity-underline inline cursor-pointer align-baseline\"><span class=\"whitespace-normal\">Preston North End<\/span><\/span><\/strong>, in Gr\u00f6\u00dfe <strong data-start=\"198\" data-end=\"203\">M<\/strong>, stammt aus der offiziellen Trainingslinie, die mit den Aktivit\u00e4ten des Vereins au\u00dferhalb der ersten Mannschaft verbunden ist. Das Sweatshirt wurde <strong data-start=\"318\" data-end=\"407\">Speziell f\u00fcr PNECET hergestellt \u2013 Preston North End Community and Education Trust<\/strong>, einer Stiftung, die f\u00fcr soziale, Bildungs- und Jugendprojekte des Vereins zust\u00e4ndig ist.<\/p>\n<p data-start=\"495\" data-end=\"952\">Das Sweatshirt ist hergestellt aus <strong data-start=\"517\" data-end=\"530\">Polyester<\/strong>, w <strong data-start=\"534\" data-end=\"560\">Marineblau<\/strong>, im Einklang mit der Identit\u00e4t des Vereins <strong data-start=\"594\" data-end=\"615\">Preston North End<\/strong>. Angewandt wurde <strong data-start=\"629\" data-end=\"639\">Haube<\/strong> und <strong data-start=\"645\" data-end=\"676\">unvollst\u00e4ndiger Rei\u00dfverschluss<\/strong>, was dem Ganzen einen sportlich-funktionalen Charakter verleiht und es zu einem praktischen Trainings- oder Alltagsplagg macht. Das Design bleibt schlicht und funktional, ohne aufwendige Eins\u00e4tze oder Muster, entsprechend dem Verwendungszweck der Kleidung f\u00fcr soziale und Trainingsaktivit\u00e4ten.<\/p>\n<p data-start=\"954\" data-end=\"1257\">Das Material ist <strong data-start=\"968\" data-end=\"1002\">leicht, technisch und atmungsaktiv<\/strong>, und Schnitt in Gr\u00f6\u00dfe <strong data-start=\"1023\" data-end=\"1028\">M<\/strong> bleibt mit den Projektstandards konform <strong data-start=\"1071\" data-end=\"1079\">Avec<\/strong>, die Tragekomfort und Bewegungsfreiheit gew\u00e4hrleistet. Sweatshirt <strong data-start=\"1133\" data-end=\"1175\">wurde vom ersten Team nicht verwendet<\/strong>, wodurch sie sich deutlich von der klassischen Spiel- und Trainingsbekleidung der Seniorenmannschaft unterscheidet.<\/p>\n<p data-start=\"1259\" data-end=\"1535\">Saison <strong data-start=\"1265\" data-end=\"1276\">2020\/21<\/strong> f\u00fcr <strong data-start=\"1281\" data-end=\"1302\">Preston North End<\/strong> stand im Zeichen des Wettbewerbs in der Meisterschaft und des Funktionierens des Vereins unter den Bedingungen der Pandemie, wo <strong data-start=\"1405\" data-end=\"1427\">Aktivit\u00e4ten von PNECET<\/strong> spielte eine wichtige Rolle bei der Pflege der Beziehungen zur lokalen Gemeinschaft, zu Jugendlichen und zu Bildungsprojekten.<\/p>\n<p data-start=\"1537\" data-end=\"1824\" data-is-last-node=\"\" data-is-only-node=\"\">Dies ist ein Angebot f\u00fcr Sammler und Fans des Vereins, die auf der Suche sind nach <strong data-start=\"1605\" data-end=\"1673\">Original-Trainingsjacke von Preston North End aus der Saison 2020\/21<\/strong>, verbunden mit <strong data-start=\"1687\" data-end=\"1720\">Gemeinschafts- und Bildungsstiftung<\/strong> \u2013 ein interessantes, weniger offensichtliches Element der Vereinsbekleidung, das die soziale Seite der Funktionsweise des PNE dokumentiert.<\/p>","protected":false},"featured_media":64590,"template":"","meta":{"_kad_blocks_custom_css":"","_kad_blocks_head_custom_js":"","_kad_blocks_body_custom_js":"","_kad_blocks_footer_custom_js":"","_kad_post_transparent":"default","_kad_post_title":"","_kad_post_layout":"default","_kad_post_sidebar_id":"","_kad_post_content_style":"default","_kad_post_vertical_padding":"default","_kad_post_feature":"","_kad_post_feature_position":"","_kad_post_header":false,"_kad_post_footer":false,"_kad_post_classname":""},"product_brand":[1322],"product_cat":[1485,1423],"product_tag":[],"class_list":{"0":"post-64463","1":"product","2":"type-product","3":"status-publish","4":"has-post-thumbnail","6":"product_brand-avec","7":"product_cat-pozostale-kluby-angielskie","8":"product_cat-kurtkibluzytrening","9":"pa_rozmiar-m","11":"first","12":"instock","13":"taxable","14":"shipping-taxable","15":"purchasable","16":"product-type-simple","17":"entry","18":"content-bg","19":"loop-entry"},"taxonomy_info":{"product_brand":[{"value":1322,"label":"Avec"}],"product_cat":[{"value":1485,"label":"Pozosta\u0142e kluby angielskie"},{"value":1423,"label":"Kurtki\/bluzy\/trening"}],"pa_rozmiar":[{"value":1816,"label":"M"}]},"featured_image_src_large":["https:\/\/footballthrift.shop\/wp-content\/uploads\/2025\/01\/Photoroom_012_20250112_153529-1024x1024.png",1024,1024,true],"author_info":[],"comment_info":"","_links":{"self":[{"href":"https:\/\/footballthrift.shop\/de\/wp-json\/wp\/v2\/product\/64463","targetHints":{"allow":["GET"]}}],"collection":[{"href":"https:\/\/footballthrift.shop\/de\/wp-json\/wp\/v2\/product"}],"about":[{"href":"https:\/\/footballthrift.shop\/de\/wp-json\/wp\/v2\/types\/product"}],"wp:featuredmedia":[{"embeddable":true,"href":"https:\/\/footballthrift.shop\/de\/wp-json\/wp\/v2\/media\/64590"}],"wp:attachment":[{"href":"https:\/\/footballthrift.shop\/de\/wp-json\/wp\/v2\/media?parent=64463"}],"wp:term":[{"taxonomy":"product_brand","embeddable":true,"href":"https:\/\/footballthrift.shop\/de\/wp-json\/wp\/v2\/product_brand?post=64463"},{"taxonomy":"product_cat","embeddable":true,"href":"https:\/\/footballthrift.shop\/de\/wp-json\/wp\/v2\/product_cat?post=64463"},{"taxonomy":"product_tag","embeddable":true,"href":"https:\/\/footballthrift.shop\/de\/wp-json\/wp\/v2\/product_tag?post=64463"}],"curies":[{"name":"wp","href":"https:\/\/api.w.org\/{rel}","templated":true}]}}