{"id":64457,"date":"2025-02-13T18:10:50","date_gmt":"2025-02-13T17:10:50","guid":{"rendered":"https:\/\/footballthrift.shop\/?post_type=product&#038;p=64457"},"modified":"2026-03-09T11:30:58","modified_gmt":"2026-03-09T10:30:58","slug":"gks-katowice-2009-10-away-10-xl","status":"publish","type":"product","link":"https:\/\/footballthrift.shop\/de\/gks-katowice-2009-10-away-10-xl\/","title":{"rendered":"Koszulka pi\u0142karska GKS Katowice 2009\/10 Away 10 [XL]"},"content":{"rendered":"<p><strong>Verein:<\/strong> GKS Kattowitz<\/p>\n<p><strong>Saison:<\/strong> 2009\/10 Ausw\u00e4rts<\/p>\n<p><strong>Gr\u00f6\u00dfe: <\/strong>XL<\/p>\n<p><strong>Zustand:<\/strong> Schwach - gerissenes Emblem auf der Vorderseite, fehlender Sponsoraufdruck (wahrscheinlich abgefallen) und Mikroriss am \u00c4rmel.<\/p>\n<p><strong>Ma\u00dfe (Achselbreite\/L\u00e4nge) in cm: <\/strong>54\/72<\/p>","protected":false},"excerpt":{"rendered":"<p data-start=\"0\" data-end=\"91\"><strong data-start=\"0\" data-end=\"91\">Original-Ausw\u00e4rtstrikot des Fu\u00dfballvereins GKS Katowice aus der Saison 2009\/10, hergestellt von Jako.\u00a0<\/strong><\/p>\n<p data-start=\"93\" data-end=\"412\">Das Modell, das von <strong data-start=\"118\" data-end=\"126\">Als<\/strong> f\u00fcr die Saison <strong data-start=\"136\" data-end=\"147\">2009\/10<\/strong> f\u00fcr <strong data-start=\"152\" data-end=\"170\">GKS Katowice<\/strong>, in Gr\u00f6\u00dfe <strong data-start=\"184\" data-end=\"190\">XL<\/strong>, stammt aus der Zeit, als der Verein auf dem Niveau spielte. <strong data-start=\"237\" data-end=\"248\">1. Liga<\/strong>. Es ist eine Zeit intensiver Bem\u00fchungen um sportliche Stabilit\u00e4t und Versuche, die Position einer der bekanntesten Fu\u00dfballmarken in Schlesien wieder aufzubauen.<\/p>\n<p data-start=\"414\" data-end=\"872\">Das T-Shirt wurde hergestellt in <strong data-start=\"447\" data-end=\"482\">einheitliche gr\u00fcne Farbgebung<\/strong>, v\u00f6llig frei von Mustern und zus\u00e4tzlichen Grafiken, was ihre <strong data-start=\"553\" data-end=\"584\">rau, klassisch<\/strong>. An der Vorderseite befindet sich ausschlie\u00dflich <strong data-start=\"619\" data-end=\"643\">Logo des Herstellers Als<\/strong> und <strong data-start=\"649\" data-end=\"672\">Wappen des GKS Katowice<\/strong>, wobei das minimalistische und funktionale Layout beibehalten wurde. Die R\u00fcckseite des T-Shirts pr\u00e4sentiert <strong data-start=\"747\" data-end=\"759\">Nummer 10<\/strong>, ohne Nachnamen, was damals bei den Liga-Teams der Ekstraklasa h\u00e4ufig vorkam.<\/p>\n<p data-start=\"874\" data-end=\"1051\">Das Material ist <strong data-start=\"888\" data-end=\"922\">leicht, luftig und technisch<\/strong>, und Schnitt in Gr\u00f6\u00dfe <strong data-start=\"943\" data-end=\"949\">XL<\/strong> bleibt mit den Projektstandards konform <strong data-start=\"992\" data-end=\"1000\">Als<\/strong>, und sorgt so f\u00fcr Tragekomfort und Bewegungsfreiheit.<\/p>\n<p data-start=\"1053\" data-end=\"1485\">Saison <strong data-start=\"1059\" data-end=\"1070\">2009\/10<\/strong> war f\u00fcr <strong data-start=\"1079\" data-end=\"1097\">GKS Katowice<\/strong> eine weitere anspruchsvolle Etappe im langen Kampf um die R\u00fcckkehr in die h\u00f6chste Spielklasse. Der Verein befand sich in einer schwierigen organisatorischen Lage, und die Mannschaft bestand aus einer Mischung aus erfahrenen Ligaspielern und j\u00fcngeren Spielern. Trotz der Ambitionen und der gro\u00dfen Unterst\u00fctzung durch die Fans gelang es der Mannschaft nicht, sich in den Kampf um den Aufstieg einzuschalten, was die Stimmung jener Jahre in der Geschichte des Katowicer Fu\u00dfballs gut widerspiegelt.<\/p>\n<p data-start=\"1487\" data-end=\"1746\" data-is-last-node=\"\" data-is-only-node=\"\">Dies ist ein Angebot f\u00fcr Sammler und Fans, die auf der Suche sind nach <strong data-start=\"1546\" data-end=\"1638\">Original-Ausw\u00e4rtstrikot des Fu\u00dfballvereins GKS Katowice aus der Saison 2009\/10 <\/strong>\u00a0\u2013 minimalistisches Modell aus der Zeit, als der Verein in der 1. Liga spielte.<\/p>","protected":false},"featured_media":64545,"template":"","meta":{"_kad_blocks_custom_css":"","_kad_blocks_head_custom_js":"","_kad_blocks_body_custom_js":"","_kad_blocks_footer_custom_js":"","_kad_post_transparent":"default","_kad_post_title":"","_kad_post_layout":"default","_kad_post_sidebar_id":"","_kad_post_content_style":"default","_kad_post_vertical_padding":"default","_kad_post_feature":"","_kad_post_feature_position":"","_kad_post_header":false,"_kad_post_footer":false,"_kad_post_classname":""},"product_brand":[1298],"product_cat":[1468],"product_tag":[],"class_list":{"0":"post-64457","1":"product","2":"type-product","3":"status-publish","4":"has-post-thumbnail","6":"product_brand-jako","7":"product_cat-pozostale-kluby-polskie","8":"pa_homeawaythird-away","9":"pa_rozmiar-xl","11":"first","12":"instock","13":"taxable","14":"shipping-taxable","15":"purchasable","16":"product-type-simple","17":"entry","18":"content-bg","19":"loop-entry"},"taxonomy_info":{"product_brand":[{"value":1298,"label":"Jako"}],"product_cat":[{"value":1468,"label":"Pozosta\u0142e kluby polskie"}],"pa_homeawaythird":[{"value":1598,"label":"Away"}],"pa_rozmiar":[{"value":1818,"label":"XL"}]},"featured_image_src_large":["https:\/\/footballthrift.shop\/wp-content\/uploads\/2025\/01\/Photoroom_010_20250112_153529-1024x1024.png",1024,1024,true],"author_info":[],"comment_info":"","_links":{"self":[{"href":"https:\/\/footballthrift.shop\/de\/wp-json\/wp\/v2\/product\/64457","targetHints":{"allow":["GET"]}}],"collection":[{"href":"https:\/\/footballthrift.shop\/de\/wp-json\/wp\/v2\/product"}],"about":[{"href":"https:\/\/footballthrift.shop\/de\/wp-json\/wp\/v2\/types\/product"}],"wp:featuredmedia":[{"embeddable":true,"href":"https:\/\/footballthrift.shop\/de\/wp-json\/wp\/v2\/media\/64545"}],"wp:attachment":[{"href":"https:\/\/footballthrift.shop\/de\/wp-json\/wp\/v2\/media?parent=64457"}],"wp:term":[{"taxonomy":"product_brand","embeddable":true,"href":"https:\/\/footballthrift.shop\/de\/wp-json\/wp\/v2\/product_brand?post=64457"},{"taxonomy":"product_cat","embeddable":true,"href":"https:\/\/footballthrift.shop\/de\/wp-json\/wp\/v2\/product_cat?post=64457"},{"taxonomy":"product_tag","embeddable":true,"href":"https:\/\/footballthrift.shop\/de\/wp-json\/wp\/v2\/product_tag?post=64457"}],"curies":[{"name":"wp","href":"https:\/\/api.w.org\/{rel}","templated":true}]}}