{"id":64454,"date":"2025-02-10T15:18:07","date_gmt":"2025-02-10T14:18:07","guid":{"rendered":"https:\/\/footballthrift.shop\/?post_type=product&#038;p=64454"},"modified":"2026-03-14T15:27:20","modified_gmt":"2026-03-14T14:27:20","slug":"gks-katowice-1997-98-heim-21-pawel-peczak-xl","status":"publish","type":"product","link":"https:\/\/footballthrift.shop\/de\/gks-katowice-1997-98-home-21-pawel-peczak-xl\/","title":{"rendered":"Koszulka pi\u0142karska GKS Katowice 1997\/98 Home 21 Pawe\u0142 P\u0119czak [XL]"},"content":{"rendered":"<p><strong>Verein:<\/strong> GKS Kattowitz<\/p>\n<p><strong>Saison:<\/strong> 1997\/98 Heim<\/p>\n<p><strong>Gr\u00f6\u00dfe: <\/strong>XL<\/p>\n<p><strong>Zustand:<\/strong> Zufriedenstellend - ein deutliches Ziehen des Stoffes unter dem Kragen auf der Vorderseite und kleine stellenweise vorhanden.<\/p>\n<p><strong>Ma\u00dfe (Achselbreite\/L\u00e4nge) in cm: <\/strong>61\/74<\/p>","protected":false},"excerpt":{"rendered":"<p><strong>Original GKS Katowice Heimtrikot aus der Saison 1997\/98 von Nike.\u00a0<\/strong><\/p>\n<p>Heimmodell <strong>GKS Katowice<\/strong> aus der Saison <strong>1997\/98<\/strong>hergestellt von <strong>Nike<\/strong> in XL-Gr\u00f6\u00dfe, stammt aus der Zeit, als der schlesische Verein regelm\u00e4\u00dfig in der h\u00f6chsten polnischen Spielklasse vertreten war. In der zweiten H\u00e4lfte der 1990er Jahre geh\u00f6rte die Mannschaft zu den soliden Ligamannschaften und kn\u00fcpfte an die Tradition eines Vereins an, der in den vorangegangenen Jahrzehnten den polnischen Pokal erreicht hatte und wiederholt an der Spitze des nationalen Wettbewerbs stand.<\/p>\n<p>Das Trikot wurde in den unverwechselbaren, schwarz-gelb gestreiften Farben hergestellt, die seit Jahren ein Markenzeichen sind. <strong>GKS Katowice<\/strong>. Der Aufdruck des Sponsors steht auf der Vorderseite im Mittelpunkt. <strong>Raab Karcher<\/strong>, und hebt sich deutlich von dem gestreiften Hintergrund ab. Erg\u00e4nzt wird das Design durch die Kennzeichnung des Herstellers <strong>Nike<\/strong>, und das Ganze ist im Stil der Clubwear der sp\u00e4ten neunziger Jahre gehalten.<\/p>\n<p>Auf der R\u00fcckseite steht die Nummer <strong>21<\/strong>, mit wem in der ersten Mannschaft <strong>GKS Katowice<\/strong> vorgestellt <strong>Pawe\u0142 P\u0119czak<\/strong>. W\u00e4hrend der Saison <strong>1997\/98<\/strong> Die Spieler des Kattowitzer Vereins haben die meisten Spiele in Trikots mit ihrem Namen bestritten. Das ausgestellte Exemplar, das nur eine Nummer tr\u00e4gt, ist also nicht als Spielversion der ersten Mannschaft gekennzeichnet.<\/p>\n<p>Das T-Shirt ist aus leichtem und atmungsaktivem Material gefertigt und der Schnitt in Gr\u00f6\u00dfe XL entspricht den Standards der <strong>Nike<\/strong>, und bieten eine klassische Passform.<\/p>\n<p>Dies ist ein Angebot f\u00fcr Sammler und Fans, die auf der Suche sind nach <strong>ein original GKS Katowice Heimtrikot aus der Saison 1997\/98 von Nike<\/strong>, die eine der besten Zeiten des Vereins in der h\u00f6chsten polnischen Spielklasse dokumentieren.<\/p>","protected":false},"featured_media":64516,"template":"","meta":{"_kad_blocks_custom_css":"","_kad_blocks_head_custom_js":"","_kad_blocks_body_custom_js":"","_kad_blocks_footer_custom_js":"","_kad_post_transparent":"default","_kad_post_title":"","_kad_post_layout":"default","_kad_post_sidebar_id":"","_kad_post_content_style":"default","_kad_post_vertical_padding":"default","_kad_post_feature":"","_kad_post_feature_position":"","_kad_post_header":false,"_kad_post_footer":false,"_kad_post_classname":""},"product_brand":[1284],"product_cat":[1468,1411],"product_tag":[],"class_list":{"0":"post-64454","1":"product","2":"type-product","3":"status-publish","4":"has-post-thumbnail","6":"product_brand-nike","7":"product_cat-pozostale-kluby-polskie","8":"product_cat-polscy-pilkarze","9":"pa_homeawaythird-home","10":"pa_rozmiar-xl","12":"first","13":"instock","14":"taxable","15":"shipping-taxable","16":"purchasable","17":"product-type-simple","18":"entry","19":"content-bg","20":"loop-entry"},"taxonomy_info":{"product_brand":[{"value":1284,"label":"Nike"}],"product_cat":[{"value":1468,"label":"Pozosta\u0142e kluby polskie"},{"value":1411,"label":"POLSCY PI\u0141KARZE"}],"pa_homeawaythird":[{"value":1597,"label":"Home"}],"pa_rozmiar":[{"value":1818,"label":"XL"}]},"featured_image_src_large":["https:\/\/footballthrift.shop\/wp-content\/uploads\/2025\/01\/Photoroom_030_20250112_153529-1024x1024.png",1024,1024,true],"author_info":[],"comment_info":"","_links":{"self":[{"href":"https:\/\/footballthrift.shop\/de\/wp-json\/wp\/v2\/product\/64454","targetHints":{"allow":["GET"]}}],"collection":[{"href":"https:\/\/footballthrift.shop\/de\/wp-json\/wp\/v2\/product"}],"about":[{"href":"https:\/\/footballthrift.shop\/de\/wp-json\/wp\/v2\/types\/product"}],"wp:featuredmedia":[{"embeddable":true,"href":"https:\/\/footballthrift.shop\/de\/wp-json\/wp\/v2\/media\/64516"}],"wp:attachment":[{"href":"https:\/\/footballthrift.shop\/de\/wp-json\/wp\/v2\/media?parent=64454"}],"wp:term":[{"taxonomy":"product_brand","embeddable":true,"href":"https:\/\/footballthrift.shop\/de\/wp-json\/wp\/v2\/product_brand?post=64454"},{"taxonomy":"product_cat","embeddable":true,"href":"https:\/\/footballthrift.shop\/de\/wp-json\/wp\/v2\/product_cat?post=64454"},{"taxonomy":"product_tag","embeddable":true,"href":"https:\/\/footballthrift.shop\/de\/wp-json\/wp\/v2\/product_tag?post=64454"}],"curies":[{"name":"wp","href":"https:\/\/api.w.org\/{rel}","templated":true}]}}