{"id":64451,"date":"2025-02-13T18:10:54","date_gmt":"2025-02-13T17:10:54","guid":{"rendered":"https:\/\/footballthrift.shop\/?post_type=product&#038;p=64451"},"modified":"2026-03-09T11:30:58","modified_gmt":"2026-03-09T10:30:58","slug":"aston-villa-2012-13-home-xxl","status":"publish","type":"product","link":"https:\/\/footballthrift.shop\/de\/aston-villa-2012-13-home-xxl\/","title":{"rendered":"Koszulka pi\u0142karska Aston Villa 2012\/13 Home [XXL]"},"content":{"rendered":"<p><strong>Verein:<\/strong> Aston Villa<\/p>\n<p><strong>Saison:<\/strong> 2012\/13 Startseite<\/p>\n<p><strong>Gr\u00f6\u00dfe: <\/strong>XXL<\/p>\n<p><strong>Zustand:<\/strong> Gut - leicht gerissener Sponsorenaufdruck und abgeschnittener Kragen.<\/p>\n<p><strong>Ma\u00dfe (Achselbreite\/L\u00e4nge) in cm: <\/strong>59\/77<\/p>","protected":false},"excerpt":{"rendered":"<p data-start=\"0\" data-end=\"87\"><strong data-start=\"0\" data-end=\"87\">Original Aston Villa Heimtrikot aus der Saison 2012\/13, hergestellt von Macron.\u00a0<\/strong><\/p>\n<p data-start=\"89\" data-end=\"457\">Das Modell, das von <strong data-start=\"114\" data-end=\"124\">Macron<\/strong> f\u00fcr die Saison <strong data-start=\"134\" data-end=\"145\">2012\/13<\/strong> f\u00fcr <strong data-start=\"150\" data-end=\"165\">Aston Villa<\/strong>, in Gr\u00f6\u00dfe <strong data-start=\"179\" data-end=\"186\">XXL<\/strong>, stammt aus einer \u00dcbergangsphase in der Geschichte des Vereins aus Villa Park. Es war eine Zeit des Umbruchs im Kader und der Suche nach einer neuen sportlichen Identit\u00e4t nach dem Weggang mehrerer erfahrener Spieler, aber auch eine Saison, in der man auf j\u00fcngere Spieler setzte und die Mannschaft schrittweise verj\u00fcngte.<\/p>\n<p data-start=\"459\" data-end=\"1042\">Das T-Shirt wurde hergestellt in <strong data-start=\"492\" data-end=\"523\">in klassischem Bordeauxrot<\/strong>, das sowohl <strong data-start=\"545\" data-end=\"567\">Vorderseite und R\u00fcckseite<\/strong>, was eindeutig auf die traditionellen Farben <strong data-start=\"617\" data-end=\"632\">Aston Villa<\/strong>. Einen deutlichen Kontrast bilden <strong data-start=\"657\" data-end=\"677\">turquoise sleeves<\/strong>, <strong data-start=\"679\" data-end=\"701\">Polokragen<\/strong> und <strong data-start=\"707\" data-end=\"748\">Macron-Logos auf den \u00c4rmeln<\/strong>, die dem Ganzen einen modernen, f\u00fcr den italienischen Hersteller charakteristischen Stil verleihen. Es wurden <strong data-start=\"845\" data-end=\"860\">Langarm<\/strong>, was den klassischen englischen Charakter des Designs unterstreicht. Auf der Vorderseite befindet sich mittig der Aufdruck des Sponsors. <strong data-start=\"966\" data-end=\"985\">Genting Casinos<\/strong>, das gut zur burgunderroten und t\u00fcrkisfarbenen Farbpalette passt.<\/p>\n<p data-start=\"1044\" data-end=\"1230\">Das Material des T-Shirts ist <strong data-start=\"1067\" data-end=\"1101\">leicht, luftig und technisch<\/strong>, und Schnitt in Gr\u00f6\u00dfe <strong data-start=\"1122\" data-end=\"1129\">XXL<\/strong> bleibt mit den Projektstandards konform <strong data-start=\"1172\" data-end=\"1182\">Macron<\/strong>, und sorgt so f\u00fcr Tragekomfort und Bewegungsfreiheit.<\/p>\n<p data-start=\"1232\" data-end=\"1623\">Saison <strong data-start=\"1238\" data-end=\"1249\">2012\/13<\/strong> war f\u00fcr <strong data-start=\"1258\" data-end=\"1273\">Aston Villa<\/strong> schwierig, aber erfolgreich, da der Verbleib in der Premier League gesichert werden konnte. Die von Paul Lambert trainierte Mannschaft st\u00fctzte sich auf junge Spieler wie <strong data-start=\"1434\" data-end=\"1455\">Christian Benteke<\/strong>, <strong data-start=\"1457\" data-end=\"1476\">Ashley Westwood<\/strong>, <strong data-start=\"1478\" data-end=\"1500\">Gabriel Agbonlahor<\/strong> oder <strong data-start=\"1505\" data-end=\"1518\">Ron Vlaar<\/strong>, und Bentekes Offensivst\u00e4rke war einer der entscheidenden Faktoren, die dem Verein den Verbleib in der Liga sicherten.<\/p>\n<p data-start=\"1625\" data-end=\"1920\" data-is-last-node=\"\" data-is-only-node=\"\">Dies ist ein Angebot f\u00fcr Sammler und Fans, die auf der Suche sind nach <strong data-start=\"1684\" data-end=\"1783\">Original Aston Villa Heimtrikot aus der Saison 2012\/13 in der Langarmversion<\/strong> \u2013 ein Modell, das klassische Bordeauxfarben mit charakteristischen t\u00fcrkisfarbenen Details und dem Kontext einer anspruchsvollen Saison des Wiederaufbaus der Mannschaft verbindet.<\/p>","protected":false},"featured_media":64486,"template":"","meta":{"_kad_blocks_custom_css":"","_kad_blocks_head_custom_js":"","_kad_blocks_body_custom_js":"","_kad_blocks_footer_custom_js":"","_kad_post_transparent":"default","_kad_post_title":"","_kad_post_layout":"default","_kad_post_sidebar_id":"","_kad_post_content_style":"default","_kad_post_vertical_padding":"default","_kad_post_feature":"","_kad_post_feature_position":"","_kad_post_header":false,"_kad_post_footer":false,"_kad_post_classname":""},"product_brand":[1296],"product_cat":[1485,2030],"product_tag":[],"class_list":{"0":"post-64451","1":"product","2":"type-product","3":"status-publish","4":"has-post-thumbnail","6":"product_brand-macron","7":"product_cat-pozostale-kluby-angielskie","8":"product_cat-aston-villa","9":"pa_homeawaythird-home","10":"pa_rozmiar-xxl","12":"first","13":"instock","14":"taxable","15":"shipping-taxable","16":"purchasable","17":"product-type-simple","18":"entry","19":"content-bg","20":"loop-entry"},"taxonomy_info":{"product_brand":[{"value":1296,"label":"macron"}],"product_cat":[{"value":1485,"label":"Pozosta\u0142e kluby angielskie"},{"value":2030,"label":"Aston Villa"}],"pa_homeawaythird":[{"value":1597,"label":"Home"}],"pa_rozmiar":[{"value":1819,"label":"XXL"}]},"featured_image_src_large":["https:\/\/footballthrift.shop\/wp-content\/uploads\/2025\/01\/Photoroom_000_20250112_153529-1024x1024.png",1024,1024,true],"author_info":[],"comment_info":"","_links":{"self":[{"href":"https:\/\/footballthrift.shop\/de\/wp-json\/wp\/v2\/product\/64451","targetHints":{"allow":["GET"]}}],"collection":[{"href":"https:\/\/footballthrift.shop\/de\/wp-json\/wp\/v2\/product"}],"about":[{"href":"https:\/\/footballthrift.shop\/de\/wp-json\/wp\/v2\/types\/product"}],"wp:featuredmedia":[{"embeddable":true,"href":"https:\/\/footballthrift.shop\/de\/wp-json\/wp\/v2\/media\/64486"}],"wp:attachment":[{"href":"https:\/\/footballthrift.shop\/de\/wp-json\/wp\/v2\/media?parent=64451"}],"wp:term":[{"taxonomy":"product_brand","embeddable":true,"href":"https:\/\/footballthrift.shop\/de\/wp-json\/wp\/v2\/product_brand?post=64451"},{"taxonomy":"product_cat","embeddable":true,"href":"https:\/\/footballthrift.shop\/de\/wp-json\/wp\/v2\/product_cat?post=64451"},{"taxonomy":"product_tag","embeddable":true,"href":"https:\/\/footballthrift.shop\/de\/wp-json\/wp\/v2\/product_tag?post=64451"}],"curies":[{"name":"wp","href":"https:\/\/api.w.org\/{rel}","templated":true}]}}