{"id":63623,"date":"2025-02-13T18:07:48","date_gmt":"2025-02-13T17:07:48","guid":{"rendered":"https:\/\/footballthrift.shop\/?post_type=product&#038;p=63623"},"modified":"2026-03-09T11:30:59","modified_gmt":"2026-03-09T10:30:59","slug":"borussia-dortmund-2012-13-heim-xxl","status":"publish","type":"product","link":"https:\/\/footballthrift.shop\/de\/borussia-dortmund-2012-13-home-xxl\/","title":{"rendered":"Koszulka pi\u0142karska Borussia Dortmund 2012\/13 Home [XXL]"},"content":{"rendered":"<p><strong>Verein:<\/strong> Borussia Dortmund<\/p>\n<p><strong>Saison:<\/strong> 2012\/13 Startseite<\/p>\n<p><strong>Gr\u00f6\u00dfe: <\/strong>XXL<\/p>\n<p><strong>Zustand:<\/strong> Gut - einige Mikrostiche und leichte Verschmutzungen.<\/p>\n<p><strong>Ma\u00dfe (Achselbreite\/L\u00e4nge) in cm: <\/strong>59\/77<\/p>","protected":false},"excerpt":{"rendered":"<p data-start=\"0\" data-end=\"91\"><strong data-start=\"0\" data-end=\"91\">Original Borussia Dortmund Heimtrikot aus der Saison 2012\/13, hergestellt von Puma.\u00a0<\/strong><\/p>\n<p data-start=\"93\" data-end=\"452\">Das Modell, das von <strong data-start=\"118\" data-end=\"126\">Puma<\/strong> f\u00fcr die Saison <strong data-start=\"136\" data-end=\"147\">2012\/13<\/strong> f\u00fcr <strong data-start=\"152\" data-end=\"193\"><span class=\"hover:entity-accent entity-underline inline cursor-pointer align-baseline\"><span class=\"whitespace-normal\">Borussia Dortmund<\/span><\/span><\/strong>, in Gr\u00f6\u00dfe <strong data-start=\"207\" data-end=\"214\">XXL<\/strong>, stammt aus einer der denkw\u00fcrdigsten Phasen in der modernen Vereinsgeschichte. Es war die Bl\u00fctezeit des Projekts von J\u00fcrgen Klopp, in dem Borussia intensives Pressing, Jugend und spektakul\u00e4ren Fu\u00dfball auf h\u00f6chstem europ\u00e4ischen Niveau verband.<\/p>\n<p data-start=\"454\" data-end=\"878\">Das T-Shirt wurde hergestellt auf <strong data-start=\"488\" data-end=\"504\">gelber Sockel<\/strong>, die f\u00fcr die heimische Identit\u00e4t des BVB charakteristisch ist. Das Projekt wird erg\u00e4nzt durch <strong data-start=\"573\" data-end=\"604\">schwarze \u00c4rmelabschl\u00fcsse<\/strong>, <strong data-start=\"606\" data-end=\"629\">schwarzes T-Shirt<\/strong> und<strong data-start=\"635\" data-end=\"654\"> Flansch\u00a0<\/strong>in derselben Farbe, die dem Ganzen einen ausdrucksstarken Kontrast und einen modernen Charakter verleihen. Auf der Vorderseite befindet sich mittig der Aufdruck des Sponsors. <strong data-start=\"776\" data-end=\"786\">Evonik<\/strong>, das gut zu den intensiven Farben passt und ein klares, symmetrisches Layout beibeh\u00e4lt.<\/p>\n<p data-start=\"880\" data-end=\"1064\">Das Material des T-Shirts ist <strong data-start=\"903\" data-end=\"937\">leicht, luftig und technisch<\/strong>, und Schnitt in Gr\u00f6\u00dfe <strong data-start=\"958\" data-end=\"965\">XXL<\/strong> bleibt mit den Projektstandards konform <strong data-start=\"1008\" data-end=\"1016\">Pumas<\/strong>, und sorgt so f\u00fcr Tragekomfort und Bewegungsfreiheit.<\/p>\n<p data-start=\"1066\" data-end=\"1597\">Saison <strong data-start=\"1072\" data-end=\"1083\">2012\/13<\/strong> hat sich in die Geschichte eingeschrieben <strong data-start=\"1107\" data-end=\"1128\">Borussia Dortmund<\/strong> vor allem dank <strong data-start=\"1153\" data-end=\"1189\">Erreichen des Champions-League-Finales<\/strong>, wo die Mannschaft ein denkw\u00fcrdiges deutsches Finale gegen Bayern M\u00fcnchen bestritt. In der Bundesliga belegte Borussia einen hohen Platz und best\u00e4tigte damit ihre Position an der Spitze der nationalen Liga. Den Kern der Mannschaft bildeten damals <strong data-start=\"1388\" data-end=\"1410\">Robert Lewandowski<\/strong>, <strong data-start=\"1412\" data-end=\"1426\">Marco Reus<\/strong>, <strong data-start=\"1428\" data-end=\"1444\">Mats Hummels<\/strong>, <strong data-start=\"1446\" data-end=\"1464\">\u0130lkay G\u00fcndo\u011fan<\/strong>, <strong data-start=\"1466\" data-end=\"1481\">Mario G\u00f6tze<\/strong>, <strong data-start=\"1483\" data-end=\"1507\">Jakub Blaszczykowski<\/strong> und <strong data-start=\"1513\" data-end=\"1530\">Neven Suboti\u0107<\/strong>, und bildeten damit eine der spannendsten Bands dieses Jahrzehnts.<\/p>\n<p data-start=\"1599\" data-end=\"1822\" data-is-last-node=\"\" data-is-only-node=\"\">Dies ist ein Angebot f\u00fcr Sammler und Fans, die auf der Suche sind nach <strong data-start=\"1658\" data-end=\"1737\">Original-Heimtrikot von Borussia Dortmund aus der Saison 2012\/13<\/strong> \u2013 Symbol f\u00fcr Offensivkraft, das europ\u00e4ische Finale und die goldene \u00c4ra der Mannschaft von J\u00fcrgen Klopp.<\/p>","protected":false},"featured_media":63662,"template":"","meta":{"_kad_blocks_custom_css":"","_kad_blocks_head_custom_js":"","_kad_blocks_body_custom_js":"","_kad_blocks_footer_custom_js":"","_kad_post_transparent":"default","_kad_post_title":"","_kad_post_layout":"default","_kad_post_sidebar_id":"","_kad_post_content_style":"default","_kad_post_vertical_padding":"default","_kad_post_feature":"","_kad_post_feature_position":"","_kad_post_header":false,"_kad_post_footer":false,"_kad_post_classname":""},"product_brand":[1287],"product_cat":[1438],"product_tag":[],"class_list":{"0":"post-63623","1":"product","2":"type-product","3":"status-publish","4":"has-post-thumbnail","6":"product_brand-puma","7":"product_cat-kluby-niemieckie-borussiadortmund","8":"pa_homeawaythird-home","9":"pa_rozmiar-xxl","11":"first","12":"instock","13":"taxable","14":"shipping-taxable","15":"purchasable","16":"product-type-simple","17":"entry","18":"content-bg","19":"loop-entry"},"taxonomy_info":{"product_brand":[{"value":1287,"label":"Puma"}],"product_cat":[{"value":1438,"label":"Borussia Dortmund"}],"pa_homeawaythird":[{"value":1597,"label":"Home"}],"pa_rozmiar":[{"value":1819,"label":"XXL"}]},"featured_image_src_large":["https:\/\/footballthrift.shop\/wp-content\/uploads\/2025\/01\/Photoroom_008_20250105_143707-1024x1024.png",1024,1024,true],"author_info":[],"comment_info":"","_links":{"self":[{"href":"https:\/\/footballthrift.shop\/de\/wp-json\/wp\/v2\/product\/63623","targetHints":{"allow":["GET"]}}],"collection":[{"href":"https:\/\/footballthrift.shop\/de\/wp-json\/wp\/v2\/product"}],"about":[{"href":"https:\/\/footballthrift.shop\/de\/wp-json\/wp\/v2\/types\/product"}],"wp:featuredmedia":[{"embeddable":true,"href":"https:\/\/footballthrift.shop\/de\/wp-json\/wp\/v2\/media\/63662"}],"wp:attachment":[{"href":"https:\/\/footballthrift.shop\/de\/wp-json\/wp\/v2\/media?parent=63623"}],"wp:term":[{"taxonomy":"product_brand","embeddable":true,"href":"https:\/\/footballthrift.shop\/de\/wp-json\/wp\/v2\/product_brand?post=63623"},{"taxonomy":"product_cat","embeddable":true,"href":"https:\/\/footballthrift.shop\/de\/wp-json\/wp\/v2\/product_cat?post=63623"},{"taxonomy":"product_tag","embeddable":true,"href":"https:\/\/footballthrift.shop\/de\/wp-json\/wp\/v2\/product_tag?post=63623"}],"curies":[{"name":"wp","href":"https:\/\/api.w.org\/{rel}","templated":true}]}}