{"id":63321,"date":"2025-02-13T18:07:33","date_gmt":"2025-02-13T17:07:33","guid":{"rendered":"https:\/\/footballthrift.shop\/?post_type=product&#038;p=63321"},"modified":"2026-03-09T11:31:02","modified_gmt":"2026-03-09T10:31:02","slug":"valenciennes-2008-09-away-m","status":"publish","type":"product","link":"https:\/\/footballthrift.shop\/de\/valenciennes-2008-09-away-m\/","title":{"rendered":"Koszulka pi\u0142karska Valenciennes FC 2008\/09 Away [M]"},"content":{"rendered":"<p><strong>Verein:<\/strong> Valenciennes FC<\/p>\n<p><strong>Saison:<\/strong> 2008\/09 Ausw\u00e4rts<\/p>\n<p><strong>Gr\u00f6\u00dfe: <\/strong>M<\/p>\n<p><strong>Zustand:<\/strong> Befriedigend - besch\u00e4digte Abdr\u00fccke auf \u00c4rmeln und R\u00fcckseite des Hemdes, ein leichter Fleck.<\/p>\n<p><strong>Ma\u00dfe (Achselbreite\/L\u00e4nge) in cm: <\/strong>55\/68 (vorne), 72 (hinten)<\/p>","protected":false},"excerpt":{"rendered":"<p data-start=\"154\" data-end=\"246\"><strong data-start=\"154\" data-end=\"246\">Original Ausw\u00e4rtstrikot des Valenciennes FC aus der Saison 2008\/09, hergestellt von Diadora.\u00a0<\/strong><\/p>\n<p data-start=\"248\" data-end=\"618\">Ausw\u00e4rtsmodell des Vereins <strong data-start=\"270\" data-end=\"286\">Valenciennes<\/strong> <strong>FC <\/strong>z <strong data-start=\"289\" data-end=\"307\">Saison 2008\/09<\/strong> Produktion <strong data-start=\"318\" data-end=\"329\">Diadory<\/strong> in der Gr\u00f6\u00dfe <strong data-start=\"342\" data-end=\"347\">M<\/strong> stammt aus einer Zeit, in der die Mannschaft in der Ligue 1 stabile Leistungen zeigte. Die Mannschaft aus der Region Nord versuchte damals, eine solide Spielorganisation mit dem Ziel zu verbinden, sich ruhig in der Elite zu behaupten, und <strong data-start=\"519\" data-end=\"531\">Hemd<\/strong> ist heute ein interessantes Dokument der franz\u00f6sischen Fu\u00dfball\u00e4ra am Ende des ersten Jahrzehnts des 21. Jahrhunderts.<\/p>\n<p data-start=\"620\" data-end=\"1163\">Das T-Shirt wurde in der Farbe <strong data-start=\"661\" data-end=\"671\">wei\u00df<\/strong>, jedoch befindet sich auf der Brust ein deutlicher <strong data-start=\"711\" data-end=\"734\">schr\u00e4ger roter Streifen<\/strong>, der sofort die Aufmerksamkeit auf sich zieht und dem Projekt einen dynamischen Ausdruck verleiht. Das Ganze wird erg\u00e4nzt durch <strong data-start=\"824\" data-end=\"854\">wei\u00dfer Polokragen<\/strong> und zentral angeordnet \u2013 untereinander \u2013 <strong data-start=\"904\" data-end=\"923\">Herstellerlogo<\/strong> i <strong data-start=\"926\" data-end=\"947\">Wappen von Valenciennes<\/strong>, die ein einheitliches und \u00fcbersichtliches Layout der Komposition bewahren. Auf der Vorderseite befindet sich auch der Aufdruck des Sponsors. <strong data-start=\"1048\" data-end=\"1073\">Sita Suez<\/strong>, bekannt durch seine Pr\u00e4senz auf den Trikots <strong data-start=\"1107\" data-end=\"1123\">Valenciennes<\/strong> darunter <strong data-start=\"1130\" data-end=\"1162\">Saison.<\/strong><\/p>\n<p data-start=\"1165\" data-end=\"1556\">In den Spielen <strong data-start=\"1179\" data-end=\"1190\">2008\/09<\/strong> Club aus <strong data-start=\"1199\" data-end=\"1215\">Valenciennes<\/strong> wurde von Antoine Kombouar\u00e9 trainiert und beendete die Saison im unteren Teil der Ligue 1-Tabelle, vermied jedoch den Abstieg. Den Kern der Mannschaft bildeten damals Spieler wie <strong data-start=\"1379\" data-end=\"1396\">Steve Savidan<\/strong>, <strong data-start=\"1398\" data-end=\"1412\">Rudy Mater<\/strong>, <strong data-start=\"1414\" data-end=\"1432\">Carlos S\u00e1nchez<\/strong> oder der junge Verteidiger <strong data-start=\"1451\" data-end=\"1466\">Ga\u00ebtan Bong<\/strong>, und die Mannschaft wurde mit der f\u00fcr Teams aus Nordfrankreich typischen Hartn\u00e4ckigkeit in Verbindung gebracht.<\/p>\n<p data-start=\"1558\" data-end=\"1763\">Das f\u00fcr das T-Shirt verwendete Material ist <strong data-start=\"1596\" data-end=\"1618\">leicht und luftig<\/strong>, und sorgen f\u00fcr Tragekomfort. Schnitt in Gr\u00f6\u00dfe <strong data-start=\"1667\" data-end=\"1672\">M<\/strong> bietet eine klassische Passform, die den Entw\u00fcrfen entspricht <strong data-start=\"1734\" data-end=\"1745\">Diadory<\/strong> aus dieser Zeit.<\/p>\n<p data-start=\"1765\" data-end=\"2034\" data-is-last-node=\"\" data-is-only-node=\"\">Dies ist f\u00fcr Sammler und Fans, die ein originales Ausw\u00e4rtstrikot suchen <strong data-start=\"1868\" data-end=\"1884\">Valenciennes<\/strong> aus der Saison <strong data-start=\"1894\" data-end=\"1905\">2008\/09<\/strong> Produktion von Diadora, aus der Zeit, als der Verein in<strong> Liga 1<\/strong>, aus der er nach der Saison 2013\/14 abgestiegen ist und bis heute nicht zur\u00fcckgekehrt ist.<\/p>","protected":false},"featured_media":63415,"template":"","meta":{"_kad_blocks_custom_css":"","_kad_blocks_head_custom_js":"","_kad_blocks_body_custom_js":"","_kad_blocks_footer_custom_js":"","_kad_post_transparent":"default","_kad_post_title":"","_kad_post_layout":"default","_kad_post_sidebar_id":"","_kad_post_content_style":"default","_kad_post_vertical_padding":"default","_kad_post_feature":"","_kad_post_feature_position":"","_kad_post_header":false,"_kad_post_footer":false,"_kad_post_classname":""},"product_brand":[1289],"product_cat":[1475],"product_tag":[],"class_list":{"0":"post-63321","1":"product","2":"type-product","3":"status-publish","4":"has-post-thumbnail","6":"product_brand-diadora","7":"product_cat-pozostale-kluby-francuskie","8":"pa_homeawaythird-away","9":"pa_rozmiar-m","11":"first","12":"instock","13":"taxable","14":"shipping-taxable","15":"purchasable","16":"product-type-simple","17":"entry","18":"content-bg","19":"loop-entry"},"taxonomy_info":{"product_brand":[{"value":1289,"label":"Diadora"}],"product_cat":[{"value":1475,"label":"Pozosta\u0142e kluby francuskie"}],"pa_homeawaythird":[{"value":1598,"label":"Away"}],"pa_rozmiar":[{"value":1816,"label":"M"}]},"featured_image_src_large":["https:\/\/footballthrift.shop\/wp-content\/uploads\/2024\/12\/Photoroom_002_20241229_115613-1024x1024.png",1024,1024,true],"author_info":[],"comment_info":"","_links":{"self":[{"href":"https:\/\/footballthrift.shop\/de\/wp-json\/wp\/v2\/product\/63321","targetHints":{"allow":["GET"]}}],"collection":[{"href":"https:\/\/footballthrift.shop\/de\/wp-json\/wp\/v2\/product"}],"about":[{"href":"https:\/\/footballthrift.shop\/de\/wp-json\/wp\/v2\/types\/product"}],"wp:featuredmedia":[{"embeddable":true,"href":"https:\/\/footballthrift.shop\/de\/wp-json\/wp\/v2\/media\/63415"}],"wp:attachment":[{"href":"https:\/\/footballthrift.shop\/de\/wp-json\/wp\/v2\/media?parent=63321"}],"wp:term":[{"taxonomy":"product_brand","embeddable":true,"href":"https:\/\/footballthrift.shop\/de\/wp-json\/wp\/v2\/product_brand?post=63321"},{"taxonomy":"product_cat","embeddable":true,"href":"https:\/\/footballthrift.shop\/de\/wp-json\/wp\/v2\/product_cat?post=63321"},{"taxonomy":"product_tag","embeddable":true,"href":"https:\/\/footballthrift.shop\/de\/wp-json\/wp\/v2\/product_tag?post=63321"}],"curies":[{"name":"wp","href":"https:\/\/api.w.org\/{rel}","templated":true}]}}