{"id":63320,"date":"2025-02-13T18:07:34","date_gmt":"2025-02-13T17:07:34","guid":{"rendered":"https:\/\/footballthrift.shop\/?post_type=product&#038;p=63320"},"modified":"2026-03-09T11:31:02","modified_gmt":"2026-03-09T10:31:02","slug":"aek-ateny-2007-08-home-xxl","status":"publish","type":"product","link":"https:\/\/footballthrift.shop\/de\/aek-ateny-2007-08-home-xxl\/","title":{"rendered":"Koszulka pi\u0142karska AEK Ateny 2007\/08 Home [XXL]"},"content":{"rendered":"<p><strong>Verein:<\/strong> AEK Athen<\/p>\n<p><strong>Saison:<\/strong> 2007\/08 Startseite<\/p>\n<p><strong>Gr\u00f6\u00dfe: <\/strong>XXL<\/p>\n<p><strong>Zustand:<\/strong> Gut - stellenweise Mikroflecken und zwei Schmutzflecken auf der R\u00fcckseite.<\/p>\n<p><strong>Ma\u00dfe (Achselbreite\/L\u00e4nge) in cm: <\/strong>63\/78<\/p>","protected":false},"excerpt":{"rendered":"<div class=\"flex flex-col text-sm pb-25\">\n<article class=\"text-token-text-primary w-full focus:outline-none [--shadow-height:45px] has-data-writing-block:pointer-events-none has-data-writing-block:-mt-(--shadow-height) has-data-writing-block:pt-(--shadow-height) [&amp;:has([data-writing-block])&gt;*]:pointer-events-auto scroll-mt-[calc(var(--header-height)+min(200px,max(70px,20svh)))]\" dir=\"auto\" tabindex=\"-1\" data-turn-id=\"edfba226-4c92-4ca3-a56a-add44c2322ce\" data-testid=\"conversation-turn-10\" data-scroll-anchor=\"true\" data-turn=\"assistant\">\n<div class=\"text-base my-auto mx-auto pb-10 [--thread-content-margin:--spacing(4)] @w-sm\/main:[--thread-content-margin:--spacing(6)] @w-lg\/main:[--thread-content-margin:--spacing(16)] px-(--thread-content-margin)\">\n<div class=\"[--thread-content-max-width:40rem] @w-lg\/main:[--thread-content-max-width:48rem] mx-auto max-w-(--thread-content-max-width) flex-1 group\/turn-messages focus-visible:outline-hidden relative flex w-full min-w-0 flex-col agent-turn\" tabindex=\"-1\">\n<div class=\"flex max-w-full flex-col grow\">\n<div class=\"min-h-8 text-message relative flex w-full flex-col items-end gap-2 text-start break-words whitespace-normal [.text-message+&amp;]:mt-1\" dir=\"auto\" data-message-author-role=\"assistant\" data-message-id=\"70767e2e-2763-420b-bcd0-e2233b89974c\" data-message-model-slug=\"gpt-5-2\">\n<div class=\"flex w-full flex-col gap-1 empty:hidden first:pt-[1px]\">\n<div class=\"markdown prose dark:prose-invert w-full break-words light markdown-new-styling\">\n<p data-start=\"0\" data-end=\"100\"><strong data-start=\"0\" data-end=\"100\">Oryginalna domowa koszulka pi\u0142karska AEK Ateny z sezonu 2007\/08 produkcji Pumy, w rozmiarze XXL.\u00a0<\/strong><\/p>\n<p data-start=\"102\" data-end=\"572\">Egzemplarz stroju domowego <strong data-start=\"129\" data-end=\"142\">AEK Ateny<\/strong> z <strong data-start=\"145\" data-end=\"163\">sezonu 2007\/08<\/strong>, zosta\u0142 wyprodukowany przez <strong data-start=\"192\" data-end=\"200\">Pum\u0119<\/strong> w <strong data-start=\"215\" data-end=\"232\">rozmiarze XXL<\/strong>, a projekt reprezentuje estetyk\u0119 greckiego futbolu drugiej po\u0142owy pierwszej dekady XXI wieku. Model ma prosty charakter,\u00a0 pozbawiony dodatkowych nadruk\u00f3w. <strong data-start=\"476\" data-end=\"489\">AEK Ateny<\/strong> w tym okresie pozostawa\u0142 jednym z g\u0142\u00f3wnych kandydat\u00f3w do czo\u0142owych miejsc w lidze.<\/p>\n<p data-start=\"574\" data-end=\"988\">Koszulka ma <strong data-start=\"586\" data-end=\"600\">\u017c\u00f3\u0142t\u0105 baz\u0119<\/strong>, a jej design jest minimalistyczny \u2013 na froncie widnieje jedynie <strong data-start=\"666\" data-end=\"700\">czarne wyko\u0144czenie ko\u0142nierzyka<\/strong>, herb <strong data-start=\"707\" data-end=\"720\">AEK Ateny<\/strong> oraz <strong data-start=\"726\" data-end=\"739\">logo Pumy<\/strong>. Zastosowano klasyczne, g\u0142adkie r\u0119kawki bez paneli bocznych, dzi\u0119ki czemu ca\u0142o\u015b\u0107 wygl\u0105da bardzo czysto i ponadczasowo.<\/p>\n<p data-start=\"990\" data-end=\"1298\">Koszulka wykonana jest z g\u0142adkiego, do\u015b\u0107 \u015bliskiego materia\u0142u, typowego dla projekt\u00f3w <strong data-start=\"1065\" data-end=\"1073\">Pumy<\/strong> z tamtych lat. Struktura pozostaje <strong data-start=\"1109\" data-end=\"1118\">lekka<\/strong> i <strong data-start=\"1121\" data-end=\"1135\">przewiewna<\/strong>, a kr\u00f3j w <strong data-start=\"1146\" data-end=\"1163\">rozmiarze XXL<\/strong> odpowiada standardom producenta stosowanym w <strong data-start=\"1214\" data-end=\"1232\">sezonie 2007\/08<\/strong>, oferuj\u0105c komfort i swobod\u0119 noszenia zgodn\u0105 z filozofi\u0105 <strong data-start=\"1289\" data-end=\"1297\">Pumy<\/strong>.<\/p>\n<p data-start=\"1300\" data-end=\"1822\">W rozgrywkach <strong data-start=\"1314\" data-end=\"1332\">sezonu 2007\/08<\/strong> <strong data-start=\"1333\" data-end=\"1346\">AEK Ateny<\/strong> pr\u00f3bowa\u0142 rywalizowa\u0107 z dominuj\u0105cymi w Grecji zespo\u0142ami, a dru\u017cyna opiera\u0142a si\u0119 na mieszance do\u015bwiadczonych zawodnik\u00f3w i lokalnych talent\u00f3w. Klub z <strong data-start=\"1494\" data-end=\"1502\">Aten<\/strong> bra\u0142 udzia\u0142 tak\u017ce w europejskich pucharach, co by\u0142o wa\u017cnym elementem budowania marki. Mimo ambitnej postawy i walki do ostatnich kolejek, sezon zapami\u0119tano jako pe\u0142en kontrowersji wok\u00f3\u0142 ligi i trudny dla ca\u0142ego \u015brodowiska, a sytuacja w tabeli d\u0142ugo nie odzwierciedla\u0142a potencja\u0142u sportowego <strong data-start=\"1808\" data-end=\"1821\">AEK Ateny<\/strong>.<\/p>\n<p data-start=\"1824\" data-end=\"2179\" data-is-last-node=\"\" data-is-only-node=\"\">To propozycja dla kibic\u00f3w oraz kolekcjoner\u00f3w poszukuj\u0105cych <strong data-start=\"1883\" data-end=\"2179\" data-is-last-node=\"\">oryginalnej domowej koszulki pi\u0142karskiej AEK Ateny z\u00a0 sezonu 2007\/08,<\/strong> b\u0119d\u0105cej symbolem jednego z najbardziej wymagaj\u0105cych moment\u00f3w w dziejach klubu, gdy dru\u017cyna pr\u00f3bowa\u0142a \u0142\u0105czy\u0107 walk\u0119 sportow\u0105 z budowaniem stabilizacji w<strong data-start=\"1883\" data-end=\"2179\" data-is-last-node=\"\"> greckiej Ekstraklasie.<\/strong><\/p>\n<\/div>\n<\/div>\n<\/div>\n<\/div>\n<\/div>\n<\/div>\n<\/article>\n<\/div>\n","protected":false},"featured_media":63405,"template":"","meta":{"_kad_blocks_custom_css":"","_kad_blocks_head_custom_js":"","_kad_blocks_body_custom_js":"","_kad_blocks_footer_custom_js":"","_kad_post_transparent":"default","_kad_post_title":"","_kad_post_layout":"default","_kad_post_sidebar_id":"","_kad_post_content_style":"default","_kad_post_vertical_padding":"default","_kad_post_feature":"","_kad_post_feature_position":"","_kad_post_header":false,"_kad_post_footer":false,"_kad_post_classname":""},"product_brand":[1287],"product_cat":[1469],"product_tag":[],"class_list":{"0":"post-63320","1":"product","2":"type-product","3":"status-publish","4":"has-post-thumbnail","6":"product_brand-puma","7":"product_cat-kluby-europejskie-grecja","8":"pa_homeawaythird-home","9":"pa_rozmiar-xxl","11":"first","12":"instock","13":"taxable","14":"shipping-taxable","15":"purchasable","16":"product-type-simple","17":"entry","18":"content-bg","19":"loop-entry"},"taxonomy_info":{"product_brand":[{"value":1287,"label":"Puma"}],"product_cat":[{"value":1469,"label":"Grecja"}],"pa_homeawaythird":[{"value":1597,"label":"Home"}],"pa_rozmiar":[{"value":1819,"label":"XXL"}]},"featured_image_src_large":["https:\/\/footballthrift.shop\/wp-content\/uploads\/2024\/12\/Photoroom_004_20241229_115613-1024x1024.png",1024,1024,true],"author_info":[],"comment_info":"","_links":{"self":[{"href":"https:\/\/footballthrift.shop\/de\/wp-json\/wp\/v2\/product\/63320","targetHints":{"allow":["GET"]}}],"collection":[{"href":"https:\/\/footballthrift.shop\/de\/wp-json\/wp\/v2\/product"}],"about":[{"href":"https:\/\/footballthrift.shop\/de\/wp-json\/wp\/v2\/types\/product"}],"wp:featuredmedia":[{"embeddable":true,"href":"https:\/\/footballthrift.shop\/de\/wp-json\/wp\/v2\/media\/63405"}],"wp:attachment":[{"href":"https:\/\/footballthrift.shop\/de\/wp-json\/wp\/v2\/media?parent=63320"}],"wp:term":[{"taxonomy":"product_brand","embeddable":true,"href":"https:\/\/footballthrift.shop\/de\/wp-json\/wp\/v2\/product_brand?post=63320"},{"taxonomy":"product_cat","embeddable":true,"href":"https:\/\/footballthrift.shop\/de\/wp-json\/wp\/v2\/product_cat?post=63320"},{"taxonomy":"product_tag","embeddable":true,"href":"https:\/\/footballthrift.shop\/de\/wp-json\/wp\/v2\/product_tag?post=63320"}],"curies":[{"name":"wp","href":"https:\/\/api.w.org\/{rel}","templated":true}]}}