{"id":62623,"date":"2025-02-13T18:07:26","date_gmt":"2025-02-13T17:07:26","guid":{"rendered":"https:\/\/footballthrift.shop\/?post_type=product&#038;p=62623"},"modified":"2026-03-09T11:31:04","modified_gmt":"2026-03-09T10:31:04","slug":"girondins-de-bordeaux-1996-97-heim-27-papin-xl","status":"publish","type":"product","link":"https:\/\/footballthrift.shop\/de\/girondins-de-bordeaux-1996-97-home-27-papin-xl\/","title":{"rendered":"Koszulka pi\u0142karska Girondins De Bordeaux 1996\/97 Home 27 Papin [XL]"},"content":{"rendered":"<p><strong>Verein:<\/strong> Girondins De Bordeaux<\/p>\n<p><strong>Saison:<\/strong> 1996\/97 Heimat<\/p>\n<p><strong>Gr\u00f6\u00dfe: <\/strong>XL<\/p>\n<p><strong>Zustand:<\/strong> Schwach - N\u00e4hte an einigen Stellen und eine unterbrochene Naht am unteren Ende des Hemdes.<\/p>\n<p><strong>Ma\u00dfe (Achselbreite\/L\u00e4nge) in cm: <\/strong>55\/74<\/p>","protected":false},"excerpt":{"rendered":"<p data-start=\"0\" data-end=\"154\"><strong data-start=\"0\" data-end=\"154\">Original Heim-Fu\u00dfballtrikot <span class=\"hover:entity-accent entity-underline inline cursor-pointer align-baseline\"><span class=\"whitespace-normal\">Girondins de Bordeaux<\/span><\/span> aus der Saison 1996\/97 von Le Coq Sportif, gedruckt von Jean-Pierre Papin.\u00a0<\/strong><\/p>\n<p data-start=\"156\" data-end=\"551\">Heimmodell <strong data-start=\"169\" data-end=\"194\">Girondins de Bordeaux<\/strong> z <strong data-start=\"197\" data-end=\"215\">Saison 1996\/97<\/strong>hergestellt von <strong data-start=\"237\" data-end=\"255\">Le Coq Sportif<\/strong> in der Gr\u00f6\u00dfe <strong data-start=\"268\" data-end=\"274\">XL<\/strong>, geht auf die zweite H\u00e4lfte der 1990er Jahre zur\u00fcck, eine Zeit, in der sich der Verein nach fr\u00fcheren Erfolgen und europ\u00e4ischen Auftritten wieder etablieren konnte. Es war eine Zeit, in der Bordeaux als solide Ligue-1-Mannschaft funktionierte, die auf Erfahrung und einer klaren sportlichen Identit\u00e4t beruhte.<\/p>\n<p data-start=\"553\" data-end=\"1082\">Das T-Shirt wurde in der Farbe <strong data-start=\"594\" data-end=\"608\">Marineblau<\/strong>, und sein markantestes Merkmal ist <strong data-start=\"662\" data-end=\"682\">schr\u00e4ger wei\u00dfer Streifen<\/strong> quer \u00fcber die Vorderseite verlaufend, seit Jahren ein Markenzeichen der Heimtextilien <strong data-start=\"758\" data-end=\"783\">Girondins de Bordeaux<\/strong>. Das Projekt wird erg\u00e4nzt durch <strong data-start=\"803\" data-end=\"833\">wei\u00dfer Polokragen<\/strong>, und verleiht dem Ganzen ein klassisches, elegantes Aussehen. <strong data-start=\"892\" data-end=\"940\">Streifen auf den \u00c4rmeln mit Herstellerlogos<\/strong>, typisch f\u00fcr den Stil <strong data-start=\"964\" data-end=\"982\">Le Coq Sportif<\/strong> Das Ganze bewahrt eine einfache, zeitlose Form, die fest in der \u00c4sthetik dieses Jahrzehnts verwurzelt ist.<\/p>\n<p data-start=\"1084\" data-end=\"1549\">Auf der R\u00fcckseite befindet sich ein origineller Aufdruck. <strong data-start=\"1126\" data-end=\"1167\"><span class=\"hover:entity-accent entity-underline inline cursor-pointer align-baseline\"><span class=\"whitespace-normal\">Jean-Pierre Papin<\/span><\/span><\/strong>, Er ist einer der herausragendsten franz\u00f6sischen St\u00fcrmer der Geschichte. Der Gewinner des Goldenen Balls von 1991 schloss sich dem <strong data-start=\"1279\" data-end=\"1304\">Girondins de Bordeaux<\/strong> gegen Ende seiner erfolgreichen Karriere, der viel Erfahrung und Prestige in die Mannschaft brachte. Seine Anwesenheit in der Mannschaft war vor allem symbolisch und unterstrich die Ambitionen des Vereins und sein Engagement f\u00fcr die gro\u00dfen Namen des franz\u00f6sischen Fu\u00dfballs.<\/p>\n<p data-start=\"1551\" data-end=\"1883\">W <strong data-start=\"1553\" data-end=\"1572\">Saison 1996\/97<\/strong> <strong data-start=\"1573\" data-end=\"1598\">Girondins de Bordeaux<\/strong> spielte in der Ligue 1, beendete die Saison im Mittelfeld der Tabelle und durchlief eine Phase des schrittweisen Umbaus der Mannschaft. Es war eine \u00dcberbr\u00fcckungszeit zwischen fr\u00fcheren europ\u00e4ischen Erfolgen und einer neuen Hand, die den Verein in den folgenden Jahren wieder an die Spitze Frankreichs f\u00fchren sollte.<\/p>\n<p data-start=\"1885\" data-end=\"2137\">Das T-Shirt ist hergestellt aus <strong data-start=\"1913\" data-end=\"1950\">leichtes und luftiges Material<\/strong>, charakteristisch f\u00fcr Projekte <strong data-start=\"1986\" data-end=\"2004\">Le Coq Sportif<\/strong> dieser Jahre. <strong data-start=\"2020\" data-end=\"2043\">Schnitt in Gr\u00f6\u00dfe XL<\/strong> bietet eine klassische, lockere Passform, die dem Standard der Fu\u00dfballtrikots dieser Zeit entspricht.<\/p>\n<p data-start=\"2139\" data-end=\"2475\" data-is-last-node=\"\" data-is-only-node=\"\">Dies ist ein Angebot f\u00fcr Sammler und Fans, die auf der Suche sind nach <strong data-start=\"2198\" data-end=\"2306\">ein originales Girondins de Bordeaux Heimtrikot aus der Saison 1996\/97 von Le Coq Sportif<\/strong>, unverwechselbarer Druck <strong data-start=\"2364\" data-end=\"2387\">Jean-Pierre Papin<\/strong>, Damit wird eine der nostalgischsten Perioden in der Geschichte des Vereins deutlich dokumentiert.<\/p>","protected":false},"featured_media":62698,"template":"","meta":{"_kad_blocks_custom_css":"","_kad_blocks_head_custom_js":"","_kad_blocks_body_custom_js":"","_kad_blocks_footer_custom_js":"","_kad_post_transparent":"default","_kad_post_title":"","_kad_post_layout":"default","_kad_post_sidebar_id":"","_kad_post_content_style":"default","_kad_post_vertical_padding":"default","_kad_post_feature":"","_kad_post_feature_position":"","_kad_post_header":false,"_kad_post_footer":false,"_kad_post_classname":""},"product_brand":[1292],"product_cat":[1475],"product_tag":[],"class_list":{"0":"post-62623","1":"product","2":"type-product","3":"status-publish","4":"has-post-thumbnail","6":"product_brand-le-coq-sportif","7":"product_cat-pozostale-kluby-francuskie","8":"pa_homeawaythird-home","9":"pa_rozmiar-xl","11":"first","12":"instock","13":"taxable","14":"shipping-taxable","15":"purchasable","16":"product-type-simple","17":"entry","18":"content-bg","19":"loop-entry"},"taxonomy_info":{"product_brand":[{"value":1292,"label":"Le Coq Sportif"}],"product_cat":[{"value":1475,"label":"Pozosta\u0142e kluby francuskie"}],"pa_homeawaythird":[{"value":1597,"label":"Home"}],"pa_rozmiar":[{"value":1818,"label":"XL"}]},"featured_image_src_large":["https:\/\/footballthrift.shop\/wp-content\/uploads\/2024\/12\/Photoroom_009_20241221_204556-1024x1024.png",1024,1024,true],"author_info":[],"comment_info":"","_links":{"self":[{"href":"https:\/\/footballthrift.shop\/de\/wp-json\/wp\/v2\/product\/62623","targetHints":{"allow":["GET"]}}],"collection":[{"href":"https:\/\/footballthrift.shop\/de\/wp-json\/wp\/v2\/product"}],"about":[{"href":"https:\/\/footballthrift.shop\/de\/wp-json\/wp\/v2\/types\/product"}],"wp:featuredmedia":[{"embeddable":true,"href":"https:\/\/footballthrift.shop\/de\/wp-json\/wp\/v2\/media\/62698"}],"wp:attachment":[{"href":"https:\/\/footballthrift.shop\/de\/wp-json\/wp\/v2\/media?parent=62623"}],"wp:term":[{"taxonomy":"product_brand","embeddable":true,"href":"https:\/\/footballthrift.shop\/de\/wp-json\/wp\/v2\/product_brand?post=62623"},{"taxonomy":"product_cat","embeddable":true,"href":"https:\/\/footballthrift.shop\/de\/wp-json\/wp\/v2\/product_cat?post=62623"},{"taxonomy":"product_tag","embeddable":true,"href":"https:\/\/footballthrift.shop\/de\/wp-json\/wp\/v2\/product_tag?post=62623"}],"curies":[{"name":"wp","href":"https:\/\/api.w.org\/{rel}","templated":true}]}}