{"id":62257,"date":"2025-02-13T18:07:15","date_gmt":"2025-02-13T17:07:15","guid":{"rendered":"https:\/\/footballthrift.shop\/?post_type=product&#038;p=62257"},"modified":"2026-05-01T10:26:13","modified_gmt":"2026-05-01T08:26:13","slug":"liverpool-fc-1995-96-away-xl","status":"publish","type":"product","link":"https:\/\/footballthrift.shop\/de\/liverpool-fc-1995-96-away-xl\/","title":{"rendered":"Koszulka pi\u0142karska Liverpool FC 1995\/96 Away [XL]"},"content":{"rendered":"<p><strong>Verein:<\/strong> Liverpool FC<\/p>\n<p><strong>Saison:<\/strong> 1995\/96 Ausw\u00e4rts<\/p>\n<p><strong>Gr\u00f6\u00dfe: <\/strong>XL<\/p>\n<p><strong>Zustand:<\/strong> Sehr gut - ein Mikroriss auf der Vorderseite.<\/p>\n<p><strong>Ma\u00dfe (Achselbreite\/L\u00e4nge) in cm: <\/strong>61\/78<\/p>","protected":false},"excerpt":{"rendered":"<p data-start=\"0\" data-end=\"92\"><strong data-start=\"0\" data-end=\"92\">Original Liverpool FC Ausw\u00e4rtstrikot aus der Saison 1995\/96 von Adidas.\u00a0<\/strong><\/p>\n<p data-start=\"94\" data-end=\"490\">Ausw\u00e4rtsmodell <strong data-start=\"110\" data-end=\"151\"><span class=\"hover:entity-accent entity-underline inline cursor-pointer align-baseline\"><span class=\"whitespace-normal\">Liverpool FC<\/span><\/span><\/strong> z <strong data-start=\"154\" data-end=\"172\">Saison 1995\/96<\/strong>hergestellt von <strong data-start=\"194\" data-end=\"235\"><span class=\"hover:entity-accent entity-underline inline cursor-pointer align-baseline\"><span class=\"whitespace-normal\">Adidas<\/span><\/span><\/strong> w <strong data-start=\"238\" data-end=\"254\">Gr\u00f6\u00dfe XL<\/strong>, ist eines der bekanntesten Designs der Vereinsgeschichte. Das Trikot begleitete die Mannschaft in einer Ligasaison, die mit einem hohen Tabellenplatz endete, und in Pokalwettbewerben und ist eines der Symbole der Mitte der 90er Jahre in Anfield.<\/p>\n<p data-start=\"492\" data-end=\"949\">Das T-Shirt wurde in charakteristischem <strong data-start=\"544\" data-end=\"567\">Schachbrettmotive<\/strong>, unterteilt in <strong data-start=\"584\" data-end=\"607\">vier gleiche Teile<\/strong>, zwei davon wurden beibehalten in <strong data-start=\"636\" data-end=\"656\">gr\u00fcne Farbe<\/strong>, und zwei in <strong data-start=\"667\" data-end=\"677\">wei\u00df<\/strong>. Auf der Vorderseite steht ein Sponsorenaufdruck im Mittelpunkt. <strong data-start=\"732\" data-end=\"745\">Carlsberg<\/strong>, in starkem Kontrast zu der ungew\u00f6hnlichen Farbgebung, w\u00e4hrend das Wappen <strong data-start=\"810\" data-end=\"826\">Liverpool FC<\/strong> und Logo <strong data-start=\"837\" data-end=\"848\">Adidas<\/strong> symmetrisch auf dem oberen Teil des T-Shirts angeordnet, wobei ein klares und deutliches grafisches Layout beibehalten wird.<\/p>\n<p data-start=\"951\" data-end=\"1418\"><strong data-start=\"951\" data-end=\"968\">Saison 1995\/96<\/strong> war f\u00fcr <strong data-start=\"977\" data-end=\"993\">Liverpool FC<\/strong> eine Zeit des offensiven Spiels und eines ausgepr\u00e4gten Stils, der die Fans beeindruckte. Die Mannschaft erreichte das Finale des nationalen Pokals und spielte regelm\u00e4\u00dfig an der Spitze der Liga. <strong data-start=\"1192\" data-end=\"1233\"><span class=\"hover:entity-accent entity-underline inline cursor-pointer align-baseline\"><span class=\"whitespace-normal\">Robbie Fowler<\/span><\/span><\/strong>, <strong data-start=\"1235\" data-end=\"1276\"><span class=\"hover:entity-accent entity-underline inline cursor-pointer align-baseline\"><span class=\"whitespace-normal\">Steve McManaman<\/span><\/span><\/strong>, <strong data-start=\"1278\" data-end=\"1319\"><span class=\"hover:entity-accent entity-underline inline cursor-pointer align-baseline\"><span class=\"whitespace-normal\">Jamie Redknapp<\/span><\/span><\/strong> und <strong data-start=\"1325\" data-end=\"1366\" data-is-only-node=\"\"><span class=\"hover:entity-accent entity-underline inline cursor-pointer align-baseline\"><span class=\"whitespace-normal\">Ian Rush<\/span><\/span><\/strong>, die das Spiel der Mannschaft in dieser Zeit pr\u00e4gten.<\/p>\n<p data-start=\"1420\" data-end=\"1597\">Das T-Shirt ist hergestellt aus <strong data-start=\"1448\" data-end=\"1485\">leichtes und luftiges Material<\/strong>, a <strong data-start=\"1489\" data-end=\"1507\">klassischer Schnitt<\/strong> w <strong data-start=\"1510\" data-end=\"1526\">Gr\u00f6\u00dfe XL<\/strong> bietet eine standardisierte Passform <strong data-start=\"1569\" data-end=\"1580\">Adidas<\/strong> aus der Mitte der 90er Jahre.<\/p>\n<p data-start=\"1599\" data-end=\"1820\" data-is-last-node=\"\" data-is-only-node=\"\">Es ist ein Angebot f\u00fcr Sammler und Fans, die ein Original <strong data-start=\"1670\" data-end=\"1735\">Ausw\u00e4rtstrikot des FC Liverpool aus der Saison 1995\/96<\/strong>, Damit ist eine der bedeutendsten Etappen in der Geschichte des Vereins dokumentiert.<\/p>","protected":false},"featured_media":62388,"template":"","meta":{"_kad_blocks_custom_css":"","_kad_blocks_head_custom_js":"","_kad_blocks_body_custom_js":"","_kad_blocks_footer_custom_js":"","_kad_post_transparent":"default","_kad_post_title":"","_kad_post_layout":"default","_kad_post_sidebar_id":"","_kad_post_content_style":"default","_kad_post_vertical_padding":"default","_kad_post_feature":"","_kad_post_feature_position":"","_kad_post_header":false,"_kad_post_footer":false,"_kad_post_classname":""},"product_brand":[1283],"product_cat":[1464],"product_tag":[],"class_list":{"0":"post-62257","1":"product","2":"type-product","3":"status-publish","4":"has-post-thumbnail","6":"product_brand-adidas","7":"product_cat-liverpool","8":"pa_homeawaythird-away","9":"pa_rozmiar-xl","11":"first","12":"instock","13":"sale","14":"taxable","15":"shipping-taxable","16":"purchasable","17":"product-type-simple","18":"entry","19":"content-bg","20":"loop-entry"},"taxonomy_info":{"product_brand":[{"value":1283,"label":"Adidas"}],"product_cat":[{"value":1464,"label":"Liverpool FC"}],"pa_homeawaythird":[{"value":1598,"label":"Away"}],"pa_rozmiar":[{"value":1818,"label":"XL"}]},"featured_image_src_large":["https:\/\/footballthrift.shop\/wp-content\/uploads\/2024\/12\/Photoroom_010_20241215_130521-1024x1024.png",1024,1024,true],"author_info":[],"comment_info":"","_links":{"self":[{"href":"https:\/\/footballthrift.shop\/de\/wp-json\/wp\/v2\/product\/62257","targetHints":{"allow":["GET"]}}],"collection":[{"href":"https:\/\/footballthrift.shop\/de\/wp-json\/wp\/v2\/product"}],"about":[{"href":"https:\/\/footballthrift.shop\/de\/wp-json\/wp\/v2\/types\/product"}],"wp:featuredmedia":[{"embeddable":true,"href":"https:\/\/footballthrift.shop\/de\/wp-json\/wp\/v2\/media\/62388"}],"wp:attachment":[{"href":"https:\/\/footballthrift.shop\/de\/wp-json\/wp\/v2\/media?parent=62257"}],"wp:term":[{"taxonomy":"product_brand","embeddable":true,"href":"https:\/\/footballthrift.shop\/de\/wp-json\/wp\/v2\/product_brand?post=62257"},{"taxonomy":"product_cat","embeddable":true,"href":"https:\/\/footballthrift.shop\/de\/wp-json\/wp\/v2\/product_cat?post=62257"},{"taxonomy":"product_tag","embeddable":true,"href":"https:\/\/footballthrift.shop\/de\/wp-json\/wp\/v2\/product_tag?post=62257"}],"curies":[{"name":"wp","href":"https:\/\/api.w.org\/{rel}","templated":true}]}}