{"id":61729,"date":"2025-02-13T18:07:10","date_gmt":"2025-02-13T17:07:10","guid":{"rendered":"https:\/\/footballthrift.shop\/?post_type=product&#038;p=61729"},"modified":"2026-03-09T11:31:06","modified_gmt":"2026-03-09T10:31:06","slug":"koszulka-treningowa-real-madryt-2002-03-m","status":"publish","type":"product","link":"https:\/\/footballthrift.shop\/de\/koszulka-treningowa-real-madryt-2002-03-m\/","title":{"rendered":"Koszulka treningowa Real Madryt 2002\/03 [M]"},"content":{"rendered":"<p><strong>Verein:<\/strong> Real Madrid<\/p>\n<p><strong>Saison:<\/strong> 2002\/03<\/p>\n<p><strong>Gr\u00f6\u00dfe: <\/strong>M<\/p>\n<p><strong>Zustand:<\/strong> Sehr gut - leichte Verschmutzung auf der R\u00fcckseite.<\/p>\n<p><strong>Ma\u00dfe (Achselbreite\/L\u00e4nge) in cm: <\/strong>52\/70<\/p>","protected":false},"excerpt":{"rendered":"<p data-start=\"0\" data-end=\"93\"><strong data-start=\"0\" data-end=\"93\">Original Real Madrid Trainings-Fu\u00dfballtrikot aus der Saison 2002\/03 von Adidas.\u00a0<\/strong><\/p>\n<p data-start=\"95\" data-end=\"507\">Ausbildungsmodell <strong data-start=\"112\" data-end=\"153\"><span class=\"hover:entity-accent entity-underline inline cursor-pointer align-baseline\"><span class=\"whitespace-normal\">Real Madrid<\/span><\/span><\/strong> z <strong data-start=\"156\" data-end=\"174\">Saison 2002\/03<\/strong>hergestellt von <strong data-start=\"196\" data-end=\"237\"><span class=\"hover:entity-accent entity-underline inline cursor-pointer align-baseline\"><span class=\"whitespace-normal\">Adidas<\/span><\/span><\/strong> w <strong data-start=\"240\" data-end=\"255\">Gr\u00f6\u00dfe M<\/strong>, stammt aus einer der medienwirksamsten und symboltr\u00e4chtigsten Perioden in der Geschichte des Vereins. Es war die Zeit einer galaktischen \u00c4ra, in der die Mannschaft sportlichen Erfolg mit weltweiter Anerkennung verband und auf nationaler und europ\u00e4ischer Ebene um die h\u00f6chsten Ziele k\u00e4mpfte.<\/p>\n<p data-start=\"509\" data-end=\"842\">Das T-Shirt wurde hergestellt auf <strong data-start=\"543\" data-end=\"559\">wei\u00dfer Sockel<\/strong>, mit einem Hinweis auf die klassischen Farben <strong data-start=\"594\" data-end=\"610\">Real Madrid<\/strong>, und \u00c4rmel umgeben <strong data-start=\"631\" data-end=\"652\">drei schwarze Streifen<\/strong>, Merkmal der Projekte <strong data-start=\"686\" data-end=\"697\">Adidas<\/strong>. Das minimalistische Farbschema unterstreicht den Trainingscharakter des Trikots und steht gleichzeitig im Einklang mit dem Image der ersten Mannschaft.<\/p>\n<p data-start=\"844\" data-end=\"1326\"><strong data-start=\"844\" data-end=\"861\">Saison 2002\/03<\/strong> war f\u00fcr <strong data-start=\"870\" data-end=\"886\">Real Madrid<\/strong> eine Periode sportlicher Wettk\u00e4mpfe an vielen Fronten, die in der spanischen Meisterschaft und dem Halbfinale der Champions League gipfelte. Die Mannschaft wurde damals unter anderem von folgenden Spielern vertreten. <strong data-start=\"1039\" data-end=\"1080\"><span class=\"hover:entity-accent entity-underline inline cursor-pointer align-baseline\"><span class=\"whitespace-normal\">Zinedine Zidane<\/span><\/span><\/strong>, <strong data-start=\"1082\" data-end=\"1123\"><span class=\"hover:entity-accent entity-underline inline cursor-pointer align-baseline\"><span class=\"whitespace-normal\">Ra\u00fal<\/span><\/span><\/strong>, <strong data-start=\"1125\" data-end=\"1166\"><span class=\"hover:entity-accent entity-underline inline cursor-pointer align-baseline\"><span class=\"whitespace-normal\">Ronaldo<\/span><\/span><\/strong>, <strong data-start=\"1168\" data-end=\"1209\" data-is-only-node=\"\"><span class=\"hover:entity-accent entity-underline inline cursor-pointer align-baseline\"><span class=\"whitespace-normal\">Lu\u00eds Figo<\/span><\/span><\/strong> und <strong data-start=\"1215\" data-end=\"1256\"><span class=\"hover:entity-accent entity-underline inline cursor-pointer align-baseline\"><span class=\"whitespace-normal\">Roberto Carlos<\/span><\/span><\/strong>, und schufen eine Besetzung, die als eine der st\u00e4rksten des Jahrzehnts gilt.<\/p>\n<p data-start=\"1328\" data-end=\"1494\">Das T-Shirt ist hergestellt aus <strong data-start=\"1356\" data-end=\"1393\">leichtes und luftiges Material<\/strong>, und die K\u00fcrzung der <strong data-start=\"1404\" data-end=\"1419\">Gr\u00f6\u00dfe M<\/strong> bietet eine standardisierte Passform <strong data-start=\"1462\" data-end=\"1473\">Adidas<\/strong> aus den fr\u00fchen 2000er Jahren.<\/p>\n<p data-start=\"1496\" data-end=\"1720\" data-is-last-node=\"\" data-is-only-node=\"\">Es ist ein Angebot f\u00fcr Sammler und Fans, die ein Original <strong data-start=\"1567\" data-end=\"1633\">Real Madrid Trainingstrikot aus der Saison 2002\/03<\/strong>, Damit ist eine der bedeutendsten Etappen in der Geschichte des Vereins dokumentiert.<\/p>","protected":false},"featured_media":61752,"template":"","meta":{"_kad_blocks_custom_css":"","_kad_blocks_head_custom_js":"","_kad_blocks_body_custom_js":"","_kad_blocks_footer_custom_js":"","_kad_post_transparent":"default","_kad_post_title":"","_kad_post_layout":"default","_kad_post_sidebar_id":"","_kad_post_content_style":"default","_kad_post_vertical_padding":"default","_kad_post_feature":"","_kad_post_feature_position":"","_kad_post_header":false,"_kad_post_footer":false,"_kad_post_classname":""},"product_brand":[1283],"product_cat":[1456,1423],"product_tag":[],"class_list":{"0":"post-61729","1":"product","2":"type-product","3":"status-publish","4":"has-post-thumbnail","6":"product_brand-adidas","7":"product_cat-kluby-hiszpanskie-realmadryt","8":"product_cat-kurtkibluzytrening","9":"pa_rozmiar-m","11":"first","12":"instock","13":"taxable","14":"shipping-taxable","15":"purchasable","16":"product-type-simple","17":"entry","18":"content-bg","19":"loop-entry"},"taxonomy_info":{"product_brand":[{"value":1283,"label":"Adidas"}],"product_cat":[{"value":1456,"label":"Real Madryt"},{"value":1423,"label":"Kurtki\/bluzy\/trening"}],"pa_rozmiar":[{"value":1816,"label":"M"}]},"featured_image_src_large":["https:\/\/footballthrift.shop\/wp-content\/uploads\/2024\/12\/Photoroom_034_20241208_135645-1-1024x1024.png",1024,1024,true],"author_info":[],"comment_info":"","_links":{"self":[{"href":"https:\/\/footballthrift.shop\/de\/wp-json\/wp\/v2\/product\/61729","targetHints":{"allow":["GET"]}}],"collection":[{"href":"https:\/\/footballthrift.shop\/de\/wp-json\/wp\/v2\/product"}],"about":[{"href":"https:\/\/footballthrift.shop\/de\/wp-json\/wp\/v2\/types\/product"}],"wp:featuredmedia":[{"embeddable":true,"href":"https:\/\/footballthrift.shop\/de\/wp-json\/wp\/v2\/media\/61752"}],"wp:attachment":[{"href":"https:\/\/footballthrift.shop\/de\/wp-json\/wp\/v2\/media?parent=61729"}],"wp:term":[{"taxonomy":"product_brand","embeddable":true,"href":"https:\/\/footballthrift.shop\/de\/wp-json\/wp\/v2\/product_brand?post=61729"},{"taxonomy":"product_cat","embeddable":true,"href":"https:\/\/footballthrift.shop\/de\/wp-json\/wp\/v2\/product_cat?post=61729"},{"taxonomy":"product_tag","embeddable":true,"href":"https:\/\/footballthrift.shop\/de\/wp-json\/wp\/v2\/product_tag?post=61729"}],"curies":[{"name":"wp","href":"https:\/\/api.w.org\/{rel}","templated":true}]}}