{"id":61722,"date":"2025-02-13T18:07:06","date_gmt":"2025-02-13T17:07:06","guid":{"rendered":"https:\/\/footballthrift.shop\/?post_type=product&#038;p=61722"},"modified":"2026-03-09T11:31:07","modified_gmt":"2026-03-09T10:31:07","slug":"fc-crotone-2016-17-away-l","status":"publish","type":"product","link":"https:\/\/footballthrift.shop\/de\/fc-crotone-2016-17-away-l\/","title":{"rendered":"Koszulka pi\u0142karska FC Crotone 2016\/17 Away [L]"},"content":{"rendered":"<p><strong>Verein:<\/strong> FC Crotone<\/p>\n<p><strong>Saison:<\/strong> 2016\/17 Ausw\u00e4rts<\/p>\n<p><strong>Gr\u00f6\u00dfe: <\/strong>L<\/p>\n<p><strong>Zustand:<\/strong> Gut - geringf\u00fcgige Verschmutzung.<\/p>\n<p><strong>Ma\u00dfe (Achselbreite\/L\u00e4nge) in cm: <\/strong>52\/71<\/p>","protected":false},"excerpt":{"rendered":"<div class=\"flex flex-col text-sm pb-25\">\n<article class=\"text-token-text-primary w-full focus:outline-none [--shadow-height:45px] has-data-writing-block:pointer-events-none has-data-writing-block:-mt-(--shadow-height) has-data-writing-block:pt-(--shadow-height) [&amp;:has([data-writing-block])&gt;*]:pointer-events-auto scroll-mt-[calc(var(--header-height)+min(200px,max(70px,20svh)))]\" dir=\"auto\" tabindex=\"-1\" data-turn-id=\"38bda82a-dd42-4a9c-8b24-f88fc571c6cc\" data-testid=\"conversation-turn-26\" data-scroll-anchor=\"true\" data-turn=\"assistant\">\n<div class=\"text-base my-auto mx-auto pb-10 [--thread-content-margin:--spacing(4)] @w-sm\/main:[--thread-content-margin:--spacing(6)] @w-lg\/main:[--thread-content-margin:--spacing(16)] px-(--thread-content-margin)\">\n<div class=\"[--thread-content-max-width:40rem] @w-lg\/main:[--thread-content-max-width:48rem] mx-auto max-w-(--thread-content-max-width) flex-1 group\/turn-messages focus-visible:outline-hidden relative flex w-full min-w-0 flex-col agent-turn\" tabindex=\"-1\">\n<div class=\"flex max-w-full flex-col grow\">\n<div class=\"min-h-8 text-message relative flex w-full flex-col items-end gap-2 text-start break-words whitespace-normal [.text-message+&amp;]:mt-1\" dir=\"auto\" data-message-author-role=\"assistant\" data-message-id=\"98c5604d-f8cd-4967-a76c-805aabd582f5\" data-message-model-slug=\"gpt-5-2\">\n<div class=\"flex w-full flex-col gap-1 empty:hidden first:pt-[1px]\">\n<div class=\"markdown prose dark:prose-invert w-full break-words light markdown-new-styling\">\n<p data-start=\"0\" data-end=\"87\"><strong data-start=\"0\" data-end=\"87\">Oryginalna wyjazdowa koszulka pi\u0142karska Crotone FC z sezonu 2016\/17 produkcji Zeus.\u00a0<\/strong><\/p>\n<p data-start=\"89\" data-end=\"533\">Wyjazdowy model <strong data-start=\"105\" data-end=\"146\"><span class=\"hover:entity-accent entity-underline inline cursor-pointer align-baseline\"><span class=\"whitespace-normal\">Crotone FC<\/span><\/span><\/strong> z <strong data-start=\"149\" data-end=\"167\">sezonu 2016\/17<\/strong>, wyprodukowany przez <strong data-start=\"189\" data-end=\"230\"><span class=\"hover:entity-accent entity-underline inline cursor-pointer align-baseline\"><span class=\"whitespace-normal\">Zeus<\/span><\/span><\/strong> w <strong data-start=\"233\" data-end=\"248\">rozmiarze L<\/strong>, pochodzi z historycznego momentu w dziejach klubu, przypadaj\u0105cego na pierwszy wyst\u0119p w <strong data-start=\"337\" data-end=\"348\">Serie A<\/strong>. By\u0142 to sezon debiutancki na najwy\u017cszym szczeblu rozgrywkowym, zapami\u0119tany jako czas ambitnej walki z silniejszymi rywalami i budowania rozpoznawalno\u015bci klubu na og\u00f3lnokrajowej scenie.<\/p>\n<p data-start=\"535\" data-end=\"1041\">Koszulka zosta\u0142a wyprodukowana z <strong data-start=\"568\" data-end=\"614\">bia\u0142ym do\u0142em frontu oraz bia\u0142ymi r\u0119kawkami<\/strong>, kt\u00f3re kontrastuj\u0105 z <strong data-start=\"636\" data-end=\"673\">grubym, granatowym poziomym pasem<\/strong> umieszczonym centralnie na froncie. G\u00f3rna cz\u0119\u015b\u0107 koszulki utrzymana jest w <strong data-start=\"748\" data-end=\"769\">czerwonym kolorze<\/strong>, uzupe\u0142nionym <strong data-start=\"784\" data-end=\"840\">czerwonym wyko\u0144czeniem r\u0119kawk\u00f3w oraz dolnej kraw\u0119dzi<\/strong>, natomiast <strong data-start=\"852\" data-end=\"866\">ko\u0142nierzyk<\/strong> wyko\u0144czono w <strong data-start=\"880\" data-end=\"892\">granacie<\/strong>, spinaj\u0105c projekt sp\u00f3jn\u0105 kompozycj\u0105 barw klubowych. Model wyst\u0119puje w <strong data-start=\"963\" data-end=\"994\">wersji bez nadruku sponsora<\/strong>, co podkre\u015bla czysto\u015b\u0107 i wyrazisto\u015b\u0107 projektu.<\/p>\n<p data-start=\"1043\" data-end=\"1556\"><strong data-start=\"1043\" data-end=\"1060\">Sezon 2016\/17<\/strong> by\u0142 dla <strong data-start=\"1069\" data-end=\"1083\">Crotone FC<\/strong> wymagaj\u0105cym, ale prze\u0142omowym do\u015bwiadczeniem, kt\u00f3re mimo sportowych trudno\u015bci zapisa\u0142o si\u0119 w historii klubu jako symbol awansu i ambicji. W tamtym okresie barwy zespo\u0142u reprezentowali m.in. <strong data-start=\"1273\" data-end=\"1314\"><span class=\"hover:entity-accent entity-underline inline cursor-pointer align-baseline\"><span class=\"whitespace-normal\">Diego Falcinelli<\/span><\/span><\/strong>, <strong data-start=\"1316\" data-end=\"1357\"><span class=\"hover:entity-accent entity-underline inline cursor-pointer align-baseline\"><span class=\"whitespace-normal\">Ante Budimir<\/span><\/span><\/strong> czy <strong data-start=\"1362\" data-end=\"1403\"><span class=\"hover:entity-accent entity-underline inline cursor-pointer align-baseline\"><span class=\"whitespace-normal\">Marcus Rohd\u00e9n<\/span><\/span><\/strong>, a w szerszej historii klubu wyr\u00f3\u017cniali si\u0119 tak\u017ce zawodnicy, kt\u00f3rzy przyczynili si\u0119 do jego najwi\u0119kszych sukces\u00f3w i rozpoznawalno\u015bci na arenie w\u0142oskiej.<\/p>\n<p data-start=\"1558\" data-end=\"1712\">Koszulka zosta\u0142a wykonana z <strong data-start=\"1586\" data-end=\"1623\">lekkiego i przewiewnego materia\u0142u<\/strong>, a kr\u00f3j w <strong data-start=\"1634\" data-end=\"1649\">rozmiarze L<\/strong> zapewnia klasyczne dopasowanie zgodne ze standardami <strong data-start=\"1703\" data-end=\"1711\">Zeus<\/strong>.<\/p>\n<p data-start=\"1714\" data-end=\"1940\" data-is-last-node=\"\" data-is-only-node=\"\">To propozycja dla kolekcjoner\u00f3w oraz kibic\u00f3w poszukuj\u0105cych oryginalnej <strong data-start=\"1785\" data-end=\"1848\">wyjazdowej koszulki pi\u0142karskiej Crotone FC z sezonu 2016\/17<\/strong>, stanowi\u0105cej czytelny zapis debiutanckiego etapu klubu na najwy\u017cszym poziomie rozgrywkowym.<\/p>\n<\/div>\n<\/div>\n<\/div>\n<\/div>\n<\/div>\n<\/div>\n<\/article>\n<\/div>\n","protected":false},"featured_media":61809,"template":"","meta":{"_kad_blocks_custom_css":"","_kad_blocks_head_custom_js":"","_kad_blocks_body_custom_js":"","_kad_blocks_footer_custom_js":"","_kad_post_transparent":"default","_kad_post_title":"","_kad_post_layout":"default","_kad_post_sidebar_id":"","_kad_post_content_style":"default","_kad_post_vertical_padding":"default","_kad_post_feature":"","_kad_post_feature_position":"","_kad_post_header":false,"_kad_post_footer":false,"_kad_post_classname":""},"product_brand":[1367],"product_cat":[1480],"product_tag":[],"class_list":{"0":"post-61722","1":"product","2":"type-product","3":"status-publish","4":"has-post-thumbnail","6":"product_brand-zeus","7":"product_cat-pozostale-kluby-wloskie","8":"pa_homeawaythird-away","9":"pa_rozmiar-l","11":"first","12":"instock","13":"taxable","14":"shipping-taxable","15":"purchasable","16":"product-type-simple","17":"entry","18":"content-bg","19":"loop-entry"},"taxonomy_info":{"product_brand":[{"value":1367,"label":"Zeus"}],"product_cat":[{"value":1480,"label":"Pozosta\u0142e kluby w\u0142oskie"}],"pa_homeawaythird":[{"value":1598,"label":"Away"}],"pa_rozmiar":[{"value":1817,"label":"L"}]},"featured_image_src_large":["https:\/\/footballthrift.shop\/wp-content\/uploads\/2024\/12\/Photoroom_032_20241208_135645-1024x1024.png",1024,1024,true],"author_info":[],"comment_info":"","_links":{"self":[{"href":"https:\/\/footballthrift.shop\/de\/wp-json\/wp\/v2\/product\/61722","targetHints":{"allow":["GET"]}}],"collection":[{"href":"https:\/\/footballthrift.shop\/de\/wp-json\/wp\/v2\/product"}],"about":[{"href":"https:\/\/footballthrift.shop\/de\/wp-json\/wp\/v2\/types\/product"}],"wp:featuredmedia":[{"embeddable":true,"href":"https:\/\/footballthrift.shop\/de\/wp-json\/wp\/v2\/media\/61809"}],"wp:attachment":[{"href":"https:\/\/footballthrift.shop\/de\/wp-json\/wp\/v2\/media?parent=61722"}],"wp:term":[{"taxonomy":"product_brand","embeddable":true,"href":"https:\/\/footballthrift.shop\/de\/wp-json\/wp\/v2\/product_brand?post=61722"},{"taxonomy":"product_cat","embeddable":true,"href":"https:\/\/footballthrift.shop\/de\/wp-json\/wp\/v2\/product_cat?post=61722"},{"taxonomy":"product_tag","embeddable":true,"href":"https:\/\/footballthrift.shop\/de\/wp-json\/wp\/v2\/product_tag?post=61722"}],"curies":[{"name":"wp","href":"https:\/\/api.w.org\/{rel}","templated":true}]}}