{"id":61720,"date":"2025-02-13T18:07:05","date_gmt":"2025-02-13T17:07:05","guid":{"rendered":"https:\/\/footballthrift.shop\/?post_type=product&#038;p=61720"},"modified":"2026-03-09T11:31:07","modified_gmt":"2026-03-09T10:31:07","slug":"czechy-2002-04-home-l","status":"publish","type":"product","link":"https:\/\/footballthrift.shop\/de\/czechy-2002-04-home-l\/","title":{"rendered":"Koszulka pi\u0142karska Czechy 2002\/04 Home [L]"},"content":{"rendered":"<p><strong>Verein:<\/strong> Tschechische Republik<\/p>\n<p><strong>Saison:<\/strong> 2002\/04 Heim<\/p>\n<p><strong>Gr\u00f6\u00dfe: <\/strong>L<\/p>\n<p><strong>Zustand:<\/strong> Sehr gut - ein Mikrozug.<\/p>\n<p><strong>Ma\u00dfe (Achselbreite\/L\u00e4nge) in cm: <\/strong>54\/75<\/p>","protected":false},"excerpt":{"rendered":"<p data-start=\"0\" data-end=\"90\"><strong data-start=\"0\" data-end=\"90\">Original 2002\/04 Tschechische Fu\u00dfballnationalmannschaft Heimtrikot von Puma.\u00a0<\/strong><\/p>\n<p data-start=\"92\" data-end=\"492\">Heimmodell <strong data-start=\"105\" data-end=\"146\"><span class=\"hover:entity-accent entity-underline inline cursor-pointer align-baseline\"><span class=\"whitespace-normal\">Tschechische Nationalmannschaft<\/span><\/span><\/strong> im Laufe der Jahre <strong data-start=\"153\" data-end=\"164\">2002\/04<\/strong>hergestellt von <strong data-start=\"186\" data-end=\"227\"><span class=\"hover:entity-accent entity-underline inline cursor-pointer align-baseline\"><span class=\"whitespace-normal\">Puma<\/span><\/span><\/strong>\u00a0w <strong data-start=\"230\" data-end=\"245\">Gr\u00f6\u00dfe L<\/strong>, stammt aus einer der sch\u00f6nsten Perioden in der Geschichte der tschechischen Nationalmannschaft. Es war eine Zeit, in der die Mannschaft zu den besten Europas geh\u00f6rte und bei gro\u00dfen internationalen Turnieren einen offensiven und reifen Fu\u00dfball zeigte.<\/p>\n<p data-start=\"494\" data-end=\"879\">Das T-Shirt wurde hergestellt auf <strong data-start=\"528\" data-end=\"547\">roter Sockel<\/strong>, mit deutlichen <strong data-start=\"561\" data-end=\"594\">blaue Seitenteile<\/strong> die entlang des K\u00f6rpers und der \u00c4rmel verlaufen und der Silhouette dynamische Proportionen verleihen. Die Vorderseite zeigt <strong data-start=\"702\" data-end=\"720\">F\u00f6derationswappen<\/strong> und <strong data-start=\"726\" data-end=\"739\">Puma-Logo<\/strong>, w\u00e4hrend auf <strong data-start=\"754\" data-end=\"771\">linker \u00c4rmel<\/strong> befindet sich <strong data-start=\"785\" data-end=\"800\">Landesflagge<\/strong>, und unterstreicht damit den repr\u00e4sentativen Charakter des Modells und seine nationale Identifikation.<\/p>\n<p data-start=\"881\" data-end=\"1384\">Jahre <strong data-start=\"886\" data-end=\"899\">2002-2004<\/strong> ist eine Zeit des gro\u00dfen Erfolgs <strong data-start=\"931\" data-end=\"954\">die tschechische Nationalmannschaft<\/strong>, gekr\u00f6nt von einer herausragenden Leistung beim <strong data-start=\"990\" data-end=\"1003\">Euro 2004<\/strong>, wo die Mannschaft das Halbfinale erreichte und durch ihren Spielstil beeindruckte. Der Kern der Mannschaft bestand damals aus Spielern wie <strong data-start=\"1113\" data-end=\"1154\"><span class=\"hover:entity-accent entity-underline inline cursor-pointer align-baseline\"><span class=\"whitespace-normal\">Pavel Nedv\u011bd<\/span><\/span><\/strong>, und fungiert als Anf\u00fchrer und Kapit\u00e4n, <strong data-start=\"1189\" data-end=\"1230\"><span class=\"hover:entity-accent entity-underline inline cursor-pointer align-baseline\"><span class=\"whitespace-normal\">Tom\u00e1\u0161 Rosick\u00fd<\/span><\/span><\/strong>, <strong data-start=\"1232\" data-end=\"1273\"><span class=\"hover:entity-accent entity-underline inline cursor-pointer align-baseline\"><span class=\"whitespace-normal\">Jan Koller<\/span><\/span><\/strong> und <strong data-start=\"1279\" data-end=\"1320\"><span class=\"hover:entity-accent entity-underline inline cursor-pointer align-baseline\"><span class=\"whitespace-normal\">Petr \u010cech<\/span><\/span><\/strong>, die in die Geschichte des europ\u00e4ischen Fu\u00dfballs eingegangen sind.<\/p>\n<p data-start=\"1386\" data-end=\"1559\">Das T-Shirt ist hergestellt aus <strong data-start=\"1414\" data-end=\"1451\">leichtes und luftiges Material<\/strong>, und die K\u00fcrzung der <strong data-start=\"1462\" data-end=\"1477\">Gr\u00f6\u00dfe L<\/strong> bietet eine klassische, normgerechte Passform <strong data-start=\"1530\" data-end=\"1538\">Pumas<\/strong> aus den fr\u00fchen 2000er Jahren.<\/p>\n<p data-start=\"1561\" data-end=\"1760\" data-is-last-node=\"\" data-is-only-node=\"\">Es ist ein Angebot f\u00fcr Sammler und Fans, die ein Original <strong data-start=\"1632\" data-end=\"1698\">das Heimtrikot der tschechischen Fu\u00dfballnationalmannschaft 2002\/04<\/strong>, eine klare Aufzeichnung der goldenen \u00c4ra dieser Nationalmannschaft.<\/p>","protected":false},"featured_media":61823,"template":"","meta":{"_kad_blocks_custom_css":"","_kad_blocks_head_custom_js":"","_kad_blocks_body_custom_js":"","_kad_blocks_footer_custom_js":"","_kad_post_transparent":"default","_kad_post_title":"","_kad_post_layout":"default","_kad_post_sidebar_id":"","_kad_post_content_style":"default","_kad_post_vertical_padding":"default","_kad_post_feature":"","_kad_post_feature_position":"","_kad_post_header":false,"_kad_post_footer":false,"_kad_post_classname":""},"product_brand":[1287],"product_cat":[1489],"product_tag":[],"class_list":{"0":"post-61720","1":"product","2":"type-product","3":"status-publish","4":"has-post-thumbnail","6":"product_brand-puma","7":"product_cat-pozostale-reprezentacje-europa","8":"pa_homeawaythird-home","9":"pa_rozmiar-l","11":"first","12":"instock","13":"taxable","14":"shipping-taxable","15":"purchasable","16":"product-type-simple","17":"entry","18":"content-bg","19":"loop-entry"},"taxonomy_info":{"product_brand":[{"value":1287,"label":"Puma"}],"product_cat":[{"value":1489,"label":"Pozosta\u0142e"}],"pa_homeawaythird":[{"value":1597,"label":"Home"}],"pa_rozmiar":[{"value":1817,"label":"L"}]},"featured_image_src_large":["https:\/\/footballthrift.shop\/wp-content\/uploads\/2024\/12\/Photoroom_036_20241208_135645-1024x1024.png",1024,1024,true],"author_info":[],"comment_info":"","_links":{"self":[{"href":"https:\/\/footballthrift.shop\/de\/wp-json\/wp\/v2\/product\/61720","targetHints":{"allow":["GET"]}}],"collection":[{"href":"https:\/\/footballthrift.shop\/de\/wp-json\/wp\/v2\/product"}],"about":[{"href":"https:\/\/footballthrift.shop\/de\/wp-json\/wp\/v2\/types\/product"}],"wp:featuredmedia":[{"embeddable":true,"href":"https:\/\/footballthrift.shop\/de\/wp-json\/wp\/v2\/media\/61823"}],"wp:attachment":[{"href":"https:\/\/footballthrift.shop\/de\/wp-json\/wp\/v2\/media?parent=61720"}],"wp:term":[{"taxonomy":"product_brand","embeddable":true,"href":"https:\/\/footballthrift.shop\/de\/wp-json\/wp\/v2\/product_brand?post=61720"},{"taxonomy":"product_cat","embeddable":true,"href":"https:\/\/footballthrift.shop\/de\/wp-json\/wp\/v2\/product_cat?post=61720"},{"taxonomy":"product_tag","embeddable":true,"href":"https:\/\/footballthrift.shop\/de\/wp-json\/wp\/v2\/product_tag?post=61720"}],"curies":[{"name":"wp","href":"https:\/\/api.w.org\/{rel}","templated":true}]}}