{"id":61714,"date":"2025-02-13T18:07:01","date_gmt":"2025-02-13T17:07:01","guid":{"rendered":"https:\/\/footballthrift.shop\/?post_type=product&#038;p=61714"},"modified":"2026-03-09T11:31:08","modified_gmt":"2026-03-09T10:31:08","slug":"aston-villa-2012-13-home-26-weimann-m","status":"publish","type":"product","link":"https:\/\/footballthrift.shop\/de\/aston-villa-2012-13-home-26-weimann-m\/","title":{"rendered":"Koszulka pi\u0142karska Aston Villa 2012\/13 Home 26 Weimann [M]"},"content":{"rendered":"<p><strong>Verein:<\/strong> Aston Villa<\/p>\n<p><strong>Saison:<\/strong> 2012\/13 Startseite<\/p>\n<p><strong>Gr\u00f6\u00dfe: <\/strong>M<\/p>\n<p><strong>Zustand:<\/strong> Befriedigend - gerissene Herstelleraufdrucke auf den Schultern und Sponsorenaufdrucke auf der Vorderseite, kleiner Fleck, aufgeriebener Stoff am unteren Rand des Trikots und abgenutzter Gr\u00f6\u00dfenaufkleber auf der Vorderseite.<\/p>\n<p><strong>Ma\u00dfe (Achselbreite\/L\u00e4nge) in cm: <\/strong>53\/71<\/p>","protected":false},"excerpt":{"rendered":"<p data-start=\"0\" data-end=\"87\"><strong data-start=\"0\" data-end=\"87\">Original Aston Villa Heimtrikot aus der Saison 2012\/13, hergestellt von Macron.\u00a0<\/strong><\/p>\n<p data-start=\"89\" data-end=\"464\">Heimmodell <strong data-start=\"102\" data-end=\"143\"><span class=\"hover:entity-accent entity-underline inline cursor-pointer align-baseline\"><span class=\"whitespace-normal\">Aston Villa FC<\/span><\/span><\/strong> z <strong data-start=\"146\" data-end=\"164\">Saison 2012\/13<\/strong>hergestellt von <strong data-start=\"186\" data-end=\"227\"><span class=\"hover:entity-accent entity-underline inline cursor-pointer align-baseline\"><span class=\"whitespace-normal\">Macron<\/span><\/span><\/strong> w <strong data-start=\"230\" data-end=\"245\">Gr\u00f6\u00dfe M<\/strong>, kommt aus einer Periode der Stabilit\u00e4t der Liga f\u00fcr den Verein von<strong> Villa Park<\/strong>. Es war eine Saison des Aufbaus einer Mannschaft auf der Grundlage junger Spieler, die mit einem sicheren Verbleib in der <strong>Erste Liga<\/strong> und einige klare offensive Momente.<\/p>\n<p data-start=\"466\" data-end=\"865\">Das T-Shirt wurde hergestellt auf <strong data-start=\"500\" data-end=\"518\">burgunderrote Basis<\/strong>, z <strong data-start=\"522\" data-end=\"546\">blaue \u00c4rmel<\/strong> und <strong data-start=\"552\" data-end=\"579\">Polokragen<\/strong> in der gleichen Farbe, was einen klassischen Bezug zu traditionellen Farben herstellt <strong data-start=\"653\" data-end=\"668\">Aston Villa<\/strong>. Auf der Vorderseite befindet sich ein zentraler Sponsorenaufdruck. <strong data-start=\"720\" data-end=\"761\"><span class=\"hover:entity-accent entity-underline inline cursor-pointer align-baseline\"><span class=\"whitespace-normal\">Genting Casinos<\/span><\/span><\/strong>, und das Ganze beh\u00e4lt das elegante, klare Layout, das f\u00fcr die Entw\u00fcrfe charakteristisch ist. <strong data-start=\"840\" data-end=\"850\">Macron<\/strong> aus dieser Zeit.<\/p>\n<p data-start=\"867\" data-end=\"1219\">Auf der R\u00fcckseite befindet sich ein origineller Aufdruck. <strong data-start=\"909\" data-end=\"950\"><span class=\"hover:entity-accent entity-underline inline cursor-pointer align-baseline\"><span class=\"whitespace-normal\">Andreas Weimann<\/span><\/span><\/strong>, die in <strong data-start=\"960\" data-end=\"979\">Saison 2012\/13<\/strong> war einer der wichtigsten Offensivspieler der Mannschaft. Der \u00d6sterreicher stand regelm\u00e4\u00dfig in der Startformation, erzielte wichtige Tore und zeichnete sich durch seine Dynamik und Effektivit\u00e4t im Angriff aus, was ihn zu einem der Symbole dieser Saison machte.<\/p>\n<p data-start=\"1221\" data-end=\"1376\">Das T-Shirt ist hergestellt aus <strong data-start=\"1249\" data-end=\"1286\">leichtes und luftiges Material<\/strong>, und die K\u00fcrzung der <strong data-start=\"1297\" data-end=\"1312\">Gr\u00f6\u00dfe M<\/strong> bietet eine klassische, normgerechte Passform <strong data-start=\"1365\" data-end=\"1375\">Macron<\/strong>.<\/p>\n<p data-start=\"1378\" data-end=\"1602\" data-is-last-node=\"\" data-is-only-node=\"\">Es ist ein Angebot f\u00fcr Sammler und Fans, die ein Original <strong data-start=\"1449\" data-end=\"1510\">Das Heimtrikot von Aston Villa aus der Saison 2012\/13<\/strong>, Der Bericht gibt einen klaren \u00dcberblick \u00fcber die Aufbauphase des Teams und die Rolle der jungen F\u00fchrungskr\u00e4fte in dieser Zeit.<\/p>","protected":false},"featured_media":61874,"template":"","meta":{"_kad_blocks_custom_css":"","_kad_blocks_head_custom_js":"","_kad_blocks_body_custom_js":"","_kad_blocks_footer_custom_js":"","_kad_post_transparent":"default","_kad_post_title":"","_kad_post_layout":"default","_kad_post_sidebar_id":"","_kad_post_content_style":"default","_kad_post_vertical_padding":"default","_kad_post_feature":"","_kad_post_feature_position":"","_kad_post_header":false,"_kad_post_footer":false,"_kad_post_classname":""},"product_brand":[1296],"product_cat":[1485,2030],"product_tag":[],"class_list":{"0":"post-61714","1":"product","2":"type-product","3":"status-publish","4":"has-post-thumbnail","6":"product_brand-macron","7":"product_cat-pozostale-kluby-angielskie","8":"product_cat-aston-villa","9":"pa_homeawaythird-home","10":"pa_rozmiar-m","12":"first","13":"instock","14":"taxable","15":"shipping-taxable","16":"purchasable","17":"product-type-simple","18":"entry","19":"content-bg","20":"loop-entry"},"taxonomy_info":{"product_brand":[{"value":1296,"label":"macron"}],"product_cat":[{"value":1485,"label":"Pozosta\u0142e kluby angielskie"},{"value":2030,"label":"Aston Villa"}],"pa_homeawaythird":[{"value":1597,"label":"Home"}],"pa_rozmiar":[{"value":1816,"label":"M"}]},"featured_image_src_large":["https:\/\/footballthrift.shop\/wp-content\/uploads\/2024\/12\/Photoroom_021_20241208_135645-1024x1024.png",1024,1024,true],"author_info":[],"comment_info":"","_links":{"self":[{"href":"https:\/\/footballthrift.shop\/de\/wp-json\/wp\/v2\/product\/61714","targetHints":{"allow":["GET"]}}],"collection":[{"href":"https:\/\/footballthrift.shop\/de\/wp-json\/wp\/v2\/product"}],"about":[{"href":"https:\/\/footballthrift.shop\/de\/wp-json\/wp\/v2\/types\/product"}],"wp:featuredmedia":[{"embeddable":true,"href":"https:\/\/footballthrift.shop\/de\/wp-json\/wp\/v2\/media\/61874"}],"wp:attachment":[{"href":"https:\/\/footballthrift.shop\/de\/wp-json\/wp\/v2\/media?parent=61714"}],"wp:term":[{"taxonomy":"product_brand","embeddable":true,"href":"https:\/\/footballthrift.shop\/de\/wp-json\/wp\/v2\/product_brand?post=61714"},{"taxonomy":"product_cat","embeddable":true,"href":"https:\/\/footballthrift.shop\/de\/wp-json\/wp\/v2\/product_cat?post=61714"},{"taxonomy":"product_tag","embeddable":true,"href":"https:\/\/footballthrift.shop\/de\/wp-json\/wp\/v2\/product_tag?post=61714"}],"curies":[{"name":"wp","href":"https:\/\/api.w.org\/{rel}","templated":true}]}}