{"id":61713,"date":"2025-02-13T18:07:01","date_gmt":"2025-02-13T17:07:01","guid":{"rendered":"https:\/\/footballthrift.shop\/?post_type=product&#038;p=61713"},"modified":"2026-03-09T11:31:08","modified_gmt":"2026-03-09T10:31:08","slug":"as-roma-2017-18-home-16-de-rossi-s","status":"publish","type":"product","link":"https:\/\/footballthrift.shop\/de\/as-roma-2017-18-home-16-de-rossi-s\/","title":{"rendered":"Koszulka pi\u0142karska AS Roma 2017\/18 Home 16 De Rossi [S]"},"content":{"rendered":"<p><strong>Verein:<\/strong> AS Roma<\/p>\n<p><strong>Saison:<\/strong> 2017\/18 Startseite<\/p>\n<p><strong>Gr\u00f6\u00dfe: <\/strong>S<\/p>\n<p><strong>Zustand:<\/strong> Sehr gut - kleine Risse im Druck auf der R\u00fcckseite.<\/p>\n<p><strong>Ma\u00dfe (Achselbreite\/L\u00e4nge) in cm: <\/strong>47\/69<\/p>","protected":false},"excerpt":{"rendered":"<div class=\"flex flex-col text-sm pb-25\">\n<article class=\"text-token-text-primary w-full focus:outline-none [--shadow-height:45px] has-data-writing-block:pointer-events-none has-data-writing-block:-mt-(--shadow-height) has-data-writing-block:pt-(--shadow-height) [&amp;:has([data-writing-block])&gt;*]:pointer-events-auto scroll-mt-[calc(var(--header-height)+min(200px,max(70px,20svh)))]\" dir=\"auto\" tabindex=\"-1\" data-turn-id=\"3c971be3-3e07-4ac4-afc0-364d9a836953\" data-testid=\"conversation-turn-32\" data-scroll-anchor=\"true\" data-turn=\"assistant\">\n<div class=\"text-base my-auto mx-auto pb-10 [--thread-content-margin:--spacing(4)] @w-sm\/main:[--thread-content-margin:--spacing(6)] @w-lg\/main:[--thread-content-margin:--spacing(16)] px-(--thread-content-margin)\">\n<div class=\"[--thread-content-max-width:40rem] @w-lg\/main:[--thread-content-max-width:48rem] mx-auto max-w-(--thread-content-max-width) flex-1 group\/turn-messages focus-visible:outline-hidden relative flex w-full min-w-0 flex-col agent-turn\" tabindex=\"-1\">\n<div class=\"flex max-w-full flex-col grow\">\n<div class=\"min-h-8 text-message relative flex w-full flex-col items-end gap-2 text-start break-words whitespace-normal [.text-message+&amp;]:mt-1\" dir=\"auto\" data-message-author-role=\"assistant\" data-message-id=\"db0c08d0-199e-4e99-963f-2ed6527a7068\" data-message-model-slug=\"gpt-5-2\">\n<div class=\"flex w-full flex-col gap-1 empty:hidden first:pt-[1px]\">\n<div class=\"markdown prose dark:prose-invert w-full break-words light markdown-new-styling\">\n<p data-start=\"0\" data-end=\"81\"><strong data-start=\"0\" data-end=\"81\">Oryginalna domowa koszulka pi\u0142karska AS Romy z sezonu 2017\/18 produkcji Nike.\u00a0<\/strong><\/p>\n<p data-start=\"83\" data-end=\"464\">Domowy model <strong data-start=\"96\" data-end=\"137\"><span class=\"hover:entity-accent entity-underline inline cursor-pointer align-baseline\"><span class=\"whitespace-normal\">AS Roma<\/span><\/span><\/strong> z <strong data-start=\"140\" data-end=\"158\">sezonu 2017\/18<\/strong>, wyprodukowany przez <strong data-start=\"180\" data-end=\"221\"><span class=\"hover:entity-accent entity-underline inline cursor-pointer align-baseline\"><span class=\"whitespace-normal\">Nike<\/span><\/span><\/strong> w <strong data-start=\"224\" data-end=\"239\">rozmiarze S<\/strong>, pochodzi z jednego z najbardziej pami\u0119tnych sezon\u00f3w w nowoczesnej historii klubu ze<strong> Stadio Olimpico<\/strong>. By\u0142 to czas imponuj\u0105cej postawy w europejskich rozgrywkach oraz potwierdzenia pozycji Romy jako czo\u0142owego zespo\u0142u <strong>Serie A<\/strong>.<\/p>\n<p data-start=\"466\" data-end=\"884\">Koszulka zosta\u0142a wyprodukowana w klasycznym <strong data-start=\"510\" data-end=\"530\">bordowym kolorze<\/strong>, z <strong data-start=\"534\" data-end=\"571\">r\u0119kawkami w ciemniejszym odcieniu<\/strong> tej barwy, co subtelnie r\u00f3\u017cnicuje bry\u0142\u0119 projektu. Model wyst\u0119puje w <strong data-start=\"640\" data-end=\"671\">wersji bez nadruku sponsora<\/strong>, dzi\u0119ki czemu ca\u0142o\u015b\u0107 zachowuje czysty, elegancki wygl\u0105d. Na froncie umieszczono herb <strong data-start=\"757\" data-end=\"768\">AS Romy<\/strong> oraz logo <strong data-start=\"779\" data-end=\"787\">Nike<\/strong>, natomiast na r\u0119kawku znajduje si\u0119 <strong data-start=\"823\" data-end=\"839\">patch ligowy<\/strong>, podkre\u015blaj\u0105cy oficjalny charakter koszulki.<\/p>\n<p data-start=\"886\" data-end=\"1272\">Na plecach znajduje si\u0119 oryginalny nadruk <strong data-start=\"928\" data-end=\"969\"><span class=\"hover:entity-accent entity-underline inline cursor-pointer align-baseline\"><span class=\"whitespace-normal\">Daniele De Rossiego<\/span><\/span><\/strong>, wieloletniego kapitana i symbolu <strong data-start=\"1004\" data-end=\"1015\">AS Romy<\/strong>, kt\u00f3ry w sezonie 2017\/18 pe\u0142ni\u0142 rol\u0119 jednego z lider\u00f3w zespo\u0142u zar\u00f3wno pod wzgl\u0119dem sportowym, jak i mentalnym. Pomocnik ten by\u0142 uosobieniem klubowej to\u017csamo\u015bci, a jego do\u015bwiadczenie i zaanga\u017cowanie mia\u0142y istotne znaczenie w kluczowych momentach rozgrywek.<\/p>\n<p data-start=\"1274\" data-end=\"1751\"><strong data-start=\"1274\" data-end=\"1291\">Sezon 2017\/18<\/strong> zapisa\u0142 si\u0119 w historii <strong data-start=\"1315\" data-end=\"1326\">AS Romy<\/strong> przede wszystkim znakomitym wyst\u0119pem w Lidze Mistrz\u00f3w, zako\u0144czonym awansem do p\u00f3\u0142fina\u0142u po pami\u0119tnym dwumeczu z Barcelon\u0105. W ligowych rozgrywkach dru\u017cyna opiera\u0142a si\u0119 na solidnym trzonie, kt\u00f3ry obok <strong data-start=\"1526\" data-end=\"1549\">Daniele De Rossiego<\/strong> tworzyli m.in. <strong data-start=\"1565\" data-end=\"1606\"><span class=\"hover:entity-accent entity-underline inline cursor-pointer align-baseline\"><span class=\"whitespace-normal\">Edin D\u017eeko<\/span><\/span><\/strong>, <strong data-start=\"1608\" data-end=\"1649\"><span class=\"hover:entity-accent entity-underline inline cursor-pointer align-baseline\"><span class=\"whitespace-normal\">Radja Nainggolan<\/span><\/span><\/strong> oraz <strong data-start=\"1655\" data-end=\"1696\"><span class=\"hover:entity-accent entity-underline inline cursor-pointer align-baseline\"><span class=\"whitespace-normal\">Alessandro Florenzi<\/span><\/span><\/strong>, odpowiadaj\u0105cy za ofensywn\u0105 jako\u015b\u0107 i intensywno\u015b\u0107 gry.<\/p>\n<p data-start=\"1753\" data-end=\"1924\">Koszulka zosta\u0142a wykonana z <strong data-start=\"1781\" data-end=\"1818\">lekkiego i przewiewnego materia\u0142u<\/strong>, a kr\u00f3j w <strong data-start=\"1829\" data-end=\"1844\">rozmiarze S<\/strong> zapewnia dopasowanie zgodne ze standardami <strong data-start=\"1888\" data-end=\"1896\">Nike<\/strong> z drugiej dekady XXI wieku.<\/p>\n<p data-start=\"1926\" data-end=\"2144\" data-is-last-node=\"\" data-is-only-node=\"\">To propozycja dla kolekcjoner\u00f3w oraz kibic\u00f3w poszukuj\u0105cych oryginalnej <strong data-start=\"1997\" data-end=\"2054\">domowej koszulki pi\u0142karskiej AS Romy z sezonu 2017\/18<\/strong>, stanowi\u0105cej czytelny zapis jednego z najbardziej emocjonuj\u0105cych etap\u00f3w w historii klubu.<\/p>\n<\/div>\n<\/div>\n<\/div>\n<\/div>\n<\/div>\n<\/div>\n<\/article>\n<\/div>\n","protected":false},"featured_media":61884,"template":"","meta":{"_kad_blocks_custom_css":"","_kad_blocks_head_custom_js":"","_kad_blocks_body_custom_js":"","_kad_blocks_footer_custom_js":"","_kad_post_transparent":"default","_kad_post_title":"","_kad_post_layout":"default","_kad_post_sidebar_id":"","_kad_post_content_style":"default","_kad_post_vertical_padding":"default","_kad_post_feature":"","_kad_post_feature_position":"","_kad_post_header":false,"_kad_post_footer":false,"_kad_post_classname":""},"product_brand":[1284],"product_cat":[1451],"product_tag":[],"class_list":{"0":"post-61713","1":"product","2":"type-product","3":"status-publish","4":"has-post-thumbnail","6":"product_brand-nike","7":"product_cat-kluby-wloskie-asroma","8":"pa_homeawaythird-home","9":"pa_rozmiar-s","11":"first","12":"instock","13":"taxable","14":"shipping-taxable","15":"purchasable","16":"product-type-simple","17":"entry","18":"content-bg","19":"loop-entry"},"taxonomy_info":{"product_brand":[{"value":1284,"label":"Nike"}],"product_cat":[{"value":1451,"label":"AS Roma"}],"pa_homeawaythird":[{"value":1597,"label":"Home"}],"pa_rozmiar":[{"value":1815,"label":"S"}]},"featured_image_src_large":["https:\/\/footballthrift.shop\/wp-content\/uploads\/2024\/12\/Photoroom_017_20241208_135645-1024x1024.png",1024,1024,true],"author_info":[],"comment_info":"","_links":{"self":[{"href":"https:\/\/footballthrift.shop\/de\/wp-json\/wp\/v2\/product\/61713","targetHints":{"allow":["GET"]}}],"collection":[{"href":"https:\/\/footballthrift.shop\/de\/wp-json\/wp\/v2\/product"}],"about":[{"href":"https:\/\/footballthrift.shop\/de\/wp-json\/wp\/v2\/types\/product"}],"wp:featuredmedia":[{"embeddable":true,"href":"https:\/\/footballthrift.shop\/de\/wp-json\/wp\/v2\/media\/61884"}],"wp:attachment":[{"href":"https:\/\/footballthrift.shop\/de\/wp-json\/wp\/v2\/media?parent=61713"}],"wp:term":[{"taxonomy":"product_brand","embeddable":true,"href":"https:\/\/footballthrift.shop\/de\/wp-json\/wp\/v2\/product_brand?post=61713"},{"taxonomy":"product_cat","embeddable":true,"href":"https:\/\/footballthrift.shop\/de\/wp-json\/wp\/v2\/product_cat?post=61713"},{"taxonomy":"product_tag","embeddable":true,"href":"https:\/\/footballthrift.shop\/de\/wp-json\/wp\/v2\/product_tag?post=61713"}],"curies":[{"name":"wp","href":"https:\/\/api.w.org\/{rel}","templated":true}]}}