{"id":59139,"date":"2025-02-13T18:02:52","date_gmt":"2025-02-13T17:02:52","guid":{"rendered":"https:\/\/footballthrift.shop\/?post_type=product&#038;p=59139"},"modified":"2026-03-09T11:31:11","modified_gmt":"2026-03-09T10:31:11","slug":"valletta-fc-1997-98-home-l","status":"publish","type":"product","link":"https:\/\/footballthrift.shop\/de\/valletta-fc-1997-98-home-l\/","title":{"rendered":"Koszulka pi\u0142karska Valletta FC 1997\/98 Home [L]"},"content":{"rendered":"<p><strong>Verein:<\/strong> Valletta FC<\/p>\n<p><strong>Saison:<\/strong> 1997\/98 Heim<\/p>\n<p><strong>Gr\u00f6\u00dfe: <\/strong>L<\/p>\n<p><strong>Zustand:<\/strong> Sehr gut - geringf\u00fcgige Verschmutzung.<\/p>\n<p><strong>Ma\u00dfe (Achselbreite\/L\u00e4nge) in cm: <\/strong>54\/72<\/p>","protected":false},"excerpt":{"rendered":"<div class=\"flex flex-col text-sm pb-25\">\n<article class=\"text-token-text-primary w-full focus:outline-none [--shadow-height:45px] has-data-writing-block:pointer-events-none has-data-writing-block:-mt-(--shadow-height) has-data-writing-block:pt-(--shadow-height) [&amp;:has([data-writing-block])&gt;*]:pointer-events-auto scroll-mt-[calc(var(--header-height)+min(200px,max(70px,20svh)))]\" dir=\"auto\" tabindex=\"-1\" data-turn-id=\"request-69846e9f-d3cc-8389-9cfe-2684a6b1e83a-14\" data-testid=\"conversation-turn-58\" data-scroll-anchor=\"true\" data-turn=\"assistant\">\n<div class=\"text-base my-auto mx-auto pb-10 [--thread-content-margin:--spacing(4)] @w-sm\/main:[--thread-content-margin:--spacing(6)] @w-lg\/main:[--thread-content-margin:--spacing(16)] px-(--thread-content-margin)\">\n<div class=\"[--thread-content-max-width:40rem] @w-lg\/main:[--thread-content-max-width:48rem] mx-auto max-w-(--thread-content-max-width) flex-1 group\/turn-messages focus-visible:outline-hidden relative flex w-full min-w-0 flex-col agent-turn\" tabindex=\"-1\">\n<div class=\"flex max-w-full flex-col grow\">\n<div class=\"min-h-8 text-message relative flex w-full flex-col items-end gap-2 text-start break-words whitespace-normal [.text-message+&amp;]:mt-1\" dir=\"auto\" data-message-author-role=\"assistant\" data-message-id=\"86a0dfdd-c48d-4145-a179-d684544e432f\" data-message-model-slug=\"gpt-5-2\">\n<div class=\"flex w-full flex-col gap-1 empty:hidden first:pt-[1px]\">\n<div class=\"markdown prose dark:prose-invert w-full wrap-break-word light markdown-new-styling\">\n<p data-start=\"0\" data-end=\"86\"><strong data-start=\"0\" data-end=\"86\">Oryginalna domowa koszulka pi\u0142karska Valletta FC z sezonu 1997\/98 produkcji Erre\u00e0.\u00a0<\/strong><\/p>\n<p data-start=\"88\" data-end=\"474\">Domowy model <strong data-start=\"101\" data-end=\"142\"><span class=\"hover:entity-accent entity-underline inline cursor-pointer align-baseline\"><span class=\"whitespace-normal\">Valletta FC<\/span><\/span><\/strong> z <strong data-start=\"145\" data-end=\"163\">sezonu 1997\/98<\/strong>, wyprodukowany przez <strong data-start=\"185\" data-end=\"194\">Erre\u00e0<\/strong> w rozmiarze <strong data-start=\"207\" data-end=\"212\">L<\/strong>, pochodzi z okresu pe\u0142nej dominacji klubu na krajowej scenie pi\u0142karskiej. Valletta FC ju\u017c w latach 90. by\u0142a symbolem sportowej si\u0142y i organizacyjnej stabilno\u015bci, regularnie rywalizuj\u0105c o mistrzostwo Malty i kszta\u0142tuj\u0105c ligowe standardy dla pozosta\u0142ych zespo\u0142\u00f3w.<\/p>\n<p data-start=\"476\" data-end=\"939\">Koszulka zosta\u0142a wyprodukowana na <strong data-start=\"510\" data-end=\"537\">ca\u0142kowicie bia\u0142ej bazie<\/strong>, co nadaje jej wyj\u0105tkowo klasyczny i elegancki charakter. Jedynymi elementami kontrastuj\u0105cymi z t\u0142em s\u0105 <strong data-start=\"642\" data-end=\"676\">czerwony nadruk sponsora Xerox<\/strong> umieszczony centralnie na froncie, a tak\u017ce <strong data-start=\"720\" data-end=\"749\">czerwony herb Valletta FC<\/strong> oraz logo <strong data-start=\"760\" data-end=\"769\">Erre\u00e0<\/strong>, kt\u00f3re tworz\u0105 sp\u00f3jn\u0105 i minimalistyczn\u0105 kompozycj\u0119 wizualn\u0105. Projekt uzupe\u0142nia <strong data-start=\"848\" data-end=\"872\">ko\u0142nierzyk typu polo<\/strong>, podkre\u015blaj\u0105cy tradycyjny styl koszulek klubowych ko\u0144c\u00f3wki lat 90.<\/p>\n<p data-start=\"941\" data-end=\"1350\">W kontek\u015bcie historycznym <strong data-start=\"967\" data-end=\"982\">Valletta FC<\/strong> to najbardziej utytu\u0142owany klub w historii <strong data-start=\"1026\" data-end=\"1054\">malta\u0144skiej pi\u0142ki no\u017cnej<\/strong>, odgrywaj\u0105cy kluczow\u0105 rol\u0119 w jej rozwoju od dekad. Zesp\u00f3\u0142 z Valletty wielokrotnie wyznacza\u0142 sportowe trendy na wyspie, dominuj\u0105c w rozgrywkach ligowych i pucharowych, a tak\u017ce regularnie reprezentuj\u0105c Malt\u0119 w europejskich pucharach, buduj\u0105c rozpoznawalno\u015b\u0107 lokalnego futbolu poza granicami kraju.<\/p>\n<p data-start=\"1352\" data-end=\"1595\">Koszulka zosta\u0142a wykonana z lekkiego i przewiewnego materia\u0142u, a kr\u00f3j w rozmiarze <strong data-start=\"1434\" data-end=\"1439\">L<\/strong> pozostaje zgodny ze standardami <strong data-start=\"1472\" data-end=\"1481\">Erre\u00e0<\/strong>, charakterystycznymi dla projekt\u00f3w z drugiej po\u0142owy lat 90., oferuj\u0105c klasyczne dopasowanie i ponadczasow\u0105 form\u0119.<\/p>\n<p data-start=\"1597\" data-end=\"1814\" data-is-last-node=\"\" data-is-only-node=\"\">To propozycja dla kolekcjoner\u00f3w oraz kibic\u00f3w poszukuj\u0105cych oryginalnej domowej koszulki pi\u0142karskiej <strong data-start=\"1697\" data-end=\"1712\">Valletta FC<\/strong> z <strong data-start=\"1715\" data-end=\"1733\">sezonu 1997\/98<\/strong>, stanowi\u0105cej czytelny zapis dominuj\u0105cej roli klubu w historii malta\u0144skiej pi\u0142ki.<\/p>\n<\/div>\n<\/div>\n<\/div>\n<\/div>\n<\/div>\n<\/div>\n<\/article>\n<\/div>\n","protected":false},"featured_media":59293,"template":"","meta":{"_kad_blocks_custom_css":"","_kad_blocks_head_custom_js":"","_kad_blocks_body_custom_js":"","_kad_blocks_footer_custom_js":"","_kad_post_transparent":"default","_kad_post_title":"","_kad_post_layout":"default","_kad_post_sidebar_id":"","_kad_post_content_style":"default","_kad_post_vertical_padding":"default","_kad_post_feature":"","_kad_post_feature_position":"","_kad_post_header":false,"_kad_post_footer":false,"_kad_post_classname":""},"product_brand":[1300],"product_cat":[1493],"product_tag":[],"class_list":{"0":"post-59139","1":"product","2":"type-product","3":"status-publish","4":"has-post-thumbnail","6":"product_brand-errea","7":"product_cat-kluby-europejskie-europa","8":"pa_homeawaythird-home","9":"pa_rozmiar-l","11":"first","12":"instock","13":"taxable","14":"shipping-taxable","15":"purchasable","16":"product-type-simple","17":"entry","18":"content-bg","19":"loop-entry"},"taxonomy_info":{"product_brand":[{"value":1300,"label":"Errea"}],"product_cat":[{"value":1493,"label":"Pozosta\u0142e kluby europejskie"}],"pa_homeawaythird":[{"value":1597,"label":"Home"}],"pa_rozmiar":[{"value":1817,"label":"L"}]},"featured_image_src_large":["https:\/\/footballthrift.shop\/wp-content\/uploads\/2024\/11\/Photoroom_028_20241124_111439-1024x1024.png",1024,1024,true],"author_info":[],"comment_info":"","_links":{"self":[{"href":"https:\/\/footballthrift.shop\/de\/wp-json\/wp\/v2\/product\/59139","targetHints":{"allow":["GET"]}}],"collection":[{"href":"https:\/\/footballthrift.shop\/de\/wp-json\/wp\/v2\/product"}],"about":[{"href":"https:\/\/footballthrift.shop\/de\/wp-json\/wp\/v2\/types\/product"}],"wp:featuredmedia":[{"embeddable":true,"href":"https:\/\/footballthrift.shop\/de\/wp-json\/wp\/v2\/media\/59293"}],"wp:attachment":[{"href":"https:\/\/footballthrift.shop\/de\/wp-json\/wp\/v2\/media?parent=59139"}],"wp:term":[{"taxonomy":"product_brand","embeddable":true,"href":"https:\/\/footballthrift.shop\/de\/wp-json\/wp\/v2\/product_brand?post=59139"},{"taxonomy":"product_cat","embeddable":true,"href":"https:\/\/footballthrift.shop\/de\/wp-json\/wp\/v2\/product_cat?post=59139"},{"taxonomy":"product_tag","embeddable":true,"href":"https:\/\/footballthrift.shop\/de\/wp-json\/wp\/v2\/product_tag?post=59139"}],"curies":[{"name":"wp","href":"https:\/\/api.w.org\/{rel}","templated":true}]}}