{"id":59121,"date":"2025-02-13T18:02:59","date_gmt":"2025-02-13T17:02:59","guid":{"rendered":"https:\/\/footballthrift.shop\/?post_type=product&#038;p=59121"},"modified":"2026-03-09T11:31:10","modified_gmt":"2026-03-09T10:31:10","slug":"koszulka-bawelniana-atletico-madryt-l","status":"publish","type":"product","link":"https:\/\/footballthrift.shop\/de\/koszulka-bawelniana-atletico-madryt-l\/","title":{"rendered":"Koszulka bawe\u0142niana Atletico Madryt [L]"},"content":{"rendered":"<p><strong>Verein:<\/strong> Atletico Madrid<\/p>\n<p><strong>Gr\u00f6\u00dfe: <\/strong>L<\/p>\n<p><strong>Zustand:<\/strong> Gut - Loch auf der Vorderseite des Hemdes.<\/p>\n<p><strong>Ma\u00dfe (Achselbreite\/L\u00e4nge) in cm: <\/strong>56\/73<\/p>","protected":false},"excerpt":{"rendered":"<p data-start=\"0\" data-end=\"66\"><strong data-start=\"0\" data-end=\"66\">Original Atl\u00e9tico Madrid Baumwoll-T-Shirt von Nike.\u00a0<\/strong><\/p>\n<p data-start=\"68\" data-end=\"457\">Modell <strong data-start=\"74\" data-end=\"115\"><span class=\"hover:entity-accent entity-underline inline cursor-pointer align-baseline\"><span class=\"whitespace-normal\">Atl\u00e9tico Madrid<\/span><\/span><\/strong>hergestellt von <strong data-start=\"137\" data-end=\"178\"><span class=\"hover:entity-accent entity-underline inline cursor-pointer align-baseline\"><span class=\"whitespace-normal\">Nike<\/span><\/span><\/strong> w <strong data-start=\"181\" data-end=\"196\">Gr\u00f6\u00dfe L<\/strong>, stammt aus <strong data-start=\"209\" data-end=\"244\">eine unbestimmte Jahreszeit<\/strong>, h\u00f6chstwahrscheinlich aus <strong data-start=\"267\" data-end=\"284\">2010-2020<\/strong>. Es ist ein l\u00e4ssiges Hemd f\u00fcr den Alltag, inspiriert von der visuellen Identit\u00e4t eines der bekanntesten spanischen Clubs.<\/p>\n<p data-start=\"459\" data-end=\"892\">Das T-Shirt wurde hergestellt am <strong data-start=\"488\" data-end=\"507\">roter Sockel<\/strong>, die eindeutig mit den Farben des <strong data-start=\"544\" data-end=\"563\">Atl\u00e9tico Madrid<\/strong>. Sein markantestes Merkmal ist <strong data-start=\"615\" data-end=\"657\">wei\u00dfer Bereich auf der linken Brust<\/strong>\u00fcber die es eine <strong data-start=\"682\" data-end=\"696\">Vereinswappen<\/strong>, Das Design ist einfach und minimalistisch gehalten, typisch f\u00fcr ein Baumwoll-T-Shirt, das sich deutlich vom Hintergrund abhebt und einen zentralen visuellen Akzent setzt. Das Design ist einfach und minimalistisch gehalten, typisch f\u00fcr Baumwoll-T-Shirts. <strong data-start=\"869\" data-end=\"877\">Nike<\/strong> aus dieser Zeit.<\/p>\n<p data-start=\"894\" data-end=\"1241\">Obwohl es nicht m\u00f6glich war, das Trikot eindeutig einer bestimmten Saison zuzuordnen, deuten Design, Schnitt und Verarbeitung auf einen Zeitraum von <strong data-start=\"1026\" data-end=\"1065\">das zweite Jahrzehnt des 21. Jahrhunderts<\/strong>, wenn <strong data-start=\"1073\" data-end=\"1092\">Atl\u00e9tico Madrid<\/strong> hat sich in der europ\u00e4ischen Spitzenklasse etabliert, nimmt regelm\u00e4\u00dfig an der spanischen Meisterschaft teil und ist in internationalen Wettbewerben erfolgreich.<\/p>\n<p data-start=\"1243\" data-end=\"1436\">Das T-Shirt ist hergestellt aus <strong data-start=\"1271\" data-end=\"1297\">aus Baumwollgewebe<\/strong>, f\u00fcr den Komfort, und der Schnitt in <strong data-start=\"1344\" data-end=\"1359\">Gr\u00f6\u00dfe L<\/strong> bietet eine klassische, l\u00e4ssige Passform f\u00fcr den Alltag.<\/p>\n<p data-start=\"1438\" data-end=\"1717\" data-is-last-node=\"\" data-is-only-node=\"\">Dies ist f\u00fcr Fans und Sammler, die ein Original <strong data-start=\"1509\" data-end=\"1564\">Atl\u00e9tico Madrid Baumwolltrikot von Nike<\/strong>, Ein einfaches und klares Element der Vereinsidentit\u00e4t, das stilistisch in einem der erfolgreichsten Jahrzehnte der modernen Vereinsgeschichte angesiedelt ist.<\/p>","protected":false},"featured_media":59181,"template":"","meta":{"_kad_blocks_custom_css":"","_kad_blocks_head_custom_js":"","_kad_blocks_body_custom_js":"","_kad_blocks_footer_custom_js":"","_kad_post_transparent":"default","_kad_post_title":"","_kad_post_layout":"default","_kad_post_sidebar_id":"","_kad_post_content_style":"default","_kad_post_vertical_padding":"default","_kad_post_feature":"","_kad_post_feature_position":"","_kad_post_header":false,"_kad_post_footer":false,"_kad_post_classname":""},"product_brand":[1284],"product_cat":[1443,1423],"product_tag":[],"class_list":{"0":"post-59121","1":"product","2":"type-product","3":"status-publish","4":"has-post-thumbnail","6":"product_brand-nike","7":"product_cat-kluby-hiszpanskie-atleticomadryt","8":"product_cat-kurtkibluzytrening","9":"pa_rozmiar-l","11":"first","12":"instock","13":"taxable","14":"shipping-taxable","15":"purchasable","16":"product-type-simple","17":"entry","18":"content-bg","19":"loop-entry"},"taxonomy_info":{"product_brand":[{"value":1284,"label":"Nike"}],"product_cat":[{"value":1443,"label":"Atletico Madryt"},{"value":1423,"label":"Kurtki\/bluzy\/trening"}],"pa_rozmiar":[{"value":1817,"label":"L"}]},"featured_image_src_large":["https:\/\/footballthrift.shop\/wp-content\/uploads\/2024\/11\/Photoroom_016_20241124_111439-1024x1024.png",1024,1024,true],"author_info":[],"comment_info":"","_links":{"self":[{"href":"https:\/\/footballthrift.shop\/de\/wp-json\/wp\/v2\/product\/59121","targetHints":{"allow":["GET"]}}],"collection":[{"href":"https:\/\/footballthrift.shop\/de\/wp-json\/wp\/v2\/product"}],"about":[{"href":"https:\/\/footballthrift.shop\/de\/wp-json\/wp\/v2\/types\/product"}],"wp:featuredmedia":[{"embeddable":true,"href":"https:\/\/footballthrift.shop\/de\/wp-json\/wp\/v2\/media\/59181"}],"wp:attachment":[{"href":"https:\/\/footballthrift.shop\/de\/wp-json\/wp\/v2\/media?parent=59121"}],"wp:term":[{"taxonomy":"product_brand","embeddable":true,"href":"https:\/\/footballthrift.shop\/de\/wp-json\/wp\/v2\/product_brand?post=59121"},{"taxonomy":"product_cat","embeddable":true,"href":"https:\/\/footballthrift.shop\/de\/wp-json\/wp\/v2\/product_cat?post=59121"},{"taxonomy":"product_tag","embeddable":true,"href":"https:\/\/footballthrift.shop\/de\/wp-json\/wp\/v2\/product_tag?post=59121"}],"curies":[{"name":"wp","href":"https:\/\/api.w.org\/{rel}","templated":true}]}}