{"id":59120,"date":"2025-02-13T18:02:51","date_gmt":"2025-02-13T17:02:51","guid":{"rendered":"https:\/\/footballthrift.shop\/?post_type=product&#038;p=59120"},"modified":"2026-03-09T11:31:11","modified_gmt":"2026-03-09T10:31:11","slug":"afc-ajax-2009-10-home-6-lindgren-m","status":"publish","type":"product","link":"https:\/\/footballthrift.shop\/de\/afc-ajax-2009-10-home-6-lindgren-m\/","title":{"rendered":"Koszulka pi\u0142karska AFC Ajax 2009\/10 Home 6 Lindgren [M]"},"content":{"rendered":"<p><strong>Verein:<\/strong> AFC Ajax<\/p>\n<p><strong>Saison:<\/strong> 2009\/10 Startseite<\/p>\n<p><strong>Gr\u00f6\u00dfe: <\/strong>M<\/p>\n<p><strong>Zustand:\u00a0<\/strong>Befriedigend - stark gerissener Druck auf der R\u00fcckseite und leichte wei\u00dfe Verschmutzung.<\/p>\n<p><strong>Ma\u00dfe (Achselbreite\/L\u00e4nge) in cm: <\/strong>51\/72<\/p>","protected":false},"excerpt":{"rendered":"<p data-start=\"0\" data-end=\"116\"><strong data-start=\"0\" data-end=\"116\">Das Original AFC Ajax Heimtrikot aus der Saison 2009\/10 von Adidas, bedruckt mit Rasmus Lindgren.\u00a0<\/strong><\/p>\n<p data-start=\"118\" data-end=\"466\">Heimmodell <strong data-start=\"131\" data-end=\"172\"><span class=\"hover:entity-accent entity-underline inline cursor-pointer align-baseline\"><span class=\"whitespace-normal\">AFC Ajax<\/span><\/span><\/strong> z <strong data-start=\"175\" data-end=\"193\">Saison 2009\/10<\/strong>hergestellt von <strong data-start=\"215\" data-end=\"226\">Adidas<\/strong> in der Gr\u00f6\u00dfe <strong data-start=\"239\" data-end=\"244\">M<\/strong>, stammt aus einer Zeit, in der der Amsterdamer Verein einen deutlichen sportlichen Umbau durchf\u00fchrte. Es war eine Zeit, in der Ajax nach und nach seine Position im heimischen Umfeld wieder aufbaute und die Strukturen der Mannschaft nach fr\u00fcheren, weniger stabilen Jahren wieder in Ordnung brachte.<\/p>\n<p data-start=\"468\" data-end=\"1042\">Das T-Shirt wurde in einem der bekanntesten Designs der Geschichte hergestellt <strong data-start=\"559\" data-end=\"572\">AFC Ajax<\/strong>, z <strong data-start=\"576\" data-end=\"603\">dickes rotes Band<\/strong> die vertikal durch die Mitte der Vorderseite verl\u00e4uft. <strong data-start=\"643\" data-end=\"673\">Hemdseiten und \u00c4rmel<\/strong> in Farbe gehalten <strong data-start=\"694\" data-end=\"704\">wei\u00df<\/strong>, ebenso wie <strong data-start=\"719\" data-end=\"743\">Polokragen<\/strong>, seine Verarbeitung und <strong data-start=\"767\" data-end=\"800\">Herstellerstreifen auf den \u00c4rmeln<\/strong>, Merkmal der Projekte <strong data-start=\"834\" data-end=\"845\">Adidas<\/strong>. Die H\u00fclse weist folgende Merkmale auf <strong data-start=\"870\" data-end=\"897\">Eredivisie Liga Patch<\/strong>, mit einem Sponsorenaufdruck in der vorderen Mitte <strong data-start=\"960\" data-end=\"969\">Aegon<\/strong>, Das Logo war damals fester Bestandteil der visuellen Identit\u00e4t des Vereins.<\/p>\n<p data-start=\"1044\" data-end=\"1386\">Auf der R\u00fcckseite befindet sich ein origineller Aufdruck. <strong data-start=\"1086\" data-end=\"1127\"><span class=\"hover:entity-accent entity-underline inline cursor-pointer align-baseline\"><span class=\"whitespace-normal\">Rasmus Lindgren<\/span><\/span><\/strong>, der schwedische Mittelfeldspieler, der in <strong data-start=\"1160\" data-end=\"1179\">Saison 2009\/10<\/strong> war ein wichtiges Bindeglied im Mittelfeld <strong data-start=\"1211\" data-end=\"1224\">AFC Ajax<\/strong>. <strong data-start=\"1226\" data-end=\"1245\">Schwede<\/strong> brachte gro\u00dfe taktische Disziplin, Intensit\u00e4t und Erfahrung in die Mannschaft ein und spielte eine stabilisierende Rolle in einem Team, das sich im Umbruch befand.<\/p>\n<p data-start=\"1388\" data-end=\"1792\">W <strong data-start=\"1390\" data-end=\"1409\">Saison 2009\/10<\/strong> <strong data-start=\"1410\" data-end=\"1422\">AFC Ajax<\/strong> pr\u00e4sentierte einen zunehmend offensiven Spielstil, der auf jungen Spielern und den klassischen Prinzipien der Vereinsphilosophie basierte. Es war auch eine Zeit, in der die Vereinsfarben unter anderem von folgenden Spielern vertreten wurden. <strong data-start=\"1610\" data-end=\"1625\">Luis Su\u00e1rez<\/strong>, <strong data-start=\"1627\" data-end=\"1643\">Siem de Jong<\/strong>, <strong data-start=\"1645\" data-end=\"1666\">Toby Alderweireld<\/strong> oder <strong data-start=\"1671\" data-end=\"1695\">Maarten Stekelenburg<\/strong>, und die Mannschaft k\u00e4mpfte um nationale Troph\u00e4en und legte damit den Grundstein f\u00fcr weitere Erfolge in den folgenden Jahren.<\/p>\n<p data-start=\"1794\" data-end=\"2009\">Das T-Shirt ist aus leichtem und atmungsaktivem Material gefertigt und der Schnitt in Gr\u00f6\u00dfe <strong data-start=\"1876\" data-end=\"1881\">M<\/strong> bleibt konform mit den Normen <strong data-start=\"1914\" data-end=\"1925\">Adidas<\/strong>, die zu Beginn des 21. Jahrhunderts bei Haushaltsprojekten verwendet wurden.<\/p>\n<p data-start=\"2011\" data-end=\"2275\" data-is-last-node=\"\" data-is-only-node=\"\">F\u00fcr Sammler und Fans, die ein originales Heimtrikot suchen <strong data-start=\"2111\" data-end=\"2124\">AFC Ajax<\/strong> z <strong data-start=\"2127\" data-end=\"2145\">Saison 2009\/10<\/strong>, Sie ist ein deutliches Zeugnis der Wiederaufbauphase und einer der wichtigsten Momente in der modernen Geschichte des Amsterdamer Clubs.<\/p>","protected":false},"featured_media":59391,"template":"","meta":{"_kad_blocks_custom_css":"","_kad_blocks_head_custom_js":"","_kad_blocks_body_custom_js":"","_kad_blocks_footer_custom_js":"","_kad_post_transparent":"default","_kad_post_title":"","_kad_post_layout":"default","_kad_post_sidebar_id":"","_kad_post_content_style":"default","_kad_post_vertical_padding":"default","_kad_post_feature":"","_kad_post_feature_position":"","_kad_post_header":false,"_kad_post_footer":false,"_kad_post_classname":""},"product_brand":[1283],"product_cat":[1466],"product_tag":[],"class_list":{"0":"post-59120","1":"product","2":"type-product","3":"status-publish","4":"has-post-thumbnail","6":"product_brand-adidas","7":"product_cat-belgia-holandia","8":"pa_homeawaythird-home","9":"pa_rozmiar-m","11":"first","12":"instock","13":"taxable","14":"shipping-taxable","15":"purchasable","16":"product-type-simple","17":"entry","18":"content-bg","19":"loop-entry"},"taxonomy_info":{"product_brand":[{"value":1283,"label":"Adidas"}],"product_cat":[{"value":1466,"label":"Belgia i Holandia"}],"pa_homeawaythird":[{"value":1597,"label":"Home"}],"pa_rozmiar":[{"value":1816,"label":"M"}]},"featured_image_src_large":["https:\/\/footballthrift.shop\/wp-content\/uploads\/2024\/11\/Photoroom_000_20241126_135910-1024x1024.png",1024,1024,true],"author_info":[],"comment_info":"","_links":{"self":[{"href":"https:\/\/footballthrift.shop\/de\/wp-json\/wp\/v2\/product\/59120","targetHints":{"allow":["GET"]}}],"collection":[{"href":"https:\/\/footballthrift.shop\/de\/wp-json\/wp\/v2\/product"}],"about":[{"href":"https:\/\/footballthrift.shop\/de\/wp-json\/wp\/v2\/types\/product"}],"wp:featuredmedia":[{"embeddable":true,"href":"https:\/\/footballthrift.shop\/de\/wp-json\/wp\/v2\/media\/59391"}],"wp:attachment":[{"href":"https:\/\/footballthrift.shop\/de\/wp-json\/wp\/v2\/media?parent=59120"}],"wp:term":[{"taxonomy":"product_brand","embeddable":true,"href":"https:\/\/footballthrift.shop\/de\/wp-json\/wp\/v2\/product_brand?post=59120"},{"taxonomy":"product_cat","embeddable":true,"href":"https:\/\/footballthrift.shop\/de\/wp-json\/wp\/v2\/product_cat?post=59120"},{"taxonomy":"product_tag","embeddable":true,"href":"https:\/\/footballthrift.shop\/de\/wp-json\/wp\/v2\/product_tag?post=59120"}],"curies":[{"name":"wp","href":"https:\/\/api.w.org\/{rel}","templated":true}]}}