{"id":58708,"date":"2025-02-13T18:02:43","date_gmt":"2025-02-13T17:02:43","guid":{"rendered":"https:\/\/footballthrift.shop\/?post_type=product&#038;p=58708"},"modified":"2026-03-09T11:31:13","modified_gmt":"2026-03-09T10:31:13","slug":"ungarn-2012-14-heim-13-bode-s","status":"publish","type":"product","link":"https:\/\/footballthrift.shop\/de\/wegry-2012-14-home-13-bode-s\/","title":{"rendered":"Koszulka pi\u0142karska W\u0119gry 2012\/14 Home 13 Bode [S]"},"content":{"rendered":"<p><strong>Verein:<\/strong> Ungarn<\/p>\n<p><strong>Saison:<\/strong> 2012\/14 Startseite<\/p>\n<p><strong>Gr\u00f6\u00dfe: <\/strong>S<\/p>\n<p><strong>Zustand:<\/strong> Sehr gut - Mikroschaden an der Nummer auf der R\u00fcckseite.<\/p>\n<p><strong>Ma\u00dfe (Achselbreite\/L\u00e4nge) in cm: <\/strong>48\/67<\/p>","protected":false},"excerpt":{"rendered":"<div class=\"flex flex-col text-sm pb-25\">\n<article class=\"text-token-text-primary w-full focus:outline-none [--shadow-height:45px] has-data-writing-block:pointer-events-none has-data-writing-block:-mt-(--shadow-height) has-data-writing-block:pt-(--shadow-height) [&amp;:has([data-writing-block])&gt;*]:pointer-events-auto scroll-mt-[calc(var(--header-height)+min(200px,max(70px,20svh)))]\" dir=\"auto\" tabindex=\"-1\" data-turn-id=\"request-69846e9f-d3cc-8389-9cfe-2684a6b1e83a-2\" data-testid=\"conversation-turn-122\" data-scroll-anchor=\"true\" data-turn=\"assistant\">\n<div class=\"text-base my-auto mx-auto pb-10 [--thread-content-margin:--spacing(4)] @w-sm\/main:[--thread-content-margin:--spacing(6)] @w-lg\/main:[--thread-content-margin:--spacing(16)] px-(--thread-content-margin)\">\n<div class=\"[--thread-content-max-width:40rem] @w-lg\/main:[--thread-content-max-width:48rem] mx-auto max-w-(--thread-content-max-width) flex-1 group\/turn-messages focus-visible:outline-hidden relative flex w-full min-w-0 flex-col agent-turn\" tabindex=\"-1\">\n<div class=\"flex max-w-full flex-col grow\">\n<div class=\"min-h-8 text-message relative flex w-full flex-col items-end gap-2 text-start break-words whitespace-normal [.text-message+&amp;]:mt-1\" dir=\"auto\" data-message-author-role=\"assistant\" data-message-id=\"215827af-8b10-4871-8851-4e1b964be880\" data-message-model-slug=\"gpt-5-2\">\n<div class=\"flex w-full flex-col gap-1 empty:hidden first:pt-[1px]\">\n<div class=\"markdown prose dark:prose-invert w-full wrap-break-word light markdown-new-styling\">\n<p data-start=\"0\" data-end=\"119\"><strong data-start=\"0\" data-end=\"119\">Oryginalna domowa koszulka pi\u0142karska reprezentacji W\u0119gier z lat 2012\/14 produkcji Adidasa z nadrukiem Daniela B\u00f6de.\u00a0<\/strong><\/p>\n<p data-start=\"121\" data-end=\"485\">Domowy model <strong>r<\/strong><strong data-start=\"134\" data-end=\"175\"><span class=\"hover:entity-accent entity-underline inline cursor-pointer align-baseline\"><span class=\"whitespace-normal\">eprezentacji W\u0119gier<\/span><\/span><\/strong> z lat <strong data-start=\"182\" data-end=\"193\">2012\/14<\/strong>, wyprodukowany przez <strong data-start=\"215\" data-end=\"226\">Adidasa<\/strong> w rozmiarze <strong data-start=\"239\" data-end=\"244\">S<\/strong>, pochodzi z okresu konsekwentnej odbudowy dru\u017cyny narodowej i poszukiwania stabilnej to\u017csamo\u015bci sportowej. By\u0142 to czas intensywnej rywalizacji w eliminacjach oraz stopniowego powrotu W\u0119gr\u00f3w do regularnej obecno\u015bci na mi\u0119dzynarodowej scenie.<\/p>\n<p data-start=\"487\" data-end=\"844\">Koszulka zosta\u0142a wyprodukowana na klasycznej <strong data-start=\"532\" data-end=\"551\">czerwonej bazie<\/strong>, jednoznacznie kojarzonej z domowymi barwami <strong data-start=\"597\" data-end=\"621\">reprezentacji W\u0119gier<\/strong>. Projekt uzupe\u0142niaj\u0105 <strong data-start=\"643\" data-end=\"674\">bia\u0142e wyko\u0144czenie ko\u0142nierza<\/strong> oraz <strong data-start=\"680\" data-end=\"712\">paski producenta na r\u0119kawach<\/strong>, charakterystyczne dla projekt\u00f3w <strong data-start=\"746\" data-end=\"757\">Adidasa<\/strong>, kt\u00f3re nadaj\u0105 ca\u0142o\u015bci czysty, reprezentacyjny wygl\u0105d i wyra\u017any kontrast kolorystyczny.<\/p>\n<p data-start=\"846\" data-end=\"1280\">Na plecach znajduje si\u0119 oryginalny nadruk <strong data-start=\"888\" data-end=\"929\"><span class=\"hover:entity-accent entity-underline inline cursor-pointer align-baseline\"><span class=\"whitespace-normal\">D\u00e1niel B\u00f6de<\/span><\/span><\/strong>, napastnika znanego przede wszystkim z wyst\u0119p\u00f3w w barwach <strong data-start=\"988\" data-end=\"1029\"><span class=\"hover:entity-accent entity-underline inline cursor-pointer align-baseline\"><span class=\"whitespace-normal\">Paksi FC<\/span><\/span><\/strong> oraz <strong data-start=\"1035\" data-end=\"1076\"><span class=\"hover:entity-accent entity-underline inline cursor-pointer align-baseline\"><span class=\"whitespace-normal\">Ferencv\u00e1rosi TC<\/span><\/span><\/strong>. <strong data-start=\"1078\" data-end=\"1093\">D\u00e1niel B\u00f6de<\/strong> rozegra\u0142 dla <strong data-start=\"1107\" data-end=\"1131\">reprezentacji W\u0119gier<\/strong> <strong data-start=\"1132\" data-end=\"1146\">25 spotka\u0144<\/strong>, zdobywaj\u0105c <strong data-start=\"1159\" data-end=\"1171\">5 bramek<\/strong>, a jego gra opiera\u0142a si\u0119 na sile fizycznej, skuteczno\u015bci w polu karnym i pracy na rzecz zespo\u0142u w ofensywie.<\/p>\n<p data-start=\"1282\" data-end=\"1498\">Koszulka zosta\u0142a wykonana z <strong data-start=\"1310\" data-end=\"1347\">lekkiego i przewiewnego materia\u0142u<\/strong>, a kr\u00f3j w rozmiarze <strong data-start=\"1368\" data-end=\"1373\">S<\/strong> pozostaje zgodny ze standardami <strong data-start=\"1406\" data-end=\"1417\">Adidasa<\/strong>, stosowanymi w reprezentacyjnych projektach z pocz\u0105tku drugiej dekady XXI wieku.<\/p>\n<p data-start=\"1500\" data-end=\"1748\" data-is-last-node=\"\" data-is-only-node=\"\">To propozycja dla kolekcjoner\u00f3w oraz kibic\u00f3w poszukuj\u0105cych oryginalnej domowej koszulki pi\u0142karskiej <strong data-start=\"1600\" data-end=\"1624\">reprezentacji W\u0119gier<\/strong> z lat <strong data-start=\"1631\" data-end=\"1642\">2012\/14<\/strong>, stanowi\u0105cej czytelny zapis etapu odbudowy kadry i reprezentacyjnego epizodu w karierze <strong data-start=\"1731\" data-end=\"1747\">D\u00e1niela B\u00f6de<\/strong>.<\/p>\n<\/div>\n<\/div>\n<\/div>\n<\/div>\n<\/div>\n<\/div>\n<\/article>\n<\/div>\n","protected":false},"featured_media":58857,"template":"","meta":{"_kad_blocks_custom_css":"","_kad_blocks_head_custom_js":"","_kad_blocks_body_custom_js":"","_kad_blocks_footer_custom_js":"","_kad_post_transparent":"default","_kad_post_title":"","_kad_post_layout":"default","_kad_post_sidebar_id":"","_kad_post_content_style":"default","_kad_post_vertical_padding":"default","_kad_post_feature":"","_kad_post_feature_position":"","_kad_post_header":false,"_kad_post_footer":false,"_kad_post_classname":""},"product_brand":[1283],"product_cat":[1489],"product_tag":[],"class_list":{"0":"post-58708","1":"product","2":"type-product","3":"status-publish","4":"has-post-thumbnail","6":"product_brand-adidas","7":"product_cat-pozostale-reprezentacje-europa","8":"pa_homeawaythird-home","9":"pa_rozmiar-s","11":"first","12":"instock","13":"taxable","14":"shipping-taxable","15":"purchasable","16":"product-type-simple","17":"entry","18":"content-bg","19":"loop-entry"},"taxonomy_info":{"product_brand":[{"value":1283,"label":"Adidas"}],"product_cat":[{"value":1489,"label":"Pozosta\u0142e"}],"pa_homeawaythird":[{"value":1597,"label":"Home"}],"pa_rozmiar":[{"value":1815,"label":"S"}]},"featured_image_src_large":["https:\/\/footballthrift.shop\/wp-content\/uploads\/2024\/11\/Photoroom_015_20241116_190618-1024x1024.png",1024,1024,true],"author_info":[],"comment_info":"","_links":{"self":[{"href":"https:\/\/footballthrift.shop\/de\/wp-json\/wp\/v2\/product\/58708","targetHints":{"allow":["GET"]}}],"collection":[{"href":"https:\/\/footballthrift.shop\/de\/wp-json\/wp\/v2\/product"}],"about":[{"href":"https:\/\/footballthrift.shop\/de\/wp-json\/wp\/v2\/types\/product"}],"wp:featuredmedia":[{"embeddable":true,"href":"https:\/\/footballthrift.shop\/de\/wp-json\/wp\/v2\/media\/58857"}],"wp:attachment":[{"href":"https:\/\/footballthrift.shop\/de\/wp-json\/wp\/v2\/media?parent=58708"}],"wp:term":[{"taxonomy":"product_brand","embeddable":true,"href":"https:\/\/footballthrift.shop\/de\/wp-json\/wp\/v2\/product_brand?post=58708"},{"taxonomy":"product_cat","embeddable":true,"href":"https:\/\/footballthrift.shop\/de\/wp-json\/wp\/v2\/product_cat?post=58708"},{"taxonomy":"product_tag","embeddable":true,"href":"https:\/\/footballthrift.shop\/de\/wp-json\/wp\/v2\/product_tag?post=58708"}],"curies":[{"name":"wp","href":"https:\/\/api.w.org\/{rel}","templated":true}]}}