{"id":58698,"date":"2025-02-13T18:02:49","date_gmt":"2025-02-13T17:02:49","guid":{"rendered":"https:\/\/footballthrift.shop\/?post_type=product&#038;p=58698"},"modified":"2026-03-09T11:31:12","modified_gmt":"2026-03-09T10:31:12","slug":"fc-bayern-monachium-1995-97-home-xxl-2","status":"publish","type":"product","link":"https:\/\/footballthrift.shop\/de\/fc-bayern-monachium-1995-97-home-xxl-2\/","title":{"rendered":"Koszulka pi\u0142karska FC Bayern Monachium 1995\/97 Home [XXL]"},"content":{"rendered":"<p><strong>Verein:<\/strong> FC Bayern M\u00fcnchen<\/p>\n<p><strong>Saison:<\/strong> 1995\/97 Heimat<\/p>\n<p><strong>Gr\u00f6\u00dfe: <\/strong>XXL<\/p>\n<p><strong>Zustand:<\/strong> Gut - eine Menge Mikro-N\u00e4hte.<\/p>\n<p><strong>Ma\u00dfe (Achselbreite\/L\u00e4nge) in cm: <\/strong>67\/82<\/p>","protected":false},"excerpt":{"rendered":"<p data-start=\"0\" data-end=\"91\"><strong data-start=\"0\" data-end=\"91\">Original Bayern M\u00fcnchen Heim-Fu\u00dfballtrikot von 1995\/97 von Adidas.\u00a0<\/strong><\/p>\n<p data-start=\"93\" data-end=\"462\">Heimmodell <strong data-start=\"106\" data-end=\"147\"><span class=\"hover:entity-accent entity-underline inline cursor-pointer align-baseline\"><span class=\"whitespace-normal\">Bayern M\u00fcnchen<\/span><\/span><\/strong> im Laufe der Jahre <strong data-start=\"154\" data-end=\"165\">1995\/97<\/strong>hergestellt von <strong data-start=\"187\" data-end=\"198\">Adidas<\/strong> in der Gr\u00f6\u00dfe <strong data-start=\"211\" data-end=\"218\">XXL<\/strong>, Die Zeit, in der sich der Verein auf nationaler und europ\u00e4ischer Ebene deutlich erholt hat, ist vorbei. Es war eine Zeit der Stabilisierung nach fr\u00fcheren Formschwankungen und eine erneute Pr\u00e4senz der Bayern an der Spitze des deutschen und europ\u00e4ischen Fu\u00dfballs.<\/p>\n<p data-start=\"464\" data-end=\"899\">Das T-Shirt wurde in charakteristischem <strong data-start=\"516\" data-end=\"556\">blau-rot vertikal gestreift<\/strong>, mit einer f\u00fcr das Design typischen breiten Gurtanordnung <strong data-start=\"605\" data-end=\"616\">Adidas<\/strong> aus der Mitte der 1990er Jahre. <strong data-start=\"651\" data-end=\"679\">wei\u00dfer Polokragen<\/strong>, die den klassisch-eleganten Schnitt dieses Modells unterstreicht. Auf der Vorderseite steht ein Sponsorenaufdruck im Mittelpunkt. <strong data-start=\"789\" data-end=\"797\">Opel<\/strong>, die eindeutig mit einer der bekanntesten Epochen der Geschichte verbunden ist <strong data-start=\"877\" data-end=\"898\">Bayern M\u00fcnchen<\/strong>.<\/p>\n<p data-start=\"901\" data-end=\"1281\">Jahre <strong data-start=\"906\" data-end=\"919\">1995-1997<\/strong> waren f\u00fcr <strong data-start=\"929\" data-end=\"950\">Bayern M\u00fcnchen<\/strong> eine Periode der klaren R\u00fcckkehr zur europ\u00e4ischen Elite, gekr\u00f6nt von einem Triumph bei der <strong data-start=\"1023\" data-end=\"1058\">UEFA-Pokal in der Saison 1995\/96<\/strong>. Zu dieser Zeit wurden die Farben des Vereins unter anderem von folgenden Personen vertreten. <strong data-start=\"1109\" data-end=\"1128\">Lothar Matth\u00e4us<\/strong>, <strong data-start=\"1130\" data-end=\"1147\">Markus Babbel<\/strong>, <strong data-start=\"1149\" data-end=\"1165\">Mario Basler<\/strong> und <strong data-start=\"1171\" data-end=\"1190\">Christian Ziege<\/strong>, und eine Mannschaft zu bilden, die auf Erfahrung, K\u00f6rperlichkeit und konsequentem, strukturiertem Spiel basiert.<\/p>\n<p data-start=\"1283\" data-end=\"1490\">Das T-Shirt ist hergestellt aus <strong data-start=\"1311\" data-end=\"1348\">leichtes und luftiges Material<\/strong>, und Schnitt in Gr\u00f6\u00dfe <strong data-start=\"1369\" data-end=\"1376\">XXL<\/strong> bietet eine klassische, entspannte Passform im Einklang mit den Normen <strong data-start=\"1439\" data-end=\"1450\">Adidas<\/strong>, charakteristisch f\u00fcr die Mitte der 1990er Jahre.<\/p>\n<p data-start=\"1492\" data-end=\"1752\" data-is-last-node=\"\" data-is-only-node=\"\">F\u00fcr Sammler und Fans, die ein originales Heimtrikot suchen <strong data-start=\"1592\" data-end=\"1613\">Bayern M\u00fcnchen<\/strong> im Laufe der Jahre <strong data-start=\"1620\" data-end=\"1631\">1995\/97<\/strong>, Eine klare Aufzeichnung einer Phase des Wiederaufbaus der Macht des Vereins und einer der wichtigsten Epochen seiner Geschichte.<\/p>","protected":false},"featured_media":58774,"template":"","meta":{"_kad_blocks_custom_css":"","_kad_blocks_head_custom_js":"","_kad_blocks_body_custom_js":"","_kad_blocks_footer_custom_js":"","_kad_post_transparent":"default","_kad_post_title":"","_kad_post_layout":"default","_kad_post_sidebar_id":"","_kad_post_content_style":"default","_kad_post_vertical_padding":"default","_kad_post_feature":"","_kad_post_feature_position":"","_kad_post_header":false,"_kad_post_footer":false,"_kad_post_classname":""},"product_brand":[1283],"product_cat":[1455],"product_tag":[],"class_list":{"0":"post-58698","1":"product","2":"type-product","3":"status-publish","4":"has-post-thumbnail","6":"product_brand-adidas","7":"product_cat-kluby-niemieckie-fcbayernmonachium","8":"pa_homeawaythird-home","9":"pa_rozmiar-xxl","11":"first","12":"instock","13":"taxable","14":"shipping-taxable","15":"purchasable","16":"product-type-simple","17":"entry","18":"content-bg","19":"loop-entry"},"taxonomy_info":{"product_brand":[{"value":1283,"label":"Adidas"}],"product_cat":[{"value":1455,"label":"FC Bayern Monachium"}],"pa_homeawaythird":[{"value":1597,"label":"Home"}],"pa_rozmiar":[{"value":1819,"label":"XXL"}]},"featured_image_src_large":["https:\/\/footballthrift.shop\/wp-content\/uploads\/2024\/11\/Photoroom_018_20241116_190618-1024x1024.png",1024,1024,true],"author_info":[],"comment_info":"","_links":{"self":[{"href":"https:\/\/footballthrift.shop\/de\/wp-json\/wp\/v2\/product\/58698","targetHints":{"allow":["GET"]}}],"collection":[{"href":"https:\/\/footballthrift.shop\/de\/wp-json\/wp\/v2\/product"}],"about":[{"href":"https:\/\/footballthrift.shop\/de\/wp-json\/wp\/v2\/types\/product"}],"wp:featuredmedia":[{"embeddable":true,"href":"https:\/\/footballthrift.shop\/de\/wp-json\/wp\/v2\/media\/58774"}],"wp:attachment":[{"href":"https:\/\/footballthrift.shop\/de\/wp-json\/wp\/v2\/media?parent=58698"}],"wp:term":[{"taxonomy":"product_brand","embeddable":true,"href":"https:\/\/footballthrift.shop\/de\/wp-json\/wp\/v2\/product_brand?post=58698"},{"taxonomy":"product_cat","embeddable":true,"href":"https:\/\/footballthrift.shop\/de\/wp-json\/wp\/v2\/product_cat?post=58698"},{"taxonomy":"product_tag","embeddable":true,"href":"https:\/\/footballthrift.shop\/de\/wp-json\/wp\/v2\/product_tag?post=58698"}],"curies":[{"name":"wp","href":"https:\/\/api.w.org\/{rel}","templated":true}]}}