{"id":58694,"date":"2025-02-13T18:02:49","date_gmt":"2025-02-13T17:02:49","guid":{"rendered":"https:\/\/footballthrift.shop\/?post_type=product&#038;p=58694"},"modified":"2026-03-09T11:31:12","modified_gmt":"2026-03-09T10:31:12","slug":"czechy-2016-18-home-l","status":"publish","type":"product","link":"https:\/\/footballthrift.shop\/de\/czechy-2016-18-home-l\/","title":{"rendered":"Koszulka pi\u0142karska Czechy 2016\/18 Home [L]"},"content":{"rendered":"<p><strong>Verein:<\/strong> Tschechische Republik<\/p>\n<p><strong>Saison:<\/strong> 2016\/18 Startseite<\/p>\n<p><strong>Gr\u00f6\u00dfe: <\/strong>L<\/p>\n<p><strong>Zustand:<\/strong> Sehr gut - ein paar Mikrostiche auf der Vorderseite.<\/p>\n<p><strong>Ma\u00dfe (Achselbreite\/L\u00e4nge) in cm: <\/strong>56\/75<\/p>","protected":false},"excerpt":{"rendered":"<p data-start=\"0\" data-end=\"90\"><strong data-start=\"0\" data-end=\"90\">Original 2016\/18 Tschechische Republik Fu\u00dfballnationalmannschaft Heimtrikot von Puma.\u00a0<\/strong><\/p>\n<p data-start=\"92\" data-end=\"463\">Heimmodell <strong data-start=\"105\" data-end=\"146\"><span class=\"hover:entity-accent entity-underline inline cursor-pointer align-baseline\"><span class=\"whitespace-normal\">die tschechische Nationalmannschaft<\/span><\/span><\/strong> im Laufe der Jahre <strong data-start=\"153\" data-end=\"164\">2016\/18<\/strong>hergestellt von <strong data-start=\"186\" data-end=\"194\">Puma<\/strong> in der Gr\u00f6\u00dfe <strong data-start=\"207\" data-end=\"212\">L<\/strong>, stammt aus einer \u00dcbergangszeit der tschechischen Nationalmannschaft, in der nach Jahren gro\u00dfer Erfolge ein allm\u00e4hlicher Generationswechsel vollzogen wurde. Es war eine Zeit der Suche nach einer neuen sportlichen Identit\u00e4t und der Wiederherstellung der Position der Vertretung auf der internationalen B\u00fchne.<\/p>\n<p data-start=\"465\" data-end=\"938\">Das T-Shirt wurde hergestellt auf <strong data-start=\"499\" data-end=\"517\">burgunderrote Basis<\/strong>, die die dominierende Farbe dieses Projekts ist. Charakteristische Elemente sind <strong data-start=\"597\" data-end=\"627\">rote Eins\u00e4tze an den \u00c4rmeln<\/strong>,<strong data-start=\"629\" data-end=\"663\">\u00a0Kragenspiegel<\/strong> und <strong data-start=\"669\" data-end=\"708\">zwei diagonale Streifen auf der Vorderseite <\/strong>in der gleichen Farbe, was dem Ganzen einen dynamischen und modernen Look verleiht. Die vordere Mitte des T-Shirts zeigt <strong data-start=\"803\" data-end=\"816\">Puma-Logo<\/strong> und <strong data-start=\"822\" data-end=\"849\">das wappen der tschechischen f\u00f6deration<\/strong>, Sie sind \u00fcbereinander angeordnet, was eine symmetrische und sehr klare visuelle Gestaltung ergibt.<\/p>\n<p data-start=\"940\" data-end=\"1369\">In Jahren <strong data-start=\"949\" data-end=\"962\">2016-2018<\/strong> <strong data-start=\"963\" data-end=\"986\">Nationalmannschaft der Tschechischen Republik<\/strong> nahm an den Qualifikationsspielen f\u00fcr die Weltmeisterschaft teil, wobei die Mannschaft umgebaut und nach und nach neue F\u00fchrungspers\u00f6nlichkeiten eingef\u00fchrt wurden. Die Nationalfarben wurden damals unter anderem von folgenden Spielern vertreten. <strong data-start=\"1161\" data-end=\"1174\">Petr \u010cech<\/strong>, <strong data-start=\"1176\" data-end=\"1193\">Tom\u00e1\u0161 Rosick\u00fd<\/strong>, <strong data-start=\"1195\" data-end=\"1214\">Vladim\u00edr Darida<\/strong>, <strong data-start=\"1216\" data-end=\"1232\">Tom\u00e1\u0161 Sou\u010dek<\/strong> oder <strong data-start=\"1237\" data-end=\"1254\">Patrik Schick<\/strong>, und die Mannschaft st\u00fctzte sich auf eine Kombination aus der Erfahrung der \u00e4lteren Spieler und der wachsenden Rolle der j\u00fcngeren Generation.<\/p>\n<p data-start=\"1371\" data-end=\"1584\">Das T-Shirt ist aus leichtem und atmungsaktivem Material gefertigt und der Schnitt in Gr\u00f6\u00dfe <strong data-start=\"1453\" data-end=\"1458\">L<\/strong> bleibt konform mit den Normen <strong data-start=\"1491\" data-end=\"1499\">Pumas<\/strong>, die bei repr\u00e4sentativen Projekten in der zweiten H\u00e4lfte des zweiten Jahrzehnts des 21.<\/p>\n<p data-start=\"1586\" data-end=\"1838\" data-is-last-node=\"\" data-is-only-node=\"\">F\u00fcr Sammler und Fans, die ein originales Heimtrikot suchen <strong data-start=\"1686\" data-end=\"1709\">die tschechische Nationalmannschaft<\/strong> im Laufe der Jahre <strong data-start=\"1716\" data-end=\"1727\">2016\/18<\/strong>, Eine Zeit des Wiederaufbaus und der Suche nach einer neuen Richtung in der Geschichte dieser Nationalmannschaft.<\/p>","protected":false},"featured_media":58735,"template":"","meta":{"_kad_blocks_custom_css":"","_kad_blocks_head_custom_js":"","_kad_blocks_body_custom_js":"","_kad_blocks_footer_custom_js":"","_kad_post_transparent":"default","_kad_post_title":"","_kad_post_layout":"default","_kad_post_sidebar_id":"","_kad_post_content_style":"default","_kad_post_vertical_padding":"default","_kad_post_feature":"","_kad_post_feature_position":"","_kad_post_header":false,"_kad_post_footer":false,"_kad_post_classname":""},"product_brand":[1287],"product_cat":[1489],"product_tag":[],"class_list":{"0":"post-58694","1":"product","2":"type-product","3":"status-publish","4":"has-post-thumbnail","6":"product_brand-puma","7":"product_cat-pozostale-reprezentacje-europa","8":"pa_homeawaythird-home","9":"pa_rozmiar-l","11":"first","12":"instock","13":"taxable","14":"shipping-taxable","15":"purchasable","16":"product-type-simple","17":"entry","18":"content-bg","19":"loop-entry"},"taxonomy_info":{"product_brand":[{"value":1287,"label":"Puma"}],"product_cat":[{"value":1489,"label":"Pozosta\u0142e"}],"pa_homeawaythird":[{"value":1597,"label":"Home"}],"pa_rozmiar":[{"value":1817,"label":"L"}]},"featured_image_src_large":["https:\/\/footballthrift.shop\/wp-content\/uploads\/2024\/11\/Photoroom_004_20241116_190618-1024x1024.png",1024,1024,true],"author_info":[],"comment_info":"","_links":{"self":[{"href":"https:\/\/footballthrift.shop\/de\/wp-json\/wp\/v2\/product\/58694","targetHints":{"allow":["GET"]}}],"collection":[{"href":"https:\/\/footballthrift.shop\/de\/wp-json\/wp\/v2\/product"}],"about":[{"href":"https:\/\/footballthrift.shop\/de\/wp-json\/wp\/v2\/types\/product"}],"wp:featuredmedia":[{"embeddable":true,"href":"https:\/\/footballthrift.shop\/de\/wp-json\/wp\/v2\/media\/58735"}],"wp:attachment":[{"href":"https:\/\/footballthrift.shop\/de\/wp-json\/wp\/v2\/media?parent=58694"}],"wp:term":[{"taxonomy":"product_brand","embeddable":true,"href":"https:\/\/footballthrift.shop\/de\/wp-json\/wp\/v2\/product_brand?post=58694"},{"taxonomy":"product_cat","embeddable":true,"href":"https:\/\/footballthrift.shop\/de\/wp-json\/wp\/v2\/product_cat?post=58694"},{"taxonomy":"product_tag","embeddable":true,"href":"https:\/\/footballthrift.shop\/de\/wp-json\/wp\/v2\/product_tag?post=58694"}],"curies":[{"name":"wp","href":"https:\/\/api.w.org\/{rel}","templated":true}]}}