{"id":58414,"date":"2025-02-13T18:02:35","date_gmt":"2025-02-13T17:02:35","guid":{"rendered":"https:\/\/footballthrift.shop\/?post_type=product&#038;p=58414"},"modified":"2026-03-09T11:31:14","modified_gmt":"2026-03-09T10:31:14","slug":"rkc-waalwijk-2021-22-heim-xl","status":"publish","type":"product","link":"https:\/\/footballthrift.shop\/de\/rkc-waalwijk-2021-22-home-xl\/","title":{"rendered":"Koszulka pi\u0142karska RKC Waalwijk 2021\/22 Home [XL]"},"content":{"rendered":"<p><strong>Verein:<\/strong> RKC Waalwijk<\/p>\n<p><strong>Saison:<\/strong> 2021\/22 Heim<\/p>\n<p><strong>Gr\u00f6\u00dfe: <\/strong>XL<\/p>\n<p><strong>Zustand:<\/strong> Ausgezeichnet<\/p>\n<p><strong>Ma\u00dfe (Achselbreite\/L\u00e4nge) in cm: <\/strong>53\/75<\/p>","protected":false},"excerpt":{"rendered":"<div class=\"flex flex-col text-sm pb-25\">\n<article class=\"text-token-text-primary w-full focus:outline-none [--shadow-height:45px] has-data-writing-block:pointer-events-none has-data-writing-block:-mt-(--shadow-height) has-data-writing-block:pt-(--shadow-height) [&amp;:has([data-writing-block])&gt;*]:pointer-events-auto scroll-mt-[calc(var(--header-height)+min(200px,max(70px,20svh)))]\" dir=\"auto\" tabindex=\"-1\" data-turn-id=\"request-69846e9f-d3cc-8389-9cfe-2684a6b1e83a-10\" data-testid=\"conversation-turn-138\" data-scroll-anchor=\"true\" data-turn=\"assistant\">\n<div class=\"text-base my-auto mx-auto pb-10 [--thread-content-margin:--spacing(4)] @w-sm\/main:[--thread-content-margin:--spacing(6)] @w-lg\/main:[--thread-content-margin:--spacing(16)] px-(--thread-content-margin)\">\n<div class=\"[--thread-content-max-width:40rem] @w-lg\/main:[--thread-content-max-width:48rem] mx-auto max-w-(--thread-content-max-width) flex-1 group\/turn-messages focus-visible:outline-hidden relative flex w-full min-w-0 flex-col agent-turn\" tabindex=\"-1\">\n<div class=\"flex max-w-full flex-col grow\">\n<div class=\"min-h-8 text-message relative flex w-full flex-col items-end gap-2 text-start break-words whitespace-normal [.text-message+&amp;]:mt-1\" dir=\"auto\" data-message-author-role=\"assistant\" data-message-id=\"61077f7c-b220-4854-9e03-7853b2436215\" data-message-model-slug=\"gpt-5-2\">\n<div class=\"flex w-full flex-col gap-1 empty:hidden first:pt-[1px]\">\n<div class=\"markdown prose dark:prose-invert w-full wrap-break-word light markdown-new-styling\">\n<p data-start=\"0\" data-end=\"88\"><strong data-start=\"0\" data-end=\"88\">Oryginalna domowa koszulka pi\u0142karska RKC Waalwijk z sezonu 2021\/22 produkcji Stanno.\u00a0<\/strong><\/p>\n<p data-start=\"90\" data-end=\"498\">Domowy model <strong data-start=\"103\" data-end=\"144\"><span class=\"hover:entity-accent entity-underline inline cursor-pointer align-baseline\"><span class=\"whitespace-normal\">RKC Waalwijk<\/span><\/span><\/strong> z <strong data-start=\"147\" data-end=\"165\">sezonu 2021\/22<\/strong>, wyprodukowany przez <strong data-start=\"187\" data-end=\"197\">Stanno<\/strong> w rozmiarze <strong data-start=\"210\" data-end=\"216\">XL<\/strong>, pochodzi z okresu stabilnej obecno\u015bci klubu w Eredivisie po wcze\u015bniejszych latach balansowania mi\u0119dzy dwiema najwy\u017cszymi klasami rozgrywkowymi. By\u0142 to sezon, w kt\u00f3rym RKC konsekwentnie budowa\u0142o swoj\u0105 pozycj\u0119 jako solidny zesp\u00f3\u0142 \u015brodka tabeli, oparty na organizacji i zespo\u0142owo\u015bci.<\/p>\n<p data-start=\"500\" data-end=\"982\">Koszulka zosta\u0142a wyprodukowana na <strong data-start=\"534\" data-end=\"555\">jasno\u017c\u00f3\u0142tej bazie<\/strong>, kt\u00f3ra od dekad stanowi znak rozpoznawczy <strong data-start=\"598\" data-end=\"614\">RKC Waalwijk<\/strong>. Front zdobi\u0105 <strong data-start=\"629\" data-end=\"657\">pionowe, niebieskie pasy<\/strong>, tworz\u0105ce klasyczny i bardzo czytelny projekt nawi\u0105zuj\u0105cy do tradycyjnych domowych komplet\u00f3w klubu. Ca\u0142o\u015b\u0107 uzupe\u0142nia <strong data-start=\"775\" data-end=\"799\">ko\u0142nierzyk typu polo<\/strong>, nadaj\u0105cy koszulce bardziej elegancki, ponadczasowy charakter. Centralne miejsce na froncie zajmuje nadruk sponsora <strong data-start=\"916\" data-end=\"934\">Willy Naessens<\/strong>, wyra\u017anie kontrastuj\u0105cy z jasnym t\u0142em koszulki.<\/p>\n<p data-start=\"984\" data-end=\"1386\">W uj\u0119ciu historycznym <strong data-start=\"1006\" data-end=\"1022\">RKC Waalwijk<\/strong> pe\u0142ni istotn\u0105 rol\u0119 w strukturze <strong data-start=\"1055\" data-end=\"1078\">holenderskiej pi\u0142ki<\/strong>, b\u0119d\u0105c klubem, kt\u00f3ry przez lata stanowi\u0142 zaplecze Eredivisie i przestrze\u0144 rozwoju dla wielu zawodnik\u00f3w. Cho\u0107 nie nale\u017cy do krajowych potentat\u00f3w, RKC regularnie uczestniczy w najwy\u017cszych rozgrywkach, wzmacniaj\u0105c konkurencyjno\u015b\u0107 ligi i podtrzymuj\u0105c siln\u0105 tradycj\u0119 pi\u0142karsk\u0105 mniejszych o\u015brodk\u00f3w w Niderlandach.<\/p>\n<p data-start=\"1388\" data-end=\"1720\">W <strong data-start=\"1390\" data-end=\"1409\">sezonie 2021\/22<\/strong> <strong data-start=\"1410\" data-end=\"1426\">RKC Waalwijk<\/strong> funkcjonowa\u0142o jako dobrze zorganizowany zesp\u00f3\u0142, kt\u00f3ry dzi\u0119ki konsekwentnej grze potrafi\u0142 rywalizowa\u0107 z bardziej utytu\u0142owanymi rywalami. Klub pozostaje wa\u017cnym elementem ekosystemu Eredivisie, podkre\u015blaj\u0105c znaczenie stabilno\u015bci, lokalnej to\u017csamo\u015bci i systematycznej pracy w holenderskim futbolu.<\/p>\n<p data-start=\"1722\" data-end=\"1928\">Koszulka zosta\u0142a wykonana z <strong data-start=\"1750\" data-end=\"1787\">lekkiego i przewiewnego materia\u0142u<\/strong>, a kr\u00f3j w rozmiarze <strong data-start=\"1808\" data-end=\"1814\">XL<\/strong> pozostaje zgodny ze standardami <strong data-start=\"1847\" data-end=\"1857\">Stanno<\/strong>, stosowanymi w ligowych projektach pocz\u0105tku trzeciej dekady XXI wieku.<\/p>\n<p data-start=\"1930\" data-end=\"2176\" data-is-last-node=\"\" data-is-only-node=\"\">To propozycja dla kolekcjoner\u00f3w oraz kibic\u00f3w poszukuj\u0105cych oryginalnej domowej koszulki pi\u0142karskiej <strong data-start=\"2030\" data-end=\"2046\">RKC Waalwijk<\/strong> z <strong data-start=\"2049\" data-end=\"2067\">sezonu 2021\/22<\/strong>, stanowi\u0105cej czytelny zapis roli klubu jako stabilnego i wa\u017cnego uczestnika holenderskiej sceny pi\u0142karskiej.<\/p>\n<\/div>\n<\/div>\n<\/div>\n<\/div>\n<\/div>\n<\/div>\n<\/article>\n<\/div>\n","protected":false},"featured_media":58526,"template":"","meta":{"_kad_blocks_custom_css":"","_kad_blocks_head_custom_js":"","_kad_blocks_body_custom_js":"","_kad_blocks_footer_custom_js":"","_kad_post_transparent":"default","_kad_post_title":"","_kad_post_layout":"default","_kad_post_sidebar_id":"","_kad_post_content_style":"default","_kad_post_vertical_padding":"default","_kad_post_feature":"","_kad_post_feature_position":"","_kad_post_header":false,"_kad_post_footer":false,"_kad_post_classname":""},"product_brand":[1995],"product_cat":[1466],"product_tag":[],"class_list":{"0":"post-58414","1":"product","2":"type-product","3":"status-publish","4":"has-post-thumbnail","6":"product_brand-stanno","7":"product_cat-belgia-holandia","8":"pa_homeawaythird-home","9":"pa_rozmiar-xl","11":"first","12":"instock","13":"taxable","14":"shipping-taxable","15":"purchasable","16":"product-type-simple","17":"entry","18":"content-bg","19":"loop-entry"},"taxonomy_info":{"product_brand":[{"value":1995,"label":"Stanno"}],"product_cat":[{"value":1466,"label":"Belgia i Holandia"}],"pa_homeawaythird":[{"value":1597,"label":"Home"}],"pa_rozmiar":[{"value":1818,"label":"XL"}]},"featured_image_src_large":["https:\/\/footballthrift.shop\/wp-content\/uploads\/2024\/11\/Photoroom_010_20241110_132711-1024x1024.png",1024,1024,true],"author_info":[],"comment_info":"","_links":{"self":[{"href":"https:\/\/footballthrift.shop\/de\/wp-json\/wp\/v2\/product\/58414","targetHints":{"allow":["GET"]}}],"collection":[{"href":"https:\/\/footballthrift.shop\/de\/wp-json\/wp\/v2\/product"}],"about":[{"href":"https:\/\/footballthrift.shop\/de\/wp-json\/wp\/v2\/types\/product"}],"wp:featuredmedia":[{"embeddable":true,"href":"https:\/\/footballthrift.shop\/de\/wp-json\/wp\/v2\/media\/58526"}],"wp:attachment":[{"href":"https:\/\/footballthrift.shop\/de\/wp-json\/wp\/v2\/media?parent=58414"}],"wp:term":[{"taxonomy":"product_brand","embeddable":true,"href":"https:\/\/footballthrift.shop\/de\/wp-json\/wp\/v2\/product_brand?post=58414"},{"taxonomy":"product_cat","embeddable":true,"href":"https:\/\/footballthrift.shop\/de\/wp-json\/wp\/v2\/product_cat?post=58414"},{"taxonomy":"product_tag","embeddable":true,"href":"https:\/\/footballthrift.shop\/de\/wp-json\/wp\/v2\/product_tag?post=58414"}],"curies":[{"name":"wp","href":"https:\/\/api.w.org\/{rel}","templated":true}]}}