{"id":58404,"date":"2025-02-13T18:02:40","date_gmt":"2025-02-13T17:02:40","guid":{"rendered":"https:\/\/footballthrift.shop\/?post_type=product&#038;p=58404"},"modified":"2026-03-09T11:31:13","modified_gmt":"2026-03-09T10:31:13","slug":"borussia-monchengladbach-2015-16-home-28-hahn-3xl","status":"publish","type":"product","link":"https:\/\/footballthrift.shop\/de\/borussia-monchengladbach-2015-16-home-28-hahn-3xl\/","title":{"rendered":"Koszulka pi\u0142karska Borussia Monchengladbach 2015\/16 Home 28 Hahn [3XL]"},"content":{"rendered":"<p><strong>Verein:<\/strong> Borussia M\u00f6nchengladbach<\/p>\n<p><strong>Saison:<\/strong> 2015\/16 Startseite<\/p>\n<p><strong>Gr\u00f6\u00dfe: <\/strong>3XL<\/p>\n<p><strong>Zustand:<\/strong> Ausgezeichnet<\/p>\n<p><strong>Ma\u00dfe (Achselbreite\/L\u00e4nge) in cm: <\/strong>66\/80<\/p>","protected":false},"excerpt":{"rendered":"<p data-start=\"0\" data-end=\"123\"><strong data-start=\"0\" data-end=\"123\">Original Borussia M\u00f6nchengladbach Heimtrikot aus der Saison 2015\/16, produziert von Kappa und gedruckt von Andre Hahn.\u00a0<\/strong><\/p>\n<p data-start=\"125\" data-end=\"471\">Heimmodell <strong data-start=\"138\" data-end=\"179\"><span class=\"hover:entity-accent entity-underline inline cursor-pointer align-baseline\"><span class=\"whitespace-normal\">Borussia M\u00f6nchengladbach<\/span><\/span><\/strong> z <strong data-start=\"182\" data-end=\"200\">Saison 2015\/16<\/strong>hergestellt von <strong data-start=\"222\" data-end=\"231\">Kappa<\/strong> in der Gr\u00f6\u00dfe <strong data-start=\"244\" data-end=\"251\">3XL<\/strong>, stammt aus einer der erfolgreichsten Perioden des Vereins im zweiten Jahrzehnt des 21. Jahrhunderts. Jahrhunderts. Es war eine Zeit, in der die Borussia regelm\u00e4\u00dfig an Europapokalen teilnahm und ihren Status als eine der besten Mannschaften der Bundesliga best\u00e4tigte.<\/p>\n<p data-start=\"473\" data-end=\"1007\">Das T-Shirt wurde auf dem klassischen <strong data-start=\"518\" data-end=\"534\">wei\u00dfer Sockel<\/strong>, die seit Jahren ein Eckpfeiler inl\u00e4ndischer Projekte ist <strong data-start=\"586\" data-end=\"614\">Borussia M\u00f6nchengladbach<\/strong>. Das Ganze wird vervollst\u00e4ndigt durch <strong data-start=\"635\" data-end=\"683\">schwarze Bes\u00e4tze an \u00c4rmeln und Kragen<\/strong>, Dadurch erh\u00e4lt das Design einen klaren Kontrast und einen eleganten Charakter. Auf der linken Seite der Vorderseite l\u00e4uft <strong data-start=\"777\" data-end=\"829\">senkrechter gr\u00fcner Streifen mit schwarzem und wei\u00dfem Rand<\/strong>, Ein klarer Verweis auf die traditionellen Farben des Vereins. Die Vorderseite ist um den Sponsorenaufdruck zentriert. <strong data-start=\"947\" data-end=\"959\">Postbank<\/strong>, die stark mit dieser Phase der Bandgeschichte verbunden sind.<\/p>\n<p data-start=\"1009\" data-end=\"1356\">Auf der R\u00fcckseite befindet sich ein origineller Aufdruck. <strong data-start=\"1051\" data-end=\"1092\"><span class=\"hover:entity-accent entity-underline inline cursor-pointer align-baseline\"><span class=\"whitespace-normal\">Andr\u00e9 Hahn<\/span><\/span><\/strong>, ein Fl\u00fcgelst\u00fcrmer, der in <strong data-start=\"1116\" data-end=\"1135\">Saison 2015\/16<\/strong> fungierte als wertvoller Spieler in der Rotation. <strong data-start=\"1181\" data-end=\"1195\">Andr\u00e9 Hahn<\/strong> Er brachte Dynamik, Intensit\u00e4t und Ligaerfahrung in die Mannschaft ein und war eine wichtige Verst\u00e4rkung f\u00fcr die Offensive in einer anspruchsvollen Saison, die an mehreren Fronten ausgetragen wurde.<\/p>\n<p data-start=\"1358\" data-end=\"1787\">W <strong data-start=\"1360\" data-end=\"1379\">Saison 2015\/16<\/strong> <strong data-start=\"1380\" data-end=\"1408\">Borussia M\u00f6nchengladbach<\/strong> Der Verein nahm sowohl an der Bundesliga als auch am Europapokal teil, zeigte ein hohes Ma\u00df an Organisation und best\u00e4tigte seinen Platz unter den Spitzenteams der Liga. Damals vertraten unter anderem folgende Spieler die Farben des Vereins. <strong data-start=\"1617\" data-end=\"1632\">Lars Stindl<\/strong>, <strong data-start=\"1634\" data-end=\"1650\">Granit Xhaka<\/strong>, <strong data-start=\"1652\" data-end=\"1672\">Patrick Herrmann<\/strong> oder <strong data-start=\"1677\" data-end=\"1697\">Christoph Kramer<\/strong>, und die Mannschaft setzte auf intensiven, modernen Fu\u00dfball und eine klare taktische Identit\u00e4t.<\/p>\n<p data-start=\"1789\" data-end=\"2001\">Das T-Shirt ist hergestellt aus <strong data-start=\"1817\" data-end=\"1854\">leichtes und luftiges Material<\/strong>, und Schnitt in Gr\u00f6\u00dfe <strong data-start=\"1875\" data-end=\"1882\">3XL<\/strong> bleibt konform mit den Normen <strong data-start=\"1915\" data-end=\"1924\">Kappy<\/strong>, die charakteristisch f\u00fcr die Mitte der 2010er Jahre eingef\u00fchrten Matched-Matched-Designs sind.<\/p>\n<p data-start=\"2003\" data-end=\"2268\" data-is-last-node=\"\" data-is-only-node=\"\">F\u00fcr Sammler und Fans, die ein originales Heimtrikot suchen <strong data-start=\"2103\" data-end=\"2131\">Borussia M\u00f6nchengladbach<\/strong> z <strong data-start=\"2134\" data-end=\"2152\">Saison 2015\/16<\/strong>, die eine der stabilsten und erkennbarsten Phasen in der modernen Geschichte des Vereins dokumentiert.<\/p>","protected":false},"featured_media":58440,"template":"","meta":{"_kad_blocks_custom_css":"","_kad_blocks_head_custom_js":"","_kad_blocks_body_custom_js":"","_kad_blocks_footer_custom_js":"","_kad_post_transparent":"default","_kad_post_title":"","_kad_post_layout":"default","_kad_post_sidebar_id":"","_kad_post_content_style":"default","_kad_post_vertical_padding":"default","_kad_post_feature":"","_kad_post_feature_position":"","_kad_post_header":false,"_kad_post_footer":false,"_kad_post_classname":""},"product_brand":[1290],"product_cat":[1449],"product_tag":[],"class_list":{"0":"post-58404","1":"product","2":"type-product","3":"status-publish","4":"has-post-thumbnail","6":"product_brand-kappa","7":"product_cat-kluby-niemieckie-borussiamonchengladbach","8":"pa_homeawaythird-home","9":"pa_rozmiar-3xl","11":"first","12":"instock","13":"taxable","14":"shipping-taxable","15":"purchasable","16":"product-type-simple","17":"entry","18":"content-bg","19":"loop-entry"},"taxonomy_info":{"product_brand":[{"value":1290,"label":"Kappa"}],"product_cat":[{"value":1449,"label":"Borussia M\u00f6nchengladbach"}],"pa_homeawaythird":[{"value":1597,"label":"Home"}],"pa_rozmiar":[{"value":1943,"label":"3XL"}]},"featured_image_src_large":["https:\/\/footballthrift.shop\/wp-content\/uploads\/2024\/11\/Photoroom_025_20241110_132711-1024x1024.png",1024,1024,true],"author_info":[],"comment_info":"","_links":{"self":[{"href":"https:\/\/footballthrift.shop\/de\/wp-json\/wp\/v2\/product\/58404","targetHints":{"allow":["GET"]}}],"collection":[{"href":"https:\/\/footballthrift.shop\/de\/wp-json\/wp\/v2\/product"}],"about":[{"href":"https:\/\/footballthrift.shop\/de\/wp-json\/wp\/v2\/types\/product"}],"wp:featuredmedia":[{"embeddable":true,"href":"https:\/\/footballthrift.shop\/de\/wp-json\/wp\/v2\/media\/58440"}],"wp:attachment":[{"href":"https:\/\/footballthrift.shop\/de\/wp-json\/wp\/v2\/media?parent=58404"}],"wp:term":[{"taxonomy":"product_brand","embeddable":true,"href":"https:\/\/footballthrift.shop\/de\/wp-json\/wp\/v2\/product_brand?post=58404"},{"taxonomy":"product_cat","embeddable":true,"href":"https:\/\/footballthrift.shop\/de\/wp-json\/wp\/v2\/product_cat?post=58404"},{"taxonomy":"product_tag","embeddable":true,"href":"https:\/\/footballthrift.shop\/de\/wp-json\/wp\/v2\/product_tag?post=58404"}],"curies":[{"name":"wp","href":"https:\/\/api.w.org\/{rel}","templated":true}]}}