{"id":58021,"date":"2025-02-13T18:02:27","date_gmt":"2025-02-13T17:02:27","guid":{"rendered":"https:\/\/footballthrift.shop\/?post_type=product&#038;p=58021"},"modified":"2026-03-09T11:31:14","modified_gmt":"2026-03-09T10:31:14","slug":"queens-park-rangers-2006-07-away-xxl","status":"publish","type":"product","link":"https:\/\/footballthrift.shop\/de\/queens-park-rangers-2006-07-away-xxl\/","title":{"rendered":"Koszulka pi\u0142karska Queens Park Rangers 2006\/07 Away [XXL]"},"content":{"rendered":"<p><strong>Verein:<\/strong> Queens Park Rangers<\/p>\n<p><strong>Saison:<\/strong> 2006\/07 Ausw\u00e4rts<\/p>\n<p><strong>Gr\u00f6\u00dfe: <\/strong>XXL<\/p>\n<p><strong>Zustand:<\/strong> Sehr gut - ein paar Mikrodehnungen auf der Vorderseite, eine auf der R\u00fcckseite und kein Gr\u00f6\u00dfenaufkleber am Hals.<\/p>\n<p><strong>Ma\u00dfe (Achselbreite\/L\u00e4nge) in cm: <\/strong>67\/79<\/p>","protected":false},"excerpt":{"rendered":"<p data-start=\"0\" data-end=\"106\"><strong data-start=\"0\" data-end=\"106\">Original Queens Park Rangers Ausw\u00e4rtstrikot aus der Saison 2006\/07 von Le Coq Sportif.\u00a0<\/strong><\/p>\n<p data-start=\"108\" data-end=\"574\">Ausw\u00e4rtsmodell <strong data-start=\"124\" data-end=\"165\"><span class=\"hover:entity-accent entity-underline inline cursor-pointer align-baseline\"><span class=\"whitespace-normal\">Queens Park Rangers<\/span><\/span><\/strong> z <strong data-start=\"168\" data-end=\"186\">Saison 2006\/07<\/strong>hergestellt von <strong data-start=\"208\" data-end=\"226\">Le Coq Sportif<\/strong> in der Gr\u00f6\u00dfe <strong data-start=\"239\" data-end=\"246\">XXL<\/strong>, stammt aus einer der dramatischsten Perioden in der Geschichte des Vereins. Es war eine Saison in der Meisterschaft, in der die <strong data-start=\"368\" data-end=\"391\">Queens Park Rangers<\/strong> k\u00e4mpften bis zum Schluss um die Existenz ihrer Liga und schafften es <strong data-start=\"440\" data-end=\"487\">Abstieg buchst\u00e4blich in letzter Minute vermeiden<\/strong>, aufgrund einer um ein Tor besseren Tordifferenz als <strong>Leicester City<\/strong>, der bis heute als einer der nervenaufreibendsten Momente dieses Jahrzehnts in Erinnerung geblieben ist.<\/p>\n<p data-start=\"576\" data-end=\"1056\">Das T-Shirt wurde hergestellt in <strong data-start=\"609\" data-end=\"645\">seltene Version mit langen \u00c4rmeln<\/strong> und basiert auf einem ausdrucksstarken Design mit <strong data-start=\"686\" data-end=\"746\">dicke Querstreifen in Rot und Schwarz<\/strong>, die sich deutlich von den klassischen QPR-Heimtrikots abheben. Ein Sponsorenaufdruck steht auf der Vorderseite im Mittelpunkt <strong data-start=\"873\" data-end=\"885\">Binatone<\/strong>, Der Entwurf als Ganzes schafft ein rohes, sehr charakteristisches Design, das typisch f\u00fcr die Ausw\u00e4rtsprojekte dieser Zeit ist.<\/p>\n<p data-start=\"1058\" data-end=\"1472\">W <strong data-start=\"1060\" data-end=\"1079\">Saison 2006\/07<\/strong> <strong data-start=\"1080\" data-end=\"1103\">Queens Park Rangers<\/strong> funktionierte als Mannschaft, die am Rande der Abstiegszone stand und sich auf Entschlossenheit und individuelle Glanzleistungen verlie\u00df. Der effektivste Spieler der Mannschaft war zu dieser Zeit <strong data-start=\"1296\" data-end=\"1337\"><span class=\"hover:entity-accent entity-underline inline cursor-pointer align-baseline\"><span class=\"whitespace-normal\">Dexter Blackstock<\/span><\/span><\/strong>, der dank seiner k\u00f6rperlichen Robustheit und seiner Effektivit\u00e4t vor dem gegnerischen Tor ma\u00dfgeblich dazu beigetragen hat, dass der Verein in der Premier League nicht abstieg.<\/p>\n<p data-start=\"1474\" data-end=\"1713\">Das T-Shirt ist hergestellt aus <strong data-start=\"1502\" data-end=\"1539\">leichtes und luftiges Material<\/strong>, und Schnitt in Gr\u00f6\u00dfe <strong data-start=\"1560\" data-end=\"1567\">XXL<\/strong> bleibt konform mit den Normen <strong data-start=\"1600\" data-end=\"1618\">Le Coq Sportif<\/strong>, die f\u00fcr das Design von Meisterschaftsspielen in der Mitte des ersten Jahrzehnts des 21. Jahrhunderts charakteristisch sind.<\/p>\n<p data-start=\"1715\" data-end=\"1995\" data-is-last-node=\"\" data-is-only-node=\"\">Dies ist f\u00fcr Sammler und Fans, die ein originales Ausw\u00e4rtstrikot suchen <strong data-start=\"1818\" data-end=\"1841\">Queens Park Rangers<\/strong> z <strong data-start=\"1844\" data-end=\"1862\">Saison 2006\/07<\/strong>, und h\u00e4lt damit einen der nervenaufreibendsten und zugleich symboltr\u00e4chtigsten Momente der Vereinsgeschichte an der Loftus Road fest.<\/p>","protected":false},"featured_media":58142,"template":"","meta":{"_kad_blocks_custom_css":"","_kad_blocks_head_custom_js":"","_kad_blocks_body_custom_js":"","_kad_blocks_footer_custom_js":"","_kad_post_transparent":"default","_kad_post_title":"","_kad_post_layout":"default","_kad_post_sidebar_id":"","_kad_post_content_style":"default","_kad_post_vertical_padding":"default","_kad_post_feature":"","_kad_post_feature_position":"","_kad_post_header":false,"_kad_post_footer":false,"_kad_post_classname":""},"product_brand":[1292],"product_cat":[1485],"product_tag":[],"class_list":{"0":"post-58021","1":"product","2":"type-product","3":"status-publish","4":"has-post-thumbnail","6":"product_brand-le-coq-sportif","7":"product_cat-pozostale-kluby-angielskie","8":"pa_homeawaythird-away","9":"pa_rozmiar-xxl","11":"first","12":"instock","13":"taxable","14":"shipping-taxable","15":"purchasable","16":"product-type-simple","17":"entry","18":"content-bg","19":"loop-entry"},"taxonomy_info":{"product_brand":[{"value":1292,"label":"Le Coq Sportif"}],"product_cat":[{"value":1485,"label":"Pozosta\u0142e kluby angielskie"}],"pa_homeawaythird":[{"value":1598,"label":"Away"}],"pa_rozmiar":[{"value":1819,"label":"XXL"}]},"featured_image_src_large":["https:\/\/footballthrift.shop\/wp-content\/uploads\/2024\/10\/Photoroom_016_20241031_191053-1024x1024.png",1024,1024,true],"author_info":[],"comment_info":"","_links":{"self":[{"href":"https:\/\/footballthrift.shop\/de\/wp-json\/wp\/v2\/product\/58021","targetHints":{"allow":["GET"]}}],"collection":[{"href":"https:\/\/footballthrift.shop\/de\/wp-json\/wp\/v2\/product"}],"about":[{"href":"https:\/\/footballthrift.shop\/de\/wp-json\/wp\/v2\/types\/product"}],"wp:featuredmedia":[{"embeddable":true,"href":"https:\/\/footballthrift.shop\/de\/wp-json\/wp\/v2\/media\/58142"}],"wp:attachment":[{"href":"https:\/\/footballthrift.shop\/de\/wp-json\/wp\/v2\/media?parent=58021"}],"wp:term":[{"taxonomy":"product_brand","embeddable":true,"href":"https:\/\/footballthrift.shop\/de\/wp-json\/wp\/v2\/product_brand?post=58021"},{"taxonomy":"product_cat","embeddable":true,"href":"https:\/\/footballthrift.shop\/de\/wp-json\/wp\/v2\/product_cat?post=58021"},{"taxonomy":"product_tag","embeddable":true,"href":"https:\/\/footballthrift.shop\/de\/wp-json\/wp\/v2\/product_tag?post=58021"}],"curies":[{"name":"wp","href":"https:\/\/api.w.org\/{rel}","templated":true}]}}