{"id":53935,"date":"2025-02-13T18:02:12","date_gmt":"2025-02-13T17:02:12","guid":{"rendered":"https:\/\/footballthrift.shop\/?post_type=product&#038;p=53935"},"modified":"2026-03-14T10:00:44","modified_gmt":"2026-03-14T09:00:44","slug":"lech-poznan-2002-03-home-m","status":"publish","type":"product","link":"https:\/\/footballthrift.shop\/de\/lech-poznan-2002-03-home-m\/","title":{"rendered":"Koszulka pi\u0142karska Lech Pozna\u0144 2002\/03 Home [M]"},"content":{"rendered":"<p><strong>Verein:<\/strong> Lech Pozna\u0144<\/p>\n<p><strong>Saison:<\/strong> 2002\/03 Heim<\/p>\n<p><strong>Gr\u00f6\u00dfe: <\/strong>M<\/p>\n<p><strong>Zustand:<\/strong> Gut - deutlich gerissener Sponsoraufdruck auf der Vorderseite und Mikron\u00e4hte auf der R\u00fcckseite.<\/p>\n<p><strong>Ma\u00dfe (Achselbreite\/L\u00e4nge) in cm: <\/strong>52\/69<\/p>","protected":false},"excerpt":{"rendered":"<p data-start=\"0\" data-end=\"87\"><strong data-start=\"0\" data-end=\"87\">Original Lech Pozna\u0144 Heim-Fu\u00dfballtrikot aus der Saison 2002\/03 von Lotto.\u00a0<\/strong><\/p>\n<p data-start=\"89\" data-end=\"430\">Heimmodell <strong data-start=\"102\" data-end=\"143\"><span class=\"hover:entity-accent entity-underline inline cursor-pointer align-baseline\"><span class=\"whitespace-normal\">Lecha Posen<\/span><\/span><\/strong> z <strong data-start=\"146\" data-end=\"164\">Saison 2002\/03<\/strong>hergestellt von <strong data-start=\"186\" data-end=\"195\">Lotto<\/strong> in der Gr\u00f6\u00dfe <strong data-start=\"208\" data-end=\"213\">M<\/strong>, geht auf die R\u00fcckkehr des Vereins in die erste Liga zur\u00fcck, nachdem er eine Saison zuvor aus der 2. Es war eine Zeit des Wiederaufbaus der sportlichen Position und der Stabilisierung der Mannschaft in der Ekstraklasa, die mit einem elften Platz in der Tabelle endete.<\/p>\n<p data-start=\"432\" data-end=\"868\">Das T-Shirt wurde hergestellt in <strong data-start=\"465\" data-end=\"539\">ikonische Anordnung von dicken vertikalen blauen Streifen auf wei\u00dfem Hintergrund<\/strong>, eindeutig mit Identit\u00e4t assoziiert <strong data-start=\"580\" data-end=\"596\">Lecha Posen<\/strong> aus dem fr\u00fchen 21. Jahrhundert. Das Design beh\u00e4lt einen klassischen Charakter, mit viel Platz f\u00fcr Sponsorenaufdrucke <strong data-start=\"717\" data-end=\"726\">Maxer<\/strong> und <strong data-start=\"732\" data-end=\"742\">Canal+<\/strong> auf der Vorderseite. Das Ganze ist in einer \u00c4sthetik gehalten, die immer noch als eine der begehrtesten in der Geschichte des Clubs gilt.<\/p>\n<p data-start=\"870\" data-end=\"1252\">W <strong data-start=\"872\" data-end=\"891\">Saison 2002\/03<\/strong> <strong data-start=\"892\" data-end=\"907\">Lech Pozna\u0144<\/strong> konzentrierte sich in erster Linie darauf, in der Liga zu bleiben und die Grundlagen f\u00fcr die folgenden Jahre zu schaffen. Zu den Spielern, die damals in den Farben von Kolejorz aufliefen, geh\u00f6rten. <strong data-start=\"1052\" data-end=\"1067\">Peter Reiss<\/strong>, der ein Symbol des Vereins und sein wichtigster St\u00fcrmer ist, sowie <strong data-start=\"1130\" data-end=\"1148\">Mariusz Mowlik<\/strong>, <strong data-start=\"1150\" data-end=\"1167\">Arkadiusz Bak<\/strong> oder <strong data-start=\"1172\" data-end=\"1197\">Jaros\u0142aw Araszkiewicz<\/strong>, die w\u00e4hrend der \u00dcbergangsphase den Kern des Teams bildeten.<\/p>\n<p data-start=\"1254\" data-end=\"1459\">Das T-Shirt ist hergestellt aus <strong data-start=\"1282\" data-end=\"1316\">leichtes und robustes Material<\/strong>, und der klassische Schnitt in der Gr\u00f6\u00dfe <strong data-start=\"1347\" data-end=\"1352\">M<\/strong> entspricht den Standards <strong data-start=\"1374\" data-end=\"1383\">Lotto<\/strong> der fr\u00fchen 2000er Jahre und bietet eine f\u00fcr diese Zeit typische Passform.<\/p>\n<p data-start=\"1461\" data-end=\"1722\" data-is-last-node=\"\" data-is-only-node=\"\">F\u00fcr Sammler und Fans, die ein originales Heimtrikot suchen <strong data-start=\"1561\" data-end=\"1577\">Lecha Posen<\/strong> z <strong data-start=\"1580\" data-end=\"1598\">Saison 2002\/03<\/strong>, Ein deutliches Zeichen f\u00fcr die R\u00fcckkehr des Vereins in die Ekstraklasa und eines der bekanntesten Projekte der Vereinsgeschichte.<\/p>","protected":false},"featured_media":54007,"template":"","meta":{"_kad_blocks_custom_css":"","_kad_blocks_head_custom_js":"","_kad_blocks_body_custom_js":"","_kad_blocks_footer_custom_js":"","_kad_post_transparent":"default","_kad_post_title":"","_kad_post_layout":"default","_kad_post_sidebar_id":"","_kad_post_content_style":"default","_kad_post_vertical_padding":"default","_kad_post_feature":"","_kad_post_feature_position":"","_kad_post_header":false,"_kad_post_footer":false,"_kad_post_classname":""},"product_brand":[1297],"product_cat":[1439],"product_tag":[],"class_list":{"0":"post-53935","1":"product","2":"type-product","3":"status-publish","4":"has-post-thumbnail","6":"product_brand-lotto","7":"product_cat-lech-poznan","8":"pa_homeawaythird-home","9":"pa_rozmiar-m","11":"first","12":"instock","13":"taxable","14":"shipping-taxable","15":"purchasable","16":"product-type-simple","17":"entry","18":"content-bg","19":"loop-entry"},"taxonomy_info":{"product_brand":[{"value":1297,"label":"Lotto"}],"product_cat":[{"value":1439,"label":"Lech Pozna\u0144"}],"pa_homeawaythird":[{"value":1597,"label":"Home"}],"pa_rozmiar":[{"value":1816,"label":"M"}]},"featured_image_src_large":["https:\/\/footballthrift.shop\/wp-content\/uploads\/2024\/10\/Photoroom_026_20241018_145500-1024x1024.png",1024,1024,true],"author_info":[],"comment_info":"","_links":{"self":[{"href":"https:\/\/footballthrift.shop\/de\/wp-json\/wp\/v2\/product\/53935","targetHints":{"allow":["GET"]}}],"collection":[{"href":"https:\/\/footballthrift.shop\/de\/wp-json\/wp\/v2\/product"}],"about":[{"href":"https:\/\/footballthrift.shop\/de\/wp-json\/wp\/v2\/types\/product"}],"wp:featuredmedia":[{"embeddable":true,"href":"https:\/\/footballthrift.shop\/de\/wp-json\/wp\/v2\/media\/54007"}],"wp:attachment":[{"href":"https:\/\/footballthrift.shop\/de\/wp-json\/wp\/v2\/media?parent=53935"}],"wp:term":[{"taxonomy":"product_brand","embeddable":true,"href":"https:\/\/footballthrift.shop\/de\/wp-json\/wp\/v2\/product_brand?post=53935"},{"taxonomy":"product_cat","embeddable":true,"href":"https:\/\/footballthrift.shop\/de\/wp-json\/wp\/v2\/product_cat?post=53935"},{"taxonomy":"product_tag","embeddable":true,"href":"https:\/\/footballthrift.shop\/de\/wp-json\/wp\/v2\/product_tag?post=53935"}],"curies":[{"name":"wp","href":"https:\/\/api.w.org\/{rel}","templated":true}]}}