{"id":53525,"date":"2025-02-13T18:02:04","date_gmt":"2025-02-13T17:02:04","guid":{"rendered":"https:\/\/footballthrift.shop\/?post_type=product&#038;p=53525"},"modified":"2026-03-09T11:32:04","modified_gmt":"2026-03-09T10:32:04","slug":"real-madryt-2020-21-home-s","status":"publish","type":"product","link":"https:\/\/footballthrift.shop\/de\/real-madryt-2020-21-home-s\/","title":{"rendered":"Koszulka pi\u0142karska Real Madryt 2020\/21 Home [S]"},"content":{"rendered":"<p><strong>Verein:<\/strong> Real Madrid<\/p>\n<p><strong>Saison:<\/strong> 2020\/21 Heim<\/p>\n<p><strong>Gr\u00f6\u00dfe: <\/strong>S<\/p>\n<p><strong>Zustand:<\/strong> Sehr gut - Mikrofleck auf der R\u00fcckseite.<\/p>\n<p><strong>Ma\u00dfe (Achselbreite\/L\u00e4nge) in cm: <\/strong>49\/73<\/p>","protected":false},"excerpt":{"rendered":"<p data-start=\"0\" data-end=\"89\"><strong data-start=\"0\" data-end=\"89\">Original Real Madrid Heimtrikot aus der Saison 2020\/21 von Adidas.\u00a0<\/strong><\/p>\n<p data-start=\"91\" data-end=\"469\">Heimmodell <strong data-start=\"104\" data-end=\"145\"><span class=\"hover:entity-accent entity-underline inline cursor-pointer align-baseline\"><span class=\"whitespace-normal\">Real Madrid<\/span><\/span><\/strong> z <strong data-start=\"148\" data-end=\"166\">Saison 2020\/21<\/strong>hergestellt von <strong data-start=\"188\" data-end=\"199\">Adidas<\/strong> in der Gr\u00f6\u00dfe <strong data-start=\"212\" data-end=\"217\">S<\/strong>, Der Verein blickt auf eine schwierige Zeit zur\u00fcck, in der er trotz zahlreicher personeller Probleme an mehreren Fronten konkurrenzf\u00e4hig war. Es war eine Saison, in der man bis zur letzten Runde um die spanische Meisterschaft k\u00e4mpfte und in der man in der Champions League eine solide Leistung zeigte.<\/p>\n<p data-start=\"471\" data-end=\"868\">Das T-Shirt wurde hergestellt in <strong data-start=\"504\" data-end=\"537\">vollst\u00e4ndig in Wei\u00df gehalten<\/strong>, Betonung der klassischen Identit\u00e4t <strong data-start=\"574\" data-end=\"589\">Real Madrid<\/strong>. Der einzige klare Schwerpunkt liegt auf <strong data-start=\"620\" data-end=\"675\">rosa Herstellerstreifen, die an den Seiten des Hemdes verlaufen<\/strong>, Das Design hat einen modernen, minimalistischen Touch. Auf der Vorderseite befindet sich ein zentraler Sponsorenaufdruck. <strong data-start=\"791\" data-end=\"814\">Emirates fliegen besser<\/strong>, Das Logo steht im Einklang mit der visuellen Identit\u00e4t des Clubs in dieser Zeit.<\/p>\n<p data-start=\"870\" data-end=\"1313\">W <strong data-start=\"872\" data-end=\"891\">Saison 2020\/21<\/strong> <strong data-start=\"892\" data-end=\"907\">Real Madrid<\/strong> unter Zin\u00e9dine Zidane k\u00e4mpfte bis zur letzten Runde um den Meistertitel und wurde schlie\u00dflich Zweiter in der Liga. Die Mannschaft erreichte auch das Halbfinale der Champions League. Der Kern der Mannschaft war zu dieser Zeit <strong data-start=\"1128\" data-end=\"1145\">Karim Benzema<\/strong>, <strong data-start=\"1147\" data-end=\"1163\">Sergio Ramos<\/strong>, <strong data-start=\"1165\" data-end=\"1180\">Luka Modri\u0107<\/strong>, <strong data-start=\"1182\" data-end=\"1196\">Toni Kroos<\/strong>, <strong data-start=\"1198\" data-end=\"1210\">Casemiro<\/strong> und <strong data-start=\"1216\" data-end=\"1236\">Thibaut Courtois<\/strong>, und die Mannschaft beeindruckte trotz zahlreicher Verletzungen durch ihre Erfahrung und Spielorganisation.<\/p>\n<p data-start=\"1315\" data-end=\"1511\">Das T-Shirt ist hergestellt aus <strong data-start=\"1343\" data-end=\"1380\">leichtes und luftiges Material<\/strong>, und Schnitt in Gr\u00f6\u00dfe <strong data-start=\"1401\" data-end=\"1406\">S<\/strong> entspricht den Standards <strong data-start=\"1428\" data-end=\"1439\">Adidas<\/strong> in Vermittlungsprojekten aus dem fr\u00fchen dritten Jahrzehnt des 21. Jahrhunderts verwendet.<\/p>\n<p data-start=\"1513\" data-end=\"1742\" data-is-last-node=\"\" data-is-only-node=\"\">F\u00fcr Sammler und Fans, die ein originales Heimtrikot suchen <strong data-start=\"1613\" data-end=\"1628\">Real Madrid<\/strong> z <strong data-start=\"1631\" data-end=\"1649\">Saison 2020\/21<\/strong>, Damit ist die Bilanz einer Saison, in der der Verein in einer schwierigen Zeit um Troph\u00e4en k\u00e4mpfte, eindeutig.<\/p>","protected":false},"featured_media":53649,"template":"","meta":{"_kad_blocks_custom_css":"","_kad_blocks_head_custom_js":"","_kad_blocks_body_custom_js":"","_kad_blocks_footer_custom_js":"","_kad_post_transparent":"default","_kad_post_title":"","_kad_post_layout":"default","_kad_post_sidebar_id":"","_kad_post_content_style":"default","_kad_post_vertical_padding":"default","_kad_post_feature":"","_kad_post_feature_position":"","_kad_post_header":false,"_kad_post_footer":false,"_kad_post_classname":""},"product_brand":[1283],"product_cat":[1456],"product_tag":[],"class_list":{"0":"post-53525","1":"product","2":"type-product","3":"status-publish","4":"has-post-thumbnail","6":"product_brand-adidas","7":"product_cat-kluby-hiszpanskie-realmadryt","8":"pa_homeawaythird-home","9":"pa_rozmiar-s","11":"first","12":"instock","13":"taxable","14":"shipping-taxable","15":"purchasable","16":"product-type-simple","17":"entry","18":"content-bg","19":"loop-entry"},"taxonomy_info":{"product_brand":[{"value":1283,"label":"Adidas"}],"product_cat":[{"value":1456,"label":"Real Madryt"}],"pa_homeawaythird":[{"value":1597,"label":"Home"}],"pa_rozmiar":[{"value":1815,"label":"S"}]},"featured_image_src_large":["https:\/\/footballthrift.shop\/wp-content\/uploads\/2024\/10\/Photoroom_013_20241010_144547-1024x1024.png",1024,1024,true],"author_info":[],"comment_info":"","_links":{"self":[{"href":"https:\/\/footballthrift.shop\/de\/wp-json\/wp\/v2\/product\/53525","targetHints":{"allow":["GET"]}}],"collection":[{"href":"https:\/\/footballthrift.shop\/de\/wp-json\/wp\/v2\/product"}],"about":[{"href":"https:\/\/footballthrift.shop\/de\/wp-json\/wp\/v2\/types\/product"}],"wp:featuredmedia":[{"embeddable":true,"href":"https:\/\/footballthrift.shop\/de\/wp-json\/wp\/v2\/media\/53649"}],"wp:attachment":[{"href":"https:\/\/footballthrift.shop\/de\/wp-json\/wp\/v2\/media?parent=53525"}],"wp:term":[{"taxonomy":"product_brand","embeddable":true,"href":"https:\/\/footballthrift.shop\/de\/wp-json\/wp\/v2\/product_brand?post=53525"},{"taxonomy":"product_cat","embeddable":true,"href":"https:\/\/footballthrift.shop\/de\/wp-json\/wp\/v2\/product_cat?post=53525"},{"taxonomy":"product_tag","embeddable":true,"href":"https:\/\/footballthrift.shop\/de\/wp-json\/wp\/v2\/product_tag?post=53525"}],"curies":[{"name":"wp","href":"https:\/\/api.w.org\/{rel}","templated":true}]}}