{"id":53524,"date":"2025-02-13T18:02:04","date_gmt":"2025-02-13T17:02:04","guid":{"rendered":"https:\/\/footballthrift.shop\/?post_type=product&#038;p=53524"},"modified":"2026-03-09T11:32:04","modified_gmt":"2026-03-09T10:32:04","slug":"real-madrid-2013-14-heim-20-jese-yl","status":"publish","type":"product","link":"https:\/\/footballthrift.shop\/de\/real-madryt-2013-14-home-20-jese-yl\/","title":{"rendered":"Koszulka pi\u0142karska Real Madryt 2013\/14 Home 20 Jese [164 cm]"},"content":{"rendered":"<p><strong>Verein:<\/strong> Real Madrid<\/p>\n<p><strong>Saison:<\/strong> 2013\/14 Startseite<\/p>\n<p><strong>Gr\u00f6\u00dfe:<\/strong>\u00a0164 cm<\/p>\n<p><strong>Zustand:<\/strong> Gut - besch\u00e4digter Sponsorenaufdruck auf der Vorderseite, ein typisches Leiden f\u00fcr dieses Modell.<\/p>\n<p><strong>Ma\u00dfe (Achselbreite\/L\u00e4nge) in cm: <\/strong>46\/67<\/p>","protected":false},"excerpt":{"rendered":"<div class=\"flex flex-col text-sm pb-25\">\n<article class=\"text-token-text-primary w-full focus:outline-none [--shadow-height:45px] has-data-writing-block:pointer-events-none has-data-writing-block:-mt-(--shadow-height) has-data-writing-block:pt-(--shadow-height) [&amp;:has([data-writing-block])&gt;*]:pointer-events-auto scroll-mt-[calc(var(--header-height)+min(200px,max(70px,20svh)))]\" dir=\"auto\" tabindex=\"-1\" data-turn-id=\"request-69846e9f-d3cc-8389-9cfe-2684a6b1e83a-12\" data-testid=\"conversation-turn-228\" data-scroll-anchor=\"true\" data-turn=\"assistant\">\n<div class=\"text-base my-auto mx-auto pb-10 [--thread-content-margin:--spacing(4)] @w-sm\/main:[--thread-content-margin:--spacing(6)] @w-lg\/main:[--thread-content-margin:--spacing(16)] px-(--thread-content-margin)\">\n<div class=\"[--thread-content-max-width:40rem] @w-lg\/main:[--thread-content-max-width:48rem] mx-auto max-w-(--thread-content-max-width) flex-1 group\/turn-messages focus-visible:outline-hidden relative flex w-full min-w-0 flex-col agent-turn\" tabindex=\"-1\">\n<div class=\"flex max-w-full flex-col grow\">\n<div class=\"min-h-8 text-message relative flex w-full flex-col items-end gap-2 text-start break-words whitespace-normal [.text-message+&amp;]:mt-1\" dir=\"auto\" data-message-author-role=\"assistant\" data-message-id=\"e1b7e9c1-e32e-4729-98a2-736fd9d2fc32\" data-message-model-slug=\"gpt-5-2\">\n<div class=\"flex w-full flex-col gap-1 empty:hidden first:pt-[1px]\">\n<div class=\"markdown prose dark:prose-invert w-full wrap-break-word light markdown-new-styling\">\n<p data-start=\"0\" data-end=\"106\"><strong data-start=\"0\" data-end=\"106\">Oryginalna domowa koszulka pi\u0142karska Realu Madryt z sezonu 2013\/14 produkcji Adidasa z nadrukiem Jes\u00e9.\u00a0<\/strong><\/p>\n<p data-start=\"108\" data-end=\"467\">Domowy model <strong data-start=\"121\" data-end=\"162\"><span class=\"hover:entity-accent entity-underline inline cursor-pointer align-baseline\"><span class=\"whitespace-normal\">Realu Madryt<\/span><\/span><\/strong> z <strong data-start=\"165\" data-end=\"183\">sezonu 2013\/14<\/strong>, wyprodukowany przez <strong data-start=\"205\" data-end=\"216\">Adidasa<\/strong> w rozmiarze m\u0142odzie\u017cowym na wzrost ok. <strong data-start=\"256\" data-end=\"266\">164 cm<\/strong>, pochodzi z jednego z najwa\u017cniejszych sezon\u00f3w w historii klubu. By\u0142 to rok, w kt\u00f3rym Kr\u00f3lewscy pod wodz\u0105 Carlo Ancelottiego si\u0119gn\u0119li po upragnion\u0105 \u201eLa D\u00e9cim\u0119\u201d, czyli dziesi\u0105ty triumf w Lidze Mistrz\u00f3w.<\/p>\n<p data-start=\"469\" data-end=\"904\">Koszulka zosta\u0142a wyprodukowana na klasycznej <strong data-start=\"514\" data-end=\"530\">bia\u0142ej bazie<\/strong>, charakterystycznej dla domowych komplet\u00f3w <strong data-start=\"574\" data-end=\"589\">Real Madryt<\/strong>. Projekt uzupe\u0142niaj\u0105 <strong data-start=\"611\" data-end=\"629\">srebrne detale<\/strong> oraz <strong data-start=\"635\" data-end=\"685\">pomara\u0144czowe akcenty na r\u0119kawach i ko\u0142nierzyku<\/strong>, nadaj\u0105ce ca\u0142o\u015bci nowoczesnego charakteru. Na froncie znajduj\u0105 si\u0119 herb klubu, logo <strong data-start=\"770\" data-end=\"781\">Adidasa<\/strong> oraz nadruk sponsora <strong data-start=\"803\" data-end=\"819\">Fly Emirates<\/strong>, kt\u00f3ry zadebiutowa\u0142 na koszulkach madryckiego zespo\u0142u w\u0142a\u015bnie w <strong data-start=\"884\" data-end=\"903\">sezonie 2013\/14<\/strong>.<\/p>\n<p data-start=\"906\" data-end=\"1238\">Na plecach widnieje oryginalny nadruk <strong data-start=\"944\" data-end=\"985\"><span class=\"hover:entity-accent entity-underline inline cursor-pointer align-baseline\"><span class=\"whitespace-normal\">Jes\u00e9 Rodr\u00edgueza<\/span><\/span><\/strong>, jednego z najbardziej obiecuj\u0105cych wychowank\u00f3w akademii w tamtym okresie. W trakcie <strong data-start=\"1071\" data-end=\"1089\">sezonu 2013\/14<\/strong> <strong data-start=\"1090\" data-end=\"1108\">Jes\u00e9 Rodr\u00edguez<\/strong> pe\u0142ni\u0142 rol\u0119 warto\u015bciowego zawodnika rotacyjnego, zdobywaj\u0105c wa\u017cne bramki i potwierdzaj\u0105c sw\u00f3j potencja\u0142 w dru\u017cynie pe\u0142nej gwiazd.<\/p>\n<p data-start=\"1240\" data-end=\"1541\">W mistrzowskim sezonie barwy <strong data-start=\"1269\" data-end=\"1284\">Real Madryt<\/strong> reprezentowali m.in. <strong data-start=\"1306\" data-end=\"1327\">Cristiano Ronaldo<\/strong>, <strong data-start=\"1329\" data-end=\"1344\">Luka Modri\u0107<\/strong>, <strong data-start=\"1346\" data-end=\"1364\">\u00c1ngel Di Mar\u00eda<\/strong>, <strong data-start=\"1366\" data-end=\"1382\">Sergio Ramos<\/strong> oraz <strong data-start=\"1388\" data-end=\"1405\">Karim Benzema<\/strong>, a zesp\u00f3\u0142 zachwyca\u0142 ofensywn\u0105 jako\u015bci\u0105 i skuteczno\u015bci\u0105 na europejskich boiskach, zwie\u0144czon\u0105 triumfem w finale Ligi Mistrz\u00f3w w Lizbonie.<\/p>\n<p data-start=\"1543\" data-end=\"1743\">Koszulka zosta\u0142a wykonana z <strong data-start=\"1571\" data-end=\"1608\">lekkiego i przewiewnego materia\u0142u<\/strong>, a m\u0142odzie\u017cowy kr\u00f3j na wzrost <strong data-start=\"1639\" data-end=\"1649\">164 cm<\/strong> odpowiada standardom <strong data-start=\"1671\" data-end=\"1682\">Adidasa<\/strong> stosowanym w projektach z pocz\u0105tku drugiej dekady XXI wieku.<\/p>\n<p data-start=\"1745\" data-end=\"1970\" data-is-last-node=\"\" data-is-only-node=\"\">To propozycja dla kolekcjoner\u00f3w oraz kibic\u00f3w poszukuj\u0105cych oryginalnej domowej koszulki pi\u0142karskiej <strong data-start=\"1845\" data-end=\"1860\">Real Madryt<\/strong> z <strong data-start=\"1863\" data-end=\"1881\">sezonu 2013\/14<\/strong>, stanowi\u0105cej czytelny zapis triumfu \u201eLa D\u00e9cimy\u201d i prze\u0142omowego momentu w historii klubu.<\/p>\n<\/div>\n<\/div>\n<\/div>\n<\/div>\n<\/div>\n<\/div>\n<\/article>\n<\/div>\n","protected":false},"featured_media":53641,"template":"","meta":{"_kad_blocks_custom_css":"","_kad_blocks_head_custom_js":"","_kad_blocks_body_custom_js":"","_kad_blocks_footer_custom_js":"","_kad_post_transparent":"default","_kad_post_title":"","_kad_post_layout":"default","_kad_post_sidebar_id":"","_kad_post_content_style":"default","_kad_post_vertical_padding":"default","_kad_post_feature":"","_kad_post_feature_position":"","_kad_post_header":false,"_kad_post_footer":false,"_kad_post_classname":""},"product_brand":[1283],"product_cat":[1456,2017],"product_tag":[],"class_list":{"0":"post-53524","1":"product","2":"type-product","3":"status-publish","4":"has-post-thumbnail","6":"product_brand-adidas","7":"product_cat-kluby-hiszpanskie-realmadryt","8":"product_cat-koszulki-mlodziezowe","9":"pa_homeawaythird-home","10":"pa_rozmiar-164-cm","12":"first","13":"instock","14":"taxable","15":"shipping-taxable","16":"purchasable","17":"product-type-simple","18":"entry","19":"content-bg","20":"loop-entry"},"taxonomy_info":{"product_brand":[{"value":1283,"label":"Adidas"}],"product_cat":[{"value":1456,"label":"Real Madryt"},{"value":2017,"label":"KOSZULKI M\u0141ODZIE\u017bOWE"}],"pa_homeawaythird":[{"value":1597,"label":"Home"}],"pa_rozmiar":[{"value":2018,"label":"164 cm"}]},"featured_image_src_large":["https:\/\/footballthrift.shop\/wp-content\/uploads\/2024\/10\/Photoroom_020_20241010_144547-1024x1024.png",1024,1024,true],"author_info":[],"comment_info":"","_links":{"self":[{"href":"https:\/\/footballthrift.shop\/de\/wp-json\/wp\/v2\/product\/53524","targetHints":{"allow":["GET"]}}],"collection":[{"href":"https:\/\/footballthrift.shop\/de\/wp-json\/wp\/v2\/product"}],"about":[{"href":"https:\/\/footballthrift.shop\/de\/wp-json\/wp\/v2\/types\/product"}],"wp:featuredmedia":[{"embeddable":true,"href":"https:\/\/footballthrift.shop\/de\/wp-json\/wp\/v2\/media\/53641"}],"wp:attachment":[{"href":"https:\/\/footballthrift.shop\/de\/wp-json\/wp\/v2\/media?parent=53524"}],"wp:term":[{"taxonomy":"product_brand","embeddable":true,"href":"https:\/\/footballthrift.shop\/de\/wp-json\/wp\/v2\/product_brand?post=53524"},{"taxonomy":"product_cat","embeddable":true,"href":"https:\/\/footballthrift.shop\/de\/wp-json\/wp\/v2\/product_cat?post=53524"},{"taxonomy":"product_tag","embeddable":true,"href":"https:\/\/footballthrift.shop\/de\/wp-json\/wp\/v2\/product_tag?post=53524"}],"curies":[{"name":"wp","href":"https:\/\/api.w.org\/{rel}","templated":true}]}}