{"id":53522,"date":"2025-02-13T18:02:05","date_gmt":"2025-02-13T17:02:05","guid":{"rendered":"https:\/\/footballthrift.shop\/?post_type=product&#038;p=53522"},"modified":"2026-03-09T11:31:18","modified_gmt":"2026-03-09T10:31:18","slug":"koszulka-bramkarska-real-madryt-2007-08-m","status":"publish","type":"product","link":"https:\/\/footballthrift.shop\/de\/koszulka-bramkarska-real-madryt-2007-08-m\/","title":{"rendered":"Koszulka bramkarska Real Madryt 2007\/08 [M]"},"content":{"rendered":"<p><strong>Verein:<\/strong> Real Madrid<\/p>\n<p><strong>Saison:<\/strong> 2007\/08<\/p>\n<p><strong>Gr\u00f6\u00dfe: <\/strong>M<\/p>\n<p><strong>Zustand:<\/strong> Sehr gut - kein climacool-Aufkleber auf der Vorderseite.<\/p>\n<p><strong>Ma\u00dfe (Achselbreite\/L\u00e4nge) in cm: <\/strong>52\/71<\/p>","protected":false},"excerpt":{"rendered":"<p data-start=\"0\" data-end=\"83\"><strong data-start=\"0\" data-end=\"83\">Original Real Madrid Torwarttrikot aus der Saison 2007\/08 von Adidas.\u00a0<\/strong><\/p>\n<p data-start=\"85\" data-end=\"401\">Modell Torwart <strong data-start=\"102\" data-end=\"143\"><span class=\"hover:entity-accent entity-underline inline cursor-pointer align-baseline\"><span class=\"whitespace-normal\">Real Madrid<\/span><\/span><\/strong> z <strong data-start=\"146\" data-end=\"164\">Saison 2007\/08<\/strong>hergestellt von <strong data-start=\"186\" data-end=\"197\">Adidas<\/strong> in der Gr\u00f6\u00dfe <strong data-start=\"210\" data-end=\"215\">M<\/strong>, stammt aus einer Meisterschaftssaison in der Geschichte des Vereins. Es war eine Saison, die die Dominanz der K\u00f6nige in La Liga best\u00e4tigte und ihre Position als eine der st\u00e4rksten Mannschaften in Europa festigte.<\/p>\n<p data-start=\"403\" data-end=\"866\">Das T-Shirt wurde hergestellt in <strong data-start=\"436\" data-end=\"477\">helles, leuchtendes Orange<\/strong>, Das Design ist charakteristisch f\u00fcr die Torwarttrikots der damaligen Zeit. Auf der Vorderseite befinden sich <strong data-start=\"563\" data-end=\"585\">schwarzer Rand<\/strong>, und die \u00c4rmel sind verziert mit <strong data-start=\"612\" data-end=\"638\">wei\u00dfe Streifen des Herstellers<\/strong>, Merkmal der Projekte <strong data-start=\"672\" data-end=\"683\">Adidas<\/strong>. Eines der Merkmale der \u00c4rmel <strong data-start=\"717\" data-end=\"734\">La Liga-Aufn\u00e4her<\/strong>, mit zentralem Aufdruck des Sponsors auf der Vorderseite <strong data-start=\"785\" data-end=\"793\">Bwin<\/strong>, die seit dem Ende des ersten Jahrzehnts des 21. Jahrhunderts eindeutig mit Real in Verbindung gebracht werden.<\/p>\n<p data-start=\"868\" data-end=\"1323\">W <strong data-start=\"870\" data-end=\"889\">Saison 2007\/08<\/strong> <strong data-start=\"890\" data-end=\"905\">Real Madrid<\/strong> gewann mit einem offensiven und effektiven Spiel die spanische Meisterschaft. Die Farben des Vereins wurden damals unter anderem von folgenden Spielern vertreten. <strong data-start=\"1016\" data-end=\"1024\">Ra\u00fal<\/strong>, <strong data-start=\"1026\" data-end=\"1049\">Ruud van Nistelrooy<\/strong>, <strong data-start=\"1051\" data-end=\"1062\">Robinho<\/strong>, <strong data-start=\"1064\" data-end=\"1083\">Wesley Sneijder<\/strong>, <strong data-start=\"1085\" data-end=\"1093\">Guti<\/strong> und <strong data-start=\"1099\" data-end=\"1115\">Sergio Ramos<\/strong>. Bei den Toren spielten die folgenden Personen die Hauptrolle <strong data-start=\"1149\" data-end=\"1166\">Iker Casillas<\/strong>, Kapit\u00e4n und einer der besten Torh\u00fcter seiner Generation, unterst\u00fctzt von der <strong data-start=\"1244\" data-end=\"1261\">Jerzy Dudek<\/strong>, der als Ersatztorh\u00fcter im Kader der Mannschaft stand.<\/p>\n<p data-start=\"1325\" data-end=\"1513\">Das T-Shirt ist hergestellt aus <strong data-start=\"1353\" data-end=\"1390\">leichtes und haltbares Material<\/strong>, und Schnitt in Gr\u00f6\u00dfe <strong data-start=\"1411\" data-end=\"1416\">M<\/strong> bleibt konform mit den Normen <strong data-start=\"1449\" data-end=\"1460\">Adidas<\/strong> in den Spieltagsprojekten der Saison 2007\/08 verwendet.<\/p>\n<p data-start=\"1515\" data-end=\"1750\" data-is-last-node=\"\" data-is-only-node=\"\">F\u00fcr Sammler und Fans, die ein originales Torwarttrikot suchen <strong data-start=\"1608\" data-end=\"1623\">Real Madrid<\/strong> z <strong data-start=\"1626\" data-end=\"1644\">Saison 2007\/08<\/strong>, eine klare Aufzeichnung einer meisterhaften Kampagne und einer \u00c4ra der <strong data-start=\"1702\" data-end=\"1721\">Iker Casillas<\/strong> zwischen den Pfosten der Kings.<\/p>","protected":false},"featured_media":53622,"template":"","meta":{"_kad_blocks_custom_css":"","_kad_blocks_head_custom_js":"","_kad_blocks_body_custom_js":"","_kad_blocks_footer_custom_js":"","_kad_post_transparent":"default","_kad_post_title":"","_kad_post_layout":"default","_kad_post_sidebar_id":"","_kad_post_content_style":"default","_kad_post_vertical_padding":"default","_kad_post_feature":"","_kad_post_feature_position":"","_kad_post_header":false,"_kad_post_footer":false,"_kad_post_classname":""},"product_brand":[1283],"product_cat":[1456],"product_tag":[],"class_list":{"0":"post-53522","1":"product","2":"type-product","3":"status-publish","4":"has-post-thumbnail","6":"product_brand-adidas","7":"product_cat-kluby-hiszpanskie-realmadryt","8":"pa_rozmiar-m","10":"first","11":"instock","12":"taxable","13":"shipping-taxable","14":"purchasable","15":"product-type-simple","16":"entry","17":"content-bg","18":"loop-entry"},"taxonomy_info":{"product_brand":[{"value":1283,"label":"Adidas"}],"product_cat":[{"value":1456,"label":"Real Madryt"}],"pa_rozmiar":[{"value":1816,"label":"M"}]},"featured_image_src_large":["https:\/\/footballthrift.shop\/wp-content\/uploads\/2024\/10\/Photoroom_005_20241010_144547-1024x1024.png",1024,1024,true],"author_info":[],"comment_info":"","_links":{"self":[{"href":"https:\/\/footballthrift.shop\/de\/wp-json\/wp\/v2\/product\/53522","targetHints":{"allow":["GET"]}}],"collection":[{"href":"https:\/\/footballthrift.shop\/de\/wp-json\/wp\/v2\/product"}],"about":[{"href":"https:\/\/footballthrift.shop\/de\/wp-json\/wp\/v2\/types\/product"}],"wp:featuredmedia":[{"embeddable":true,"href":"https:\/\/footballthrift.shop\/de\/wp-json\/wp\/v2\/media\/53622"}],"wp:attachment":[{"href":"https:\/\/footballthrift.shop\/de\/wp-json\/wp\/v2\/media?parent=53522"}],"wp:term":[{"taxonomy":"product_brand","embeddable":true,"href":"https:\/\/footballthrift.shop\/de\/wp-json\/wp\/v2\/product_brand?post=53522"},{"taxonomy":"product_cat","embeddable":true,"href":"https:\/\/footballthrift.shop\/de\/wp-json\/wp\/v2\/product_cat?post=53522"},{"taxonomy":"product_tag","embeddable":true,"href":"https:\/\/footballthrift.shop\/de\/wp-json\/wp\/v2\/product_tag?post=53522"}],"curies":[{"name":"wp","href":"https:\/\/api.w.org\/{rel}","templated":true}]}}