{"id":52967,"date":"2025-02-13T18:02:02","date_gmt":"2025-02-13T17:02:02","guid":{"rendered":"https:\/\/footballthrift.shop\/?post_type=product&#038;p=52967"},"modified":"2026-03-09T11:32:05","modified_gmt":"2026-03-09T10:32:05","slug":"england-2007-09-heim-4-gerrard-l","status":"publish","type":"product","link":"https:\/\/footballthrift.shop\/de\/anglia-2007-09-home-4-gerrard-l\/","title":{"rendered":"Koszulka pi\u0142karska Anglia 2007\/09 Home 4 Gerrard [L]"},"content":{"rendered":"<p><strong>Verein:<\/strong> England<\/p>\n<p><strong>Saison:<\/strong> 2007\/09 Startseite<\/p>\n<p><strong>Gr\u00f6\u00dfe: <\/strong>L<\/p>\n<p><strong>Zustand:<\/strong> Sehr gut - leichte Verschmutzung des Stoffes auf der R\u00fcckseite.<\/p>\n<p><strong>Ma\u00dfe (Achselbreite\/L\u00e4nge) in cm: <\/strong>52\/73<\/p>","protected":false},"excerpt":{"rendered":"<div class=\"flex flex-col text-sm pb-25\">\n<article class=\"text-token-text-primary w-full focus:outline-none [--shadow-height:45px] has-data-writing-block:pointer-events-none has-data-writing-block:-mt-(--shadow-height) has-data-writing-block:pt-(--shadow-height) [&amp;:has([data-writing-block])&gt;*]:pointer-events-auto scroll-mt-[calc(var(--header-height)+min(200px,max(70px,20svh)))]\" dir=\"auto\" tabindex=\"-1\" data-turn-id=\"request-WEB:39f5ed8c-e2d4-4e97-96e0-79a263cd442d-17\" data-testid=\"conversation-turn-6\" data-scroll-anchor=\"true\" data-turn=\"assistant\">\n<div class=\"text-base my-auto mx-auto pb-10 [--thread-content-margin:--spacing(4)] @w-sm\/main:[--thread-content-margin:--spacing(6)] @w-lg\/main:[--thread-content-margin:--spacing(16)] px-(--thread-content-margin)\">\n<div class=\"[--thread-content-max-width:40rem] @w-lg\/main:[--thread-content-max-width:48rem] mx-auto max-w-(--thread-content-max-width) flex-1 group\/turn-messages focus-visible:outline-hidden relative flex w-full min-w-0 flex-col agent-turn\" tabindex=\"-1\">\n<div class=\"flex max-w-full flex-col grow\">\n<div class=\"min-h-8 text-message relative flex w-full flex-col items-end gap-2 text-start break-words whitespace-normal [.text-message+&amp;]:mt-1\" dir=\"auto\" data-message-author-role=\"assistant\" data-message-id=\"28c95cc0-3616-4612-81ee-10a599761e17\" data-message-model-slug=\"gpt-5-2\">\n<div class=\"flex w-full flex-col gap-1 empty:hidden first:pt-[1px]\">\n<div class=\"markdown prose dark:prose-invert w-full wrap-break-word light markdown-new-styling\">\n<p data-start=\"0\" data-end=\"117\"><strong>Oryginalna domowa koszulka pi\u0142karska reprezentacji Anglii z lat 2007\/09 produkcji Umbro z nadrukiem Stevena Gerrarda.\u00a0<\/strong><\/p>\n<p data-start=\"119\" data-end=\"462\">Domowy model <strong data-start=\"132\" data-end=\"156\">reprezentacji Anglii<\/strong> z lat <strong data-start=\"163\" data-end=\"174\">2007\/09<\/strong>, wyprodukowany przez <strong data-start=\"196\" data-end=\"205\">Umbro<\/strong> w rozmiarze L, nawi\u0105zuje do klasycznej estetyki Syn\u00f3w Albionu z prze\u0142omu dekady. By\u0142 to okres eliminacji do Mistrzostw Europy 2008 oraz pocz\u0105tek nowego etapu budowy kadry narodowej, w kt\u00f3rym dru\u017cyna przechodzi\u0142a istotne zmiany personalne i organizacyjne.<\/p>\n<p data-start=\"464\" data-end=\"922\">Koszulka zosta\u0142a wyprodukowana na bia\u0142ej bazie, stanowi\u0105cej fundament tradycyjnych barw narodowych. W g\u00f3rnej cz\u0119\u015bci klatki piersiowej umieszczono poziome paski w kolorze granatowym i czerwonym, subtelnie prze\u0142amuj\u0105ce minimalistyczny charakter projektu. Na karku widoczny jest symboliczny czerwony krzy\u017c nawi\u0105zuj\u0105cy do flagi \u015bw. Jerzego, a herb federacji oraz logo <strong data-start=\"828\" data-end=\"837\">Umbro<\/strong> rozmieszczono klasycznie na froncie, zachowuj\u0105c wywa\u017con\u0105 i symetryczn\u0105 kompozycj\u0119.<\/p>\n<p data-start=\"924\" data-end=\"1386\">Na plecach znajduje si\u0119 oryginalny nadruk <strong data-start=\"966\" data-end=\"984\">Stevena Gerrarda<\/strong>, jednego z kluczowych pomocnik\u00f3w swojego pokolenia i kapitana kadry w p\u00f3\u017aniejszych latach. <strong data-start=\"1076\" data-end=\"1094\">Steven Gerrard<\/strong> by\u0142 liderem \u015brodka pola, cenionym za waleczno\u015b\u0107, uderzenie z dystansu i umiej\u0119tno\u015b\u0107 brania odpowiedzialno\u015bci w decyduj\u0105cych momentach. W latach 2007\/09 nale\u017ca\u0142 do najwa\u017cniejszych postaci zespo\u0142u narodowego, stanowi\u0105c o sile i charakterze dru\u017cyny w trudnym okresie przebudowy reprezentacji.<\/p>\n<p data-start=\"1388\" data-end=\"1551\">Koszulka zosta\u0142a wykonana z lekkiego i przewiewnego materia\u0142u, a kr\u00f3j w rozmiarze L odpowiada standardom <strong data-start=\"1493\" data-end=\"1502\">Umbro<\/strong> z tamtych lat, oferuj\u0105c klasyczne dopasowanie.<\/p>\n<p data-start=\"1553\" data-end=\"1796\" data-is-last-node=\"\" data-is-only-node=\"\">To propozycja dla kolekcjoner\u00f3w oraz kibic\u00f3w poszukuj\u0105cych oryginalnej domowej koszulki pi\u0142karskiej <strong data-start=\"1653\" data-end=\"1677\">reprezentacji Anglii<\/strong> z lat <strong data-start=\"1684\" data-end=\"1695\">2007\/09<\/strong>, stanowi\u0105cej czytelny zapis okresu przebudowy i przyw\u00f3dztwa <strong data-start=\"1756\" data-end=\"1774\">Stevena Gerrarda <\/strong>w narodowych barwach.<\/p>\n<\/div>\n<\/div>\n<\/div>\n<\/div>\n<\/div>\n<\/div>\n<\/article>\n<\/div>\n","protected":false},"featured_media":53008,"template":"","meta":{"_kad_blocks_custom_css":"","_kad_blocks_head_custom_js":"","_kad_blocks_body_custom_js":"","_kad_blocks_footer_custom_js":"","_kad_post_transparent":"default","_kad_post_title":"","_kad_post_layout":"default","_kad_post_sidebar_id":"","_kad_post_content_style":"default","_kad_post_vertical_padding":"default","_kad_post_feature":"","_kad_post_feature_position":"","_kad_post_header":false,"_kad_post_footer":false,"_kad_post_classname":""},"product_brand":[1285],"product_cat":[1447],"product_tag":[],"class_list":{"0":"post-52967","1":"product","2":"type-product","3":"status-publish","4":"has-post-thumbnail","6":"product_brand-umbro","7":"product_cat-reprezentacja-anglia","8":"pa_homeawaythird-home","9":"pa_rozmiar-l","11":"first","12":"instock","13":"taxable","14":"shipping-taxable","15":"purchasable","16":"product-type-simple","17":"entry","18":"content-bg","19":"loop-entry"},"taxonomy_info":{"product_brand":[{"value":1285,"label":"Umbro"}],"product_cat":[{"value":1447,"label":"Anglia"}],"pa_homeawaythird":[{"value":1597,"label":"Home"}],"pa_rozmiar":[{"value":1817,"label":"L"}]},"featured_image_src_large":["https:\/\/footballthrift.shop\/wp-content\/uploads\/2024\/10\/Photoroom_007_20241002_113035-1024x1024.png",1024,1024,true],"author_info":[],"comment_info":"","_links":{"self":[{"href":"https:\/\/footballthrift.shop\/de\/wp-json\/wp\/v2\/product\/52967","targetHints":{"allow":["GET"]}}],"collection":[{"href":"https:\/\/footballthrift.shop\/de\/wp-json\/wp\/v2\/product"}],"about":[{"href":"https:\/\/footballthrift.shop\/de\/wp-json\/wp\/v2\/types\/product"}],"wp:featuredmedia":[{"embeddable":true,"href":"https:\/\/footballthrift.shop\/de\/wp-json\/wp\/v2\/media\/53008"}],"wp:attachment":[{"href":"https:\/\/footballthrift.shop\/de\/wp-json\/wp\/v2\/media?parent=52967"}],"wp:term":[{"taxonomy":"product_brand","embeddable":true,"href":"https:\/\/footballthrift.shop\/de\/wp-json\/wp\/v2\/product_brand?post=52967"},{"taxonomy":"product_cat","embeddable":true,"href":"https:\/\/footballthrift.shop\/de\/wp-json\/wp\/v2\/product_cat?post=52967"},{"taxonomy":"product_tag","embeddable":true,"href":"https:\/\/footballthrift.shop\/de\/wp-json\/wp\/v2\/product_tag?post=52967"}],"curies":[{"name":"wp","href":"https:\/\/api.w.org\/{rel}","templated":true}]}}