{"id":51948,"date":"2025-02-13T18:01:57","date_gmt":"2025-02-13T17:01:57","guid":{"rendered":"https:\/\/footballthrift.shop\/?post_type=product&#038;p=51948"},"modified":"2026-03-09T11:32:06","modified_gmt":"2026-03-09T10:32:06","slug":"sporting-cp-2006-07-away-m","status":"publish","type":"product","link":"https:\/\/footballthrift.shop\/de\/sporting-cp-2006-07-away-m\/","title":{"rendered":"Koszulka pi\u0142karska Sporting CP 2006\/07 Away [M]"},"content":{"rendered":"<p><strong>Verein:<\/strong> Sporting CP<\/p>\n<p><strong>Saison:<\/strong> 2006\/07 Ausw\u00e4rts<\/p>\n<p><strong>Gr\u00f6\u00dfe: <\/strong>M<\/p>\n<p><strong>Zustand:<\/strong> Sehr gut - ein paar kleine Verschmutzungen.<\/p>\n<p><strong>Ma\u00dfe (Achselbreite\/L\u00e4nge) in cm: <\/strong>55\/71<\/p>","protected":false},"excerpt":{"rendered":"<p>Original Ausw\u00e4rtstrikot <strong>Sporting CP<\/strong> aus der Saison <strong>2006\/07<\/strong> Produktion <strong>Pumas<\/strong>.<\/p>\n<p>Ausw\u00e4rtsmodell <strong>Sporting CP<\/strong> aus der Saison <strong>2006\/07<\/strong>hergestellt von <strong>Puma<\/strong> in Gr\u00f6\u00dfe M, ist ein Trikot aus einer Zeit, in der der Verein regelm\u00e4\u00dfig um die vorderen Pl\u00e4tze in der portugiesischen Primeira Liga k\u00e4mpfte und an Europapokalen teilnahm. Der Verein aus Lissabon behauptete seine Position als eine der besten Mannschaften des Landes und k\u00e4mpfte um die Pl\u00e4tze, die f\u00fcr die Champions League in Frage kommen.<\/p>\n<p>Das T-Shirt wurde in einer intensiven gelben Farbe hergestellt, die sich von den traditionellen Farben der <strong>Sporting CP<\/strong>. Die untere Vorderseite ist mit einem dezenten Muster versehen, das dem Design einen modernen Touch verleiht, w\u00e4hrend die \u00c4rmel mit gr\u00fcnen Details versehen sind, die auf die Identit\u00e4t des Vereins verweisen. Das Modell hat keinen Sponsorenaufdruck, was die klare und minimalistische \u00c4sthetik unterstreicht. Wappen <strong>Sporting CP<\/strong> und Logo <strong>Pumas<\/strong> klassisch auf der Brust angeordnet, um eine klare Komposition zu erhalten.<\/p>\n<p>Saison <strong>2006\/07<\/strong> war f\u00fcr <strong>Sporting CP<\/strong> Eine Periode stabiler Form und des Erhalts eines Platzes in der nationalen Spitzengruppe. Die Farben der Mannschaft waren damals. <strong>Jo\u00e3o Moutinho<\/strong>, einer der Anf\u00fchrer des Mittelfelds, <strong>Liedson<\/strong>, die f\u00fcr die Offensive verantwortlich sind, und <strong>Ricardo<\/strong>, Torh\u00fcter der portugiesischen Nationalmannschaft. Das Team kombinierte Erfahrung mit jungen Spielern und baute seine Position im portugiesischen Fu\u00dfball kontinuierlich aus.<\/p>\n<p>Das T-Shirt ist aus einem leichten und luftigen Material gefertigt und der Schnitt in Gr\u00f6\u00dfe M entspricht den Standards der <strong>Pumas<\/strong>, und bietet eine klassische Passform, die dem Design der Marke entspricht.<\/p>\n<p>Dies ist f\u00fcr Sammler und Fans, die ein originales Ausw\u00e4rtstrikot suchen <strong>Sporting CP<\/strong> aus der Saison <strong>2006\/07<\/strong>, Damit ist der Wettbewerb um die meisten Tore in der portugiesischen Liga eindeutig entschieden.<\/p>","protected":false},"featured_media":51954,"template":"","meta":{"_kad_blocks_custom_css":"","_kad_blocks_head_custom_js":"","_kad_blocks_body_custom_js":"","_kad_blocks_footer_custom_js":"","_kad_post_transparent":"default","_kad_post_title":"","_kad_post_layout":"default","_kad_post_sidebar_id":"","_kad_post_content_style":"default","_kad_post_vertical_padding":"default","_kad_post_feature":"","_kad_post_feature_position":"","_kad_post_header":false,"_kad_post_footer":false,"_kad_post_classname":""},"product_brand":[1287],"product_cat":[15,1479],"product_tag":[],"class_list":{"0":"post-51948","1":"product","2":"type-product","3":"status-publish","4":"has-post-thumbnail","6":"product_brand-puma","7":"product_cat-bez-kategorii","8":"product_cat-kluby-portugalskie","9":"pa_homeawaythird-away","10":"pa_rozmiar-m","12":"first","13":"instock","14":"taxable","15":"shipping-taxable","16":"purchasable","17":"product-type-simple","18":"entry","19":"content-bg","20":"loop-entry"},"taxonomy_info":{"product_brand":[{"value":1287,"label":"Puma"}],"product_cat":[{"value":15,"label":"Bez kategorii"},{"value":1479,"label":"Portugalia"}],"pa_homeawaythird":[{"value":1598,"label":"Away"}],"pa_rozmiar":[{"value":1816,"label":"M"}]},"featured_image_src_large":["https:\/\/footballthrift.shop\/wp-content\/uploads\/2024\/09\/Photoroom_010_20240925_143213-1024x1024.png",1024,1024,true],"author_info":[],"comment_info":"","_links":{"self":[{"href":"https:\/\/footballthrift.shop\/de\/wp-json\/wp\/v2\/product\/51948","targetHints":{"allow":["GET"]}}],"collection":[{"href":"https:\/\/footballthrift.shop\/de\/wp-json\/wp\/v2\/product"}],"about":[{"href":"https:\/\/footballthrift.shop\/de\/wp-json\/wp\/v2\/types\/product"}],"wp:featuredmedia":[{"embeddable":true,"href":"https:\/\/footballthrift.shop\/de\/wp-json\/wp\/v2\/media\/51954"}],"wp:attachment":[{"href":"https:\/\/footballthrift.shop\/de\/wp-json\/wp\/v2\/media?parent=51948"}],"wp:term":[{"taxonomy":"product_brand","embeddable":true,"href":"https:\/\/footballthrift.shop\/de\/wp-json\/wp\/v2\/product_brand?post=51948"},{"taxonomy":"product_cat","embeddable":true,"href":"https:\/\/footballthrift.shop\/de\/wp-json\/wp\/v2\/product_cat?post=51948"},{"taxonomy":"product_tag","embeddable":true,"href":"https:\/\/footballthrift.shop\/de\/wp-json\/wp\/v2\/product_tag?post=51948"}],"curies":[{"name":"wp","href":"https:\/\/api.w.org\/{rel}","templated":true}]}}