{"id":51934,"date":"2025-02-13T17:53:44","date_gmt":"2025-02-13T16:53:44","guid":{"rendered":"https:\/\/footballthrift.shop\/?post_type=product&#038;p=51934"},"modified":"2026-03-09T11:32:06","modified_gmt":"2026-03-09T10:32:06","slug":"club-brugge-1996-97-home-xxl","status":"publish","type":"product","link":"https:\/\/footballthrift.shop\/de\/club-brugge-1996-97-home-xxl\/","title":{"rendered":"Koszulka pi\u0142karska Club Brugge 1996\/97 Home [XXL]"},"content":{"rendered":"<p><strong>Verein:<\/strong> Club Br\u00fcgge<\/p>\n<p><strong>Saison:<\/strong> 1996\/97 Heimat<\/p>\n<p><strong>Gr\u00f6\u00dfe: <\/strong>XXL<\/p>\n<p><strong>Zustand:<\/strong> Ausgezeichnet<\/p>\n<p><strong>Ma\u00dfe (Achselbreite\/L\u00e4nge) in cm: <\/strong>60\/78<\/p>","protected":false},"excerpt":{"rendered":"<p>Original Heim-Fu\u00dfballtrikot <strong>Club Br\u00fcgge<\/strong> aus der Saison <strong>1996\/97<\/strong> Produktion <strong>Adidas<\/strong>.<\/p>\n<p>Heimmodell <strong>Club Br\u00fcgge<\/strong> aus der Saison <strong>1996\/97<\/strong>hergestellt von <strong>Adidas<\/strong> in XXL-Gr\u00f6\u00dfe, stammt aus einer Zeit, als der Verein an der Spitze der belgischen Jupiler League stand und regelm\u00e4\u00dfig an Europapokalen teilnahm. Die 1990er Jahre waren eine Zeit der Stabilit\u00e4t f\u00fcr die Br\u00fcgger Mannschaft in der nationalen Elite und im Kampf um die h\u00f6chsten Ziele.<\/p>\n<p>Das T-Shirt wurde in den klassischen blauen und schwarzen L\u00e4ngsstreifen hergestellt, die das Markenzeichen der <strong>Club Br\u00fcgge<\/strong>. Das Modell hat einen Polokragen, der dem Design einen eleganten Retro-Look verleiht. Die \u00c4rmel sind mit wei\u00dfen Streifen versehen, die charakteristisch f\u00fcr die Designs sind <strong>Adidas<\/strong>, die sie umgibt. Die Vorderseite ist mit einem Sponsorenaufdruck versehen, w\u00e4hrend das Vereinswappen und das Logo <strong>Adidas<\/strong> in den traditionellen Zonen der Brust verteilt, wobei eine symmetrische und lesbare Komposition beibehalten wird.<\/p>\n<p><strong>Club Br\u00fcgge<\/strong> ist einer der erfolgreichsten und einflussreichsten Vereine in der Geschichte des belgischen Fu\u00dfballs. Die Mannschaft hat wiederholt die nationale Meisterschaft gewonnen, Belgien in europ\u00e4ischen Wettbewerben vertreten und sich eine starke internationale Marke aufgebaut. Zu den Spielern der Mannschaft geh\u00f6ren. <strong>Jan Ceulemans<\/strong>, eine Legende des belgischen Fu\u00dfballs, <strong>Gert Verheyen<\/strong>, eine Schl\u00fcsselfigur der Offensive in den 1990er Jahren, oder <strong>Timmy Simons<\/strong>, ein langj\u00e4hriger Mittelfeldspieler und belgischer Vertreter. Der Verein aus Br\u00fcgge spielte eine wichtige Rolle bei der Entwicklung nationaler Talente und der F\u00f6rderung des belgischen Fu\u00dfballs auf der internationalen B\u00fchne.<\/p>\n<p>Das T-Shirt ist aus einem leichten Material gefertigt, das typisch f\u00fcr die Designs <strong>Adidas<\/strong> aus der Mitte der 1990er Jahre. Der XXL-Schnitt entspricht den damaligen Standards des Herstellers und bietet eine klassische Passform.<\/p>\n<p>F\u00fcr Sammler und Fans, die ein originales Heimtrikot suchen <strong>Club Br\u00fcgge<\/strong> aus der Saison <strong>1996\/97<\/strong>, Ein deutlicher Beleg f\u00fcr die starke Stellung des Vereins im belgischen Fu\u00dfball der 1990er Jahre.<\/p>","protected":false},"featured_media":52084,"template":"","meta":{"_kad_blocks_custom_css":"","_kad_blocks_head_custom_js":"","_kad_blocks_body_custom_js":"","_kad_blocks_footer_custom_js":"","_kad_post_transparent":"default","_kad_post_title":"","_kad_post_layout":"default","_kad_post_sidebar_id":"","_kad_post_content_style":"default","_kad_post_vertical_padding":"default","_kad_post_feature":"","_kad_post_feature_position":"","_kad_post_header":false,"_kad_post_footer":false,"_kad_post_classname":""},"product_brand":[1283],"product_cat":[1466],"product_tag":[],"class_list":{"0":"post-51934","1":"product","2":"type-product","3":"status-publish","4":"has-post-thumbnail","6":"product_brand-adidas","7":"product_cat-belgia-holandia","8":"pa_homeawaythird-home","9":"pa_rozmiar-xxl","11":"first","12":"instock","13":"taxable","14":"shipping-taxable","15":"purchasable","16":"product-type-simple","17":"entry","18":"content-bg","19":"loop-entry"},"taxonomy_info":{"product_brand":[{"value":1283,"label":"Adidas"}],"product_cat":[{"value":1466,"label":"Belgia i Holandia"}],"pa_homeawaythird":[{"value":1597,"label":"Home"}],"pa_rozmiar":[{"value":1819,"label":"XXL"}]},"featured_image_src_large":["https:\/\/footballthrift.shop\/wp-content\/uploads\/2024\/09\/Photoroom_030_20240925_143213-1024x1024.png",1024,1024,true],"author_info":[],"comment_info":"","_links":{"self":[{"href":"https:\/\/footballthrift.shop\/de\/wp-json\/wp\/v2\/product\/51934","targetHints":{"allow":["GET"]}}],"collection":[{"href":"https:\/\/footballthrift.shop\/de\/wp-json\/wp\/v2\/product"}],"about":[{"href":"https:\/\/footballthrift.shop\/de\/wp-json\/wp\/v2\/types\/product"}],"wp:featuredmedia":[{"embeddable":true,"href":"https:\/\/footballthrift.shop\/de\/wp-json\/wp\/v2\/media\/52084"}],"wp:attachment":[{"href":"https:\/\/footballthrift.shop\/de\/wp-json\/wp\/v2\/media?parent=51934"}],"wp:term":[{"taxonomy":"product_brand","embeddable":true,"href":"https:\/\/footballthrift.shop\/de\/wp-json\/wp\/v2\/product_brand?post=51934"},{"taxonomy":"product_cat","embeddable":true,"href":"https:\/\/footballthrift.shop\/de\/wp-json\/wp\/v2\/product_cat?post=51934"},{"taxonomy":"product_tag","embeddable":true,"href":"https:\/\/footballthrift.shop\/de\/wp-json\/wp\/v2\/product_tag?post=51934"}],"curies":[{"name":"wp","href":"https:\/\/api.w.org\/{rel}","templated":true}]}}