{"id":51933,"date":"2025-02-13T17:53:42","date_gmt":"2025-02-13T16:53:42","guid":{"rendered":"https:\/\/footballthrift.shop\/?post_type=product&#038;p=51933"},"modified":"2026-03-09T11:32:07","modified_gmt":"2026-03-09T10:32:07","slug":"club-brugge-1999-00-heim-7-verheyen-g-xxl","status":"publish","type":"product","link":"https:\/\/footballthrift.shop\/de\/club-brugge-1999-00-home-7-verheyen-g-xxl\/","title":{"rendered":"Koszulka pi\u0142karska Club Brugge 1999\/00 Home 7 Verheyen G. [XXL]"},"content":{"rendered":"<p><strong>Verein:<\/strong> Club Br\u00fcgge<\/p>\n<p><strong>Saison:<\/strong> 1999\/00 Startseite<\/p>\n<p><strong>Gr\u00f6\u00dfe: <\/strong>XXL<\/p>\n<p><strong>Zustand:<\/strong> Gut - Mikron\u00e4hte auf der Vorder- und R\u00fcckseite des Trikots und ein Gr\u00f6\u00dfenetikett im Nacken.<\/p>\n<p><strong>Ma\u00dfe (Achselbreite\/L\u00e4nge) in cm: <\/strong>62\/75 (vorne), 80 (hinten)<\/p>","protected":false},"excerpt":{"rendered":"<p>Original Heim-Fu\u00dfballtrikot <strong>Club Br\u00fcgge<\/strong> aus der Saison <strong>1999\/00<\/strong> Produktion <strong>Adidas<\/strong> gedruckt <strong>Gert Verheyen<\/strong>.<\/p>\n<p>Heimmodell <strong>Club Br\u00fcgge<\/strong> aus der Saison <strong>1999\/00<\/strong>hergestellt von <strong>Adidas<\/strong> im XXL-Format, stammt aus einer Zeit, in der der Verein in der belgischen Jupiler League stets zur Spitze geh\u00f6rte und regelm\u00e4\u00dfig um nationale Troph\u00e4en k\u00e4mpfte. Die sp\u00e4ten 1990er Jahre waren f\u00fcr die Br\u00fcgger eine Zeit der Stabilit\u00e4t in der Liga-Elite und des Aufbaus einer starken Mannschaft mit erfahrenen F\u00fchrungsspielern.<\/p>\n<p>Das T-Shirt wurde in dem klassischen blau-schwarzen L\u00e4ngsstreifen hergestellt, der die Grundlage der Identifikation bildet. <strong>Club Br\u00fcgge<\/strong>. Das Modell hat einen Polokragen, der dem Design einen eleganten, zeitgem\u00e4\u00dfen Look verleiht. Auf der Vorderseite steht ein Sponsorenaufdruck im Mittelpunkt, w\u00e4hrend das Vereinswappen und das Logo <strong>Adidas<\/strong> in den traditionellen Zonen der Brust verteilt, wobei eine symmetrische und lesbare Komposition beibehalten wird.<\/p>\n<p>Auf der R\u00fcckseite befindet sich ein origineller Aufdruck. <strong>Gert Verheyen<\/strong>, eine der gr\u00f6\u00dften Legenden <strong>Club Br\u00fcgge<\/strong>. Der belgische Fl\u00fcgelspieler war Ende der 1990er und Anfang der 2000er Jahre eine Schl\u00fcsselfigur in der Mannschaft und wurde f\u00fcr seinen Einsatz, seine Effizienz und sein Engagement f\u00fcr die Vereinsfarben gesch\u00e4tzt. <strong>Gert Verheyen<\/strong> bestritt Hunderte von Spielen in den blau-schwarzen Farben, gewann mit dem Verein Meisterschaften und nationale Pokale und pr\u00e4gte die belgische Fu\u00dfballgeschichte nachhaltig.<\/p>\n<p>Das T-Shirt ist aus einem leichten Material gefertigt, das typisch f\u00fcr die Designs <strong>Adidas<\/strong> aus den sp\u00e4ten 1990er Jahren, und der XXL-Schnitt entspricht den damaligen Standards des Herstellers und bietet eine klassische Passform.<\/p>\n<p>F\u00fcr Sammler und Fans, die ein originales Heimtrikot suchen <strong>Club Br\u00fcgge<\/strong> aus der Saison <strong>1999\/00<\/strong>, die die Zeit der belgischen Vorherrschaft und die Karriere des <strong>Gert Verheyen<\/strong> in den Vereinsfarben.<\/p>","protected":false},"featured_media":52092,"template":"","meta":{"_kad_blocks_custom_css":"","_kad_blocks_head_custom_js":"","_kad_blocks_body_custom_js":"","_kad_blocks_footer_custom_js":"","_kad_post_transparent":"default","_kad_post_title":"","_kad_post_layout":"default","_kad_post_sidebar_id":"","_kad_post_content_style":"default","_kad_post_vertical_padding":"default","_kad_post_feature":"","_kad_post_feature_position":"","_kad_post_header":false,"_kad_post_footer":false,"_kad_post_classname":""},"product_brand":[1283],"product_cat":[1466],"product_tag":[],"class_list":{"0":"post-51933","1":"product","2":"type-product","3":"status-publish","4":"has-post-thumbnail","6":"product_brand-adidas","7":"product_cat-belgia-holandia","8":"pa_homeawaythird-home","9":"pa_rozmiar-xxl","11":"first","12":"instock","13":"taxable","14":"shipping-taxable","15":"purchasable","16":"product-type-simple","17":"entry","18":"content-bg","19":"loop-entry"},"taxonomy_info":{"product_brand":[{"value":1283,"label":"Adidas"}],"product_cat":[{"value":1466,"label":"Belgia i Holandia"}],"pa_homeawaythird":[{"value":1597,"label":"Home"}],"pa_rozmiar":[{"value":1819,"label":"XXL"}]},"featured_image_src_large":["https:\/\/footballthrift.shop\/wp-content\/uploads\/2024\/09\/Photoroom_005_20240925_143213-1024x1024.png",1024,1024,true],"author_info":[],"comment_info":"","_links":{"self":[{"href":"https:\/\/footballthrift.shop\/de\/wp-json\/wp\/v2\/product\/51933","targetHints":{"allow":["GET"]}}],"collection":[{"href":"https:\/\/footballthrift.shop\/de\/wp-json\/wp\/v2\/product"}],"about":[{"href":"https:\/\/footballthrift.shop\/de\/wp-json\/wp\/v2\/types\/product"}],"wp:featuredmedia":[{"embeddable":true,"href":"https:\/\/footballthrift.shop\/de\/wp-json\/wp\/v2\/media\/52092"}],"wp:attachment":[{"href":"https:\/\/footballthrift.shop\/de\/wp-json\/wp\/v2\/media?parent=51933"}],"wp:term":[{"taxonomy":"product_brand","embeddable":true,"href":"https:\/\/footballthrift.shop\/de\/wp-json\/wp\/v2\/product_brand?post=51933"},{"taxonomy":"product_cat","embeddable":true,"href":"https:\/\/footballthrift.shop\/de\/wp-json\/wp\/v2\/product_cat?post=51933"},{"taxonomy":"product_tag","embeddable":true,"href":"https:\/\/footballthrift.shop\/de\/wp-json\/wp\/v2\/product_tag?post=51933"}],"curies":[{"name":"wp","href":"https:\/\/api.w.org\/{rel}","templated":true}]}}