{"id":51545,"date":"2025-02-13T17:53:34","date_gmt":"2025-02-13T16:53:34","guid":{"rendered":"https:\/\/footballthrift.shop\/?post_type=product&#038;p=51545"},"modified":"2026-03-09T11:32:09","modified_gmt":"2026-03-09T10:32:09","slug":"szwajcaria-2008-10-away-l","status":"publish","type":"product","link":"https:\/\/footballthrift.shop\/de\/szwajcaria-2008-10-away-l\/","title":{"rendered":"Koszulka pi\u0142karska Szwajcaria 2008\/10 Away [L]"},"content":{"rendered":"<p><strong>Verein:<\/strong> Schweiz<\/p>\n<p><strong>Saison:<\/strong> 2008\/10 Ausw\u00e4rts<\/p>\n<p><strong>Gr\u00f6\u00dfe: <\/strong>L<\/p>\n<p><strong>Zustand:<\/strong> Gut - ein paar Flecken und Verschmutzungen.<\/p>\n<p><strong>Ma\u00dfe (Achselbreite\/L\u00e4nge) in cm: <\/strong>55\/75<\/p>","protected":false},"excerpt":{"rendered":"<p><strong>Das Original 2008\/10 Heimtrikot der Schweizer Nationalmannschaft von Puma.\u00a0<\/strong><\/p>\n<p>Heimmodell <strong>die Schweizer Nationalmannschaft<\/strong> im Laufe der Jahre <strong>2008\/10<\/strong>hergestellt von <strong>Puma<\/strong> in der Gr\u00f6\u00dfe <strong>L<\/strong>, stammt aus der Zeit eines der wichtigsten Ereignisse in der Geschichte des lokalen Fu\u00dfballs - der Organisation des <strong>Europameisterschaft 2008<\/strong>, davon <strong>Schweiz<\/strong> wurde gemeinsam veranstaltet mit <strong>\u00d6sterreich<\/strong>. Das Turnier war f\u00fcr die Schweizer Mannschaft eine einmalige Gelegenheit, vor heimischem Publikum aufzutreten.<\/p>\n<p>Das Hemd wurde auf wei\u00dfem Grund hergestellt, das mit einem roten Polokragen und roten \u00c4rmelabschl\u00fcssen kontrastiert, die auf die Nationalfarben verweisen. <strong>Schweiz<\/strong>. Auf der linken Brust, \u00fcbereinander, ist das Wappen angebracht <strong>Schweizerischer Fussballverband<\/strong> und Logo <strong>Pumas<\/strong>, Dabei wird das unverwechselbare Layout beibehalten, das die Marke f\u00fcr die Nationalmannschaften entwirft. Das Design ist in einem minimalistischen Stil gehalten, der typisch f\u00fcr die Trikots der Nationalmannschaften aus dem Ende des ersten Jahrzehnts des 21.<\/p>\n<p>W\u00e4hrend <strong>EURO 2008<\/strong> <strong>Schweizer Nationalmannschaft<\/strong> konkurrierten in einer Gruppe mit <strong>Portugal<\/strong>, <strong>T\u00fcrkei<\/strong> und <strong>Tschechische Republik<\/strong>. Obwohl die Gastgeber die K.-o.-Phase nicht erreichten, blieb das Turnier den Fans als wichtiger Moment in der Entwicklung des Schweizer Fussballs in Erinnerung. In der Mannschaft standen damals unter anderem. <strong>Alexander Frei<\/strong>, Kapit\u00e4n und einer der besten Sch\u00fctzen in der Geschichte der Nationalmannschaft, <strong>Hakan Yakin<\/strong>, einen kreativen Mittelfeldspieler, der f\u00fcr offensive Aktionen zust\u00e4ndig ist, und <strong>Philipp Degen<\/strong> i <strong>Tranquillo Barnetta<\/strong>, die wichtige Glieder der Mannschaft waren. Das Tor der Mannschaft wurde gespielt von <strong>Diego Benaglio<\/strong>, sp\u00e4terer Deutscher Meister von <strong>VfL Wolfsburg<\/strong>.<\/p>\n<p>Das T-Shirt ist aus leichtem und atmungsaktivem Material gefertigt und der Schnitt in Gr\u00f6\u00dfe <strong>L<\/strong> entspricht den Standards <strong>Pumas<\/strong>, und bietet die klassische Passform, die f\u00fcr die Designs der Marke aus dieser Zeit charakteristisch ist.<\/p>\n<p>Dies ist ein Angebot f\u00fcr Sammler und Fans, die auf der Suche sind nach <strong>das Original-Heimtrikot der Schweizer Fussballnationalmannschaft 2008\/10<\/strong>, der eine lesbare Aufzeichnung der Leistung des Teams bei der <strong>EURO 2008<\/strong>.<\/p>","protected":false},"featured_media":51691,"template":"","meta":{"_kad_blocks_custom_css":"","_kad_blocks_head_custom_js":"","_kad_blocks_body_custom_js":"","_kad_blocks_footer_custom_js":"","_kad_post_transparent":"default","_kad_post_title":"","_kad_post_layout":"default","_kad_post_sidebar_id":"","_kad_post_content_style":"default","_kad_post_vertical_padding":"default","_kad_post_feature":"","_kad_post_feature_position":"","_kad_post_header":false,"_kad_post_footer":false,"_kad_post_classname":""},"product_brand":[1287],"product_cat":[1489],"product_tag":[],"class_list":{"0":"post-51545","1":"product","2":"type-product","3":"status-publish","4":"has-post-thumbnail","6":"product_brand-puma","7":"product_cat-pozostale-reprezentacje-europa","8":"pa_homeawaythird-away","9":"pa_rozmiar-l","11":"first","12":"instock","13":"taxable","14":"shipping-taxable","15":"purchasable","16":"product-type-simple","17":"entry","18":"content-bg","19":"loop-entry"},"taxonomy_info":{"product_brand":[{"value":1287,"label":"Puma"}],"product_cat":[{"value":1489,"label":"Pozosta\u0142e"}],"pa_homeawaythird":[{"value":1598,"label":"Away"}],"pa_rozmiar":[{"value":1817,"label":"L"}]},"featured_image_src_large":["https:\/\/footballthrift.shop\/wp-content\/uploads\/2024\/09\/Photoroom_026_20240916_154921-1024x1024.png",1024,1024,true],"author_info":[],"comment_info":"","_links":{"self":[{"href":"https:\/\/footballthrift.shop\/de\/wp-json\/wp\/v2\/product\/51545","targetHints":{"allow":["GET"]}}],"collection":[{"href":"https:\/\/footballthrift.shop\/de\/wp-json\/wp\/v2\/product"}],"about":[{"href":"https:\/\/footballthrift.shop\/de\/wp-json\/wp\/v2\/types\/product"}],"wp:featuredmedia":[{"embeddable":true,"href":"https:\/\/footballthrift.shop\/de\/wp-json\/wp\/v2\/media\/51691"}],"wp:attachment":[{"href":"https:\/\/footballthrift.shop\/de\/wp-json\/wp\/v2\/media?parent=51545"}],"wp:term":[{"taxonomy":"product_brand","embeddable":true,"href":"https:\/\/footballthrift.shop\/de\/wp-json\/wp\/v2\/product_brand?post=51545"},{"taxonomy":"product_cat","embeddable":true,"href":"https:\/\/footballthrift.shop\/de\/wp-json\/wp\/v2\/product_cat?post=51545"},{"taxonomy":"product_tag","embeddable":true,"href":"https:\/\/footballthrift.shop\/de\/wp-json\/wp\/v2\/product_tag?post=51545"}],"curies":[{"name":"wp","href":"https:\/\/api.w.org\/{rel}","templated":true}]}}