{"id":51532,"date":"2025-02-13T17:53:37","date_gmt":"2025-02-13T16:53:37","guid":{"rendered":"https:\/\/footballthrift.shop\/?post_type=product&#038;p=51532"},"modified":"2026-03-09T11:32:08","modified_gmt":"2026-03-09T10:32:08","slug":"spielerausgabe-trainingssweatshirt-frankreich-l","status":"publish","type":"product","link":"https:\/\/footballthrift.shop\/de\/player-issue-bluza-treningowa-francja-l\/","title":{"rendered":"Bluza treningowa AUTHENTIC Francja 2020\/22 [L]"},"content":{"rendered":"<p><strong>Verein:<\/strong> Frankreich<\/p>\n<p><strong>Saison:<\/strong> 2020\/22<\/p>\n<p><strong>Gr\u00f6\u00dfe: <\/strong>L<\/p>\n<p><strong>Zustand:<\/strong> Gut - Verschmutzungen an den \u00c4rmeln und am R\u00fccken, sichtbar bei starkem Licht.<\/p>\n<p><strong>Ma\u00dfe (Achselbreite\/L\u00e4nge) in cm: <\/strong>54\/77<\/p>","protected":false},"excerpt":{"rendered":"<p><strong>Original Trainingssweatshirt der franz\u00f6sischen Nationalmannschaft 2020\/22 von Nike.\u00a0<\/strong><\/p>\n<p>Ausbildungsmodell <strong>die franz\u00f6sische Nationalmannschaft<\/strong> im Laufe der Jahre <strong>2020\/22<\/strong>hergestellt von <strong>Nike<\/strong> in der Gr\u00f6\u00dfe <strong>L<\/strong>, geht auf die Zeit zur\u00fcck, als die Nationalmannschaft an internationalen Wettbewerben teilnahm. <strong>Europameisterschaften 2020<\/strong> und Vorbereitungen f\u00fcr die n\u00e4chsten Turniere. Damals geh\u00f6rte das Team zur Weltspitze und st\u00fctzte sich auf den Weltmeister von 2018.<\/p>\n<p>Das Sweatshirt wurde auf wei\u00dfem Grund hergestellt, was ihm einen sauberen und modernen Look verleiht. Das Modell verf\u00fcgt \u00fcber einen unvollst\u00e4ndigen Rei\u00dfverschluss am Hals und ein rotes Wappen <strong>Franz\u00f6sischer Fu\u00dfballverband (F\u00e9d\u00e9ration Fran\u00e7aise de Football)<\/strong> auf der Brust platziert. An den \u00c4rmeln befinden sich rote Logos <strong>Nike<\/strong>, die eine farblich koh\u00e4rente Komposition mit dem Bundeswappen bilden und den minimalistischen Charakter des Designs unterstreichen.<\/p>\n<p>In Jahren <strong>2020\/22<\/strong> <strong>Franz\u00f6sische Nationalmannschaft<\/strong> hatte eine der st\u00e4rksten Mannschaften der Welt. Zum Team geh\u00f6rten unter anderem. <strong>Kylian Mbapp\u00e9<\/strong>, und ist der Anf\u00fchrer der Offensive, <strong>Antoine Griezmann<\/strong>, die f\u00fcr die Entwicklung des Spiels entscheidend sind, und <strong>N'Golo Kant\u00e9<\/strong>, verantwortlich f\u00fcr das Gleichgewicht im Mittelfeld. Das Team gef\u00fchrt von <strong>Didier Deschamps<\/strong> blieb einer der Hauptfavoriten bei gro\u00dfen internationalen Turnieren.<\/p>\n<p>Das Sweatshirt ist aus leichtem und atmungsaktivem Stoff mit <strong>Nike Vaporknit<\/strong>, f\u00fcr hohe Atmungsaktivit\u00e4t und eine gute Passform. In der Gr\u00f6\u00dfe geschnitten <strong>L<\/strong> entspricht den Standards <strong>Nike<\/strong>, und bietet die f\u00fcr die Trainingskollektionen der Marke charakteristische sportliche Passform.<\/p>\n<p>Dies ist ein Angebot f\u00fcr Sammler und Fans, die auf der Suche sind nach <strong>ein originales Trainingsshirt der franz\u00f6sischen Nationalmannschaft ab 2020\/22<\/strong>, Ein klares Zeugnis einer Zeit, in der die Mannschaft an der Spitze des Weltfu\u00dfballs stand.<\/p>","protected":false},"featured_media":51594,"template":"","meta":{"_kad_blocks_custom_css":"","_kad_blocks_head_custom_js":"","_kad_blocks_body_custom_js":"","_kad_blocks_footer_custom_js":"","_kad_post_transparent":"default","_kad_post_title":"","_kad_post_layout":"default","_kad_post_sidebar_id":"","_kad_post_content_style":"default","_kad_post_vertical_padding":"default","_kad_post_feature":"","_kad_post_feature_position":"","_kad_post_header":false,"_kad_post_footer":false,"_kad_post_classname":""},"product_brand":[1284],"product_cat":[1454,1423],"product_tag":[],"class_list":{"0":"post-51532","1":"product","2":"type-product","3":"status-publish","4":"has-post-thumbnail","6":"product_brand-nike","7":"product_cat-reprezentacja-francji","8":"product_cat-kurtkibluzytrening","9":"pa_rozmiar-l","11":"first","12":"instock","13":"taxable","14":"shipping-taxable","15":"purchasable","16":"product-type-simple","17":"entry","18":"content-bg","19":"loop-entry"},"taxonomy_info":{"product_brand":[{"value":1284,"label":"Nike"}],"product_cat":[{"value":1454,"label":"Francja"},{"value":1423,"label":"Kurtki\/bluzy\/trening"}],"pa_rozmiar":[{"value":1817,"label":"L"}]},"featured_image_src_large":["https:\/\/footballthrift.shop\/wp-content\/uploads\/2024\/09\/Photoroom_028_20240916_154921-1024x1024.png",1024,1024,true],"author_info":[],"comment_info":"","_links":{"self":[{"href":"https:\/\/footballthrift.shop\/de\/wp-json\/wp\/v2\/product\/51532","targetHints":{"allow":["GET"]}}],"collection":[{"href":"https:\/\/footballthrift.shop\/de\/wp-json\/wp\/v2\/product"}],"about":[{"href":"https:\/\/footballthrift.shop\/de\/wp-json\/wp\/v2\/types\/product"}],"wp:featuredmedia":[{"embeddable":true,"href":"https:\/\/footballthrift.shop\/de\/wp-json\/wp\/v2\/media\/51594"}],"wp:attachment":[{"href":"https:\/\/footballthrift.shop\/de\/wp-json\/wp\/v2\/media?parent=51532"}],"wp:term":[{"taxonomy":"product_brand","embeddable":true,"href":"https:\/\/footballthrift.shop\/de\/wp-json\/wp\/v2\/product_brand?post=51532"},{"taxonomy":"product_cat","embeddable":true,"href":"https:\/\/footballthrift.shop\/de\/wp-json\/wp\/v2\/product_cat?post=51532"},{"taxonomy":"product_tag","embeddable":true,"href":"https:\/\/footballthrift.shop\/de\/wp-json\/wp\/v2\/product_tag?post=51532"}],"curies":[{"name":"wp","href":"https:\/\/api.w.org\/{rel}","templated":true}]}}