{"id":51528,"date":"2025-02-13T17:53:40","date_gmt":"2025-02-13T16:53:40","guid":{"rendered":"https:\/\/footballthrift.shop\/?post_type=product&#038;p=51528"},"modified":"2026-03-09T11:32:07","modified_gmt":"2026-03-09T10:32:07","slug":"arsenal-fc-sweatshirt-xl","status":"publish","type":"product","link":"https:\/\/footballthrift.shop\/de\/bluza-arsenal-fc-xl\/","title":{"rendered":"Bluza z kapturem Arsenal FC 2006\/07 [XL]"},"content":{"rendered":"<p><strong>Verein:<\/strong> Arsenal FC<\/p>\n<p><strong>Gr\u00f6\u00dfe: <\/strong>XL<\/p>\n<p><strong>Zustand:<\/strong> Gut - zwei kleine Verschmutzungen an den \u00c4rmeln und eine auf der Vorderseite.<\/p>\n<p><strong>Ma\u00dfe (Achselbreite\/L\u00e4nge) in cm: <\/strong>71\/75<\/p>","protected":false},"excerpt":{"rendered":"<p>Original Fu\u00dfball-Kapuzenpulli <strong>Arsenal FC<\/strong> aus der Saison <strong>2006\/07<\/strong> Produktion <strong>Nike<\/strong>.<\/p>\n<p>Allt\u00e4gliches Modell <strong>Arsenal FC<\/strong> aus der Saison <strong>2006\/07<\/strong>hergestellt von <strong>Nike<\/strong> im XL-Format, stammt aus der ersten vollen Saison des Vereins im Emirates Stadium. Es war eine \u00dcbergangszeit, in der die Mannschaft unter Ars\u00e8ne Wenger nach dem Umzug aus Highbury eine neue sportliche Identit\u00e4t aufbaute und sich auf eine junge und zukunftsorientierte Mannschaft st\u00fctzte.<\/p>\n<p>Das Sweatshirt ist in einer grauen Farbgebung gehalten und hat den Charakter eines alltagstauglichen Baumwollmodells. Zentral auf der Vorderseite, \u00fcbereinander, befindet sich das Wappen <strong>Arsenal FC<\/strong> und das Logo des Herstellers <strong>Nike<\/strong>, Das Modell ist mit einer Kapuze ausgestattet, die seinen sportlich-legeren Charakter unterstreicht. Das Modell ist mit einer Kapuze ausgestattet, die seinen sportlich-l\u00e4ssigen Charakter unterstreicht.<\/p>\n<p>Saison <strong>2006\/07<\/strong> war f\u00fcr <strong>Arsenal FC<\/strong> Der Verein befand sich in einer Zeit des personellen Umbaus und der Einf\u00fchrung junger Spieler in die erste Mannschaft. Zu dieser Zeit trug der Verein folgende Farben. <strong>Thierry Henry<\/strong>, Kapit\u00e4n und Symbol der Mannschaft, <strong>Cesc F\u00e0bregas<\/strong>, der im Mittelfeld immer mehr Verantwortung \u00fcbernahm, und <strong>Robin van Persie<\/strong>, und entwickelte sich zu einem wichtigen offensiven Element. Es war eine Etappe, die den Boden f\u00fcr die n\u00e4chsten Jahre des Wettbewerbs in der englischen Elite bereitete.<\/p>\n<p>Das Sweatshirt ist aus einem weichen Baumwollstoff gefertigt und der Schnitt in Gr\u00f6\u00dfe XL entspricht den Normen der <strong>Nike<\/strong>, und bietet eine bequeme Passform f\u00fcr das t\u00e4gliche Tragen.<\/p>\n<p>F\u00fcr Sammler und Fans, die einen originalen Hoodie suchen <strong>Arsenal FC<\/strong> aus der Saison <strong>2006\/07<\/strong>, und dokumentiert damit den Beginn der Emirates-\u00c4ra und eine \u00dcbergangsphase in der Geschichte des Londoner Clubs.<\/p>","protected":false},"featured_media":51565,"template":"","meta":{"_kad_blocks_custom_css":"","_kad_blocks_head_custom_js":"","_kad_blocks_body_custom_js":"","_kad_blocks_footer_custom_js":"","_kad_post_transparent":"default","_kad_post_title":"","_kad_post_layout":"default","_kad_post_sidebar_id":"","_kad_post_content_style":"default","_kad_post_vertical_padding":"default","_kad_post_feature":"","_kad_post_feature_position":"","_kad_post_header":false,"_kad_post_footer":false,"_kad_post_classname":""},"product_brand":[1284],"product_cat":[1435,15,1423],"product_tag":[],"class_list":{"0":"post-51528","1":"product","2":"type-product","3":"status-publish","4":"has-post-thumbnail","6":"product_brand-nike","7":"product_cat-arsenal","8":"product_cat-bez-kategorii","9":"product_cat-kurtkibluzytrening","10":"pa_rozmiar-xl","12":"first","13":"instock","14":"taxable","15":"shipping-taxable","16":"purchasable","17":"product-type-simple","18":"entry","19":"content-bg","20":"loop-entry"},"taxonomy_info":{"product_brand":[{"value":1284,"label":"Nike"}],"product_cat":[{"value":1435,"label":"Arsenal FC"},{"value":15,"label":"Bez kategorii"},{"value":1423,"label":"Kurtki\/bluzy\/trening"}],"pa_rozmiar":[{"value":1818,"label":"XL"}]},"featured_image_src_large":["https:\/\/footballthrift.shop\/wp-content\/uploads\/2024\/09\/Photoroom_038_20240916_154921-1024x1024.png",1024,1024,true],"author_info":[],"comment_info":"","_links":{"self":[{"href":"https:\/\/footballthrift.shop\/de\/wp-json\/wp\/v2\/product\/51528","targetHints":{"allow":["GET"]}}],"collection":[{"href":"https:\/\/footballthrift.shop\/de\/wp-json\/wp\/v2\/product"}],"about":[{"href":"https:\/\/footballthrift.shop\/de\/wp-json\/wp\/v2\/types\/product"}],"wp:featuredmedia":[{"embeddable":true,"href":"https:\/\/footballthrift.shop\/de\/wp-json\/wp\/v2\/media\/51565"}],"wp:attachment":[{"href":"https:\/\/footballthrift.shop\/de\/wp-json\/wp\/v2\/media?parent=51528"}],"wp:term":[{"taxonomy":"product_brand","embeddable":true,"href":"https:\/\/footballthrift.shop\/de\/wp-json\/wp\/v2\/product_brand?post=51528"},{"taxonomy":"product_cat","embeddable":true,"href":"https:\/\/footballthrift.shop\/de\/wp-json\/wp\/v2\/product_cat?post=51528"},{"taxonomy":"product_tag","embeddable":true,"href":"https:\/\/footballthrift.shop\/de\/wp-json\/wp\/v2\/product_tag?post=51528"}],"curies":[{"name":"wp","href":"https:\/\/api.w.org\/{rel}","templated":true}]}}