{"id":51308,"date":"2025-02-13T17:53:30","date_gmt":"2025-02-13T16:53:30","guid":{"rendered":"https:\/\/footballthrift.shop\/?post_type=product&#038;p=51308"},"modified":"2026-03-09T11:32:10","modified_gmt":"2026-03-09T10:32:10","slug":"bnwt-west-ham-united-fc-2019-20-1-fabianski-xl","status":"publish","type":"product","link":"https:\/\/footballthrift.shop\/de\/bnwt-west-ham-united-fc-2019-20-1-fabianski-xl\/","title":{"rendered":"Koszulka bramkarska BNWT West Ham United FC 2019\/20 1 Fabia\u0144ski [XL]"},"content":{"rendered":"<p><strong>Verein:<\/strong> West Ham United FC<\/p>\n<p><strong>Saison:<\/strong> 2019\/20<\/p>\n<p><strong>Gr\u00f6\u00dfe: <\/strong>XL<\/p>\n<p><strong>Zustand:<\/strong> BNWT - T-shirt neu, mit Etiketten.<\/p>\n<p><strong>Ma\u00dfe (Achselbreite\/L\u00e4nge) in cm: <\/strong>59\/77<\/p>","protected":false},"excerpt":{"rendered":"<p><strong>Original West Ham United FC Torwart-Fu\u00dfballtrikot aus der Saison 2019\/20 von Umbro, bedruckt mit Lukasz Fabianski.\u00a0<\/strong><\/p>\n<p>Modell Torwart <strong>West Ham United FC ab der Saison 2019\/20<\/strong>hergestellt von <strong>Umbro<\/strong> in XL-Gr\u00f6\u00dfe, stammt aus der Zeit der anspruchsvollen Rivalit\u00e4t der Vereine in der <strong>Erste Liga<\/strong>, Das Londoner Team hatte M\u00fche, sich in der h\u00f6chsten englischen Spielklasse zu behaupten. Die Mannschaft bestand damals aus folgenden Spielern. <strong>Lukasz Fabianski<\/strong>, <strong>Declan Rice<\/strong>, <strong>Michail Antonio<\/strong>, <strong>Mark Noble<\/strong> oder <strong>S\u00e9bastien Haller<\/strong>, die in dieser Saison den Kern der Hammers-Mannschaft gebildet haben.<\/p>\n<p>Das T-Shirt wurde hergestellt in <strong>gr\u00fcne Farben<\/strong> und besitzt <strong>lange \u00c4rmel<\/strong>, die f\u00fcr das Design von Torh\u00fctern charakteristisch ist. Der obere Teil der Vorderseite zeigt <strong>geometrische Muster<\/strong>, die die einheitliche Basis des T-Shirts aufbrechen und ihm einen dynamischeren Charakter verleihen. Auf der Vorderseite befindet sich ein zentraler Sponsorenaufdruck. <strong>Betway<\/strong>, und auf dem \u00c4rmel ist die offizielle <strong>Premier League Patch<\/strong>, und unterstreicht damit die Ligaeigenschaft dieses Modells.<\/p>\n<p>Auf der R\u00fcckseite befindet sich ein origineller Aufdruck. <strong>Lukasz Fabianski<\/strong>, der in dieser Zeit der wichtigste Torh\u00fcter war <strong>West Ham United FC<\/strong> und einer der angesehensten Torh\u00fcter der Welt <strong>Erste Liga<\/strong>. Der polnische Nationalspieler war f\u00fcr seine Reflexe, seine Gelassenheit und sein sicheres Spiel auf der Torlinie bekannt und rettete die Londoner in schwierigen Momenten der Saison immer wieder.<\/p>\n<p>Das T-Shirt ist aus leichtem und atmungsaktivem Material gefertigt und der Schnitt in Gr\u00f6\u00dfe XL entspricht den Standards der <strong>Umbro<\/strong>, mit klassischer Passform, die f\u00fcr das Produktionsdesign charakteristisch ist <strong>Umbro<\/strong>.<\/p>\n<p>Dies ist f\u00fcr Sammler und Fans, die ein originales Torwarttrikot suchen <strong>West Ham United FC<\/strong> z <strong>Saison 2019\/20<\/strong>, der die Zeit, in der die Tore des Londoner Klubs von der Polizei bewacht wurden, deutlich dokumentiert. <strong>Lukasz Fabianski<\/strong>.<\/p>","protected":false},"featured_media":51438,"template":"","meta":{"_kad_blocks_custom_css":"","_kad_blocks_head_custom_js":"","_kad_blocks_body_custom_js":"","_kad_blocks_footer_custom_js":"","_kad_post_transparent":"default","_kad_post_title":"","_kad_post_layout":"default","_kad_post_sidebar_id":"","_kad_post_content_style":"default","_kad_post_vertical_padding":"default","_kad_post_feature":"","_kad_post_feature_position":"","_kad_post_header":false,"_kad_post_footer":false,"_kad_post_classname":""},"product_brand":[1285],"product_cat":[1485,2033,1411],"product_tag":[],"class_list":{"0":"post-51308","1":"product","2":"type-product","3":"status-publish","4":"has-post-thumbnail","6":"product_brand-umbro","7":"product_cat-pozostale-kluby-angielskie","8":"product_cat-bnwt","9":"product_cat-polscy-pilkarze","10":"pa_rozmiar-xl","12":"first","13":"instock","14":"taxable","15":"shipping-taxable","16":"purchasable","17":"product-type-simple","18":"entry","19":"content-bg","20":"loop-entry"},"taxonomy_info":{"product_brand":[{"value":1285,"label":"Umbro"}],"product_cat":[{"value":1485,"label":"Pozosta\u0142e kluby angielskie"},{"value":2033,"label":"BNWT"},{"value":1411,"label":"POLSCY PI\u0141KARZE"}],"pa_rozmiar":[{"value":1818,"label":"XL"}]},"featured_image_src_large":["https:\/\/footballthrift.shop\/wp-content\/uploads\/2024\/09\/Photoroom_037_20240913_150520-1024x1024.png",1024,1024,true],"author_info":[],"comment_info":"","_links":{"self":[{"href":"https:\/\/footballthrift.shop\/de\/wp-json\/wp\/v2\/product\/51308","targetHints":{"allow":["GET"]}}],"collection":[{"href":"https:\/\/footballthrift.shop\/de\/wp-json\/wp\/v2\/product"}],"about":[{"href":"https:\/\/footballthrift.shop\/de\/wp-json\/wp\/v2\/types\/product"}],"wp:featuredmedia":[{"embeddable":true,"href":"https:\/\/footballthrift.shop\/de\/wp-json\/wp\/v2\/media\/51438"}],"wp:attachment":[{"href":"https:\/\/footballthrift.shop\/de\/wp-json\/wp\/v2\/media?parent=51308"}],"wp:term":[{"taxonomy":"product_brand","embeddable":true,"href":"https:\/\/footballthrift.shop\/de\/wp-json\/wp\/v2\/product_brand?post=51308"},{"taxonomy":"product_cat","embeddable":true,"href":"https:\/\/footballthrift.shop\/de\/wp-json\/wp\/v2\/product_cat?post=51308"},{"taxonomy":"product_tag","embeddable":true,"href":"https:\/\/footballthrift.shop\/de\/wp-json\/wp\/v2\/product_tag?post=51308"}],"curies":[{"name":"wp","href":"https:\/\/api.w.org\/{rel}","templated":true}]}}