{"id":51307,"date":"2025-02-13T17:53:30","date_gmt":"2025-02-13T16:53:30","guid":{"rendered":"https:\/\/footballthrift.shop\/?post_type=product&#038;p=51307"},"modified":"2026-03-09T11:32:10","modified_gmt":"2026-03-09T10:32:10","slug":"turcja-2020-22-away-xxl","status":"publish","type":"product","link":"https:\/\/footballthrift.shop\/de\/turcja-2020-22-away-xxl\/","title":{"rendered":"Koszulka pi\u0142karska Turcja 2020\/22 Away [XXL]"},"content":{"rendered":"<p><strong>Verein:<\/strong> T\u00fcrkei<\/p>\n<p><strong>Saison:<\/strong> 2020\/22 Ausw\u00e4rts<\/p>\n<p><strong>Gr\u00f6\u00dfe: <\/strong>XXL<\/p>\n<p><strong>Zustand:<\/strong> Ausgezeichnet<\/p>\n<p><strong>Ma\u00dfe (Achselbreite\/L\u00e4nge) in cm: <\/strong>66\/79<\/p>","protected":false},"excerpt":{"rendered":"<p><strong>Das Original 2020\/22 Ausw\u00e4rtstrikot der t\u00fcrkischen Nationalmannschaft von Nike.\u00a0<\/strong><\/p>\n<p>Ausw\u00e4rtsmodell <strong>der t\u00fcrkischen Nationalmannschaft 2020\/22<\/strong>hergestellt von <strong>Nike<\/strong> im XXL-Format, geht auf die Vorbereitung und die Leistungen der Mannschaft in internationalen Wettbewerben zu Beginn des neuen Jahrzehnts zur\u00fcck. Damals bestand das von \u015eenol G\u00fcne\u015f gef\u00fchrte Team aus einer Mischung aus erfahrenen Spielern und j\u00fcngeren Akteuren, die in Europas Top-Ligen spielen.<\/p>\n<p>Das T-Shirt wurde hergestellt auf <strong>wei\u00dfer Sockel<\/strong>, die den Hintergrund f\u00fcr das markanteste Element des Entwurfs bildet. Durch die Mitte der Brust l\u00e4uft <strong>dicker roter Querstreifen<\/strong>, auf dem das nationale Symbol der T\u00fcrkei abgebildet ist - die <strong>Mondsichel mit Stern<\/strong>. Dar\u00fcber befindet sich das zentrale Logo <strong>Nike<\/strong>, und die roten Bes\u00e4tze an den \u00c4rmeln und am Kragen erg\u00e4nzen das Farbschema des Kleidungsst\u00fccks stimmig. <strong>die t\u00fcrkische Nationalmannschaft<\/strong>.<\/p>\n<p>In diesem Zeitraum wurden die Farben <strong>die t\u00fcrkische Nationalmannschaft<\/strong> vertreten u.a. durch. <strong>Burak Y\u0131lmaz<\/strong>, <strong>Hakan \u00c7alhano\u011flu<\/strong>, <strong>Cengiz \u00dcnder<\/strong> oder <strong>\u00c7a\u011flar S\u00f6y\u00fcnc\u00fc<\/strong>, die bei den Qualifikationsspielen und internationalen Turnieren Anfang der 2000er Jahre den Kern der Mannschaft bildeten.<\/p>\n<p>Das T-Shirt ist aus einem leichten und luftigen Material gefertigt und der XXL-Schnitt entspricht den Standards der <strong>Nike<\/strong>, mit klassischer Passform, die f\u00fcr das Produktionsdesign charakteristisch ist <strong>Nike<\/strong>.<\/p>\n<p>Dies ist f\u00fcr Sammler und Fans, die ein originales Ausw\u00e4rtstrikot suchen <strong>die t\u00fcrkische Nationalmannschaft<\/strong> z <strong>2020\/22<\/strong>, die die zeitgen\u00f6ssische Phase der Geschichte dieser Darstellung deutlich dokumentiert.<\/p>","protected":false},"featured_media":51445,"template":"","meta":{"_kad_blocks_custom_css":"","_kad_blocks_head_custom_js":"","_kad_blocks_body_custom_js":"","_kad_blocks_footer_custom_js":"","_kad_post_transparent":"default","_kad_post_title":"","_kad_post_layout":"default","_kad_post_sidebar_id":"","_kad_post_content_style":"default","_kad_post_vertical_padding":"default","_kad_post_feature":"","_kad_post_feature_position":"","_kad_post_header":false,"_kad_post_footer":false,"_kad_post_classname":""},"product_brand":[1284],"product_cat":[1489],"product_tag":[],"class_list":{"0":"post-51307","1":"product","2":"type-product","3":"status-publish","4":"has-post-thumbnail","6":"product_brand-nike","7":"product_cat-pozostale-reprezentacje-europa","8":"pa_homeawaythird-away","9":"pa_rozmiar-xxl","11":"first","12":"instock","13":"taxable","14":"shipping-taxable","15":"purchasable","16":"product-type-simple","17":"entry","18":"content-bg","19":"loop-entry"},"taxonomy_info":{"product_brand":[{"value":1284,"label":"Nike"}],"product_cat":[{"value":1489,"label":"Pozosta\u0142e"}],"pa_homeawaythird":[{"value":1598,"label":"Away"}],"pa_rozmiar":[{"value":1819,"label":"XXL"}]},"featured_image_src_large":["https:\/\/footballthrift.shop\/wp-content\/uploads\/2024\/09\/Photoroom_012_20240913_150520-1024x1024.png",1024,1024,true],"author_info":[],"comment_info":"","_links":{"self":[{"href":"https:\/\/footballthrift.shop\/de\/wp-json\/wp\/v2\/product\/51307","targetHints":{"allow":["GET"]}}],"collection":[{"href":"https:\/\/footballthrift.shop\/de\/wp-json\/wp\/v2\/product"}],"about":[{"href":"https:\/\/footballthrift.shop\/de\/wp-json\/wp\/v2\/types\/product"}],"wp:featuredmedia":[{"embeddable":true,"href":"https:\/\/footballthrift.shop\/de\/wp-json\/wp\/v2\/media\/51445"}],"wp:attachment":[{"href":"https:\/\/footballthrift.shop\/de\/wp-json\/wp\/v2\/media?parent=51307"}],"wp:term":[{"taxonomy":"product_brand","embeddable":true,"href":"https:\/\/footballthrift.shop\/de\/wp-json\/wp\/v2\/product_brand?post=51307"},{"taxonomy":"product_cat","embeddable":true,"href":"https:\/\/footballthrift.shop\/de\/wp-json\/wp\/v2\/product_cat?post=51307"},{"taxonomy":"product_tag","embeddable":true,"href":"https:\/\/footballthrift.shop\/de\/wp-json\/wp\/v2\/product_tag?post=51307"}],"curies":[{"name":"wp","href":"https:\/\/api.w.org\/{rel}","templated":true}]}}