{"id":51300,"date":"2025-02-13T17:53:32","date_gmt":"2025-02-13T16:53:32","guid":{"rendered":"https:\/\/footballthrift.shop\/?post_type=product&#038;p=51300"},"modified":"2026-03-09T11:32:09","modified_gmt":"2026-03-09T10:32:09","slug":"minnesota-timberwolves-abwechselnd-21-garnett-m-2","status":"publish","type":"product","link":"https:\/\/footballthrift.shop\/de\/minnesota-timberwolves-alternate-21-garnett-m-2\/","title":{"rendered":"Koszulka koszykarska Minnesota Timberwolves Alternate 21 Garnett [M]"},"content":{"rendered":"<p><strong>Verein:<\/strong> Minnesota Timberwolves<\/p>\n<p><strong>Saison:<\/strong> Alternative<\/p>\n<p><strong>Gr\u00f6\u00dfe: <\/strong>M<\/p>\n<p><strong>Zustand:<\/strong> Zufriedenstellend - Stoffsch\u00e4den an der Schulter und einige Mikrostiche.<\/p>\n<p><strong>Ma\u00dfe (Achselbreite\/L\u00e4nge) in cm: <\/strong>54\/71<\/p>\n<p><strong>Zus\u00e4tzliche Informationen:<\/strong> Das T-Shirt war urspr\u00fcnglich schwarz, hat sich aber im Laufe der Zeit violett verf\u00e4rbt.<\/p>","protected":false},"excerpt":{"rendered":"<p><strong>Original Minnesota Timberwolves Basketballtrikot von Champion mit einem Aufdruck von Kevin Garnett.\u00a0<\/strong><\/p>\n<p>Modell <strong>Minnesota Timberwolves<\/strong> hergestellt von <strong>Meister<\/strong> in der Gr\u00f6\u00dfe M stammt aus einer Zeit, in der das Team aus Minneapolis seine Identit\u00e4t um eines der gr\u00f6\u00dften Talente in der Geschichte der Organisation herum aufbaute. In der zweiten H\u00e4lfte der 1990er Jahre und zu Beginn des n\u00e4chsten Jahrzehnts festigte der Verein allm\u00e4hlich seine Position in der Liga <strong>NBA<\/strong>, und die zentrale Figur des Teams war der junge Teamleiter - <strong>Kevin Garnett<\/strong>.<\/p>\n<p>Das T-Shirt wurde im Original produziert <strong>schwarzes Farbschema<\/strong>, Im Laufe der Zeit hat sich das Material jedoch verf\u00e4rbt und weist nun einen <strong>violetter Farbton<\/strong>, was ihm einen einzigartigen Charakter verleiht. Der Kragen und die \u00c4rmelabschl\u00fcsse sind in der charakteristischen <strong>schwarz-gr\u00fcnes Muster<\/strong>, Bezugnahme auf die Corporate Identity <strong>Minnesota Timberwolves<\/strong>, in Projekten verwendet, die von <strong>Meister<\/strong> f\u00fcr das Team in Minneapolis.<\/p>\n<p>Das T-Shirt ist bedruckt mit <strong>Kevin Garnett<\/strong>, einer der gr\u00f6\u00dften Spieler der Geschichte <strong>Minnesota Timberwolves<\/strong> und eine der Ikonen seiner \u00c4ra in <strong>NBA<\/strong>. Der Spieler, der 1995 mit der Nummer 5 ausgew\u00e4hlt wurde, wurde schnell zum Anf\u00fchrer des Teams und beeindruckte durch seine Vielseitigkeit, seine Energie in der Verteidigung und seine F\u00e4higkeit zu punkten und zu rebounden. Er war viele Jahre lang das Gesicht der Organisation und f\u00fchrte die <strong>Minnesota Timberwolves<\/strong> zu den ersten gro\u00dfen Erfolgen in der Vereinsgeschichte und machte sich einen Namen als einer der besten Fl\u00fcgelspieler der Liga.<\/p>\n<p>Das T-Shirt ist aus einem leichten und luftigen Material gefertigt und der Schnitt in Gr\u00f6\u00dfe M entspricht den Standards der <strong>Meister<\/strong> aus dieser Zeit.<\/p>\n<p>F\u00fcr Sammler und Fans, die ein originales Basketballtrikot suchen <strong>Minnesota Timberwolves<\/strong> Produktion <strong>Meister<\/strong>, eine klare Aufzeichnung einer \u00c4ra, in der das Gesicht der Organisation die <strong>Kevin Garnett<\/strong>.<\/p>","protected":false},"featured_media":51395,"template":"","meta":{"_kad_blocks_custom_css":"","_kad_blocks_head_custom_js":"","_kad_blocks_body_custom_js":"","_kad_blocks_footer_custom_js":"","_kad_post_transparent":"default","_kad_post_title":"","_kad_post_layout":"default","_kad_post_sidebar_id":"","_kad_post_content_style":"default","_kad_post_vertical_padding":"default","_kad_post_feature":"","_kad_post_feature_position":"","_kad_post_header":false,"_kad_post_footer":false,"_kad_post_classname":""},"product_brand":[1302],"product_cat":[1954],"product_tag":[],"class_list":{"0":"post-51300","1":"product","2":"type-product","3":"status-publish","4":"has-post-thumbnail","6":"product_brand-champion","7":"product_cat-koszykowka","8":"pa_homeawaythird-awaylternate","9":"pa_rozmiar-m","11":"first","12":"instock","13":"taxable","14":"shipping-taxable","15":"purchasable","16":"product-type-simple","17":"entry","18":"content-bg","19":"loop-entry"},"taxonomy_info":{"product_brand":[{"value":1302,"label":"Champion"}],"product_cat":[{"value":1954,"label":"Koszyk\u00f3wka"}],"pa_homeawaythird":[{"value":1960,"label":"Awaylternate"}],"pa_rozmiar":[{"value":1816,"label":"M"}]},"featured_image_src_large":["https:\/\/footballthrift.shop\/wp-content\/uploads\/2024\/09\/Photoroom_015_20240913_150520-1024x1024.png",1024,1024,true],"author_info":[],"comment_info":"","_links":{"self":[{"href":"https:\/\/footballthrift.shop\/de\/wp-json\/wp\/v2\/product\/51300","targetHints":{"allow":["GET"]}}],"collection":[{"href":"https:\/\/footballthrift.shop\/de\/wp-json\/wp\/v2\/product"}],"about":[{"href":"https:\/\/footballthrift.shop\/de\/wp-json\/wp\/v2\/types\/product"}],"wp:featuredmedia":[{"embeddable":true,"href":"https:\/\/footballthrift.shop\/de\/wp-json\/wp\/v2\/media\/51395"}],"wp:attachment":[{"href":"https:\/\/footballthrift.shop\/de\/wp-json\/wp\/v2\/media?parent=51300"}],"wp:term":[{"taxonomy":"product_brand","embeddable":true,"href":"https:\/\/footballthrift.shop\/de\/wp-json\/wp\/v2\/product_brand?post=51300"},{"taxonomy":"product_cat","embeddable":true,"href":"https:\/\/footballthrift.shop\/de\/wp-json\/wp\/v2\/product_cat?post=51300"},{"taxonomy":"product_tag","embeddable":true,"href":"https:\/\/footballthrift.shop\/de\/wp-json\/wp\/v2\/product_tag?post=51300"}],"curies":[{"name":"wp","href":"https:\/\/api.w.org\/{rel}","templated":true}]}}