{"id":50308,"date":"2025-02-13T17:53:20","date_gmt":"2025-02-13T16:53:20","guid":{"rendered":"https:\/\/footballthrift.shop\/?post_type=product&#038;p=50308"},"modified":"2026-03-09T11:32:12","modified_gmt":"2026-03-09T10:32:12","slug":"niemcy-2010-12-home-xxl","status":"publish","type":"product","link":"https:\/\/footballthrift.shop\/de\/niemcy-2010-12-home-xxl\/","title":{"rendered":"Koszulka pi\u0142karska Niemcy 2010\/12 Home [XXL]"},"content":{"rendered":"<p><strong>Verein:<\/strong> Deutschland<\/p>\n<p><strong>Saison:<\/strong> 2010\/12 Startseite<\/p>\n<p><strong>Gr\u00f6\u00dfe: <\/strong>XXL<\/p>\n<p><strong>Zustand:<\/strong> Ausgezeichnet<\/p>\n<p><strong>Ma\u00dfe (Achselbreite\/L\u00e4nge) in cm: <\/strong>63\/84<\/p>","protected":false},"excerpt":{"rendered":"<p><strong>Original Heimtrikot der deutschen Fu\u00dfballnationalmannschaft 2010\/12 von Adidas.\u00a0<\/strong><\/p>\n<p>Heimmodell <strong>der deutschen Nationalmannschaft 2010\/12<\/strong>hergestellt von <strong>Adidas<\/strong> im XXL-Format, geht auf den Aufbau einer der aufregendsten Mannschaften im europ\u00e4ischen Fu\u00dfball zu Beginn des zweiten Jahrzehnts des 21. Jahrhunderts zur\u00fcck. <strong>Deutsche Nationalmannschaft<\/strong> Damals zeigte das Team von Joachim L\u00f6w einen dynamischen, offensiven Spielstil, der der Mannschaft ein sehr gutes Ergebnis in der <strong>Weltmeisterschaften 2010<\/strong> und k\u00fcndigte die k\u00fcnftigen Erfolge dieser Generation von Fu\u00dfballern an.<\/p>\n<p>Das T-Shirt wurde hergestellt auf <strong>wei\u00dfer Sockel<\/strong>, die die traditionelle Grundlage der Hausfarben ist <strong>die deutsche Nationalmannschaft<\/strong>. Das Projekt wird erg\u00e4nzt durch <strong>schwarze Bes\u00e4tze an \u00c4rmeln und Kragen<\/strong>und auf den \u00c4rmeln sind <strong>die f\u00fcr das Adidas-Design charakteristischen Streifen<\/strong>. Eine Besonderheit des Projekts ist die <strong>schmaler vertikaler Streifen auf der linken Seite der Vorderseite<\/strong>, die das Wappen kreuzt <strong>die deutsche Nationalmannschaft<\/strong>, und verleiht dem T-Shirt einen modernen und wiedererkennbaren Look.<\/p>\n<p>In diesem Zeitraum wurden die Farben <strong>die deutsche Nationalmannschaft<\/strong> vertreten u.a. durch. <strong>Miroslav Klose<\/strong>, <strong>Thomas M\u00fcller<\/strong>, <strong>Mesut \u00d6zil<\/strong>, <strong>Bastian Schweinsteiger<\/strong>, <strong>Philipp Lahm<\/strong> und <strong>Manuel Neuer<\/strong>, die den Kern der Mannschaft bildeten, die das Halbfinale erreichte <strong>Weltmeisterschaften 2010<\/strong> und zu den besten Spielern im Weltfu\u00dfball.<\/p>\n<p>Das T-Shirt ist aus einem leichten und luftigen Material gefertigt und der XXL-Schnitt entspricht den Standards der <strong>Adidas<\/strong>, mit klassischer Passform, die f\u00fcr das Produktionsdesign charakteristisch ist <strong>Adidas<\/strong>.<\/p>\n<p>F\u00fcr Sammler und Fans, die ein originales Heimtrikot suchen <strong>die deutsche Nationalmannschaft<\/strong> z <strong>2010\/12<\/strong>, ein deutlicher Beleg f\u00fcr den Beginn der goldenen Generation der deutschen Nationalmannschaft.<\/p>","protected":false},"featured_media":50517,"template":"","meta":{"_kad_blocks_custom_css":"","_kad_blocks_head_custom_js":"","_kad_blocks_body_custom_js":"","_kad_blocks_footer_custom_js":"","_kad_post_transparent":"default","_kad_post_title":"","_kad_post_layout":"default","_kad_post_sidebar_id":"","_kad_post_content_style":"default","_kad_post_vertical_padding":"default","_kad_post_feature":"","_kad_post_feature_position":"","_kad_post_header":false,"_kad_post_footer":false,"_kad_post_classname":""},"product_brand":[1283],"product_cat":[1477],"product_tag":[],"class_list":{"0":"post-50308","1":"product","2":"type-product","3":"status-publish","4":"has-post-thumbnail","6":"product_brand-adidas","7":"product_cat-reprezentacja-niemiec","8":"pa_homeawaythird-home","9":"pa_rozmiar-xxl","11":"first","12":"instock","13":"taxable","14":"shipping-taxable","15":"purchasable","16":"product-type-simple","17":"entry","18":"content-bg","19":"loop-entry"},"taxonomy_info":{"product_brand":[{"value":1283,"label":"Adidas"}],"product_cat":[{"value":1477,"label":"Niemcy"}],"pa_homeawaythird":[{"value":1597,"label":"Home"}],"pa_rozmiar":[{"value":1819,"label":"XXL"}]},"featured_image_src_large":["https:\/\/footballthrift.shop\/wp-content\/uploads\/2024\/09\/Photoroom_035_20240907_120244-1024x1024.png",1024,1024,true],"author_info":[],"comment_info":"","_links":{"self":[{"href":"https:\/\/footballthrift.shop\/de\/wp-json\/wp\/v2\/product\/50308","targetHints":{"allow":["GET"]}}],"collection":[{"href":"https:\/\/footballthrift.shop\/de\/wp-json\/wp\/v2\/product"}],"about":[{"href":"https:\/\/footballthrift.shop\/de\/wp-json\/wp\/v2\/types\/product"}],"wp:featuredmedia":[{"embeddable":true,"href":"https:\/\/footballthrift.shop\/de\/wp-json\/wp\/v2\/media\/50517"}],"wp:attachment":[{"href":"https:\/\/footballthrift.shop\/de\/wp-json\/wp\/v2\/media?parent=50308"}],"wp:term":[{"taxonomy":"product_brand","embeddable":true,"href":"https:\/\/footballthrift.shop\/de\/wp-json\/wp\/v2\/product_brand?post=50308"},{"taxonomy":"product_cat","embeddable":true,"href":"https:\/\/footballthrift.shop\/de\/wp-json\/wp\/v2\/product_cat?post=50308"},{"taxonomy":"product_tag","embeddable":true,"href":"https:\/\/footballthrift.shop\/de\/wp-json\/wp\/v2\/product_tag?post=50308"}],"curies":[{"name":"wp","href":"https:\/\/api.w.org\/{rel}","templated":true}]}}