{"id":50306,"date":"2025-02-13T17:53:21","date_gmt":"2025-02-13T16:53:21","guid":{"rendered":"https:\/\/footballthrift.shop\/?post_type=product&#038;p=50306"},"modified":"2026-03-09T11:32:12","modified_gmt":"2026-03-09T10:32:12","slug":"newcastle-united-fc-2013-14-home-3xl","status":"publish","type":"product","link":"https:\/\/footballthrift.shop\/de\/newcastle-united-fc-2013-14-home-3xl\/","title":{"rendered":"Koszulka pi\u0142karska Newcastle United FC 2013\/14 Home [3XL]"},"content":{"rendered":"<p><strong>Verein:<\/strong> Newcastle United FC<\/p>\n<p><strong>Saison:<\/strong> 2013\/14 Startseite<\/p>\n<p><strong>Gr\u00f6\u00dfe: <\/strong>3XL<\/p>\n<p><strong>Zustand:<\/strong> Sehr gut - ein paar Mikrostiche.<\/p>\n<p><strong>Ma\u00dfe (Achselbreite\/L\u00e4nge) in cm: <\/strong>65\/78<\/p>","protected":false},"excerpt":{"rendered":"<p><strong>Original Newcastle United FC Heimtrikot aus der Saison 2013\/14, hergestellt von Puma.\u00a0<\/strong><\/p>\n<p>Heimmodell <strong>Newcastle United FC aus der Saison 2013\/14<\/strong>hergestellt von <strong>Puma<\/strong> in Gr\u00f6\u00dfe 3XL ist eine klassische Interpretation der traditionellen Farben des Clubs aus dem St. James\u2019 Park. Das Design basiert auf dem zeitlosen <strong>wei\u00df-schwarz vertikal gestreift<\/strong>, die sich seit Jahrzehnten eine Identit\u00e4t erarbeitet hat <strong>Newcastle United FC<\/strong> i pozostaje jednym z najbardziej rozpoznawalnych motyw\u00f3w w angielskim futbolu.<\/p>\n<p>Auf der Vorderseite des Trikots steht der Aufdruck des Sponsors im Mittelpunkt <strong>Wonga<\/strong>, kontrastiert stark mit den hellen Streifen und passt zur \u00c4sthetik des <strong>Erste Liga<\/strong> der ersten H\u00e4lfte des zweiten Jahrzehnts des 21. Jahrhunderts. Jahrhunderts. Erg\u00e4nzt wird das Ganze durch subtile Details in Blau und Gold, die an den Zierleisten und Markierungen zu erkennen sind. <strong>Pumas<\/strong>, die dem Design einen eleganteren Charakter verleihen und es von fr\u00fcheren Versionen von selbstgemachten T-Shirts unterscheiden <strong>Newcastle United FC<\/strong>.<\/p>\n<p>Saison <strong>2013\/14<\/strong> war f\u00fcr <strong>Newcastle United FC<\/strong> eine \u00dcbergangszeit, aber sie war voll von markanten Pers\u00f6nlichkeiten. Die Farben des Vereins waren. <strong>Lo\u00efc R\u00e9my<\/strong>, der der beste Torsch\u00fctze der Mannschaft ist, und <strong>Yohan Cabaye<\/strong>, <strong>Cheick Tiot\u00e9<\/strong>, <strong>Moussa Sissoko<\/strong> und <strong>Fabricio Coloccini<\/strong>, pe\u0142ni\u0105cy funkcj\u0119 kapitana dru\u017cyny prowadzonej przez Alana Pardewa.<\/p>\n<p>Das T-Shirt ist aus leichtem und atmungsaktivem Material gefertigt und der Schnitt in Gr\u00f6\u00dfe <strong>3XL<\/strong> entspricht den Standards <strong>Pumas<\/strong>, mit klassischer Passform, die f\u00fcr das Produktionsdesign charakteristisch ist <strong>Pumas<\/strong>.<\/p>\n<p>F\u00fcr Sammler und Fans, die ein originales Heimtrikot suchen <strong>Newcastle United FC<\/strong> z <strong>Saison 2013\/14<\/strong>, der die Zeit der Auftritte des Vereins im St. James\u2019 Park in den letzten Jahren deutlich dokumentiert. <strong>Erste Liga<\/strong>.<\/p>","protected":false},"featured_media":50500,"template":"","meta":{"_kad_blocks_custom_css":"","_kad_blocks_head_custom_js":"","_kad_blocks_body_custom_js":"","_kad_blocks_footer_custom_js":"","_kad_post_transparent":"default","_kad_post_title":"","_kad_post_layout":"default","_kad_post_sidebar_id":"","_kad_post_content_style":"default","_kad_post_vertical_padding":"default","_kad_post_feature":"","_kad_post_feature_position":"","_kad_post_header":false,"_kad_post_footer":false,"_kad_post_classname":""},"product_brand":[1287],"product_cat":[2031],"product_tag":[],"class_list":{"0":"post-50306","1":"product","2":"type-product","3":"status-publish","4":"has-post-thumbnail","6":"product_brand-puma","7":"product_cat-newcastle-united-fc","8":"pa_homeawaythird-home","9":"pa_rozmiar-3xl","11":"first","12":"instock","13":"taxable","14":"shipping-taxable","15":"purchasable","16":"product-type-simple","17":"entry","18":"content-bg","19":"loop-entry"},"taxonomy_info":{"product_brand":[{"value":1287,"label":"Puma"}],"product_cat":[{"value":2031,"label":"Newcastle United FC"}],"pa_homeawaythird":[{"value":1597,"label":"Home"}],"pa_rozmiar":[{"value":1943,"label":"3XL"}]},"featured_image_src_large":["https:\/\/footballthrift.shop\/wp-content\/uploads\/2024\/09\/Photoroom_033_20240907_120244-1024x1024.png",1024,1024,true],"author_info":[],"comment_info":"","_links":{"self":[{"href":"https:\/\/footballthrift.shop\/de\/wp-json\/wp\/v2\/product\/50306","targetHints":{"allow":["GET"]}}],"collection":[{"href":"https:\/\/footballthrift.shop\/de\/wp-json\/wp\/v2\/product"}],"about":[{"href":"https:\/\/footballthrift.shop\/de\/wp-json\/wp\/v2\/types\/product"}],"wp:featuredmedia":[{"embeddable":true,"href":"https:\/\/footballthrift.shop\/de\/wp-json\/wp\/v2\/media\/50500"}],"wp:attachment":[{"href":"https:\/\/footballthrift.shop\/de\/wp-json\/wp\/v2\/media?parent=50306"}],"wp:term":[{"taxonomy":"product_brand","embeddable":true,"href":"https:\/\/footballthrift.shop\/de\/wp-json\/wp\/v2\/product_brand?post=50306"},{"taxonomy":"product_cat","embeddable":true,"href":"https:\/\/footballthrift.shop\/de\/wp-json\/wp\/v2\/product_cat?post=50306"},{"taxonomy":"product_tag","embeddable":true,"href":"https:\/\/footballthrift.shop\/de\/wp-json\/wp\/v2\/product_tag?post=50306"}],"curies":[{"name":"wp","href":"https:\/\/api.w.org\/{rel}","templated":true}]}}