{"id":50301,"date":"2025-02-13T17:53:23","date_gmt":"2025-02-13T16:53:23","guid":{"rendered":"https:\/\/footballthrift.shop\/?post_type=product&#038;p=50301"},"modified":"2026-03-09T11:32:11","modified_gmt":"2026-03-09T10:32:11","slug":"ac-milan-1997-98-fourth-m","status":"publish","type":"product","link":"https:\/\/footballthrift.shop\/de\/ac-milan-1997-98-fourth-m\/","title":{"rendered":"Koszulka pi\u0142karska AC Milan 1997\/98 Fourth [M]"},"content":{"rendered":"<p><strong>Verein:<\/strong> AC Mailand<\/p>\n<p><strong>Saison:<\/strong> 1997\/98 Vierte<\/p>\n<p><strong>Gr\u00f6\u00dfe: <\/strong>M<\/p>\n<p><strong>Zustand:<\/strong> Schlecht - besch\u00e4digte Nummer auf dem R\u00fccken und ziemlich viele kleine und gro\u00dfe Risse, sowohl auf der Vorder- als auch auf der R\u00fcckseite des Hemdes.<\/p>\n<p><strong>Ma\u00dfe (Achselbreite\/L\u00e4nge) in cm: <\/strong>56\/67<\/p>\n<p><strong>Zus\u00e4tzliche Informationen:<\/strong> Das T-Shirt ist auf der R\u00fcckseite in einer nicht-originellen Schriftart mit der Personalisierung des Anh\u00e4ngers versehen.<\/p>","protected":false},"excerpt":{"rendered":"<p><strong>Original viertes AC Mailand Fu\u00dfballtrikot aus der Saison 1997\/98 von Lotto.\u00a0<\/strong><\/p>\n<p>Viertes Modell <strong>AC Mailand ab der Saison 1997\/98<\/strong>hergestellt von <strong>Lotto<\/strong> in Gr\u00f6\u00dfe M, ist eines der selteneren Designs, die der Mail\u00e4nder Verein in der zweiten H\u00e4lfte der 1990er Jahre verwendete. Es war eine Zeit des \u00dcbergangs f\u00fcr <strong>AC Mailand<\/strong>, in dem das Team versuchte, seine Position in der Weltmeisterschaft wiederherzustellen. <strong>Serie A<\/strong> po niezwykle udanej pierwszej po\u0142owie dekady.<\/p>\n<p>Das T-Shirt wurde in einem unverwechselbaren Layout produziert <strong>unregelm\u00e4\u00dfige schwarze und rote Streifen<\/strong>, die eine dynamischere Interpretation der traditionellen Farben darstellen <strong>AC Mailand<\/strong>. Das Projekt wird erg\u00e4nzt durch <strong>Polokragen<\/strong>, Auf der Vorderseite ist der Sponsor gro\u00df aufgedruckt, was ihm einen klassischen Charakter verleiht. <strong>Opel<\/strong>, das eines der am besten erkennbaren Elemente der T-Shirts ist <strong>AC Mailand<\/strong> Produktion <strong>Lotto<\/strong> aus dieser Zeit.<\/p>\n<p>Saison <strong>1997\/98<\/strong> war f\u00fcr <strong>AC Mailand<\/strong> Es war ein schwieriger Moment in der Geschichte des Vereins, aber die Mannschaft bestand aus Spielern, die damals sehr bekannt waren. Die Farben der Mannschaft wurden unter anderem vertreten durch. <strong>Paolo Maldini<\/strong>, <strong>George Weah<\/strong>, <strong>Zvonimir Boban<\/strong>, <strong>Alessandro Costacurta<\/strong> oder <strong>Dejan Savi\u0107evi\u0107<\/strong>, kt\u00f3rzy nale\u017celi do najbardziej rozpoznawalnych postaci w\u0142oskiego futbolu ko\u0144ca lat dziewi\u0119\u0107dziesi\u0105tych.<\/p>\n<p>Egzemplarz posiada <strong>Personalisierung des Anh\u00e4ngers auf der R\u00fcckseite,<\/strong>\u00a0Das \u00e4ndert jedoch nichts an der Tatsache, dass das Modell selbst zu den seltenen Entw\u00fcrfen der Geschichte geh\u00f6rt <strong>AC Mailand<\/strong> aus dieser Zeit.<\/p>\n<p>Das T-Shirt ist aus einem leichten und luftigen Material gefertigt und der Schnitt in Gr\u00f6\u00dfe M entspricht den Standards der <strong>Lotto<\/strong>, mit klassischer Passform, die f\u00fcr das Produktionsdesign charakteristisch ist <strong>Lotto<\/strong>.<\/p>\n<p>To propozycja dla kolekcjoner\u00f3w oraz kibic\u00f3w poszukuj\u0105cych oryginalnej czwartej koszulki pi\u0142karskiej <strong>AC Mailand<\/strong> z <strong>Saison 1997\/98<\/strong>, und dokumentiert damit eines der weniger bekannten, aber seltenen Projekte in der Geschichte des Vereins San Siro.<\/p>","protected":false},"featured_media":50456,"template":"","meta":{"_kad_blocks_custom_css":"","_kad_blocks_head_custom_js":"","_kad_blocks_body_custom_js":"","_kad_blocks_footer_custom_js":"","_kad_post_transparent":"default","_kad_post_title":"","_kad_post_layout":"default","_kad_post_sidebar_id":"","_kad_post_content_style":"default","_kad_post_vertical_padding":"default","_kad_post_feature":"","_kad_post_feature_position":"","_kad_post_header":false,"_kad_post_footer":false,"_kad_post_classname":""},"product_brand":[1297],"product_cat":[1440,15],"product_tag":[],"class_list":{"0":"post-50301","1":"product","2":"type-product","3":"status-publish","4":"has-post-thumbnail","6":"product_brand-lotto","7":"product_cat-kluby-wloskie-acmilan","8":"product_cat-bez-kategorii","9":"pa_homeawaythird-fourth","10":"pa_rozmiar-m","12":"first","13":"instock","14":"taxable","15":"shipping-taxable","16":"purchasable","17":"product-type-simple","18":"entry","19":"content-bg","20":"loop-entry"},"taxonomy_info":{"product_brand":[{"value":1297,"label":"Lotto"}],"product_cat":[{"value":1440,"label":"AC Milan"},{"value":15,"label":"Bez kategorii"}],"pa_homeawaythird":[{"value":1964,"label":"Fourth"}],"pa_rozmiar":[{"value":1816,"label":"M"}]},"featured_image_src_large":["https:\/\/footballthrift.shop\/wp-content\/uploads\/2024\/09\/Photoroom_024_20240907_120244-1024x1024.png",1024,1024,true],"author_info":[],"comment_info":"","_links":{"self":[{"href":"https:\/\/footballthrift.shop\/de\/wp-json\/wp\/v2\/product\/50301","targetHints":{"allow":["GET"]}}],"collection":[{"href":"https:\/\/footballthrift.shop\/de\/wp-json\/wp\/v2\/product"}],"about":[{"href":"https:\/\/footballthrift.shop\/de\/wp-json\/wp\/v2\/types\/product"}],"wp:featuredmedia":[{"embeddable":true,"href":"https:\/\/footballthrift.shop\/de\/wp-json\/wp\/v2\/media\/50456"}],"wp:attachment":[{"href":"https:\/\/footballthrift.shop\/de\/wp-json\/wp\/v2\/media?parent=50301"}],"wp:term":[{"taxonomy":"product_brand","embeddable":true,"href":"https:\/\/footballthrift.shop\/de\/wp-json\/wp\/v2\/product_brand?post=50301"},{"taxonomy":"product_cat","embeddable":true,"href":"https:\/\/footballthrift.shop\/de\/wp-json\/wp\/v2\/product_cat?post=50301"},{"taxonomy":"product_tag","embeddable":true,"href":"https:\/\/footballthrift.shop\/de\/wp-json\/wp\/v2\/product_tag?post=50301"}],"curies":[{"name":"wp","href":"https:\/\/api.w.org\/{rel}","templated":true}]}}